{"id":19345,"date":"2026-02-10T09:28:15","date_gmt":"2026-02-10T09:28:15","guid":{"rendered":"https:\/\/meber2026.graphoservice.it\/product\/8377-2\/"},"modified":"2026-02-10T09:28:16","modified_gmt":"2026-02-10T09:28:16","slug":"8377-2","status":"publish","type":"product","link":"https:\/\/meber2026.graphoservice.it\/es\/product\/8377-2\/","title":{"rendered":"8377"},"content":{"rendered":"<p>Term\u00f3metro infrarrojo para una medici\u00f3n r\u00e1pida, precisa y confiable de la temperatura corporal sin contacto con la superficie de medici\u00f3n. Dispositivo simple, intuitivo e higi\u00e9nico, garantiza mediciones de temperatura estables y sin interferencias.<\/p>\n<p><u>Especificaciones t\u00e9cnicas<\/u><br \/>\n<em>Tipo de producto<\/em>:<em> term\u00f3metro sin contacto<br \/>\nDimensiones (largo x ancho x alto): 100 mm x 40 mm x 155 mm<br \/>\nPeso: 105 gr sin bater\u00eda<br \/>\nRango de medida: Modo cuerpo 32 \u00f7 42,9 \u00b0 C (89,6 \u00f7 109,2 \u00b0 F) Modo superficie: 0 \u00f7 60 \u00b0 C (32 \u00f7 140 \u00b0 F) Modo habitaci\u00f3n: 0 \u00f7 40 \u00b0 C (32 \u00f7 104 \u00b0 F)<br \/>\nDistancia de medida: 3 \u00f7 5 cm (1,2 \u00f7 2 pulgadas)<br \/>\nCondiciones de uso: Temperatura ambiente: 10 \u00f7 40 \u00b0 C \/ 50 \u00f7 104 \u00b0 F<br \/>\nHumedad relativa: \u2264 85%<br \/>\nResoluci\u00f3n de pantalla: 0,1 \u00b0 C<br \/>\nTiempo de respuesta: 1 s<br \/>\nMemoria: 32 medidas<br \/>\nPilas: 2 x 1,5 V tipo AA<br \/>\nConsumo: \u2264 300 mW<br \/>\nApagado autom\u00e1tico: despu\u00e9s de 30 segundos<\/p>\n<p>Dispositivo que cumple con la Directiva de productos m\u00e9dicos 93\/42 \/ EEC &#8211; DM Clase IIa<\/em><\/p>\n","protected":false},"excerpt":{"rendered":"<p>Term\u00f3metro infrarrojo para una medici\u00f3n r\u00e1pida, precisa y confiable de la temperatura corporal sin contacto con la superficie de medici\u00f3n. Dispositivo simple, intuitivo e higi\u00e9nico, garantiza mediciones de temperatura estables y sin interferencias. Especificaciones t\u00e9cnicas Tipo de producto: term\u00f3metro sin contacto Dimensiones (largo x ancho x alto): 100 mm x 40 mm x 155 mm [&hellip;]<\/p>\n","protected":false},"author":1,"featured_media":16105,"parent":0,"menu_order":60002600,"template":"","meta":{"_acf_changed":false,"footnotes":""},"application-tag":[101],"class_list":["post-19345","product","type-product","status-publish","has-post-thumbnail","hentry","application-tag-diagnostico"],"acf":[],"dsm_author":{"name":"admeb26","avatar_url":"https:\/\/meber2026.graphoservice.it\/wp-content\/plugins\/ultimate-member\/assets\/img\/default_avatar.jpg","archive_link":"https:\/\/meber2026.graphoservice.it\/es\/author\/admeb26\/","biodata":""},"dsm_categories":[],"dsm_attachment_categories":[],"dsm_featured_image":{"thumbnail":"https:\/\/meber2026.graphoservice.it\/wp-content\/uploads\/2026\/02\/Termometro_8377-150x150.jpg","medium":"https:\/\/meber2026.graphoservice.it\/wp-content\/uploads\/2026\/02\/Termometro_8377-300x300.jpg","medium_large":"https:\/\/meber2026.graphoservice.it\/wp-content\/uploads\/2026\/02\/Termometro_8377-768x768.jpg","large":"https:\/\/meber2026.graphoservice.it\/wp-content\/uploads\/2026\/02\/Termometro_8377.jpg","1536x1536":"https:\/\/meber2026.graphoservice.it\/wp-content\/uploads\/2026\/02\/Termometro_8377.jpg","2048x2048":"https:\/\/meber2026.graphoservice.it\/wp-content\/uploads\/2026\/02\/Termometro_8377.jpg","et-pb-post-main-image":"https:\/\/meber2026.graphoservice.it\/wp-content\/uploads\/2026\/02\/Termometro_8377-400x250.jpg","et-pb-post-main-image-fullwidth":"https:\/\/meber2026.graphoservice.it\/wp-content\/uploads\/2026\/02\/Termometro_8377-780x675.jpg","et-pb-portfolio-image":"https:\/\/meber2026.graphoservice.it\/wp-content\/uploads\/2026\/02\/Termometro_8377-400x284.jpg","et-pb-portfolio-module-image":"https:\/\/meber2026.graphoservice.it\/wp-content\/uploads\/2026\/02\/Termometro_8377-510x382.jpg","et-pb-portfolio-image-single":"https:\/\/meber2026.graphoservice.it\/wp-content\/uploads\/2026\/02\/Termometro_8377.jpg","et-pb-gallery-module-image-portrait":"https:\/\/meber2026.graphoservice.it\/wp-content\/uploads\/2026\/02\/Termometro_8377-400x516.jpg","et-pb-post-main-image-fullwidth-large":"https:\/\/meber2026.graphoservice.it\/wp-content\/uploads\/2026\/02\/Termometro_8377.jpg","et-pb-image--responsive--desktop":"https:\/\/meber2026.graphoservice.it\/wp-content\/uploads\/2026\/02\/Termometro_8377.jpg","et-pb-image--responsive--tablet":"https:\/\/meber2026.graphoservice.it\/wp-content\/uploads\/2026\/02\/Termometro_8377.jpg","et-pb-image--responsive--phone":"https:\/\/meber2026.graphoservice.it\/wp-content\/uploads\/2026\/02\/Termometro_8377-480x480.jpg","full":"https:\/\/meber2026.graphoservice.it\/wp-content\/uploads\/2026\/02\/Termometro_8377.jpg"},"yoast_head":"<!-- This site is optimized with the Yoast SEO plugin v27.4 - https:\/\/yoast.com\/product\/yoast-seo-wordpress\/ -->\n<title>8377<\/title>\n<meta name=\"robots\" content=\"noindex, follow, max-snippet:-1, max-image-preview:large, max-video-preview:-1\" \/>\n<meta property=\"og:locale\" content=\"es_ES\" \/>\n<meta property=\"og:type\" content=\"article\" \/>\n<meta property=\"og:title\" content=\"8377\" \/>\n<meta property=\"og:description\" content=\"Term\u00f3metro infrarrojo para una medici\u00f3n r\u00e1pida, precisa y confiable de la temperatura corporal sin contacto con la superficie de medici\u00f3n. Dispositivo simple, intuitivo e higi\u00e9nico, garantiza mediciones de temperatura estables y sin interferencias. Especificaciones t\u00e9cnicas Tipo de producto: term\u00f3metro sin contacto Dimensiones (largo x ancho x alto): 100 mm x 40 mm x 155 mm [&hellip;]\" \/>\n<meta property=\"og:url\" content=\"https:\/\/meber2026.graphoservice.it\/es\/product\/8377-2\/\" \/>\n<meta property=\"og:site_name\" content=\"Me.Ber.\" \/>\n<meta property=\"article:modified_time\" content=\"2026-02-10T09:28:16+00:00\" \/>\n<meta name=\"twitter:card\" content=\"summary_large_image\" \/>\n<meta name=\"twitter:label1\" content=\"Tiempo de lectura\" \/>\n\t<meta name=\"twitter:data1\" content=\"1 minuto\" \/>\n<script type=\"application\/ld+json\" class=\"yoast-schema-graph\">{\"@context\":\"https:\\\/\\\/schema.org\",\"@graph\":[{\"@type\":\"WebPage\",\"@id\":\"https:\\\/\\\/meber2026.graphoservice.it\\\/es\\\/product\\\/8377-2\\\/\",\"url\":\"https:\\\/\\\/meber2026.graphoservice.it\\\/es\\\/product\\\/8377-2\\\/\",\"name\":\"8377\",\"isPartOf\":{\"@id\":\"https:\\\/\\\/meber2026.graphoservice.it\\\/es\\\/#website\"},\"primaryImageOfPage\":{\"@id\":\"https:\\\/\\\/meber2026.graphoservice.it\\\/es\\\/product\\\/8377-2\\\/#primaryimage\"},\"image\":{\"@id\":\"https:\\\/\\\/meber2026.graphoservice.it\\\/es\\\/product\\\/8377-2\\\/#primaryimage\"},\"thumbnailUrl\":\"https:\\\/\\\/meber2026.graphoservice.it\\\/wp-content\\\/uploads\\\/2026\\\/02\\\/Termometro_8377.jpg\",\"datePublished\":\"2026-02-10T09:28:15+00:00\",\"dateModified\":\"2026-02-10T09:28:16+00:00\",\"breadcrumb\":{\"@id\":\"https:\\\/\\\/meber2026.graphoservice.it\\\/es\\\/product\\\/8377-2\\\/#breadcrumb\"},\"inLanguage\":\"es\",\"potentialAction\":[{\"@type\":\"ReadAction\",\"target\":[\"https:\\\/\\\/meber2026.graphoservice.it\\\/es\\\/product\\\/8377-2\\\/\"]}]},{\"@type\":\"ImageObject\",\"inLanguage\":\"es\",\"@id\":\"https:\\\/\\\/meber2026.graphoservice.it\\\/es\\\/product\\\/8377-2\\\/#primaryimage\",\"url\":\"https:\\\/\\\/meber2026.graphoservice.it\\\/wp-content\\\/uploads\\\/2026\\\/02\\\/Termometro_8377.jpg\",\"contentUrl\":\"https:\\\/\\\/meber2026.graphoservice.it\\\/wp-content\\\/uploads\\\/2026\\\/02\\\/Termometro_8377.jpg\",\"width\":780,\"height\":780},{\"@type\":\"BreadcrumbList\",\"@id\":\"https:\\\/\\\/meber2026.graphoservice.it\\\/es\\\/product\\\/8377-2\\\/#breadcrumb\",\"itemListElement\":[{\"@type\":\"ListItem\",\"position\":1,\"name\":\"Home\",\"item\":\"https:\\\/\\\/meber2026.graphoservice.it\\\/es\\\/\"},{\"@type\":\"ListItem\",\"position\":2,\"name\":\"8377\"}]},{\"@type\":\"WebSite\",\"@id\":\"https:\\\/\\\/meber2026.graphoservice.it\\\/es\\\/#website\",\"url\":\"https:\\\/\\\/meber2026.graphoservice.it\\\/es\\\/\",\"name\":\"Me.Ber.\",\"description\":\"In Case of Emergerncy\",\"potentialAction\":[{\"@type\":\"SearchAction\",\"target\":{\"@type\":\"EntryPoint\",\"urlTemplate\":\"https:\\\/\\\/meber2026.graphoservice.it\\\/es\\\/?s={search_term_string}\"},\"query-input\":{\"@type\":\"PropertyValueSpecification\",\"valueRequired\":true,\"valueName\":\"search_term_string\"}}],\"inLanguage\":\"es\"}]}<\/script>\n<!-- \/ Yoast SEO plugin. -->","yoast_head_json":{"title":"8377","robots":{"index":"noindex","follow":"follow","max-snippet":"max-snippet:-1","max-image-preview":"max-image-preview:large","max-video-preview":"max-video-preview:-1"},"og_locale":"es_ES","og_type":"article","og_title":"8377","og_description":"Term\u00f3metro infrarrojo para una medici\u00f3n r\u00e1pida, precisa y confiable de la temperatura corporal sin contacto con la superficie de medici\u00f3n. Dispositivo simple, intuitivo e higi\u00e9nico, garantiza mediciones de temperatura estables y sin interferencias. Especificaciones t\u00e9cnicas Tipo de producto: term\u00f3metro sin contacto Dimensiones (largo x ancho x alto): 100 mm x 40 mm x 155 mm [&hellip;]","og_url":"https:\/\/meber2026.graphoservice.it\/es\/product\/8377-2\/","og_site_name":"Me.Ber.","article_modified_time":"2026-02-10T09:28:16+00:00","twitter_card":"summary_large_image","twitter_misc":{"Tiempo de lectura":"1 minuto"},"schema":{"@context":"https:\/\/schema.org","@graph":[{"@type":"WebPage","@id":"https:\/\/meber2026.graphoservice.it\/es\/product\/8377-2\/","url":"https:\/\/meber2026.graphoservice.it\/es\/product\/8377-2\/","name":"8377","isPartOf":{"@id":"https:\/\/meber2026.graphoservice.it\/es\/#website"},"primaryImageOfPage":{"@id":"https:\/\/meber2026.graphoservice.it\/es\/product\/8377-2\/#primaryimage"},"image":{"@id":"https:\/\/meber2026.graphoservice.it\/es\/product\/8377-2\/#primaryimage"},"thumbnailUrl":"https:\/\/meber2026.graphoservice.it\/wp-content\/uploads\/2026\/02\/Termometro_8377.jpg","datePublished":"2026-02-10T09:28:15+00:00","dateModified":"2026-02-10T09:28:16+00:00","breadcrumb":{"@id":"https:\/\/meber2026.graphoservice.it\/es\/product\/8377-2\/#breadcrumb"},"inLanguage":"es","potentialAction":[{"@type":"ReadAction","target":["https:\/\/meber2026.graphoservice.it\/es\/product\/8377-2\/"]}]},{"@type":"ImageObject","inLanguage":"es","@id":"https:\/\/meber2026.graphoservice.it\/es\/product\/8377-2\/#primaryimage","url":"https:\/\/meber2026.graphoservice.it\/wp-content\/uploads\/2026\/02\/Termometro_8377.jpg","contentUrl":"https:\/\/meber2026.graphoservice.it\/wp-content\/uploads\/2026\/02\/Termometro_8377.jpg","width":780,"height":780},{"@type":"BreadcrumbList","@id":"https:\/\/meber2026.graphoservice.it\/es\/product\/8377-2\/#breadcrumb","itemListElement":[{"@type":"ListItem","position":1,"name":"Home","item":"https:\/\/meber2026.graphoservice.it\/es\/"},{"@type":"ListItem","position":2,"name":"8377"}]},{"@type":"WebSite","@id":"https:\/\/meber2026.graphoservice.it\/es\/#website","url":"https:\/\/meber2026.graphoservice.it\/es\/","name":"Me.Ber.","description":"In Case of Emergerncy","potentialAction":[{"@type":"SearchAction","target":{"@type":"EntryPoint","urlTemplate":"https:\/\/meber2026.graphoservice.it\/es\/?s={search_term_string}"},"query-input":{"@type":"PropertyValueSpecification","valueRequired":true,"valueName":"search_term_string"}}],"inLanguage":"es"}]}},"_links":{"self":[{"href":"https:\/\/meber2026.graphoservice.it\/es\/wp-json\/wp\/v2\/product\/19345","targetHints":{"allow":["GET"]}}],"collection":[{"href":"https:\/\/meber2026.graphoservice.it\/es\/wp-json\/wp\/v2\/product"}],"about":[{"href":"https:\/\/meber2026.graphoservice.it\/es\/wp-json\/wp\/v2\/types\/product"}],"author":[{"embeddable":true,"href":"https:\/\/meber2026.graphoservice.it\/es\/wp-json\/wp\/v2\/users\/1"}],"version-history":[{"count":0,"href":"https:\/\/meber2026.graphoservice.it\/es\/wp-json\/wp\/v2\/product\/19345\/revisions"}],"wp:featuredmedia":[{"embeddable":true,"href":"https:\/\/meber2026.graphoservice.it\/es\/wp-json\/wp\/v2\/media\/16105"}],"wp:attachment":[{"href":"https:\/\/meber2026.graphoservice.it\/es\/wp-json\/wp\/v2\/media?parent=19345"}],"wp:term":[{"taxonomy":"application-tag","embeddable":true,"href":"https:\/\/meber2026.graphoservice.it\/es\/wp-json\/wp\/v2\/application-tag?post=19345"}],"curies":[{"name":"wp","href":"https:\/\/api.w.org\/{rel}","templated":true}]}}