{"id":19340,"date":"2026-02-10T09:28:15","date_gmt":"2026-02-10T09:28:15","guid":{"rendered":"https:\/\/meber2026.graphoservice.it\/product\/ergon-junior-16160-v-2\/"},"modified":"2026-02-10T09:28:15","modified_gmt":"2026-02-10T09:28:15","slug":"ergon-junior-16160-v-2","status":"publish","type":"product","link":"https:\/\/meber2026.graphoservice.it\/es\/product\/ergon-junior-16160-v-2\/","title":{"rendered":"Ergon Junior 16160\/V"},"content":{"rendered":"<div style=\"\"><strong>Para los m\u00e1s peque\u00f1os, el producto m\u00e1s grande<\/p>\n<p>ERGON <\/strong>pone su tecnolog\u00eda avanzada al servicio de los m\u00e1s peque\u00f1os. De hecho, en la <strong>versi\u00f3n Junior <\/strong>se han mantenido todos los grandes beneficios de la camilla para adultos.<br \/>\nEl gancho <strong>Flexilock <\/strong>est\u00e1 descentralizado para operar sin invadir el espacio ocupado por la cabeza y la <strong>l\u00e1mina m\u00e1s ancha <\/strong>de la norma brinda el <strong>m\u00e1ximo confort<\/strong> incluso a pacientes m\u00e1s exigentes.<\/div>\n","protected":false},"excerpt":{"rendered":"<p>Para los m\u00e1s peque\u00f1os, el producto m\u00e1s grande ERGON pone su tecnolog\u00eda avanzada al servicio de los m\u00e1s peque\u00f1os. De hecho, en la versi\u00f3n Junior se han mantenido todos los grandes beneficios de la camilla para adultos. El gancho Flexilock est\u00e1 descentralizado para operar sin invadir el espacio ocupado por la cabeza y la l\u00e1mina [&hellip;]<\/p>\n","protected":false},"author":1,"featured_media":23360,"parent":0,"menu_order":10000400,"template":"","meta":{"_acf_changed":false,"footnotes":""},"application-tag":[],"class_list":["post-19340","product","type-product","status-publish","has-post-thumbnail","hentry"],"acf":[],"dsm_author":{"name":"admeb26","avatar_url":"https:\/\/meber2026.graphoservice.it\/wp-content\/plugins\/ultimate-member\/assets\/img\/default_avatar.jpg","archive_link":"https:\/\/meber2026.graphoservice.it\/es\/author\/admeb26\/","biodata":""},"dsm_categories":[],"dsm_attachment_categories":[],"dsm_featured_image":{"thumbnail":"https:\/\/meber2026.graphoservice.it\/wp-content\/uploads\/2026\/02\/Ergon_Junior_16160V-150x150.png","medium":"https:\/\/meber2026.graphoservice.it\/wp-content\/uploads\/2026\/02\/Ergon_Junior_16160V-300x86.png","medium_large":"https:\/\/meber2026.graphoservice.it\/wp-content\/uploads\/2026\/02\/Ergon_Junior_16160V-768x220.png","large":"https:\/\/meber2026.graphoservice.it\/wp-content\/uploads\/2026\/02\/Ergon_Junior_16160V-1024x294.png","1536x1536":"https:\/\/meber2026.graphoservice.it\/wp-content\/uploads\/2026\/02\/Ergon_Junior_16160V.png","2048x2048":"https:\/\/meber2026.graphoservice.it\/wp-content\/uploads\/2026\/02\/Ergon_Junior_16160V.png","et-pb-post-main-image":"https:\/\/meber2026.graphoservice.it\/wp-content\/uploads\/2026\/02\/Ergon_Junior_16160V-400x250.png","et-pb-post-main-image-fullwidth":"https:\/\/meber2026.graphoservice.it\/wp-content\/uploads\/2026\/02\/Ergon_Junior_16160V-1080x344.png","et-pb-portfolio-image":"https:\/\/meber2026.graphoservice.it\/wp-content\/uploads\/2026\/02\/Ergon_Junior_16160V-400x284.png","et-pb-portfolio-module-image":"https:\/\/meber2026.graphoservice.it\/wp-content\/uploads\/2026\/02\/Ergon_Junior_16160V-510x344.png","et-pb-portfolio-image-single":"https:\/\/meber2026.graphoservice.it\/wp-content\/uploads\/2026\/02\/Ergon_Junior_16160V-1080x310.png","et-pb-gallery-module-image-portrait":"https:\/\/meber2026.graphoservice.it\/wp-content\/uploads\/2026\/02\/Ergon_Junior_16160V-400x344.png","et-pb-post-main-image-fullwidth-large":"https:\/\/meber2026.graphoservice.it\/wp-content\/uploads\/2026\/02\/Ergon_Junior_16160V.png","et-pb-image--responsive--desktop":"https:\/\/meber2026.graphoservice.it\/wp-content\/uploads\/2026\/02\/Ergon_Junior_16160V.png","et-pb-image--responsive--tablet":"https:\/\/meber2026.graphoservice.it\/wp-content\/uploads\/2026\/02\/Ergon_Junior_16160V-980x281.png","et-pb-image--responsive--phone":"https:\/\/meber2026.graphoservice.it\/wp-content\/uploads\/2026\/02\/Ergon_Junior_16160V-480x138.png","full":"https:\/\/meber2026.graphoservice.it\/wp-content\/uploads\/2026\/02\/Ergon_Junior_16160V.png"},"yoast_head":"<!-- This site is optimized with the Yoast SEO plugin v27.4 - https:\/\/yoast.com\/product\/yoast-seo-wordpress\/ -->\n<title>Camillas Ergon Junior 16160\/V<\/title>\n<meta name=\"description\" content=\"Ergon junior es la camilla pedi\u00e1trica comfort de geometr\u00eda variable para la recuperaci\u00f3n de los m\u00e1s peque\u00f1os en situaciones de emergencia.\" \/>\n<meta name=\"robots\" content=\"noindex, follow, max-snippet:-1, max-image-preview:large, max-video-preview:-1\" \/>\n<meta property=\"og:locale\" content=\"es_ES\" \/>\n<meta property=\"og:type\" content=\"article\" \/>\n<meta property=\"og:title\" content=\"Camillas Ergon Junior 16160\/V\" \/>\n<meta property=\"og:description\" content=\"Ergon junior es la camilla pedi\u00e1trica comfort de geometr\u00eda variable para la recuperaci\u00f3n de los m\u00e1s peque\u00f1os en situaciones de emergencia.\" \/>\n<meta property=\"og:url\" content=\"https:\/\/meber2026.graphoservice.it\/es\/product\/ergon-junior-16160-v-2\/\" \/>\n<meta property=\"og:site_name\" content=\"Me.Ber.\" \/>\n<meta name=\"twitter:card\" content=\"summary_large_image\" \/>\n<script type=\"application\/ld+json\" class=\"yoast-schema-graph\">{\"@context\":\"https:\\\/\\\/schema.org\",\"@graph\":[{\"@type\":\"WebPage\",\"@id\":\"https:\\\/\\\/meber2026.graphoservice.it\\\/es\\\/product\\\/ergon-junior-16160-v-2\\\/\",\"url\":\"https:\\\/\\\/meber2026.graphoservice.it\\\/es\\\/product\\\/ergon-junior-16160-v-2\\\/\",\"name\":\"Camillas Ergon Junior 16160\\\/V\",\"isPartOf\":{\"@id\":\"https:\\\/\\\/meber2026.graphoservice.it\\\/es\\\/#website\"},\"primaryImageOfPage\":{\"@id\":\"https:\\\/\\\/meber2026.graphoservice.it\\\/es\\\/product\\\/ergon-junior-16160-v-2\\\/#primaryimage\"},\"image\":{\"@id\":\"https:\\\/\\\/meber2026.graphoservice.it\\\/es\\\/product\\\/ergon-junior-16160-v-2\\\/#primaryimage\"},\"thumbnailUrl\":\"https:\\\/\\\/meber2026.graphoservice.it\\\/wp-content\\\/uploads\\\/2026\\\/02\\\/Ergon_Junior_16160V.png\",\"datePublished\":\"2026-02-10T09:28:15+00:00\",\"description\":\"Ergon junior es la camilla pedi\u00e1trica comfort de geometr\u00eda variable para la recuperaci\u00f3n de los m\u00e1s peque\u00f1os en situaciones de emergencia.\",\"breadcrumb\":{\"@id\":\"https:\\\/\\\/meber2026.graphoservice.it\\\/es\\\/product\\\/ergon-junior-16160-v-2\\\/#breadcrumb\"},\"inLanguage\":\"es\",\"potentialAction\":[{\"@type\":\"ReadAction\",\"target\":[\"https:\\\/\\\/meber2026.graphoservice.it\\\/es\\\/product\\\/ergon-junior-16160-v-2\\\/\"]}]},{\"@type\":\"ImageObject\",\"inLanguage\":\"es\",\"@id\":\"https:\\\/\\\/meber2026.graphoservice.it\\\/es\\\/product\\\/ergon-junior-16160-v-2\\\/#primaryimage\",\"url\":\"https:\\\/\\\/meber2026.graphoservice.it\\\/wp-content\\\/uploads\\\/2026\\\/02\\\/Ergon_Junior_16160V.png\",\"contentUrl\":\"https:\\\/\\\/meber2026.graphoservice.it\\\/wp-content\\\/uploads\\\/2026\\\/02\\\/Ergon_Junior_16160V.png\",\"width\":1200,\"height\":344},{\"@type\":\"BreadcrumbList\",\"@id\":\"https:\\\/\\\/meber2026.graphoservice.it\\\/es\\\/product\\\/ergon-junior-16160-v-2\\\/#breadcrumb\",\"itemListElement\":[{\"@type\":\"ListItem\",\"position\":1,\"name\":\"Home\",\"item\":\"https:\\\/\\\/meber2026.graphoservice.it\\\/es\\\/\"},{\"@type\":\"ListItem\",\"position\":2,\"name\":\"Ergon Junior 16160\\\/V\"}]},{\"@type\":\"WebSite\",\"@id\":\"https:\\\/\\\/meber2026.graphoservice.it\\\/es\\\/#website\",\"url\":\"https:\\\/\\\/meber2026.graphoservice.it\\\/es\\\/\",\"name\":\"Me.Ber.\",\"description\":\"In Case of Emergerncy\",\"potentialAction\":[{\"@type\":\"SearchAction\",\"target\":{\"@type\":\"EntryPoint\",\"urlTemplate\":\"https:\\\/\\\/meber2026.graphoservice.it\\\/es\\\/?s={search_term_string}\"},\"query-input\":{\"@type\":\"PropertyValueSpecification\",\"valueRequired\":true,\"valueName\":\"search_term_string\"}}],\"inLanguage\":\"es\"}]}<\/script>\n<!-- \/ Yoast SEO plugin. -->","yoast_head_json":{"title":"Camillas Ergon Junior 16160\/V","description":"Ergon junior es la camilla pedi\u00e1trica comfort de geometr\u00eda variable para la recuperaci\u00f3n de los m\u00e1s peque\u00f1os en situaciones de emergencia.","robots":{"index":"noindex","follow":"follow","max-snippet":"max-snippet:-1","max-image-preview":"max-image-preview:large","max-video-preview":"max-video-preview:-1"},"og_locale":"es_ES","og_type":"article","og_title":"Camillas Ergon Junior 16160\/V","og_description":"Ergon junior es la camilla pedi\u00e1trica comfort de geometr\u00eda variable para la recuperaci\u00f3n de los m\u00e1s peque\u00f1os en situaciones de emergencia.","og_url":"https:\/\/meber2026.graphoservice.it\/es\/product\/ergon-junior-16160-v-2\/","og_site_name":"Me.Ber.","twitter_card":"summary_large_image","schema":{"@context":"https:\/\/schema.org","@graph":[{"@type":"WebPage","@id":"https:\/\/meber2026.graphoservice.it\/es\/product\/ergon-junior-16160-v-2\/","url":"https:\/\/meber2026.graphoservice.it\/es\/product\/ergon-junior-16160-v-2\/","name":"Camillas Ergon Junior 16160\/V","isPartOf":{"@id":"https:\/\/meber2026.graphoservice.it\/es\/#website"},"primaryImageOfPage":{"@id":"https:\/\/meber2026.graphoservice.it\/es\/product\/ergon-junior-16160-v-2\/#primaryimage"},"image":{"@id":"https:\/\/meber2026.graphoservice.it\/es\/product\/ergon-junior-16160-v-2\/#primaryimage"},"thumbnailUrl":"https:\/\/meber2026.graphoservice.it\/wp-content\/uploads\/2026\/02\/Ergon_Junior_16160V.png","datePublished":"2026-02-10T09:28:15+00:00","description":"Ergon junior es la camilla pedi\u00e1trica comfort de geometr\u00eda variable para la recuperaci\u00f3n de los m\u00e1s peque\u00f1os en situaciones de emergencia.","breadcrumb":{"@id":"https:\/\/meber2026.graphoservice.it\/es\/product\/ergon-junior-16160-v-2\/#breadcrumb"},"inLanguage":"es","potentialAction":[{"@type":"ReadAction","target":["https:\/\/meber2026.graphoservice.it\/es\/product\/ergon-junior-16160-v-2\/"]}]},{"@type":"ImageObject","inLanguage":"es","@id":"https:\/\/meber2026.graphoservice.it\/es\/product\/ergon-junior-16160-v-2\/#primaryimage","url":"https:\/\/meber2026.graphoservice.it\/wp-content\/uploads\/2026\/02\/Ergon_Junior_16160V.png","contentUrl":"https:\/\/meber2026.graphoservice.it\/wp-content\/uploads\/2026\/02\/Ergon_Junior_16160V.png","width":1200,"height":344},{"@type":"BreadcrumbList","@id":"https:\/\/meber2026.graphoservice.it\/es\/product\/ergon-junior-16160-v-2\/#breadcrumb","itemListElement":[{"@type":"ListItem","position":1,"name":"Home","item":"https:\/\/meber2026.graphoservice.it\/es\/"},{"@type":"ListItem","position":2,"name":"Ergon Junior 16160\/V"}]},{"@type":"WebSite","@id":"https:\/\/meber2026.graphoservice.it\/es\/#website","url":"https:\/\/meber2026.graphoservice.it\/es\/","name":"Me.Ber.","description":"In Case of Emergerncy","potentialAction":[{"@type":"SearchAction","target":{"@type":"EntryPoint","urlTemplate":"https:\/\/meber2026.graphoservice.it\/es\/?s={search_term_string}"},"query-input":{"@type":"PropertyValueSpecification","valueRequired":true,"valueName":"search_term_string"}}],"inLanguage":"es"}]}},"_links":{"self":[{"href":"https:\/\/meber2026.graphoservice.it\/es\/wp-json\/wp\/v2\/product\/19340","targetHints":{"allow":["GET"]}}],"collection":[{"href":"https:\/\/meber2026.graphoservice.it\/es\/wp-json\/wp\/v2\/product"}],"about":[{"href":"https:\/\/meber2026.graphoservice.it\/es\/wp-json\/wp\/v2\/types\/product"}],"author":[{"embeddable":true,"href":"https:\/\/meber2026.graphoservice.it\/es\/wp-json\/wp\/v2\/users\/1"}],"version-history":[{"count":0,"href":"https:\/\/meber2026.graphoservice.it\/es\/wp-json\/wp\/v2\/product\/19340\/revisions"}],"wp:featuredmedia":[{"embeddable":true,"href":"https:\/\/meber2026.graphoservice.it\/es\/wp-json\/wp\/v2\/media\/23360"}],"wp:attachment":[{"href":"https:\/\/meber2026.graphoservice.it\/es\/wp-json\/wp\/v2\/media?parent=19340"}],"wp:term":[{"taxonomy":"application-tag","embeddable":true,"href":"https:\/\/meber2026.graphoservice.it\/es\/wp-json\/wp\/v2\/application-tag?post=19340"}],"curies":[{"name":"wp","href":"https:\/\/api.w.org\/{rel}","templated":true}]}}