{"id":19330,"date":"2026-02-10T09:28:14","date_gmt":"2026-02-10T09:28:14","guid":{"rendered":"https:\/\/meber2026.graphoservice.it\/product\/ergon-16150-v\/"},"modified":"2026-02-10T09:28:14","modified_gmt":"2026-02-10T09:28:14","slug":"ergon-16150-v","status":"publish","type":"product","link":"https:\/\/meber2026.graphoservice.it\/es\/product\/ergon-16150-v\/","title":{"rendered":"Ergon 16150\/V"},"content":{"rendered":"<p style=\"\">\u00a0<\/p>\n<p style=\"\"><strong>ERGON <\/strong>ha sido estudiada por socorristas y t\u00e9cnicos expertos en dispositivos de emergencia m\u00e9dica para ofrecer prestaciones que antes eran impensables. Garantiza la m\u00e1xima comodidad, especialmente en los puntos de dec\u00fabito del paciente, gracias al uso de un material especial (el exclusivo <strong>Me.Ber. HC<sup>3<\/sup> &#8211; High Comfort Composite Cell<\/strong>) compuesto por un material blando moldeado en un pol\u00edmero pl\u00e1stico de alta resistencia.<\/p>\n<p style=\"\">\nAdem\u00e1s de la comodidad para el paciente<strong>ERGON <\/strong>ha sido dise\u00f1ada para favorecer a los rescatadores gracias a sus caracter\u00edsticas \u00fanicas. Los mangos est\u00e1n revestidos en <strong>HC<sup>3<\/sup> <\/strong>y est\u00e1n inclinados a 20\u00b0 para favorecer el mejor agarre. Especiales soportes y ojales han sido posicionados para fijar f\u00e1cilmente las correas con los mosquetones.<\/p>\n<p>La distancia entre las dos semicamillas es de apenas 25 mm; esto permite un excelente<strong>s<\/strong><strong>oporte a la columna vertebral<\/strong> en comparaci\u00f3n con las camillas de cuchara normales que est\u00e1n separadas por unos 80 mm. La forma de la hoja es, por lo tanto, m\u00e1s ancha y ha sido dise\u00f1ada para introducirse con facilidad y gradualmente entre el paciente y el suelo.<br \/>\nEl uso del material <strong>HC<\/strong><sup><strong>3<\/strong><\/sup>, adem\u00e1s de garantizar una completa estabilidad estructural, permite un alto aislamiento t\u00e9rmico. Esto ayuda a <strong>prevenir la hipotermia<\/strong> y, gracias al dise\u00f1o de la camilla misma, permite prolongar la permanencia del paciente en el dispositivo.<\/p>\n<p style=\"\">Otra revoluci\u00f3n tecnol\u00f3gica es el uso del nuevo sistema de bloqueo articulado <strong>Flexilock <\/strong>(<em>patent pending<\/em>) que permite tanto separar la camilla en dos mitades como realizar recuperaciones en posiciones y en situaciones extremas. Por lo tanto, adem\u00e1s de las t\u00e9cnicas est\u00e1ndar, <strong>ERGON<\/strong><strong> <\/strong>permite efectuar con facilidad recuperaciones en ambientes dif\u00edciles incluso con el paciente en condiciones cr\u00edticas.<\/p>\n<p>Dispositivo adecuado para el soporte del paciente durante la realizaci\u00f3n de ex\u00e1menes radiol\u00f3gicos (RX) en el \u00e1mbito de los primeros auxilios.<br \/>\n<iframe referrerpolicy=\"strict-origin-when-cross-origin\" loading=\"lazy\" allow=\"accelerometer; autoplay; clipboard-write; encrypted-media; gyroscope; picture-in-picture\" allowfullscreen=\"\" frameborder=\"0\" height=\"315\" src=\"https:\/\/www.youtube.com\/embed\/8_q1JugfIrA?origin=https%3A%2F%2Fmeber2026.graphoservice.it%2Fes%2F\" title=\"YouTube video player\" width=\"560\"><\/iframe><\/p>\n","protected":false},"excerpt":{"rendered":"<p>\u00a0 ERGON ha sido estudiada por socorristas y t\u00e9cnicos expertos en dispositivos de emergencia m\u00e9dica para ofrecer prestaciones que antes eran impensables. Garantiza la m\u00e1xima comodidad, especialmente en los puntos de dec\u00fabito del paciente, gracias al uso de un material especial (el exclusivo Me.Ber. HC3 &#8211; High Comfort Composite Cell) compuesto por un material blando [&hellip;]<\/p>\n","protected":false},"author":1,"featured_media":16086,"parent":0,"menu_order":10000200,"template":"","meta":{"_acf_changed":false,"footnotes":""},"application-tag":[],"class_list":["post-19330","product","type-product","status-publish","has-post-thumbnail","hentry"],"acf":[],"dsm_author":{"name":"admeb26","avatar_url":"https:\/\/meber2026.graphoservice.it\/wp-content\/plugins\/ultimate-member\/assets\/img\/default_avatar.jpg","archive_link":"https:\/\/meber2026.graphoservice.it\/es\/author\/admeb26\/","biodata":""},"dsm_categories":[],"dsm_attachment_categories":[],"dsm_featured_image":{"thumbnail":"https:\/\/meber2026.graphoservice.it\/wp-content\/uploads\/2026\/02\/Ergon_16150V-150x150.png","medium":"https:\/\/meber2026.graphoservice.it\/wp-content\/uploads\/2026\/02\/Ergon_16150V-300x86.png","medium_large":"https:\/\/meber2026.graphoservice.it\/wp-content\/uploads\/2026\/02\/Ergon_16150V-768x220.png","large":"https:\/\/meber2026.graphoservice.it\/wp-content\/uploads\/2026\/02\/Ergon_16150V-1024x294.png","1536x1536":"https:\/\/meber2026.graphoservice.it\/wp-content\/uploads\/2026\/02\/Ergon_16150V.png","2048x2048":"https:\/\/meber2026.graphoservice.it\/wp-content\/uploads\/2026\/02\/Ergon_16150V.png","et-pb-post-main-image":"https:\/\/meber2026.graphoservice.it\/wp-content\/uploads\/2026\/02\/Ergon_16150V-400x250.png","et-pb-post-main-image-fullwidth":"https:\/\/meber2026.graphoservice.it\/wp-content\/uploads\/2026\/02\/Ergon_16150V-1080x344.png","et-pb-portfolio-image":"https:\/\/meber2026.graphoservice.it\/wp-content\/uploads\/2026\/02\/Ergon_16150V-400x284.png","et-pb-portfolio-module-image":"https:\/\/meber2026.graphoservice.it\/wp-content\/uploads\/2026\/02\/Ergon_16150V-510x344.png","et-pb-portfolio-image-single":"https:\/\/meber2026.graphoservice.it\/wp-content\/uploads\/2026\/02\/Ergon_16150V-1080x310.png","et-pb-gallery-module-image-portrait":"https:\/\/meber2026.graphoservice.it\/wp-content\/uploads\/2026\/02\/Ergon_16150V-400x344.png","et-pb-post-main-image-fullwidth-large":"https:\/\/meber2026.graphoservice.it\/wp-content\/uploads\/2026\/02\/Ergon_16150V.png","et-pb-image--responsive--desktop":"https:\/\/meber2026.graphoservice.it\/wp-content\/uploads\/2026\/02\/Ergon_16150V.png","et-pb-image--responsive--tablet":"https:\/\/meber2026.graphoservice.it\/wp-content\/uploads\/2026\/02\/Ergon_16150V-980x281.png","et-pb-image--responsive--phone":"https:\/\/meber2026.graphoservice.it\/wp-content\/uploads\/2026\/02\/Ergon_16150V-480x138.png","full":"https:\/\/meber2026.graphoservice.it\/wp-content\/uploads\/2026\/02\/Ergon_16150V.png"},"yoast_head":"<!-- This site is optimized with the Yoast SEO plugin v27.4 - https:\/\/yoast.com\/product\/yoast-seo-wordpress\/ -->\n<title>Camilla Ergon 16150\/V<\/title>\n<meta name=\"description\" content=\"Ergon es la camilla confort de geometr\u00eda variable dise\u00f1ada por socorristas y t\u00e9cnicos expertos en el sector de emergencias m\u00e9dicas para garantizar seguridad y confiabilidad.\" \/>\n<meta name=\"robots\" content=\"noindex, follow, max-snippet:-1, max-image-preview:large, max-video-preview:-1\" \/>\n<meta property=\"og:locale\" content=\"es_ES\" \/>\n<meta property=\"og:type\" content=\"article\" \/>\n<meta property=\"og:title\" content=\"Camilla Ergon 16150\/V\" \/>\n<meta property=\"og:description\" content=\"Ergon es la camilla confort de geometr\u00eda variable dise\u00f1ada por socorristas y t\u00e9cnicos expertos en el sector de emergencias m\u00e9dicas para garantizar seguridad y confiabilidad.\" \/>\n<meta property=\"og:url\" content=\"https:\/\/meber2026.graphoservice.it\/es\/product\/ergon-16150-v\/\" \/>\n<meta property=\"og:site_name\" content=\"Me.Ber.\" \/>\n<meta name=\"twitter:card\" content=\"summary_large_image\" \/>\n<meta name=\"twitter:label1\" content=\"Tiempo de lectura\" \/>\n\t<meta name=\"twitter:data1\" content=\"2 minutos\" \/>\n<script type=\"application\/ld+json\" class=\"yoast-schema-graph\">{\"@context\":\"https:\\\/\\\/schema.org\",\"@graph\":[{\"@type\":\"WebPage\",\"@id\":\"https:\\\/\\\/meber2026.graphoservice.it\\\/es\\\/product\\\/ergon-16150-v\\\/\",\"url\":\"https:\\\/\\\/meber2026.graphoservice.it\\\/es\\\/product\\\/ergon-16150-v\\\/\",\"name\":\"Camilla Ergon 16150\\\/V\",\"isPartOf\":{\"@id\":\"https:\\\/\\\/meber2026.graphoservice.it\\\/es\\\/#website\"},\"primaryImageOfPage\":{\"@id\":\"https:\\\/\\\/meber2026.graphoservice.it\\\/es\\\/product\\\/ergon-16150-v\\\/#primaryimage\"},\"image\":{\"@id\":\"https:\\\/\\\/meber2026.graphoservice.it\\\/es\\\/product\\\/ergon-16150-v\\\/#primaryimage\"},\"thumbnailUrl\":\"https:\\\/\\\/meber2026.graphoservice.it\\\/wp-content\\\/uploads\\\/2026\\\/02\\\/Ergon_16150V.png\",\"datePublished\":\"2026-02-10T09:28:14+00:00\",\"description\":\"Ergon es la camilla confort de geometr\u00eda variable dise\u00f1ada por socorristas y t\u00e9cnicos expertos en el sector de emergencias m\u00e9dicas para garantizar seguridad y confiabilidad.\",\"breadcrumb\":{\"@id\":\"https:\\\/\\\/meber2026.graphoservice.it\\\/es\\\/product\\\/ergon-16150-v\\\/#breadcrumb\"},\"inLanguage\":\"es\",\"potentialAction\":[{\"@type\":\"ReadAction\",\"target\":[\"https:\\\/\\\/meber2026.graphoservice.it\\\/es\\\/product\\\/ergon-16150-v\\\/\"]}]},{\"@type\":\"ImageObject\",\"inLanguage\":\"es\",\"@id\":\"https:\\\/\\\/meber2026.graphoservice.it\\\/es\\\/product\\\/ergon-16150-v\\\/#primaryimage\",\"url\":\"https:\\\/\\\/meber2026.graphoservice.it\\\/wp-content\\\/uploads\\\/2026\\\/02\\\/Ergon_16150V.png\",\"contentUrl\":\"https:\\\/\\\/meber2026.graphoservice.it\\\/wp-content\\\/uploads\\\/2026\\\/02\\\/Ergon_16150V.png\",\"width\":1200,\"height\":344},{\"@type\":\"BreadcrumbList\",\"@id\":\"https:\\\/\\\/meber2026.graphoservice.it\\\/es\\\/product\\\/ergon-16150-v\\\/#breadcrumb\",\"itemListElement\":[{\"@type\":\"ListItem\",\"position\":1,\"name\":\"Home\",\"item\":\"https:\\\/\\\/meber2026.graphoservice.it\\\/es\\\/\"},{\"@type\":\"ListItem\",\"position\":2,\"name\":\"Ergon 16150\\\/V\"}]},{\"@type\":\"WebSite\",\"@id\":\"https:\\\/\\\/meber2026.graphoservice.it\\\/es\\\/#website\",\"url\":\"https:\\\/\\\/meber2026.graphoservice.it\\\/es\\\/\",\"name\":\"Me.Ber.\",\"description\":\"In Case of Emergerncy\",\"potentialAction\":[{\"@type\":\"SearchAction\",\"target\":{\"@type\":\"EntryPoint\",\"urlTemplate\":\"https:\\\/\\\/meber2026.graphoservice.it\\\/es\\\/?s={search_term_string}\"},\"query-input\":{\"@type\":\"PropertyValueSpecification\",\"valueRequired\":true,\"valueName\":\"search_term_string\"}}],\"inLanguage\":\"es\"}]}<\/script>\n<!-- \/ Yoast SEO plugin. -->","yoast_head_json":{"title":"Camilla Ergon 16150\/V","description":"Ergon es la camilla confort de geometr\u00eda variable dise\u00f1ada por socorristas y t\u00e9cnicos expertos en el sector de emergencias m\u00e9dicas para garantizar seguridad y confiabilidad.","robots":{"index":"noindex","follow":"follow","max-snippet":"max-snippet:-1","max-image-preview":"max-image-preview:large","max-video-preview":"max-video-preview:-1"},"og_locale":"es_ES","og_type":"article","og_title":"Camilla Ergon 16150\/V","og_description":"Ergon es la camilla confort de geometr\u00eda variable dise\u00f1ada por socorristas y t\u00e9cnicos expertos en el sector de emergencias m\u00e9dicas para garantizar seguridad y confiabilidad.","og_url":"https:\/\/meber2026.graphoservice.it\/es\/product\/ergon-16150-v\/","og_site_name":"Me.Ber.","twitter_card":"summary_large_image","twitter_misc":{"Tiempo de lectura":"2 minutos"},"schema":{"@context":"https:\/\/schema.org","@graph":[{"@type":"WebPage","@id":"https:\/\/meber2026.graphoservice.it\/es\/product\/ergon-16150-v\/","url":"https:\/\/meber2026.graphoservice.it\/es\/product\/ergon-16150-v\/","name":"Camilla Ergon 16150\/V","isPartOf":{"@id":"https:\/\/meber2026.graphoservice.it\/es\/#website"},"primaryImageOfPage":{"@id":"https:\/\/meber2026.graphoservice.it\/es\/product\/ergon-16150-v\/#primaryimage"},"image":{"@id":"https:\/\/meber2026.graphoservice.it\/es\/product\/ergon-16150-v\/#primaryimage"},"thumbnailUrl":"https:\/\/meber2026.graphoservice.it\/wp-content\/uploads\/2026\/02\/Ergon_16150V.png","datePublished":"2026-02-10T09:28:14+00:00","description":"Ergon es la camilla confort de geometr\u00eda variable dise\u00f1ada por socorristas y t\u00e9cnicos expertos en el sector de emergencias m\u00e9dicas para garantizar seguridad y confiabilidad.","breadcrumb":{"@id":"https:\/\/meber2026.graphoservice.it\/es\/product\/ergon-16150-v\/#breadcrumb"},"inLanguage":"es","potentialAction":[{"@type":"ReadAction","target":["https:\/\/meber2026.graphoservice.it\/es\/product\/ergon-16150-v\/"]}]},{"@type":"ImageObject","inLanguage":"es","@id":"https:\/\/meber2026.graphoservice.it\/es\/product\/ergon-16150-v\/#primaryimage","url":"https:\/\/meber2026.graphoservice.it\/wp-content\/uploads\/2026\/02\/Ergon_16150V.png","contentUrl":"https:\/\/meber2026.graphoservice.it\/wp-content\/uploads\/2026\/02\/Ergon_16150V.png","width":1200,"height":344},{"@type":"BreadcrumbList","@id":"https:\/\/meber2026.graphoservice.it\/es\/product\/ergon-16150-v\/#breadcrumb","itemListElement":[{"@type":"ListItem","position":1,"name":"Home","item":"https:\/\/meber2026.graphoservice.it\/es\/"},{"@type":"ListItem","position":2,"name":"Ergon 16150\/V"}]},{"@type":"WebSite","@id":"https:\/\/meber2026.graphoservice.it\/es\/#website","url":"https:\/\/meber2026.graphoservice.it\/es\/","name":"Me.Ber.","description":"In Case of Emergerncy","potentialAction":[{"@type":"SearchAction","target":{"@type":"EntryPoint","urlTemplate":"https:\/\/meber2026.graphoservice.it\/es\/?s={search_term_string}"},"query-input":{"@type":"PropertyValueSpecification","valueRequired":true,"valueName":"search_term_string"}}],"inLanguage":"es"}]}},"_links":{"self":[{"href":"https:\/\/meber2026.graphoservice.it\/es\/wp-json\/wp\/v2\/product\/19330","targetHints":{"allow":["GET"]}}],"collection":[{"href":"https:\/\/meber2026.graphoservice.it\/es\/wp-json\/wp\/v2\/product"}],"about":[{"href":"https:\/\/meber2026.graphoservice.it\/es\/wp-json\/wp\/v2\/types\/product"}],"author":[{"embeddable":true,"href":"https:\/\/meber2026.graphoservice.it\/es\/wp-json\/wp\/v2\/users\/1"}],"version-history":[{"count":0,"href":"https:\/\/meber2026.graphoservice.it\/es\/wp-json\/wp\/v2\/product\/19330\/revisions"}],"wp:featuredmedia":[{"embeddable":true,"href":"https:\/\/meber2026.graphoservice.it\/es\/wp-json\/wp\/v2\/media\/16086"}],"wp:attachment":[{"href":"https:\/\/meber2026.graphoservice.it\/es\/wp-json\/wp\/v2\/media?parent=19330"}],"wp:term":[{"taxonomy":"application-tag","embeddable":true,"href":"https:\/\/meber2026.graphoservice.it\/es\/wp-json\/wp\/v2\/application-tag?post=19330"}],"curies":[{"name":"wp","href":"https:\/\/api.w.org\/{rel}","templated":true}]}}