{"id":19265,"date":"2026-02-10T09:28:07","date_gmt":"2026-02-10T09:28:07","guid":{"rendered":"https:\/\/meber2026.graphoservice.it\/product\/16500sterilair-pro\/"},"modified":"2026-02-10T09:28:08","modified_gmt":"2026-02-10T09:28:08","slug":"16500sterilair-pro","status":"publish","type":"product","link":"https:\/\/meber2026.graphoservice.it\/es\/product\/16500sterilair-pro\/","title":{"rendered":"16500Sterilair PRO"},"content":{"rendered":"<div>La contaminaci\u00f3n a\u00e9rea ha constituido siempre un problema serio en nuestra sociedad. En efecto, existen numerosas enfermedades que se transmiten a trav\u00e9s del aire.\u00a0La meningitis, la difteria, la tuberculosis, la rubeola, las paperas y enfermedades m\u00e1s comunes como el resfriado y los nuevos tipos de gripe que han surgido en los \u00faltimos a\u00f1os son algunas de ellas. En ciertos entornos, el problema de la propagaci\u00f3n a trav\u00e9s del aire es especialmente cr\u00edtico, ya que son lugares en los que se agrupan o afluyen numerosas personas, como lugares p\u00fablicos, espacios de encuentro, escuelas, guarder\u00edas, etc.<\/div>\n<p>Lo mismo ocurre en entornos sanitarios u hospitalarios. Para algunos sectores como el sanitario, este fen\u00f3meno cobra mayor importancia.\u00a0Las infecciones de transmisi\u00f3n a\u00e9rea son cada vez m\u00e1s frecuentes hasta tal punto que, en ocasiones, pueden dar lugar a una pandemia, lo cual representa un enorme coste y problemas graves para la sociedad. El uso de sistemas de tratamiento biol\u00f3gico del aire tiene un efecto inmediato sobre la reducci\u00f3n de los riesgos de propagaci\u00f3n de los virus por v\u00eda a\u00e9rea, tal y como se indica en las recomendaciones de los CDC (Centers of Disease Control and Prevention). Estos dispositivos se pueden emplear en absolutamente cualquier tipo de entorno.<br \/>\nSTERILAIR Pro es un dispositivo estudiado, dise\u00f1ado y fabricado hace 20 a\u00f1os, con la l\u00f3gica de crear un dispositivo de alto rendimiento gracias a las l\u00e1mparas de descarga de vapor de mercurio UV-C probadas para la eliminaci\u00f3n de part\u00edculas biol\u00f3gicas vol\u00e1tiles durante una vida de 9000 horas.<\/p>\n<div>Adoptar STERILAIR Pro significa: reducir el riesgo de contaminaci\u00f3n de los operadores, como tambi\u00e9n lo exige el texto consolidado sobre seguridad y recientemente tambi\u00e9n recomendado por la OMS (Organizaci\u00f3n Mundial de la Salud); reducir o eliminar la posibilidad de contaminaci\u00f3n de operadores y pacientes; tener un ambiente bacteriol\u00f3gicamente seguro.<\/div>\n<div>\u00a0<\/div>\n<p>Seguro para las personas. Sin radiaci\u00f3n ni ozono en el aire. Sin peligro para el hombre debido a la ausencia de radiaci\u00f3n UVC fuera del dispositivo.\u00a0<br \/>\nDesinfecci\u00f3n continua para una protecci\u00f3n constante.<br \/>\nProgramable:\u00a0 la protecci\u00f3n absoluta es su exigencia m\u00ednima. Programe SterilAir PRO para que act\u00fae unas horas antes de su llegada a trabajo y tras finalizar la jornada laboral.<\/p>\n","protected":false},"excerpt":{"rendered":"<p>La contaminaci\u00f3n a\u00e9rea ha constituido siempre un problema serio en nuestra sociedad. En efecto, existen numerosas enfermedades que se transmiten a trav\u00e9s del aire.\u00a0La meningitis, la difteria, la tuberculosis, la rubeola, las paperas y enfermedades m\u00e1s comunes como el resfriado y los nuevos tipos de gripe que han surgido en los \u00faltimos a\u00f1os son algunas [&hellip;]<\/p>\n","protected":false},"author":1,"featured_media":15990,"parent":0,"menu_order":200000100,"template":"","meta":{"_acf_changed":false,"footnotes":""},"application-tag":[],"class_list":["post-19265","product","type-product","status-publish","has-post-thumbnail","hentry"],"acf":[],"dsm_author":{"name":"admeb26","avatar_url":"https:\/\/meber2026.graphoservice.it\/wp-content\/plugins\/ultimate-member\/assets\/img\/default_avatar.jpg","archive_link":"https:\/\/meber2026.graphoservice.it\/es\/author\/admeb26\/","biodata":""},"dsm_categories":[],"dsm_attachment_categories":[],"dsm_featured_image":{"thumbnail":"https:\/\/meber2026.graphoservice.it\/wp-content\/uploads\/2026\/02\/Steril_air_pro_a_parete-150x150.jpg","medium":"https:\/\/meber2026.graphoservice.it\/wp-content\/uploads\/2026\/02\/Steril_air_pro_a_parete-300x300.jpg","medium_large":"https:\/\/meber2026.graphoservice.it\/wp-content\/uploads\/2026\/02\/Steril_air_pro_a_parete.jpg","large":"https:\/\/meber2026.graphoservice.it\/wp-content\/uploads\/2026\/02\/Steril_air_pro_a_parete.jpg","1536x1536":"https:\/\/meber2026.graphoservice.it\/wp-content\/uploads\/2026\/02\/Steril_air_pro_a_parete.jpg","2048x2048":"https:\/\/meber2026.graphoservice.it\/wp-content\/uploads\/2026\/02\/Steril_air_pro_a_parete.jpg","et-pb-post-main-image":"https:\/\/meber2026.graphoservice.it\/wp-content\/uploads\/2026\/02\/Steril_air_pro_a_parete-400x250.jpg","et-pb-post-main-image-fullwidth":"https:\/\/meber2026.graphoservice.it\/wp-content\/uploads\/2026\/02\/Steril_air_pro_a_parete-700x675.jpg","et-pb-portfolio-image":"https:\/\/meber2026.graphoservice.it\/wp-content\/uploads\/2026\/02\/Steril_air_pro_a_parete-400x284.jpg","et-pb-portfolio-module-image":"https:\/\/meber2026.graphoservice.it\/wp-content\/uploads\/2026\/02\/Steril_air_pro_a_parete-510x382.jpg","et-pb-portfolio-image-single":"https:\/\/meber2026.graphoservice.it\/wp-content\/uploads\/2026\/02\/Steril_air_pro_a_parete.jpg","et-pb-gallery-module-image-portrait":"https:\/\/meber2026.graphoservice.it\/wp-content\/uploads\/2026\/02\/Steril_air_pro_a_parete-400x516.jpg","et-pb-post-main-image-fullwidth-large":"https:\/\/meber2026.graphoservice.it\/wp-content\/uploads\/2026\/02\/Steril_air_pro_a_parete.jpg","et-pb-image--responsive--desktop":"https:\/\/meber2026.graphoservice.it\/wp-content\/uploads\/2026\/02\/Steril_air_pro_a_parete.jpg","et-pb-image--responsive--tablet":"https:\/\/meber2026.graphoservice.it\/wp-content\/uploads\/2026\/02\/Steril_air_pro_a_parete.jpg","et-pb-image--responsive--phone":"https:\/\/meber2026.graphoservice.it\/wp-content\/uploads\/2026\/02\/Steril_air_pro_a_parete-480x480.jpg","full":"https:\/\/meber2026.graphoservice.it\/wp-content\/uploads\/2026\/02\/Steril_air_pro_a_parete.jpg"},"yoast_head":"<!-- This site is optimized with the Yoast SEO plugin v27.4 - https:\/\/yoast.com\/product\/yoast-seo-wordpress\/ -->\n<title>16500Sterilair PRO<\/title>\n<meta name=\"robots\" content=\"noindex, follow, max-snippet:-1, max-image-preview:large, max-video-preview:-1\" \/>\n<meta property=\"og:locale\" content=\"es_ES\" \/>\n<meta property=\"og:type\" content=\"article\" \/>\n<meta property=\"og:title\" content=\"16500Sterilair PRO\" \/>\n<meta property=\"og:description\" content=\"La contaminaci\u00f3n a\u00e9rea ha constituido siempre un problema serio en nuestra sociedad. En efecto, existen numerosas enfermedades que se transmiten a trav\u00e9s del aire.\u00a0La meningitis, la difteria, la tuberculosis, la rubeola, las paperas y enfermedades m\u00e1s comunes como el resfriado y los nuevos tipos de gripe que han surgido en los \u00faltimos a\u00f1os son algunas [&hellip;]\" \/>\n<meta property=\"og:url\" content=\"https:\/\/meber2026.graphoservice.it\/es\/product\/16500sterilair-pro\/\" \/>\n<meta property=\"og:site_name\" content=\"Me.Ber.\" \/>\n<meta property=\"article:modified_time\" content=\"2026-02-10T09:28:08+00:00\" \/>\n<meta name=\"twitter:card\" content=\"summary_large_image\" \/>\n<meta name=\"twitter:label1\" content=\"Tiempo de lectura\" \/>\n\t<meta name=\"twitter:data1\" content=\"2 minutos\" \/>\n<script type=\"application\/ld+json\" class=\"yoast-schema-graph\">{\"@context\":\"https:\\\/\\\/schema.org\",\"@graph\":[{\"@type\":\"WebPage\",\"@id\":\"https:\\\/\\\/meber2026.graphoservice.it\\\/es\\\/product\\\/16500sterilair-pro\\\/\",\"url\":\"https:\\\/\\\/meber2026.graphoservice.it\\\/es\\\/product\\\/16500sterilair-pro\\\/\",\"name\":\"16500Sterilair PRO\",\"isPartOf\":{\"@id\":\"https:\\\/\\\/meber2026.graphoservice.it\\\/es\\\/#website\"},\"primaryImageOfPage\":{\"@id\":\"https:\\\/\\\/meber2026.graphoservice.it\\\/es\\\/product\\\/16500sterilair-pro\\\/#primaryimage\"},\"image\":{\"@id\":\"https:\\\/\\\/meber2026.graphoservice.it\\\/es\\\/product\\\/16500sterilair-pro\\\/#primaryimage\"},\"thumbnailUrl\":\"https:\\\/\\\/meber2026.graphoservice.it\\\/wp-content\\\/uploads\\\/2026\\\/02\\\/Steril_air_pro_a_parete.jpg\",\"datePublished\":\"2026-02-10T09:28:07+00:00\",\"dateModified\":\"2026-02-10T09:28:08+00:00\",\"breadcrumb\":{\"@id\":\"https:\\\/\\\/meber2026.graphoservice.it\\\/es\\\/product\\\/16500sterilair-pro\\\/#breadcrumb\"},\"inLanguage\":\"es\",\"potentialAction\":[{\"@type\":\"ReadAction\",\"target\":[\"https:\\\/\\\/meber2026.graphoservice.it\\\/es\\\/product\\\/16500sterilair-pro\\\/\"]}]},{\"@type\":\"ImageObject\",\"inLanguage\":\"es\",\"@id\":\"https:\\\/\\\/meber2026.graphoservice.it\\\/es\\\/product\\\/16500sterilair-pro\\\/#primaryimage\",\"url\":\"https:\\\/\\\/meber2026.graphoservice.it\\\/wp-content\\\/uploads\\\/2026\\\/02\\\/Steril_air_pro_a_parete.jpg\",\"contentUrl\":\"https:\\\/\\\/meber2026.graphoservice.it\\\/wp-content\\\/uploads\\\/2026\\\/02\\\/Steril_air_pro_a_parete.jpg\",\"width\":700,\"height\":700},{\"@type\":\"BreadcrumbList\",\"@id\":\"https:\\\/\\\/meber2026.graphoservice.it\\\/es\\\/product\\\/16500sterilair-pro\\\/#breadcrumb\",\"itemListElement\":[{\"@type\":\"ListItem\",\"position\":1,\"name\":\"Home\",\"item\":\"https:\\\/\\\/meber2026.graphoservice.it\\\/es\\\/\"},{\"@type\":\"ListItem\",\"position\":2,\"name\":\"16500Sterilair PRO\"}]},{\"@type\":\"WebSite\",\"@id\":\"https:\\\/\\\/meber2026.graphoservice.it\\\/es\\\/#website\",\"url\":\"https:\\\/\\\/meber2026.graphoservice.it\\\/es\\\/\",\"name\":\"Me.Ber.\",\"description\":\"In Case of Emergerncy\",\"potentialAction\":[{\"@type\":\"SearchAction\",\"target\":{\"@type\":\"EntryPoint\",\"urlTemplate\":\"https:\\\/\\\/meber2026.graphoservice.it\\\/es\\\/?s={search_term_string}\"},\"query-input\":{\"@type\":\"PropertyValueSpecification\",\"valueRequired\":true,\"valueName\":\"search_term_string\"}}],\"inLanguage\":\"es\"}]}<\/script>\n<!-- \/ Yoast SEO plugin. -->","yoast_head_json":{"title":"16500Sterilair PRO","robots":{"index":"noindex","follow":"follow","max-snippet":"max-snippet:-1","max-image-preview":"max-image-preview:large","max-video-preview":"max-video-preview:-1"},"og_locale":"es_ES","og_type":"article","og_title":"16500Sterilair PRO","og_description":"La contaminaci\u00f3n a\u00e9rea ha constituido siempre un problema serio en nuestra sociedad. En efecto, existen numerosas enfermedades que se transmiten a trav\u00e9s del aire.\u00a0La meningitis, la difteria, la tuberculosis, la rubeola, las paperas y enfermedades m\u00e1s comunes como el resfriado y los nuevos tipos de gripe que han surgido en los \u00faltimos a\u00f1os son algunas [&hellip;]","og_url":"https:\/\/meber2026.graphoservice.it\/es\/product\/16500sterilair-pro\/","og_site_name":"Me.Ber.","article_modified_time":"2026-02-10T09:28:08+00:00","twitter_card":"summary_large_image","twitter_misc":{"Tiempo de lectura":"2 minutos"},"schema":{"@context":"https:\/\/schema.org","@graph":[{"@type":"WebPage","@id":"https:\/\/meber2026.graphoservice.it\/es\/product\/16500sterilair-pro\/","url":"https:\/\/meber2026.graphoservice.it\/es\/product\/16500sterilair-pro\/","name":"16500Sterilair PRO","isPartOf":{"@id":"https:\/\/meber2026.graphoservice.it\/es\/#website"},"primaryImageOfPage":{"@id":"https:\/\/meber2026.graphoservice.it\/es\/product\/16500sterilair-pro\/#primaryimage"},"image":{"@id":"https:\/\/meber2026.graphoservice.it\/es\/product\/16500sterilair-pro\/#primaryimage"},"thumbnailUrl":"https:\/\/meber2026.graphoservice.it\/wp-content\/uploads\/2026\/02\/Steril_air_pro_a_parete.jpg","datePublished":"2026-02-10T09:28:07+00:00","dateModified":"2026-02-10T09:28:08+00:00","breadcrumb":{"@id":"https:\/\/meber2026.graphoservice.it\/es\/product\/16500sterilair-pro\/#breadcrumb"},"inLanguage":"es","potentialAction":[{"@type":"ReadAction","target":["https:\/\/meber2026.graphoservice.it\/es\/product\/16500sterilair-pro\/"]}]},{"@type":"ImageObject","inLanguage":"es","@id":"https:\/\/meber2026.graphoservice.it\/es\/product\/16500sterilair-pro\/#primaryimage","url":"https:\/\/meber2026.graphoservice.it\/wp-content\/uploads\/2026\/02\/Steril_air_pro_a_parete.jpg","contentUrl":"https:\/\/meber2026.graphoservice.it\/wp-content\/uploads\/2026\/02\/Steril_air_pro_a_parete.jpg","width":700,"height":700},{"@type":"BreadcrumbList","@id":"https:\/\/meber2026.graphoservice.it\/es\/product\/16500sterilair-pro\/#breadcrumb","itemListElement":[{"@type":"ListItem","position":1,"name":"Home","item":"https:\/\/meber2026.graphoservice.it\/es\/"},{"@type":"ListItem","position":2,"name":"16500Sterilair PRO"}]},{"@type":"WebSite","@id":"https:\/\/meber2026.graphoservice.it\/es\/#website","url":"https:\/\/meber2026.graphoservice.it\/es\/","name":"Me.Ber.","description":"In Case of Emergerncy","potentialAction":[{"@type":"SearchAction","target":{"@type":"EntryPoint","urlTemplate":"https:\/\/meber2026.graphoservice.it\/es\/?s={search_term_string}"},"query-input":{"@type":"PropertyValueSpecification","valueRequired":true,"valueName":"search_term_string"}}],"inLanguage":"es"}]}},"_links":{"self":[{"href":"https:\/\/meber2026.graphoservice.it\/es\/wp-json\/wp\/v2\/product\/19265","targetHints":{"allow":["GET"]}}],"collection":[{"href":"https:\/\/meber2026.graphoservice.it\/es\/wp-json\/wp\/v2\/product"}],"about":[{"href":"https:\/\/meber2026.graphoservice.it\/es\/wp-json\/wp\/v2\/types\/product"}],"author":[{"embeddable":true,"href":"https:\/\/meber2026.graphoservice.it\/es\/wp-json\/wp\/v2\/users\/1"}],"version-history":[{"count":0,"href":"https:\/\/meber2026.graphoservice.it\/es\/wp-json\/wp\/v2\/product\/19265\/revisions"}],"wp:featuredmedia":[{"embeddable":true,"href":"https:\/\/meber2026.graphoservice.it\/es\/wp-json\/wp\/v2\/media\/15990"}],"wp:attachment":[{"href":"https:\/\/meber2026.graphoservice.it\/es\/wp-json\/wp\/v2\/media?parent=19265"}],"wp:term":[{"taxonomy":"application-tag","embeddable":true,"href":"https:\/\/meber2026.graphoservice.it\/es\/wp-json\/wp\/v2\/application-tag?post=19265"}],"curies":[{"name":"wp","href":"https:\/\/api.w.org\/{rel}","templated":true}]}}