{"id":19230,"date":"2026-02-10T09:28:04","date_gmt":"2026-02-10T09:28:04","guid":{"rendered":"https:\/\/meber2026.graphoservice.it\/product\/8540-2\/"},"modified":"2026-02-10T09:28:04","modified_gmt":"2026-02-10T09:28:04","slug":"8540-2","status":"publish","type":"product","link":"https:\/\/meber2026.graphoservice.it\/es\/product\/8540-2\/","title":{"rendered":"8540"},"content":{"rendered":"<p>El monitor TG de Tecno-Gaz es un instrumento profesional con gran variedad de opciones operativas y memorias, acompa\u00f1ado de accesorios y circuitos.<br \/>\nEl monitor tiene una funci\u00f3n doble: diagn\u00f3stico y control.<br \/>\nPermite detectar diferentes par\u00e1metros vitales que se pueden determinar de forma individual o simult\u00e1nea.<br \/>\nFunciones<br \/>\n\u2022 Monitor multipar\u00e1metros con indicaci\u00f3n num\u00e9rica y trazado.<br \/>\n\u2022 Funciona con pila y electricidad &#8211;\u00a0Fuente de alimentaci\u00f3n: 100 \u00f7 240 V CA, 50 \u00f7 60 Hz. Tambi\u00e9n est\u00e1 equipado con una bater\u00eda para permitir la continuidad del uso sin fuente de alimentaci\u00f3n externa (hasta 4 horas con la bater\u00eda est\u00e1ndar)<br \/>\n\u2022 Impresora incorporada<br \/>\n\u2022 Conexi\u00f3n a la red para el control a distancia<br \/>\n\u2022 Regulaci\u00f3n y configuraci\u00f3n de par\u00e1metros<br \/>\n\u2022 Monitor 10 pulgadas<\/p>\n","protected":false},"excerpt":{"rendered":"<p>El monitor TG de Tecno-Gaz es un instrumento profesional con gran variedad de opciones operativas y memorias, acompa\u00f1ado de accesorios y circuitos. El monitor tiene una funci\u00f3n doble: diagn\u00f3stico y control. Permite detectar diferentes par\u00e1metros vitales que se pueden determinar de forma individual o simult\u00e1nea. Funciones \u2022 Monitor multipar\u00e1metros con indicaci\u00f3n num\u00e9rica y trazado. \u2022 [&hellip;]<\/p>\n","protected":false},"author":1,"featured_media":15949,"parent":0,"menu_order":60002700,"template":"","meta":{"_acf_changed":false,"footnotes":""},"application-tag":[101,69],"class_list":["post-19230","product","type-product","status-publish","has-post-thumbnail","hentry","application-tag-diagnostico","application-tag-pediatrico"],"acf":[],"dsm_author":{"name":"admeb26","avatar_url":"https:\/\/meber2026.graphoservice.it\/wp-content\/plugins\/ultimate-member\/assets\/img\/default_avatar.jpg","archive_link":"https:\/\/meber2026.graphoservice.it\/es\/author\/admeb26\/","biodata":""},"dsm_categories":[],"dsm_attachment_categories":[],"dsm_featured_image":{"thumbnail":"https:\/\/meber2026.graphoservice.it\/wp-content\/uploads\/2026\/02\/Monitor_multiparametrico_TG-150x150.jpg","medium":"https:\/\/meber2026.graphoservice.it\/wp-content\/uploads\/2026\/02\/Monitor_multiparametrico_TG-290x300.jpg","medium_large":"https:\/\/meber2026.graphoservice.it\/wp-content\/uploads\/2026\/02\/Monitor_multiparametrico_TG.jpg","large":"https:\/\/meber2026.graphoservice.it\/wp-content\/uploads\/2026\/02\/Monitor_multiparametrico_TG.jpg","1536x1536":"https:\/\/meber2026.graphoservice.it\/wp-content\/uploads\/2026\/02\/Monitor_multiparametrico_TG.jpg","2048x2048":"https:\/\/meber2026.graphoservice.it\/wp-content\/uploads\/2026\/02\/Monitor_multiparametrico_TG.jpg","et-pb-post-main-image":"https:\/\/meber2026.graphoservice.it\/wp-content\/uploads\/2026\/02\/Monitor_multiparametrico_TG-400x250.jpg","et-pb-post-main-image-fullwidth":"https:\/\/meber2026.graphoservice.it\/wp-content\/uploads\/2026\/02\/Monitor_multiparametrico_TG-750x675.jpg","et-pb-portfolio-image":"https:\/\/meber2026.graphoservice.it\/wp-content\/uploads\/2026\/02\/Monitor_multiparametrico_TG-400x284.jpg","et-pb-portfolio-module-image":"https:\/\/meber2026.graphoservice.it\/wp-content\/uploads\/2026\/02\/Monitor_multiparametrico_TG-510x382.jpg","et-pb-portfolio-image-single":"https:\/\/meber2026.graphoservice.it\/wp-content\/uploads\/2026\/02\/Monitor_multiparametrico_TG.jpg","et-pb-gallery-module-image-portrait":"https:\/\/meber2026.graphoservice.it\/wp-content\/uploads\/2026\/02\/Monitor_multiparametrico_TG-400x516.jpg","et-pb-post-main-image-fullwidth-large":"https:\/\/meber2026.graphoservice.it\/wp-content\/uploads\/2026\/02\/Monitor_multiparametrico_TG.jpg","et-pb-image--responsive--desktop":"https:\/\/meber2026.graphoservice.it\/wp-content\/uploads\/2026\/02\/Monitor_multiparametrico_TG.jpg","et-pb-image--responsive--tablet":"https:\/\/meber2026.graphoservice.it\/wp-content\/uploads\/2026\/02\/Monitor_multiparametrico_TG.jpg","et-pb-image--responsive--phone":"https:\/\/meber2026.graphoservice.it\/wp-content\/uploads\/2026\/02\/Monitor_multiparametrico_TG-480x497.jpg","full":"https:\/\/meber2026.graphoservice.it\/wp-content\/uploads\/2026\/02\/Monitor_multiparametrico_TG.jpg"},"yoast_head":"<!-- This site is optimized with the Yoast SEO plugin v27.4 - https:\/\/yoast.com\/product\/yoast-seo-wordpress\/ -->\n<title>8540<\/title>\n<meta name=\"robots\" content=\"noindex, follow, max-snippet:-1, max-image-preview:large, max-video-preview:-1\" \/>\n<meta property=\"og:locale\" content=\"es_ES\" \/>\n<meta property=\"og:type\" content=\"article\" \/>\n<meta property=\"og:title\" content=\"8540\" \/>\n<meta property=\"og:description\" content=\"El monitor TG de Tecno-Gaz es un instrumento profesional con gran variedad de opciones operativas y memorias, acompa\u00f1ado de accesorios y circuitos. El monitor tiene una funci\u00f3n doble: diagn\u00f3stico y control. Permite detectar diferentes par\u00e1metros vitales que se pueden determinar de forma individual o simult\u00e1nea. Funciones \u2022 Monitor multipar\u00e1metros con indicaci\u00f3n num\u00e9rica y trazado. \u2022 [&hellip;]\" \/>\n<meta property=\"og:url\" content=\"https:\/\/meber2026.graphoservice.it\/es\/product\/8540-2\/\" \/>\n<meta property=\"og:site_name\" content=\"Me.Ber.\" \/>\n<meta name=\"twitter:card\" content=\"summary_large_image\" \/>\n<meta name=\"twitter:label1\" content=\"Tiempo de lectura\" \/>\n\t<meta name=\"twitter:data1\" content=\"1 minuto\" \/>\n<script type=\"application\/ld+json\" class=\"yoast-schema-graph\">{\"@context\":\"https:\\\/\\\/schema.org\",\"@graph\":[{\"@type\":\"WebPage\",\"@id\":\"https:\\\/\\\/meber2026.graphoservice.it\\\/es\\\/product\\\/8540-2\\\/\",\"url\":\"https:\\\/\\\/meber2026.graphoservice.it\\\/es\\\/product\\\/8540-2\\\/\",\"name\":\"8540\",\"isPartOf\":{\"@id\":\"https:\\\/\\\/meber2026.graphoservice.it\\\/es\\\/#website\"},\"primaryImageOfPage\":{\"@id\":\"https:\\\/\\\/meber2026.graphoservice.it\\\/es\\\/product\\\/8540-2\\\/#primaryimage\"},\"image\":{\"@id\":\"https:\\\/\\\/meber2026.graphoservice.it\\\/es\\\/product\\\/8540-2\\\/#primaryimage\"},\"thumbnailUrl\":\"https:\\\/\\\/meber2026.graphoservice.it\\\/wp-content\\\/uploads\\\/2026\\\/02\\\/Monitor_multiparametrico_TG.jpg\",\"datePublished\":\"2026-02-10T09:28:04+00:00\",\"breadcrumb\":{\"@id\":\"https:\\\/\\\/meber2026.graphoservice.it\\\/es\\\/product\\\/8540-2\\\/#breadcrumb\"},\"inLanguage\":\"es\",\"potentialAction\":[{\"@type\":\"ReadAction\",\"target\":[\"https:\\\/\\\/meber2026.graphoservice.it\\\/es\\\/product\\\/8540-2\\\/\"]}]},{\"@type\":\"ImageObject\",\"inLanguage\":\"es\",\"@id\":\"https:\\\/\\\/meber2026.graphoservice.it\\\/es\\\/product\\\/8540-2\\\/#primaryimage\",\"url\":\"https:\\\/\\\/meber2026.graphoservice.it\\\/wp-content\\\/uploads\\\/2026\\\/02\\\/Monitor_multiparametrico_TG.jpg\",\"contentUrl\":\"https:\\\/\\\/meber2026.graphoservice.it\\\/wp-content\\\/uploads\\\/2026\\\/02\\\/Monitor_multiparametrico_TG.jpg\",\"width\":750,\"height\":776},{\"@type\":\"BreadcrumbList\",\"@id\":\"https:\\\/\\\/meber2026.graphoservice.it\\\/es\\\/product\\\/8540-2\\\/#breadcrumb\",\"itemListElement\":[{\"@type\":\"ListItem\",\"position\":1,\"name\":\"Home\",\"item\":\"https:\\\/\\\/meber2026.graphoservice.it\\\/es\\\/\"},{\"@type\":\"ListItem\",\"position\":2,\"name\":\"8540\"}]},{\"@type\":\"WebSite\",\"@id\":\"https:\\\/\\\/meber2026.graphoservice.it\\\/es\\\/#website\",\"url\":\"https:\\\/\\\/meber2026.graphoservice.it\\\/es\\\/\",\"name\":\"Me.Ber.\",\"description\":\"In Case of Emergerncy\",\"potentialAction\":[{\"@type\":\"SearchAction\",\"target\":{\"@type\":\"EntryPoint\",\"urlTemplate\":\"https:\\\/\\\/meber2026.graphoservice.it\\\/es\\\/?s={search_term_string}\"},\"query-input\":{\"@type\":\"PropertyValueSpecification\",\"valueRequired\":true,\"valueName\":\"search_term_string\"}}],\"inLanguage\":\"es\"}]}<\/script>\n<!-- \/ Yoast SEO plugin. -->","yoast_head_json":{"title":"8540","robots":{"index":"noindex","follow":"follow","max-snippet":"max-snippet:-1","max-image-preview":"max-image-preview:large","max-video-preview":"max-video-preview:-1"},"og_locale":"es_ES","og_type":"article","og_title":"8540","og_description":"El monitor TG de Tecno-Gaz es un instrumento profesional con gran variedad de opciones operativas y memorias, acompa\u00f1ado de accesorios y circuitos. El monitor tiene una funci\u00f3n doble: diagn\u00f3stico y control. Permite detectar diferentes par\u00e1metros vitales que se pueden determinar de forma individual o simult\u00e1nea. Funciones \u2022 Monitor multipar\u00e1metros con indicaci\u00f3n num\u00e9rica y trazado. \u2022 [&hellip;]","og_url":"https:\/\/meber2026.graphoservice.it\/es\/product\/8540-2\/","og_site_name":"Me.Ber.","twitter_card":"summary_large_image","twitter_misc":{"Tiempo de lectura":"1 minuto"},"schema":{"@context":"https:\/\/schema.org","@graph":[{"@type":"WebPage","@id":"https:\/\/meber2026.graphoservice.it\/es\/product\/8540-2\/","url":"https:\/\/meber2026.graphoservice.it\/es\/product\/8540-2\/","name":"8540","isPartOf":{"@id":"https:\/\/meber2026.graphoservice.it\/es\/#website"},"primaryImageOfPage":{"@id":"https:\/\/meber2026.graphoservice.it\/es\/product\/8540-2\/#primaryimage"},"image":{"@id":"https:\/\/meber2026.graphoservice.it\/es\/product\/8540-2\/#primaryimage"},"thumbnailUrl":"https:\/\/meber2026.graphoservice.it\/wp-content\/uploads\/2026\/02\/Monitor_multiparametrico_TG.jpg","datePublished":"2026-02-10T09:28:04+00:00","breadcrumb":{"@id":"https:\/\/meber2026.graphoservice.it\/es\/product\/8540-2\/#breadcrumb"},"inLanguage":"es","potentialAction":[{"@type":"ReadAction","target":["https:\/\/meber2026.graphoservice.it\/es\/product\/8540-2\/"]}]},{"@type":"ImageObject","inLanguage":"es","@id":"https:\/\/meber2026.graphoservice.it\/es\/product\/8540-2\/#primaryimage","url":"https:\/\/meber2026.graphoservice.it\/wp-content\/uploads\/2026\/02\/Monitor_multiparametrico_TG.jpg","contentUrl":"https:\/\/meber2026.graphoservice.it\/wp-content\/uploads\/2026\/02\/Monitor_multiparametrico_TG.jpg","width":750,"height":776},{"@type":"BreadcrumbList","@id":"https:\/\/meber2026.graphoservice.it\/es\/product\/8540-2\/#breadcrumb","itemListElement":[{"@type":"ListItem","position":1,"name":"Home","item":"https:\/\/meber2026.graphoservice.it\/es\/"},{"@type":"ListItem","position":2,"name":"8540"}]},{"@type":"WebSite","@id":"https:\/\/meber2026.graphoservice.it\/es\/#website","url":"https:\/\/meber2026.graphoservice.it\/es\/","name":"Me.Ber.","description":"In Case of Emergerncy","potentialAction":[{"@type":"SearchAction","target":{"@type":"EntryPoint","urlTemplate":"https:\/\/meber2026.graphoservice.it\/es\/?s={search_term_string}"},"query-input":{"@type":"PropertyValueSpecification","valueRequired":true,"valueName":"search_term_string"}}],"inLanguage":"es"}]}},"_links":{"self":[{"href":"https:\/\/meber2026.graphoservice.it\/es\/wp-json\/wp\/v2\/product\/19230","targetHints":{"allow":["GET"]}}],"collection":[{"href":"https:\/\/meber2026.graphoservice.it\/es\/wp-json\/wp\/v2\/product"}],"about":[{"href":"https:\/\/meber2026.graphoservice.it\/es\/wp-json\/wp\/v2\/types\/product"}],"author":[{"embeddable":true,"href":"https:\/\/meber2026.graphoservice.it\/es\/wp-json\/wp\/v2\/users\/1"}],"version-history":[{"count":0,"href":"https:\/\/meber2026.graphoservice.it\/es\/wp-json\/wp\/v2\/product\/19230\/revisions"}],"wp:featuredmedia":[{"embeddable":true,"href":"https:\/\/meber2026.graphoservice.it\/es\/wp-json\/wp\/v2\/media\/15949"}],"wp:attachment":[{"href":"https:\/\/meber2026.graphoservice.it\/es\/wp-json\/wp\/v2\/media?parent=19230"}],"wp:term":[{"taxonomy":"application-tag","embeddable":true,"href":"https:\/\/meber2026.graphoservice.it\/es\/wp-json\/wp\/v2\/application-tag?post=19230"}],"curies":[{"name":"wp","href":"https:\/\/api.w.org\/{rel}","templated":true}]}}