{"id":19135,"date":"2026-02-10T09:27:53","date_gmt":"2026-02-10T09:27:53","guid":{"rendered":"https:\/\/meber2026.graphoservice.it\/product\/galaxy-9012\/"},"modified":"2026-02-10T09:27:53","modified_gmt":"2026-02-10T09:27:53","slug":"galaxy-9012","status":"publish","type":"product","link":"https:\/\/meber2026.graphoservice.it\/es\/product\/galaxy-9012\/","title":{"rendered":"Galaxy 9012"},"content":{"rendered":"<p style=\"\">Tabla espinal fabricada en material pl\u00e1stico de alta resistencia. Ha sido dise\u00f1ada prestando especial atenci\u00f3n a las dificultades encontradas durante las intervenciones cotidianas; de hecho, se han creado 4 ojales para una fijaci\u00f3n r\u00e1pida y total del inmovilizador de cabeza y 2 ojales en la parte de soporte, para aquellos que bloquean la base de la manera tradicional, lo que permite que las correas con velcro no se rompan durante el uso y en la colocaci\u00f3n en ambulancia. Est\u00e1 equipada con 20 asas de transporte e incluye 3 cinturones de liberaci\u00f3n r\u00e1pida (Art. 605\/MEB). Es transl\u00facida a los rayos X y se puede suministrar en 3 colores diferentes, amarillo, naranja y azul.\u00a0<\/p>\n<p style=\"\">\n<strong>Dispositivo certificado seg\u00fan los est\u00e1ndares armonizados europeos de seguridad UNI EN 1865.<\/strong><\/p>\n","protected":false},"excerpt":{"rendered":"<p>Tabla espinal fabricada en material pl\u00e1stico de alta resistencia. Ha sido dise\u00f1ada prestando especial atenci\u00f3n a las dificultades encontradas durante las intervenciones cotidianas; de hecho, se han creado 4 ojales para una fijaci\u00f3n r\u00e1pida y total del inmovilizador de cabeza y 2 ojales en la parte de soporte, para aquellos que bloquean la base de [&hellip;]<\/p>\n","protected":false},"author":1,"featured_media":26658,"parent":0,"menu_order":50000200,"template":"","meta":{"_acf_changed":false,"footnotes":""},"application-tag":[66,84],"class_list":["post-19135","product","type-product","status-publish","has-post-thumbnail","hentry","application-tag-certificado-10g","application-tag-inmovilizacion"],"acf":[],"dsm_author":{"name":"admeb26","avatar_url":"https:\/\/meber2026.graphoservice.it\/wp-content\/plugins\/ultimate-member\/assets\/img\/default_avatar.jpg","archive_link":"https:\/\/meber2026.graphoservice.it\/es\/author\/admeb26\/","biodata":""},"dsm_categories":[],"dsm_attachment_categories":[],"dsm_featured_image":{"thumbnail":"https:\/\/meber2026.graphoservice.it\/wp-content\/uploads\/2026\/02\/Galaxy-9012-Tavola-spinale-adulto-arancio-orizz-150x150.webp","medium":"https:\/\/meber2026.graphoservice.it\/wp-content\/uploads\/2026\/02\/Galaxy-9012-Tavola-spinale-adulto-arancio-orizz-300x300.webp","medium_large":"https:\/\/meber2026.graphoservice.it\/wp-content\/uploads\/2026\/02\/Galaxy-9012-Tavola-spinale-adulto-arancio-orizz-768x768.webp","large":"https:\/\/meber2026.graphoservice.it\/wp-content\/uploads\/2026\/02\/Galaxy-9012-Tavola-spinale-adulto-arancio-orizz-1024x1024.webp","1536x1536":"https:\/\/meber2026.graphoservice.it\/wp-content\/uploads\/2026\/02\/Galaxy-9012-Tavola-spinale-adulto-arancio-orizz-1536x1536.webp","2048x2048":"https:\/\/meber2026.graphoservice.it\/wp-content\/uploads\/2026\/02\/Galaxy-9012-Tavola-spinale-adulto-arancio-orizz.webp","et-pb-post-main-image":"https:\/\/meber2026.graphoservice.it\/wp-content\/uploads\/2026\/02\/Galaxy-9012-Tavola-spinale-adulto-arancio-orizz-400x250.webp","et-pb-post-main-image-fullwidth":"https:\/\/meber2026.graphoservice.it\/wp-content\/uploads\/2026\/02\/Galaxy-9012-Tavola-spinale-adulto-arancio-orizz-1080x675.webp","et-pb-portfolio-image":"https:\/\/meber2026.graphoservice.it\/wp-content\/uploads\/2026\/02\/Galaxy-9012-Tavola-spinale-adulto-arancio-orizz-400x284.webp","et-pb-portfolio-module-image":"https:\/\/meber2026.graphoservice.it\/wp-content\/uploads\/2026\/02\/Galaxy-9012-Tavola-spinale-adulto-arancio-orizz-510x382.webp","et-pb-portfolio-image-single":"https:\/\/meber2026.graphoservice.it\/wp-content\/uploads\/2026\/02\/Galaxy-9012-Tavola-spinale-adulto-arancio-orizz-1080x1080.webp","et-pb-gallery-module-image-portrait":"https:\/\/meber2026.graphoservice.it\/wp-content\/uploads\/2026\/02\/Galaxy-9012-Tavola-spinale-adulto-arancio-orizz-400x516.webp","et-pb-post-main-image-fullwidth-large":"https:\/\/meber2026.graphoservice.it\/wp-content\/uploads\/2026\/02\/Galaxy-9012-Tavola-spinale-adulto-arancio-orizz-2000x1800.webp","et-pb-image--responsive--desktop":"https:\/\/meber2026.graphoservice.it\/wp-content\/uploads\/2026\/02\/Galaxy-9012-Tavola-spinale-adulto-arancio-orizz-1280x1280.webp","et-pb-image--responsive--tablet":"https:\/\/meber2026.graphoservice.it\/wp-content\/uploads\/2026\/02\/Galaxy-9012-Tavola-spinale-adulto-arancio-orizz-980x980.webp","et-pb-image--responsive--phone":"https:\/\/meber2026.graphoservice.it\/wp-content\/uploads\/2026\/02\/Galaxy-9012-Tavola-spinale-adulto-arancio-orizz-480x480.webp","full":"https:\/\/meber2026.graphoservice.it\/wp-content\/uploads\/2026\/02\/Galaxy-9012-Tavola-spinale-adulto-arancio-orizz.webp"},"yoast_head":"<!-- This site is optimized with the Yoast SEO plugin v27.4 - https:\/\/yoast.com\/product\/yoast-seo-wordpress\/ -->\n<title>Tabla espinal naranja - MeBer<\/title>\n<meta name=\"description\" content=\"Tabla espinal fabricada en material pl\u00e1stico de alta resistencia. Transl\u00facida a los rayos X y est\u00e1 equipada con 20 asas de transporte.\" \/>\n<meta name=\"robots\" content=\"noindex, follow, max-snippet:-1, max-image-preview:large, max-video-preview:-1\" \/>\n<meta property=\"og:locale\" content=\"es_ES\" \/>\n<meta property=\"og:type\" content=\"article\" \/>\n<meta property=\"og:title\" content=\"Tabla espinal naranja - MeBer\" \/>\n<meta property=\"og:description\" content=\"Tabla espinal fabricada en material pl\u00e1stico de alta resistencia. Transl\u00facida a los rayos X y est\u00e1 equipada con 20 asas de transporte.\" \/>\n<meta property=\"og:url\" content=\"https:\/\/meber2026.graphoservice.it\/es\/product\/galaxy-9012\/\" \/>\n<meta property=\"og:site_name\" content=\"Me.Ber.\" \/>\n<meta name=\"twitter:card\" content=\"summary_large_image\" \/>\n<meta name=\"twitter:label1\" content=\"Tiempo de lectura\" \/>\n\t<meta name=\"twitter:data1\" content=\"1 minuto\" \/>\n<script type=\"application\/ld+json\" class=\"yoast-schema-graph\">{\"@context\":\"https:\\\/\\\/schema.org\",\"@graph\":[{\"@type\":\"WebPage\",\"@id\":\"https:\\\/\\\/meber2026.graphoservice.it\\\/es\\\/product\\\/galaxy-9012\\\/\",\"url\":\"https:\\\/\\\/meber2026.graphoservice.it\\\/es\\\/product\\\/galaxy-9012\\\/\",\"name\":\"Tabla espinal naranja - MeBer\",\"isPartOf\":{\"@id\":\"https:\\\/\\\/meber2026.graphoservice.it\\\/es\\\/#website\"},\"primaryImageOfPage\":{\"@id\":\"https:\\\/\\\/meber2026.graphoservice.it\\\/es\\\/product\\\/galaxy-9012\\\/#primaryimage\"},\"image\":{\"@id\":\"https:\\\/\\\/meber2026.graphoservice.it\\\/es\\\/product\\\/galaxy-9012\\\/#primaryimage\"},\"thumbnailUrl\":\"https:\\\/\\\/meber2026.graphoservice.it\\\/wp-content\\\/uploads\\\/2026\\\/02\\\/Galaxy-9012-Tavola-spinale-adulto-arancio-orizz.webp\",\"datePublished\":\"2026-02-10T09:27:53+00:00\",\"description\":\"Tabla espinal fabricada en material pl\u00e1stico de alta resistencia. Transl\u00facida a los rayos X y est\u00e1 equipada con 20 asas de transporte.\",\"breadcrumb\":{\"@id\":\"https:\\\/\\\/meber2026.graphoservice.it\\\/es\\\/product\\\/galaxy-9012\\\/#breadcrumb\"},\"inLanguage\":\"es\",\"potentialAction\":[{\"@type\":\"ReadAction\",\"target\":[\"https:\\\/\\\/meber2026.graphoservice.it\\\/es\\\/product\\\/galaxy-9012\\\/\"]}]},{\"@type\":\"ImageObject\",\"inLanguage\":\"es\",\"@id\":\"https:\\\/\\\/meber2026.graphoservice.it\\\/es\\\/product\\\/galaxy-9012\\\/#primaryimage\",\"url\":\"https:\\\/\\\/meber2026.graphoservice.it\\\/wp-content\\\/uploads\\\/2026\\\/02\\\/Galaxy-9012-Tavola-spinale-adulto-arancio-orizz.webp\",\"contentUrl\":\"https:\\\/\\\/meber2026.graphoservice.it\\\/wp-content\\\/uploads\\\/2026\\\/02\\\/Galaxy-9012-Tavola-spinale-adulto-arancio-orizz.webp\",\"width\":2000,\"height\":2000},{\"@type\":\"BreadcrumbList\",\"@id\":\"https:\\\/\\\/meber2026.graphoservice.it\\\/es\\\/product\\\/galaxy-9012\\\/#breadcrumb\",\"itemListElement\":[{\"@type\":\"ListItem\",\"position\":1,\"name\":\"Home\",\"item\":\"https:\\\/\\\/meber2026.graphoservice.it\\\/es\\\/\"},{\"@type\":\"ListItem\",\"position\":2,\"name\":\"Galaxy 9012\"}]},{\"@type\":\"WebSite\",\"@id\":\"https:\\\/\\\/meber2026.graphoservice.it\\\/es\\\/#website\",\"url\":\"https:\\\/\\\/meber2026.graphoservice.it\\\/es\\\/\",\"name\":\"Me.Ber.\",\"description\":\"In Case of Emergerncy\",\"potentialAction\":[{\"@type\":\"SearchAction\",\"target\":{\"@type\":\"EntryPoint\",\"urlTemplate\":\"https:\\\/\\\/meber2026.graphoservice.it\\\/es\\\/?s={search_term_string}\"},\"query-input\":{\"@type\":\"PropertyValueSpecification\",\"valueRequired\":true,\"valueName\":\"search_term_string\"}}],\"inLanguage\":\"es\"}]}<\/script>\n<!-- \/ Yoast SEO plugin. -->","yoast_head_json":{"title":"Tabla espinal naranja - MeBer","description":"Tabla espinal fabricada en material pl\u00e1stico de alta resistencia. Transl\u00facida a los rayos X y est\u00e1 equipada con 20 asas de transporte.","robots":{"index":"noindex","follow":"follow","max-snippet":"max-snippet:-1","max-image-preview":"max-image-preview:large","max-video-preview":"max-video-preview:-1"},"og_locale":"es_ES","og_type":"article","og_title":"Tabla espinal naranja - MeBer","og_description":"Tabla espinal fabricada en material pl\u00e1stico de alta resistencia. Transl\u00facida a los rayos X y est\u00e1 equipada con 20 asas de transporte.","og_url":"https:\/\/meber2026.graphoservice.it\/es\/product\/galaxy-9012\/","og_site_name":"Me.Ber.","twitter_card":"summary_large_image","twitter_misc":{"Tiempo de lectura":"1 minuto"},"schema":{"@context":"https:\/\/schema.org","@graph":[{"@type":"WebPage","@id":"https:\/\/meber2026.graphoservice.it\/es\/product\/galaxy-9012\/","url":"https:\/\/meber2026.graphoservice.it\/es\/product\/galaxy-9012\/","name":"Tabla espinal naranja - MeBer","isPartOf":{"@id":"https:\/\/meber2026.graphoservice.it\/es\/#website"},"primaryImageOfPage":{"@id":"https:\/\/meber2026.graphoservice.it\/es\/product\/galaxy-9012\/#primaryimage"},"image":{"@id":"https:\/\/meber2026.graphoservice.it\/es\/product\/galaxy-9012\/#primaryimage"},"thumbnailUrl":"https:\/\/meber2026.graphoservice.it\/wp-content\/uploads\/2026\/02\/Galaxy-9012-Tavola-spinale-adulto-arancio-orizz.webp","datePublished":"2026-02-10T09:27:53+00:00","description":"Tabla espinal fabricada en material pl\u00e1stico de alta resistencia. Transl\u00facida a los rayos X y est\u00e1 equipada con 20 asas de transporte.","breadcrumb":{"@id":"https:\/\/meber2026.graphoservice.it\/es\/product\/galaxy-9012\/#breadcrumb"},"inLanguage":"es","potentialAction":[{"@type":"ReadAction","target":["https:\/\/meber2026.graphoservice.it\/es\/product\/galaxy-9012\/"]}]},{"@type":"ImageObject","inLanguage":"es","@id":"https:\/\/meber2026.graphoservice.it\/es\/product\/galaxy-9012\/#primaryimage","url":"https:\/\/meber2026.graphoservice.it\/wp-content\/uploads\/2026\/02\/Galaxy-9012-Tavola-spinale-adulto-arancio-orizz.webp","contentUrl":"https:\/\/meber2026.graphoservice.it\/wp-content\/uploads\/2026\/02\/Galaxy-9012-Tavola-spinale-adulto-arancio-orizz.webp","width":2000,"height":2000},{"@type":"BreadcrumbList","@id":"https:\/\/meber2026.graphoservice.it\/es\/product\/galaxy-9012\/#breadcrumb","itemListElement":[{"@type":"ListItem","position":1,"name":"Home","item":"https:\/\/meber2026.graphoservice.it\/es\/"},{"@type":"ListItem","position":2,"name":"Galaxy 9012"}]},{"@type":"WebSite","@id":"https:\/\/meber2026.graphoservice.it\/es\/#website","url":"https:\/\/meber2026.graphoservice.it\/es\/","name":"Me.Ber.","description":"In Case of Emergerncy","potentialAction":[{"@type":"SearchAction","target":{"@type":"EntryPoint","urlTemplate":"https:\/\/meber2026.graphoservice.it\/es\/?s={search_term_string}"},"query-input":{"@type":"PropertyValueSpecification","valueRequired":true,"valueName":"search_term_string"}}],"inLanguage":"es"}]}},"_links":{"self":[{"href":"https:\/\/meber2026.graphoservice.it\/es\/wp-json\/wp\/v2\/product\/19135","targetHints":{"allow":["GET"]}}],"collection":[{"href":"https:\/\/meber2026.graphoservice.it\/es\/wp-json\/wp\/v2\/product"}],"about":[{"href":"https:\/\/meber2026.graphoservice.it\/es\/wp-json\/wp\/v2\/types\/product"}],"author":[{"embeddable":true,"href":"https:\/\/meber2026.graphoservice.it\/es\/wp-json\/wp\/v2\/users\/1"}],"version-history":[{"count":0,"href":"https:\/\/meber2026.graphoservice.it\/es\/wp-json\/wp\/v2\/product\/19135\/revisions"}],"wp:featuredmedia":[{"embeddable":true,"href":"https:\/\/meber2026.graphoservice.it\/es\/wp-json\/wp\/v2\/media\/26658"}],"wp:attachment":[{"href":"https:\/\/meber2026.graphoservice.it\/es\/wp-json\/wp\/v2\/media?parent=19135"}],"wp:term":[{"taxonomy":"application-tag","embeddable":true,"href":"https:\/\/meber2026.graphoservice.it\/es\/wp-json\/wp\/v2\/application-tag?post=19135"}],"curies":[{"name":"wp","href":"https:\/\/api.w.org\/{rel}","templated":true}]}}