{"id":19105,"date":"2026-02-10T09:27:50","date_gmt":"2026-02-10T09:27:50","guid":{"rendered":"https:\/\/meber2026.graphoservice.it\/product\/evox-proof-7112\/"},"modified":"2026-02-10T09:27:50","modified_gmt":"2026-02-10T09:27:50","slug":"evox-proof-7112","status":"publish","type":"product","link":"https:\/\/meber2026.graphoservice.it\/es\/product\/evox-proof-7112\/","title":{"rendered":"Evox Proof 7112"},"content":{"rendered":"<p>La silla camilla de carga autom\u00e1tica EVOX permite colocar al paciente en la posici\u00f3n m\u00e1s adecuada para el rescate y el transporte. La posibilidad de transformarse en una silla permite el acceso a todos esos lugares angostos, como pasillos con esquinas estrechas y ascensores, donde una camilla normal no puede pasar. Un sistema de pistones de gas permite que el EVOX se ajuste en infinitas posiciones hasta que llegue a la posici\u00f3n de sentado, aliviando al operador de cualquier esfuerzo para posicionar al paciente. El marco est\u00e1 hecho completamente de acero inoxidable electropulido, ruedas de poliuretano de \u00d8 200 mm, control de seguridad para evitar cierres accidentales, colchoneta dividida en cuatro secciones separadas (una para cada secci\u00f3n del plano de la camilla) y un dise\u00f1o atractivo son las caracter\u00edsticas principales de este dispositivo cada vez m\u00e1s solicitado por los mercados. Un innovador sistema de carga, constituido por 4 ruedas de carga &#8220;basculantes&#8221;, permite la carga en m\u00faltiples plataformas de carga de diferentes alturas. Gracias a la especial conexi\u00f3n tipo hongo y en combinaci\u00f3n con el sistema de fijaci\u00f3n art. 962, <strong>la silla camilla EVOX art. 7112 PROOF es capaz de soportar tensiones de hasta 10 g en todas las direcciones, como previsto por la norma UNI EN 1789.<\/strong> EVOX, gracias a la posibilidad de acomodar al paciente en la posici\u00f3n m\u00e1s c\u00f3moda seg\u00fan la gravedad del caso, tambi\u00e9n se presenta como la soluci\u00f3n ideal para los 118 puntos de recepci\u00f3n, donde los pacientes pueden ser sometidos a largos tiempos de espera.<\/p>\n<p>\u00a0<iframe referrerpolicy=\"strict-origin-when-cross-origin\" loading=\"lazy\" allow=\"autoplay; encrypted-media\" allowfullscreen=\"\" frameborder=\"0\" height=\"430\" scrolling=\"no\" src=\"https:\/\/www.youtube.com\/embed\/q64Cx_2VHxg?origin=https%3A%2F%2Fmeber2026.graphoservice.it%2Fes%2F\" width=\"700\"><\/iframe><\/p>\n<p><iframe referrerpolicy=\"strict-origin-when-cross-origin\" loading=\"lazy\" allow=\"accelerometer; autoplay; encrypted-media; gyroscope; picture-in-picture\" allowfullscreen=\"\" frameborder=\"0\" height=\"315\" src=\"https:\/\/www.youtube.com\/embed\/Vug5_fsrYp0?origin=https%3A%2F%2Fmeber2026.graphoservice.it%2Fes%2F\" width=\"560\"><\/iframe><\/p>\n","protected":false},"excerpt":{"rendered":"<p>La silla camilla de carga autom\u00e1tica EVOX permite colocar al paciente en la posici\u00f3n m\u00e1s adecuada para el rescate y el transporte. La posibilidad de transformarse en una silla permite el acceso a todos esos lugares angostos, como pasillos con esquinas estrechas y ascensores, donde una camilla normal no puede pasar. Un sistema de pistones [&hellip;]<\/p>\n","protected":false},"author":1,"featured_media":26220,"parent":0,"menu_order":20002800,"template":"","meta":{"_acf_changed":false,"footnotes":""},"application-tag":[],"class_list":["post-19105","product","type-product","status-publish","has-post-thumbnail","hentry"],"acf":[],"dsm_author":{"name":"admeb26","avatar_url":"https:\/\/meber2026.graphoservice.it\/wp-content\/plugins\/ultimate-member\/assets\/img\/default_avatar.jpg","archive_link":"https:\/\/meber2026.graphoservice.it\/es\/author\/admeb26\/","biodata":""},"dsm_categories":[],"dsm_attachment_categories":[],"dsm_featured_image":{"thumbnail":"https:\/\/meber2026.graphoservice.it\/wp-content\/uploads\/2026\/02\/Evox-movimento_DSC4919-1-150x150.webp","medium":"https:\/\/meber2026.graphoservice.it\/wp-content\/uploads\/2026\/02\/Evox-movimento_DSC4919-1-300x300.webp","medium_large":"https:\/\/meber2026.graphoservice.it\/wp-content\/uploads\/2026\/02\/Evox-movimento_DSC4919-1-768x768.webp","large":"https:\/\/meber2026.graphoservice.it\/wp-content\/uploads\/2026\/02\/Evox-movimento_DSC4919-1-1024x1024.webp","1536x1536":"https:\/\/meber2026.graphoservice.it\/wp-content\/uploads\/2026\/02\/Evox-movimento_DSC4919-1-1536x1536.webp","2048x2048":"https:\/\/meber2026.graphoservice.it\/wp-content\/uploads\/2026\/02\/Evox-movimento_DSC4919-1.webp","et-pb-post-main-image":"https:\/\/meber2026.graphoservice.it\/wp-content\/uploads\/2026\/02\/Evox-movimento_DSC4919-1-400x250.webp","et-pb-post-main-image-fullwidth":"https:\/\/meber2026.graphoservice.it\/wp-content\/uploads\/2026\/02\/Evox-movimento_DSC4919-1-1080x675.webp","et-pb-portfolio-image":"https:\/\/meber2026.graphoservice.it\/wp-content\/uploads\/2026\/02\/Evox-movimento_DSC4919-1-400x284.webp","et-pb-portfolio-module-image":"https:\/\/meber2026.graphoservice.it\/wp-content\/uploads\/2026\/02\/Evox-movimento_DSC4919-1-510x382.webp","et-pb-portfolio-image-single":"https:\/\/meber2026.graphoservice.it\/wp-content\/uploads\/2026\/02\/Evox-movimento_DSC4919-1-1080x1080.webp","et-pb-gallery-module-image-portrait":"https:\/\/meber2026.graphoservice.it\/wp-content\/uploads\/2026\/02\/Evox-movimento_DSC4919-1-400x516.webp","et-pb-post-main-image-fullwidth-large":"https:\/\/meber2026.graphoservice.it\/wp-content\/uploads\/2026\/02\/Evox-movimento_DSC4919-1-2000x1800.webp","et-pb-image--responsive--desktop":"https:\/\/meber2026.graphoservice.it\/wp-content\/uploads\/2026\/02\/Evox-movimento_DSC4919-1-1280x1280.webp","et-pb-image--responsive--tablet":"https:\/\/meber2026.graphoservice.it\/wp-content\/uploads\/2026\/02\/Evox-movimento_DSC4919-1-980x980.webp","et-pb-image--responsive--phone":"https:\/\/meber2026.graphoservice.it\/wp-content\/uploads\/2026\/02\/Evox-movimento_DSC4919-1-480x480.webp","full":"https:\/\/meber2026.graphoservice.it\/wp-content\/uploads\/2026\/02\/Evox-movimento_DSC4919-1.webp"},"yoast_head":"<!-- This site is optimized with the Yoast SEO plugin v27.4 - https:\/\/yoast.com\/product\/yoast-seo-wordpress\/ -->\n<title>Evox Proof 7112<\/title>\n<meta name=\"description\" content=\"Silla camilla de carga autom\u00e1tica EVOX certificada con colchoneta, permite colocar al paciente en la posici\u00f3n m\u00e1s adecuada para el rescate. Adem\u00e1s, permite el acceso a todos los lugares estrechos.\" \/>\n<meta name=\"robots\" content=\"noindex, follow, max-snippet:-1, max-image-preview:large, max-video-preview:-1\" \/>\n<meta property=\"og:locale\" content=\"es_ES\" \/>\n<meta property=\"og:type\" content=\"article\" \/>\n<meta property=\"og:title\" content=\"Evox Proof 7112\" \/>\n<meta property=\"og:description\" content=\"Silla camilla de carga autom\u00e1tica EVOX certificada con colchoneta, permite colocar al paciente en la posici\u00f3n m\u00e1s adecuada para el rescate. Adem\u00e1s, permite el acceso a todos los lugares estrechos.\" \/>\n<meta property=\"og:url\" content=\"https:\/\/meber2026.graphoservice.it\/es\/product\/evox-proof-7112\/\" \/>\n<meta property=\"og:site_name\" content=\"Me.Ber.\" \/>\n<meta name=\"twitter:card\" content=\"summary_large_image\" \/>\n<meta name=\"twitter:label1\" content=\"Tiempo de lectura\" \/>\n\t<meta name=\"twitter:data1\" content=\"1 minuto\" \/>\n<script type=\"application\/ld+json\" class=\"yoast-schema-graph\">{\"@context\":\"https:\\\/\\\/schema.org\",\"@graph\":[{\"@type\":\"WebPage\",\"@id\":\"https:\\\/\\\/meber2026.graphoservice.it\\\/es\\\/product\\\/evox-proof-7112\\\/\",\"url\":\"https:\\\/\\\/meber2026.graphoservice.it\\\/es\\\/product\\\/evox-proof-7112\\\/\",\"name\":\"Evox Proof 7112\",\"isPartOf\":{\"@id\":\"https:\\\/\\\/meber2026.graphoservice.it\\\/es\\\/#website\"},\"primaryImageOfPage\":{\"@id\":\"https:\\\/\\\/meber2026.graphoservice.it\\\/es\\\/product\\\/evox-proof-7112\\\/#primaryimage\"},\"image\":{\"@id\":\"https:\\\/\\\/meber2026.graphoservice.it\\\/es\\\/product\\\/evox-proof-7112\\\/#primaryimage\"},\"thumbnailUrl\":\"https:\\\/\\\/meber2026.graphoservice.it\\\/wp-content\\\/uploads\\\/2026\\\/02\\\/Evox-movimento_DSC4919-1.webp\",\"datePublished\":\"2026-02-10T09:27:50+00:00\",\"description\":\"Silla camilla de carga autom\u00e1tica EVOX certificada con colchoneta, permite colocar al paciente en la posici\u00f3n m\u00e1s adecuada para el rescate. Adem\u00e1s, permite el acceso a todos los lugares estrechos.\",\"breadcrumb\":{\"@id\":\"https:\\\/\\\/meber2026.graphoservice.it\\\/es\\\/product\\\/evox-proof-7112\\\/#breadcrumb\"},\"inLanguage\":\"es\",\"potentialAction\":[{\"@type\":\"ReadAction\",\"target\":[\"https:\\\/\\\/meber2026.graphoservice.it\\\/es\\\/product\\\/evox-proof-7112\\\/\"]}]},{\"@type\":\"ImageObject\",\"inLanguage\":\"es\",\"@id\":\"https:\\\/\\\/meber2026.graphoservice.it\\\/es\\\/product\\\/evox-proof-7112\\\/#primaryimage\",\"url\":\"https:\\\/\\\/meber2026.graphoservice.it\\\/wp-content\\\/uploads\\\/2026\\\/02\\\/Evox-movimento_DSC4919-1.webp\",\"contentUrl\":\"https:\\\/\\\/meber2026.graphoservice.it\\\/wp-content\\\/uploads\\\/2026\\\/02\\\/Evox-movimento_DSC4919-1.webp\",\"width\":2000,\"height\":2000},{\"@type\":\"BreadcrumbList\",\"@id\":\"https:\\\/\\\/meber2026.graphoservice.it\\\/es\\\/product\\\/evox-proof-7112\\\/#breadcrumb\",\"itemListElement\":[{\"@type\":\"ListItem\",\"position\":1,\"name\":\"Home\",\"item\":\"https:\\\/\\\/meber2026.graphoservice.it\\\/es\\\/\"},{\"@type\":\"ListItem\",\"position\":2,\"name\":\"Evox Proof 7112\"}]},{\"@type\":\"WebSite\",\"@id\":\"https:\\\/\\\/meber2026.graphoservice.it\\\/es\\\/#website\",\"url\":\"https:\\\/\\\/meber2026.graphoservice.it\\\/es\\\/\",\"name\":\"Me.Ber.\",\"description\":\"In Case of Emergerncy\",\"potentialAction\":[{\"@type\":\"SearchAction\",\"target\":{\"@type\":\"EntryPoint\",\"urlTemplate\":\"https:\\\/\\\/meber2026.graphoservice.it\\\/es\\\/?s={search_term_string}\"},\"query-input\":{\"@type\":\"PropertyValueSpecification\",\"valueRequired\":true,\"valueName\":\"search_term_string\"}}],\"inLanguage\":\"es\"}]}<\/script>\n<!-- \/ Yoast SEO plugin. -->","yoast_head_json":{"title":"Evox Proof 7112","description":"Silla camilla de carga autom\u00e1tica EVOX certificada con colchoneta, permite colocar al paciente en la posici\u00f3n m\u00e1s adecuada para el rescate. Adem\u00e1s, permite el acceso a todos los lugares estrechos.","robots":{"index":"noindex","follow":"follow","max-snippet":"max-snippet:-1","max-image-preview":"max-image-preview:large","max-video-preview":"max-video-preview:-1"},"og_locale":"es_ES","og_type":"article","og_title":"Evox Proof 7112","og_description":"Silla camilla de carga autom\u00e1tica EVOX certificada con colchoneta, permite colocar al paciente en la posici\u00f3n m\u00e1s adecuada para el rescate. Adem\u00e1s, permite el acceso a todos los lugares estrechos.","og_url":"https:\/\/meber2026.graphoservice.it\/es\/product\/evox-proof-7112\/","og_site_name":"Me.Ber.","twitter_card":"summary_large_image","twitter_misc":{"Tiempo de lectura":"1 minuto"},"schema":{"@context":"https:\/\/schema.org","@graph":[{"@type":"WebPage","@id":"https:\/\/meber2026.graphoservice.it\/es\/product\/evox-proof-7112\/","url":"https:\/\/meber2026.graphoservice.it\/es\/product\/evox-proof-7112\/","name":"Evox Proof 7112","isPartOf":{"@id":"https:\/\/meber2026.graphoservice.it\/es\/#website"},"primaryImageOfPage":{"@id":"https:\/\/meber2026.graphoservice.it\/es\/product\/evox-proof-7112\/#primaryimage"},"image":{"@id":"https:\/\/meber2026.graphoservice.it\/es\/product\/evox-proof-7112\/#primaryimage"},"thumbnailUrl":"https:\/\/meber2026.graphoservice.it\/wp-content\/uploads\/2026\/02\/Evox-movimento_DSC4919-1.webp","datePublished":"2026-02-10T09:27:50+00:00","description":"Silla camilla de carga autom\u00e1tica EVOX certificada con colchoneta, permite colocar al paciente en la posici\u00f3n m\u00e1s adecuada para el rescate. Adem\u00e1s, permite el acceso a todos los lugares estrechos.","breadcrumb":{"@id":"https:\/\/meber2026.graphoservice.it\/es\/product\/evox-proof-7112\/#breadcrumb"},"inLanguage":"es","potentialAction":[{"@type":"ReadAction","target":["https:\/\/meber2026.graphoservice.it\/es\/product\/evox-proof-7112\/"]}]},{"@type":"ImageObject","inLanguage":"es","@id":"https:\/\/meber2026.graphoservice.it\/es\/product\/evox-proof-7112\/#primaryimage","url":"https:\/\/meber2026.graphoservice.it\/wp-content\/uploads\/2026\/02\/Evox-movimento_DSC4919-1.webp","contentUrl":"https:\/\/meber2026.graphoservice.it\/wp-content\/uploads\/2026\/02\/Evox-movimento_DSC4919-1.webp","width":2000,"height":2000},{"@type":"BreadcrumbList","@id":"https:\/\/meber2026.graphoservice.it\/es\/product\/evox-proof-7112\/#breadcrumb","itemListElement":[{"@type":"ListItem","position":1,"name":"Home","item":"https:\/\/meber2026.graphoservice.it\/es\/"},{"@type":"ListItem","position":2,"name":"Evox Proof 7112"}]},{"@type":"WebSite","@id":"https:\/\/meber2026.graphoservice.it\/es\/#website","url":"https:\/\/meber2026.graphoservice.it\/es\/","name":"Me.Ber.","description":"In Case of Emergerncy","potentialAction":[{"@type":"SearchAction","target":{"@type":"EntryPoint","urlTemplate":"https:\/\/meber2026.graphoservice.it\/es\/?s={search_term_string}"},"query-input":{"@type":"PropertyValueSpecification","valueRequired":true,"valueName":"search_term_string"}}],"inLanguage":"es"}]}},"_links":{"self":[{"href":"https:\/\/meber2026.graphoservice.it\/es\/wp-json\/wp\/v2\/product\/19105","targetHints":{"allow":["GET"]}}],"collection":[{"href":"https:\/\/meber2026.graphoservice.it\/es\/wp-json\/wp\/v2\/product"}],"about":[{"href":"https:\/\/meber2026.graphoservice.it\/es\/wp-json\/wp\/v2\/types\/product"}],"author":[{"embeddable":true,"href":"https:\/\/meber2026.graphoservice.it\/es\/wp-json\/wp\/v2\/users\/1"}],"version-history":[{"count":0,"href":"https:\/\/meber2026.graphoservice.it\/es\/wp-json\/wp\/v2\/product\/19105\/revisions"}],"wp:featuredmedia":[{"embeddable":true,"href":"https:\/\/meber2026.graphoservice.it\/es\/wp-json\/wp\/v2\/media\/26220"}],"wp:attachment":[{"href":"https:\/\/meber2026.graphoservice.it\/es\/wp-json\/wp\/v2\/media?parent=19105"}],"wp:term":[{"taxonomy":"application-tag","embeddable":true,"href":"https:\/\/meber2026.graphoservice.it\/es\/wp-json\/wp\/v2\/application-tag?post=19105"}],"curies":[{"name":"wp","href":"https:\/\/api.w.org\/{rel}","templated":true}]}}