{"id":19100,"date":"2026-02-10T09:27:49","date_gmt":"2026-02-10T09:27:49","guid":{"rendered":"https:\/\/meber2026.graphoservice.it\/product\/winner-910-gin-proof\/"},"modified":"2026-02-10T09:27:49","modified_gmt":"2026-02-10T09:27:49","slug":"winner-910-gin-proof","status":"publish","type":"product","link":"https:\/\/meber2026.graphoservice.it\/es\/product\/winner-910-gin-proof\/","title":{"rendered":"Winner 910\/GIN PROOF"},"content":{"rendered":"<div style=\"\"><span style=\"font-size: small;\">Dise\u00f1ado para cargar y transportar incubadoras en veh\u00edculos de emergencia, este carro es parte de la gama &#8220;Winner&#8221;, de la que conserva todas las caracter\u00edsticas. Fabricado en aluminio anodizado, posee las mismas caracter\u00edsticas que el art. 910\/GIN, con la \u00fanica diferencia que ha sido fabricado con la predisposici\u00f3n a nuestro sistema de sujeci\u00f3n certificado Art. 955 Proof.<\/span><\/div>\n","protected":false},"excerpt":{"rendered":"<p>Dise\u00f1ado para cargar y transportar incubadoras en veh\u00edculos de emergencia, este carro es parte de la gama &#8220;Winner&#8221;, de la que conserva todas las caracter\u00edsticas. Fabricado en aluminio anodizado, posee las mismas caracter\u00edsticas que el art. 910\/GIN, con la \u00fanica diferencia que ha sido fabricado con la predisposici\u00f3n a nuestro sistema de sujeci\u00f3n certificado Art. [&hellip;]<\/p>\n","protected":false},"author":1,"featured_media":15741,"parent":0,"menu_order":20002200,"template":"","meta":{"_acf_changed":false,"footnotes":""},"application-tag":[],"class_list":["post-19100","product","type-product","status-publish","has-post-thumbnail","hentry"],"acf":[],"dsm_author":{"name":"admeb26","avatar_url":"https:\/\/meber2026.graphoservice.it\/wp-content\/plugins\/ultimate-member\/assets\/img\/default_avatar.jpg","archive_link":"https:\/\/meber2026.graphoservice.it\/es\/author\/admeb26\/","biodata":""},"dsm_categories":[],"dsm_attachment_categories":[],"dsm_featured_image":{"thumbnail":"https:\/\/meber2026.graphoservice.it\/wp-content\/uploads\/2026\/02\/910GIN_Proof_portaincubatrice-150x150.jpg","medium":"https:\/\/meber2026.graphoservice.it\/wp-content\/uploads\/2026\/02\/910GIN_Proof_portaincubatrice-300x200.jpg","medium_large":"https:\/\/meber2026.graphoservice.it\/wp-content\/uploads\/2026\/02\/910GIN_Proof_portaincubatrice-768x513.jpg","large":"https:\/\/meber2026.graphoservice.it\/wp-content\/uploads\/2026\/02\/910GIN_Proof_portaincubatrice.jpg","1536x1536":"https:\/\/meber2026.graphoservice.it\/wp-content\/uploads\/2026\/02\/910GIN_Proof_portaincubatrice.jpg","2048x2048":"https:\/\/meber2026.graphoservice.it\/wp-content\/uploads\/2026\/02\/910GIN_Proof_portaincubatrice.jpg","et-pb-post-main-image":"https:\/\/meber2026.graphoservice.it\/wp-content\/uploads\/2026\/02\/910GIN_Proof_portaincubatrice-400x250.jpg","et-pb-post-main-image-fullwidth":"https:\/\/meber2026.graphoservice.it\/wp-content\/uploads\/2026\/02\/910GIN_Proof_portaincubatrice.jpg","et-pb-portfolio-image":"https:\/\/meber2026.graphoservice.it\/wp-content\/uploads\/2026\/02\/910GIN_Proof_portaincubatrice-400x284.jpg","et-pb-portfolio-module-image":"https:\/\/meber2026.graphoservice.it\/wp-content\/uploads\/2026\/02\/910GIN_Proof_portaincubatrice-510x382.jpg","et-pb-portfolio-image-single":"https:\/\/meber2026.graphoservice.it\/wp-content\/uploads\/2026\/02\/910GIN_Proof_portaincubatrice.jpg","et-pb-gallery-module-image-portrait":"https:\/\/meber2026.graphoservice.it\/wp-content\/uploads\/2026\/02\/910GIN_Proof_portaincubatrice-400x516.jpg","et-pb-post-main-image-fullwidth-large":"https:\/\/meber2026.graphoservice.it\/wp-content\/uploads\/2026\/02\/910GIN_Proof_portaincubatrice.jpg","et-pb-image--responsive--desktop":"https:\/\/meber2026.graphoservice.it\/wp-content\/uploads\/2026\/02\/910GIN_Proof_portaincubatrice.jpg","et-pb-image--responsive--tablet":"https:\/\/meber2026.graphoservice.it\/wp-content\/uploads\/2026\/02\/910GIN_Proof_portaincubatrice.jpg","et-pb-image--responsive--phone":"https:\/\/meber2026.graphoservice.it\/wp-content\/uploads\/2026\/02\/910GIN_Proof_portaincubatrice-480x321.jpg","full":"https:\/\/meber2026.graphoservice.it\/wp-content\/uploads\/2026\/02\/910GIN_Proof_portaincubatrice.jpg"},"yoast_head":"<!-- This site is optimized with the Yoast SEO plugin v27.4 - https:\/\/yoast.com\/product\/yoast-seo-wordpress\/ -->\n<title>Winner 910\/GIN PROOF<\/title>\n<meta name=\"description\" content=\"Carro de carga autom\u00e1tica para incubadoras con predisposici\u00f3n para sistemas de fijaci\u00f3n certificado.\" \/>\n<meta name=\"robots\" content=\"noindex, follow, max-snippet:-1, max-image-preview:large, max-video-preview:-1\" \/>\n<meta property=\"og:locale\" content=\"es_ES\" \/>\n<meta property=\"og:type\" content=\"article\" \/>\n<meta property=\"og:title\" content=\"Winner 910\/GIN PROOF\" \/>\n<meta property=\"og:description\" content=\"Carro de carga autom\u00e1tica para incubadoras con predisposici\u00f3n para sistemas de fijaci\u00f3n certificado.\" \/>\n<meta property=\"og:url\" content=\"https:\/\/meber2026.graphoservice.it\/es\/product\/winner-910-gin-proof\/\" \/>\n<meta property=\"og:site_name\" content=\"Me.Ber.\" \/>\n<meta name=\"twitter:card\" content=\"summary_large_image\" \/>\n<script type=\"application\/ld+json\" class=\"yoast-schema-graph\">{\"@context\":\"https:\\\/\\\/schema.org\",\"@graph\":[{\"@type\":\"WebPage\",\"@id\":\"https:\\\/\\\/meber2026.graphoservice.it\\\/es\\\/product\\\/winner-910-gin-proof\\\/\",\"url\":\"https:\\\/\\\/meber2026.graphoservice.it\\\/es\\\/product\\\/winner-910-gin-proof\\\/\",\"name\":\"Winner 910\\\/GIN PROOF\",\"isPartOf\":{\"@id\":\"https:\\\/\\\/meber2026.graphoservice.it\\\/es\\\/#website\"},\"primaryImageOfPage\":{\"@id\":\"https:\\\/\\\/meber2026.graphoservice.it\\\/es\\\/product\\\/winner-910-gin-proof\\\/#primaryimage\"},\"image\":{\"@id\":\"https:\\\/\\\/meber2026.graphoservice.it\\\/es\\\/product\\\/winner-910-gin-proof\\\/#primaryimage\"},\"thumbnailUrl\":\"https:\\\/\\\/meber2026.graphoservice.it\\\/wp-content\\\/uploads\\\/2026\\\/02\\\/910GIN_Proof_portaincubatrice.jpg\",\"datePublished\":\"2026-02-10T09:27:49+00:00\",\"description\":\"Carro de carga autom\u00e1tica para incubadoras con predisposici\u00f3n para sistemas de fijaci\u00f3n certificado.\",\"breadcrumb\":{\"@id\":\"https:\\\/\\\/meber2026.graphoservice.it\\\/es\\\/product\\\/winner-910-gin-proof\\\/#breadcrumb\"},\"inLanguage\":\"es\",\"potentialAction\":[{\"@type\":\"ReadAction\",\"target\":[\"https:\\\/\\\/meber2026.graphoservice.it\\\/es\\\/product\\\/winner-910-gin-proof\\\/\"]}]},{\"@type\":\"ImageObject\",\"inLanguage\":\"es\",\"@id\":\"https:\\\/\\\/meber2026.graphoservice.it\\\/es\\\/product\\\/winner-910-gin-proof\\\/#primaryimage\",\"url\":\"https:\\\/\\\/meber2026.graphoservice.it\\\/wp-content\\\/uploads\\\/2026\\\/02\\\/910GIN_Proof_portaincubatrice.jpg\",\"contentUrl\":\"https:\\\/\\\/meber2026.graphoservice.it\\\/wp-content\\\/uploads\\\/2026\\\/02\\\/910GIN_Proof_portaincubatrice.jpg\",\"width\":780,\"height\":521},{\"@type\":\"BreadcrumbList\",\"@id\":\"https:\\\/\\\/meber2026.graphoservice.it\\\/es\\\/product\\\/winner-910-gin-proof\\\/#breadcrumb\",\"itemListElement\":[{\"@type\":\"ListItem\",\"position\":1,\"name\":\"Home\",\"item\":\"https:\\\/\\\/meber2026.graphoservice.it\\\/es\\\/\"},{\"@type\":\"ListItem\",\"position\":2,\"name\":\"Winner 910\\\/GIN PROOF\"}]},{\"@type\":\"WebSite\",\"@id\":\"https:\\\/\\\/meber2026.graphoservice.it\\\/es\\\/#website\",\"url\":\"https:\\\/\\\/meber2026.graphoservice.it\\\/es\\\/\",\"name\":\"Me.Ber.\",\"description\":\"In Case of Emergerncy\",\"potentialAction\":[{\"@type\":\"SearchAction\",\"target\":{\"@type\":\"EntryPoint\",\"urlTemplate\":\"https:\\\/\\\/meber2026.graphoservice.it\\\/es\\\/?s={search_term_string}\"},\"query-input\":{\"@type\":\"PropertyValueSpecification\",\"valueRequired\":true,\"valueName\":\"search_term_string\"}}],\"inLanguage\":\"es\"}]}<\/script>\n<!-- \/ Yoast SEO plugin. -->","yoast_head_json":{"title":"Winner 910\/GIN PROOF","description":"Carro de carga autom\u00e1tica para incubadoras con predisposici\u00f3n para sistemas de fijaci\u00f3n certificado.","robots":{"index":"noindex","follow":"follow","max-snippet":"max-snippet:-1","max-image-preview":"max-image-preview:large","max-video-preview":"max-video-preview:-1"},"og_locale":"es_ES","og_type":"article","og_title":"Winner 910\/GIN PROOF","og_description":"Carro de carga autom\u00e1tica para incubadoras con predisposici\u00f3n para sistemas de fijaci\u00f3n certificado.","og_url":"https:\/\/meber2026.graphoservice.it\/es\/product\/winner-910-gin-proof\/","og_site_name":"Me.Ber.","twitter_card":"summary_large_image","schema":{"@context":"https:\/\/schema.org","@graph":[{"@type":"WebPage","@id":"https:\/\/meber2026.graphoservice.it\/es\/product\/winner-910-gin-proof\/","url":"https:\/\/meber2026.graphoservice.it\/es\/product\/winner-910-gin-proof\/","name":"Winner 910\/GIN PROOF","isPartOf":{"@id":"https:\/\/meber2026.graphoservice.it\/es\/#website"},"primaryImageOfPage":{"@id":"https:\/\/meber2026.graphoservice.it\/es\/product\/winner-910-gin-proof\/#primaryimage"},"image":{"@id":"https:\/\/meber2026.graphoservice.it\/es\/product\/winner-910-gin-proof\/#primaryimage"},"thumbnailUrl":"https:\/\/meber2026.graphoservice.it\/wp-content\/uploads\/2026\/02\/910GIN_Proof_portaincubatrice.jpg","datePublished":"2026-02-10T09:27:49+00:00","description":"Carro de carga autom\u00e1tica para incubadoras con predisposici\u00f3n para sistemas de fijaci\u00f3n certificado.","breadcrumb":{"@id":"https:\/\/meber2026.graphoservice.it\/es\/product\/winner-910-gin-proof\/#breadcrumb"},"inLanguage":"es","potentialAction":[{"@type":"ReadAction","target":["https:\/\/meber2026.graphoservice.it\/es\/product\/winner-910-gin-proof\/"]}]},{"@type":"ImageObject","inLanguage":"es","@id":"https:\/\/meber2026.graphoservice.it\/es\/product\/winner-910-gin-proof\/#primaryimage","url":"https:\/\/meber2026.graphoservice.it\/wp-content\/uploads\/2026\/02\/910GIN_Proof_portaincubatrice.jpg","contentUrl":"https:\/\/meber2026.graphoservice.it\/wp-content\/uploads\/2026\/02\/910GIN_Proof_portaincubatrice.jpg","width":780,"height":521},{"@type":"BreadcrumbList","@id":"https:\/\/meber2026.graphoservice.it\/es\/product\/winner-910-gin-proof\/#breadcrumb","itemListElement":[{"@type":"ListItem","position":1,"name":"Home","item":"https:\/\/meber2026.graphoservice.it\/es\/"},{"@type":"ListItem","position":2,"name":"Winner 910\/GIN PROOF"}]},{"@type":"WebSite","@id":"https:\/\/meber2026.graphoservice.it\/es\/#website","url":"https:\/\/meber2026.graphoservice.it\/es\/","name":"Me.Ber.","description":"In Case of Emergerncy","potentialAction":[{"@type":"SearchAction","target":{"@type":"EntryPoint","urlTemplate":"https:\/\/meber2026.graphoservice.it\/es\/?s={search_term_string}"},"query-input":{"@type":"PropertyValueSpecification","valueRequired":true,"valueName":"search_term_string"}}],"inLanguage":"es"}]}},"_links":{"self":[{"href":"https:\/\/meber2026.graphoservice.it\/es\/wp-json\/wp\/v2\/product\/19100","targetHints":{"allow":["GET"]}}],"collection":[{"href":"https:\/\/meber2026.graphoservice.it\/es\/wp-json\/wp\/v2\/product"}],"about":[{"href":"https:\/\/meber2026.graphoservice.it\/es\/wp-json\/wp\/v2\/types\/product"}],"author":[{"embeddable":true,"href":"https:\/\/meber2026.graphoservice.it\/es\/wp-json\/wp\/v2\/users\/1"}],"version-history":[{"count":0,"href":"https:\/\/meber2026.graphoservice.it\/es\/wp-json\/wp\/v2\/product\/19100\/revisions"}],"wp:featuredmedia":[{"embeddable":true,"href":"https:\/\/meber2026.graphoservice.it\/es\/wp-json\/wp\/v2\/media\/15741"}],"wp:attachment":[{"href":"https:\/\/meber2026.graphoservice.it\/es\/wp-json\/wp\/v2\/media?parent=19100"}],"wp:term":[{"taxonomy":"application-tag","embeddable":true,"href":"https:\/\/meber2026.graphoservice.it\/es\/wp-json\/wp\/v2\/application-tag?post=19100"}],"curies":[{"name":"wp","href":"https:\/\/api.w.org\/{rel}","templated":true}]}}