{"id":19085,"date":"2026-02-10T09:27:47","date_gmt":"2026-02-10T09:27:47","guid":{"rendered":"https:\/\/meber2026.graphoservice.it\/product\/evox-proof-7112i\/"},"modified":"2026-02-10T09:27:48","modified_gmt":"2026-02-10T09:27:48","slug":"evox-proof-7112i","status":"publish","type":"product","link":"https:\/\/meber2026.graphoservice.it\/es\/product\/evox-proof-7112i\/","title":{"rendered":"Evox Proof 7112I"},"content":{"rendered":"<p>La silla camilla de carga autom\u00e1tica EVOX permite colocar al paciente en la posici\u00f3n m\u00e1s adecuada para el rescate y el transporte. La posibilidad de transformarse en una silla permite el acceso a todos esos lugares angostos, como pasillos con esquinas estrechas y ascensores, donde una camilla normal no puede pasar. Un sistema de pistones de gas permite ajustar EVOX en infinitas posiciones hasta lograr la posici\u00f3n sentada, aliviando al operador de cualquier esfuerzo para posicionar al paciente.<br \/>\nEstructura fabricada totalmente en acero inoxidable electropulido, ruedas de poliuretano \u00d8 200 mm, comando de seguridad para evitar cierres accidentales, colchoneta dividida en cuatro secciones separadas (una para cada secci\u00f3n de la camilla) y un dise\u00f1o atractivo son las caracter\u00edsticas de vanguardia de este dispositivo cada vez m\u00e1s solicitado por los mercados.<br \/>\nUn sistema de carga innovador , que consta de 4 ruedas de carga &#8220;basculantes&#8221;, permite la carga en m\u00faltiples plataformas de carga de diferentes alturas. Gracias al especifico enganche tipo hongo y en combinaci\u00f3n con el sistema de fijaci\u00f3n art. 962, la silla camilla EVOX art. 7112I PROOF es capaz de soportar tensiones de hasta 10 g en todas las direcciones, como lo exige la norma UNI EN 1789.<br \/>\nLa camilla EVOX, gracias a la posibilidad de acomodar al paciente en la posici\u00f3n m\u00e1s c\u00f3moda seg\u00fan la gravedad del caso, se presenta incluso como la soluci\u00f3n ideal para los puntos de acogida del 118, donde los pacientes pueden ser sometidos a largos tiempos de espera.<\/p>\n<p><img decoding=\"async\" alt=\"\" src=\"\/adm\/Images\/contents\/10G Logo 2019_def.png\" style=\"width: 80px; height: 74px;\" \/><\/p>\n<p><span style=\"font-weight: 700; color: rgb(98, 98, 98); \">AIS125 certificado<\/span><br \/>\n\u00a0<iframe referrerpolicy=\"strict-origin-when-cross-origin\" loading=\"lazy\" allow=\"autoplay; encrypted-media\" allowfullscreen=\"\" frameborder=\"0\" height=\"315\" scrolling=\"no\" src=\"https:\/\/www.youtube.com\/embed\/q64Cx_2VHxg?origin=https%3A%2F%2Fmeber2026.graphoservice.it%2Fes%2F\" width=\"560\"><\/iframe><\/p>\n","protected":false},"excerpt":{"rendered":"<p>La silla camilla de carga autom\u00e1tica EVOX permite colocar al paciente en la posici\u00f3n m\u00e1s adecuada para el rescate y el transporte. La posibilidad de transformarse en una silla permite el acceso a todos esos lugares angostos, como pasillos con esquinas estrechas y ascensores, donde una camilla normal no puede pasar. Un sistema de pistones [&hellip;]<\/p>\n","protected":false},"author":1,"featured_media":15719,"parent":0,"menu_order":20002900,"template":"","meta":{"_acf_changed":false,"footnotes":""},"application-tag":[75,66],"class_list":["post-19085","product","type-product","status-publish","has-post-thumbnail","hentry","application-tag-camillas-y-carros-autocargables","application-tag-certificado-10g"],"acf":[],"dsm_author":{"name":"admeb26","avatar_url":"https:\/\/meber2026.graphoservice.it\/wp-content\/plugins\/ultimate-member\/assets\/img\/default_avatar.jpg","archive_link":"https:\/\/meber2026.graphoservice.it\/es\/author\/admeb26\/","biodata":""},"dsm_categories":[],"dsm_attachment_categories":[],"dsm_featured_image":{"thumbnail":"https:\/\/meber2026.graphoservice.it\/wp-content\/uploads\/2026\/02\/EvoxI-150x150.jpg","medium":"https:\/\/meber2026.graphoservice.it\/wp-content\/uploads\/2026\/02\/EvoxI-300x200.jpg","medium_large":"https:\/\/meber2026.graphoservice.it\/wp-content\/uploads\/2026\/02\/EvoxI-768x512.jpg","large":"https:\/\/meber2026.graphoservice.it\/wp-content\/uploads\/2026\/02\/EvoxI.jpg","1536x1536":"https:\/\/meber2026.graphoservice.it\/wp-content\/uploads\/2026\/02\/EvoxI.jpg","2048x2048":"https:\/\/meber2026.graphoservice.it\/wp-content\/uploads\/2026\/02\/EvoxI.jpg","et-pb-post-main-image":"https:\/\/meber2026.graphoservice.it\/wp-content\/uploads\/2026\/02\/EvoxI-400x250.jpg","et-pb-post-main-image-fullwidth":"https:\/\/meber2026.graphoservice.it\/wp-content\/uploads\/2026\/02\/EvoxI.jpg","et-pb-portfolio-image":"https:\/\/meber2026.graphoservice.it\/wp-content\/uploads\/2026\/02\/EvoxI-400x284.jpg","et-pb-portfolio-module-image":"https:\/\/meber2026.graphoservice.it\/wp-content\/uploads\/2026\/02\/EvoxI-510x382.jpg","et-pb-portfolio-image-single":"https:\/\/meber2026.graphoservice.it\/wp-content\/uploads\/2026\/02\/EvoxI.jpg","et-pb-gallery-module-image-portrait":"https:\/\/meber2026.graphoservice.it\/wp-content\/uploads\/2026\/02\/EvoxI-400x516.jpg","et-pb-post-main-image-fullwidth-large":"https:\/\/meber2026.graphoservice.it\/wp-content\/uploads\/2026\/02\/EvoxI.jpg","et-pb-image--responsive--desktop":"https:\/\/meber2026.graphoservice.it\/wp-content\/uploads\/2026\/02\/EvoxI.jpg","et-pb-image--responsive--tablet":"https:\/\/meber2026.graphoservice.it\/wp-content\/uploads\/2026\/02\/EvoxI.jpg","et-pb-image--responsive--phone":"https:\/\/meber2026.graphoservice.it\/wp-content\/uploads\/2026\/02\/EvoxI-480x320.jpg","full":"https:\/\/meber2026.graphoservice.it\/wp-content\/uploads\/2026\/02\/EvoxI.jpg"},"yoast_head":"<!-- This site is optimized with the Yoast SEO plugin v27.4 - https:\/\/yoast.com\/product\/yoast-seo-wordpress\/ -->\n<title>Camilla de carga autom\u00e1tica EVOX 7112\/A<\/title>\n<meta name=\"description\" content=\"La silla camilla de carga autom\u00e1tica EVOX permite colocar al paciente en la posici\u00f3n m\u00e1s adecuada para el rescate y el transporte. Un innovador sistema de carga, constituido por 4 ruedas de carga &quot;basculantes&quot;, permite la carga en m\u00faltiples plataformas de carga de diferentes alturas.\" \/>\n<meta name=\"robots\" content=\"noindex, follow, max-snippet:-1, max-image-preview:large, max-video-preview:-1\" \/>\n<meta property=\"og:locale\" content=\"es_ES\" \/>\n<meta property=\"og:type\" content=\"article\" \/>\n<meta property=\"og:title\" content=\"Camilla de carga autom\u00e1tica EVOX 7112\/A\" \/>\n<meta property=\"og:description\" content=\"La silla camilla de carga autom\u00e1tica EVOX permite colocar al paciente en la posici\u00f3n m\u00e1s adecuada para el rescate y el transporte. Un innovador sistema de carga, constituido por 4 ruedas de carga &quot;basculantes&quot;, permite la carga en m\u00faltiples plataformas de carga de diferentes alturas.\" \/>\n<meta property=\"og:url\" content=\"https:\/\/meber2026.graphoservice.it\/es\/product\/evox-proof-7112i\/\" \/>\n<meta property=\"og:site_name\" content=\"Me.Ber.\" \/>\n<meta property=\"article:modified_time\" content=\"2026-02-10T09:27:48+00:00\" \/>\n<meta name=\"twitter:card\" content=\"summary_large_image\" \/>\n<meta name=\"twitter:label1\" content=\"Tiempo de lectura\" \/>\n\t<meta name=\"twitter:data1\" content=\"1 minuto\" \/>\n<script type=\"application\/ld+json\" class=\"yoast-schema-graph\">{\"@context\":\"https:\\\/\\\/schema.org\",\"@graph\":[{\"@type\":\"WebPage\",\"@id\":\"https:\\\/\\\/meber2026.graphoservice.it\\\/es\\\/product\\\/evox-proof-7112i\\\/\",\"url\":\"https:\\\/\\\/meber2026.graphoservice.it\\\/es\\\/product\\\/evox-proof-7112i\\\/\",\"name\":\"Camilla de carga autom\u00e1tica EVOX 7112\\\/A\",\"isPartOf\":{\"@id\":\"https:\\\/\\\/meber2026.graphoservice.it\\\/es\\\/#website\"},\"primaryImageOfPage\":{\"@id\":\"https:\\\/\\\/meber2026.graphoservice.it\\\/es\\\/product\\\/evox-proof-7112i\\\/#primaryimage\"},\"image\":{\"@id\":\"https:\\\/\\\/meber2026.graphoservice.it\\\/es\\\/product\\\/evox-proof-7112i\\\/#primaryimage\"},\"thumbnailUrl\":\"https:\\\/\\\/meber2026.graphoservice.it\\\/wp-content\\\/uploads\\\/2026\\\/02\\\/EvoxI.jpg\",\"datePublished\":\"2026-02-10T09:27:47+00:00\",\"dateModified\":\"2026-02-10T09:27:48+00:00\",\"description\":\"La silla camilla de carga autom\u00e1tica EVOX permite colocar al paciente en la posici\u00f3n m\u00e1s adecuada para el rescate y el transporte. Un innovador sistema de carga, constituido por 4 ruedas de carga \\\"basculantes\\\", permite la carga en m\u00faltiples plataformas de carga de diferentes alturas.\",\"breadcrumb\":{\"@id\":\"https:\\\/\\\/meber2026.graphoservice.it\\\/es\\\/product\\\/evox-proof-7112i\\\/#breadcrumb\"},\"inLanguage\":\"es\",\"potentialAction\":[{\"@type\":\"ReadAction\",\"target\":[\"https:\\\/\\\/meber2026.graphoservice.it\\\/es\\\/product\\\/evox-proof-7112i\\\/\"]}]},{\"@type\":\"ImageObject\",\"inLanguage\":\"es\",\"@id\":\"https:\\\/\\\/meber2026.graphoservice.it\\\/es\\\/product\\\/evox-proof-7112i\\\/#primaryimage\",\"url\":\"https:\\\/\\\/meber2026.graphoservice.it\\\/wp-content\\\/uploads\\\/2026\\\/02\\\/EvoxI.jpg\",\"contentUrl\":\"https:\\\/\\\/meber2026.graphoservice.it\\\/wp-content\\\/uploads\\\/2026\\\/02\\\/EvoxI.jpg\",\"width\":780,\"height\":520},{\"@type\":\"BreadcrumbList\",\"@id\":\"https:\\\/\\\/meber2026.graphoservice.it\\\/es\\\/product\\\/evox-proof-7112i\\\/#breadcrumb\",\"itemListElement\":[{\"@type\":\"ListItem\",\"position\":1,\"name\":\"Home\",\"item\":\"https:\\\/\\\/meber2026.graphoservice.it\\\/es\\\/\"},{\"@type\":\"ListItem\",\"position\":2,\"name\":\"Evox Proof 7112I\"}]},{\"@type\":\"WebSite\",\"@id\":\"https:\\\/\\\/meber2026.graphoservice.it\\\/es\\\/#website\",\"url\":\"https:\\\/\\\/meber2026.graphoservice.it\\\/es\\\/\",\"name\":\"Me.Ber.\",\"description\":\"In Case of Emergerncy\",\"potentialAction\":[{\"@type\":\"SearchAction\",\"target\":{\"@type\":\"EntryPoint\",\"urlTemplate\":\"https:\\\/\\\/meber2026.graphoservice.it\\\/es\\\/?s={search_term_string}\"},\"query-input\":{\"@type\":\"PropertyValueSpecification\",\"valueRequired\":true,\"valueName\":\"search_term_string\"}}],\"inLanguage\":\"es\"}]}<\/script>\n<!-- \/ Yoast SEO plugin. -->","yoast_head_json":{"title":"Camilla de carga autom\u00e1tica EVOX 7112\/A","description":"La silla camilla de carga autom\u00e1tica EVOX permite colocar al paciente en la posici\u00f3n m\u00e1s adecuada para el rescate y el transporte. Un innovador sistema de carga, constituido por 4 ruedas de carga \"basculantes\", permite la carga en m\u00faltiples plataformas de carga de diferentes alturas.","robots":{"index":"noindex","follow":"follow","max-snippet":"max-snippet:-1","max-image-preview":"max-image-preview:large","max-video-preview":"max-video-preview:-1"},"og_locale":"es_ES","og_type":"article","og_title":"Camilla de carga autom\u00e1tica EVOX 7112\/A","og_description":"La silla camilla de carga autom\u00e1tica EVOX permite colocar al paciente en la posici\u00f3n m\u00e1s adecuada para el rescate y el transporte. Un innovador sistema de carga, constituido por 4 ruedas de carga \"basculantes\", permite la carga en m\u00faltiples plataformas de carga de diferentes alturas.","og_url":"https:\/\/meber2026.graphoservice.it\/es\/product\/evox-proof-7112i\/","og_site_name":"Me.Ber.","article_modified_time":"2026-02-10T09:27:48+00:00","twitter_card":"summary_large_image","twitter_misc":{"Tiempo de lectura":"1 minuto"},"schema":{"@context":"https:\/\/schema.org","@graph":[{"@type":"WebPage","@id":"https:\/\/meber2026.graphoservice.it\/es\/product\/evox-proof-7112i\/","url":"https:\/\/meber2026.graphoservice.it\/es\/product\/evox-proof-7112i\/","name":"Camilla de carga autom\u00e1tica EVOX 7112\/A","isPartOf":{"@id":"https:\/\/meber2026.graphoservice.it\/es\/#website"},"primaryImageOfPage":{"@id":"https:\/\/meber2026.graphoservice.it\/es\/product\/evox-proof-7112i\/#primaryimage"},"image":{"@id":"https:\/\/meber2026.graphoservice.it\/es\/product\/evox-proof-7112i\/#primaryimage"},"thumbnailUrl":"https:\/\/meber2026.graphoservice.it\/wp-content\/uploads\/2026\/02\/EvoxI.jpg","datePublished":"2026-02-10T09:27:47+00:00","dateModified":"2026-02-10T09:27:48+00:00","description":"La silla camilla de carga autom\u00e1tica EVOX permite colocar al paciente en la posici\u00f3n m\u00e1s adecuada para el rescate y el transporte. Un innovador sistema de carga, constituido por 4 ruedas de carga \"basculantes\", permite la carga en m\u00faltiples plataformas de carga de diferentes alturas.","breadcrumb":{"@id":"https:\/\/meber2026.graphoservice.it\/es\/product\/evox-proof-7112i\/#breadcrumb"},"inLanguage":"es","potentialAction":[{"@type":"ReadAction","target":["https:\/\/meber2026.graphoservice.it\/es\/product\/evox-proof-7112i\/"]}]},{"@type":"ImageObject","inLanguage":"es","@id":"https:\/\/meber2026.graphoservice.it\/es\/product\/evox-proof-7112i\/#primaryimage","url":"https:\/\/meber2026.graphoservice.it\/wp-content\/uploads\/2026\/02\/EvoxI.jpg","contentUrl":"https:\/\/meber2026.graphoservice.it\/wp-content\/uploads\/2026\/02\/EvoxI.jpg","width":780,"height":520},{"@type":"BreadcrumbList","@id":"https:\/\/meber2026.graphoservice.it\/es\/product\/evox-proof-7112i\/#breadcrumb","itemListElement":[{"@type":"ListItem","position":1,"name":"Home","item":"https:\/\/meber2026.graphoservice.it\/es\/"},{"@type":"ListItem","position":2,"name":"Evox Proof 7112I"}]},{"@type":"WebSite","@id":"https:\/\/meber2026.graphoservice.it\/es\/#website","url":"https:\/\/meber2026.graphoservice.it\/es\/","name":"Me.Ber.","description":"In Case of Emergerncy","potentialAction":[{"@type":"SearchAction","target":{"@type":"EntryPoint","urlTemplate":"https:\/\/meber2026.graphoservice.it\/es\/?s={search_term_string}"},"query-input":{"@type":"PropertyValueSpecification","valueRequired":true,"valueName":"search_term_string"}}],"inLanguage":"es"}]}},"_links":{"self":[{"href":"https:\/\/meber2026.graphoservice.it\/es\/wp-json\/wp\/v2\/product\/19085","targetHints":{"allow":["GET"]}}],"collection":[{"href":"https:\/\/meber2026.graphoservice.it\/es\/wp-json\/wp\/v2\/product"}],"about":[{"href":"https:\/\/meber2026.graphoservice.it\/es\/wp-json\/wp\/v2\/types\/product"}],"author":[{"embeddable":true,"href":"https:\/\/meber2026.graphoservice.it\/es\/wp-json\/wp\/v2\/users\/1"}],"version-history":[{"count":0,"href":"https:\/\/meber2026.graphoservice.it\/es\/wp-json\/wp\/v2\/product\/19085\/revisions"}],"wp:featuredmedia":[{"embeddable":true,"href":"https:\/\/meber2026.graphoservice.it\/es\/wp-json\/wp\/v2\/media\/15719"}],"wp:attachment":[{"href":"https:\/\/meber2026.graphoservice.it\/es\/wp-json\/wp\/v2\/media?parent=19085"}],"wp:term":[{"taxonomy":"application-tag","embeddable":true,"href":"https:\/\/meber2026.graphoservice.it\/es\/wp-json\/wp\/v2\/application-tag?post=19085"}],"curies":[{"name":"wp","href":"https:\/\/api.w.org\/{rel}","templated":true}]}}