{"id":19010,"date":"2026-02-10T09:27:39","date_gmt":"2026-02-10T09:27:39","guid":{"rendered":"https:\/\/meber2026.graphoservice.it\/product\/11220-oxytest\/"},"modified":"2026-04-21T08:54:29","modified_gmt":"2026-04-21T08:54:29","slug":"11220-oxytest","status":"publish","type":"product","link":"https:\/\/meber2026.graphoservice.it\/es\/product\/11220-oxytest\/","title":{"rendered":"11220 Oxytest"},"content":{"rendered":"<p>Oxytest es un pulsiox\u00edmetro port\u00e1til f\u00e1cil de usar y ligero para el transporte. Cuenta con:<br \/>\n&#8211;\u00a0pantalla Oled, cuatro direcciones para mostrar la saturaci\u00f3n de ox\u00edgeno arterial, la frecuencia del pulso y la fuerza del pulso\u00a0<br \/>\n&#8211;\u00a0indicador de tensi\u00f3n de la bater\u00eda<br \/>\n&#8211; standby o suspensi\u00f3n autom\u00e1tica<\/p>\n<p>Gracias a los sensores art. 11224 y art. 11222 (no incluidos en el paquete), es posible utilizar Oxytest incluso en ni\u00f1os y beb\u00e9s.<br \/>\n\u00a0<\/p>\n","protected":false},"excerpt":{"rendered":"<p>Oxytest es un pulsiox\u00edmetro port\u00e1til f\u00e1cil de usar y ligero para el transporte. Cuenta con: &#8211;\u00a0pantalla Oled, cuatro direcciones para mostrar la saturaci\u00f3n de ox\u00edgeno arterial, la frecuencia del pulso y la fuerza del pulso\u00a0 &#8211;\u00a0indicador de tensi\u00f3n de la bater\u00eda &#8211; standby o suspensi\u00f3n autom\u00e1tica Gracias a los sensores art. 11224 y art. 11222 [&hellip;]<\/p>\n","protected":false},"author":1,"featured_media":15611,"parent":0,"menu_order":60005000,"template":"","meta":{"_acf_changed":false,"footnotes":""},"application-tag":[101,69],"class_list":["post-19010","product","type-product","status-publish","has-post-thumbnail","hentry","application-tag-diagnostico","application-tag-pediatrico"],"acf":[],"dsm_author":{"name":"admeb26","avatar_url":"https:\/\/meber2026.graphoservice.it\/wp-content\/plugins\/ultimate-member\/assets\/img\/default_avatar.jpg","archive_link":"https:\/\/meber2026.graphoservice.it\/es\/author\/admeb26\/","biodata":""},"dsm_categories":[],"dsm_attachment_categories":[],"dsm_featured_image":{"thumbnail":"https:\/\/meber2026.graphoservice.it\/wp-content\/uploads\/2026\/02\/11220_oxytest-150x150.jpg","medium":"https:\/\/meber2026.graphoservice.it\/wp-content\/uploads\/2026\/02\/11220_oxytest-220x300.jpg","medium_large":"https:\/\/meber2026.graphoservice.it\/wp-content\/uploads\/2026\/02\/11220_oxytest.jpg","large":"https:\/\/meber2026.graphoservice.it\/wp-content\/uploads\/2026\/02\/11220_oxytest.jpg","1536x1536":"https:\/\/meber2026.graphoservice.it\/wp-content\/uploads\/2026\/02\/11220_oxytest.jpg","2048x2048":"https:\/\/meber2026.graphoservice.it\/wp-content\/uploads\/2026\/02\/11220_oxytest.jpg","et-pb-post-main-image":"https:\/\/meber2026.graphoservice.it\/wp-content\/uploads\/2026\/02\/11220_oxytest-400x250.jpg","et-pb-post-main-image-fullwidth":"https:\/\/meber2026.graphoservice.it\/wp-content\/uploads\/2026\/02\/11220_oxytest-550x675.jpg","et-pb-portfolio-image":"https:\/\/meber2026.graphoservice.it\/wp-content\/uploads\/2026\/02\/11220_oxytest-400x284.jpg","et-pb-portfolio-module-image":"https:\/\/meber2026.graphoservice.it\/wp-content\/uploads\/2026\/02\/11220_oxytest-510x382.jpg","et-pb-portfolio-image-single":"https:\/\/meber2026.graphoservice.it\/wp-content\/uploads\/2026\/02\/11220_oxytest.jpg","et-pb-gallery-module-image-portrait":"https:\/\/meber2026.graphoservice.it\/wp-content\/uploads\/2026\/02\/11220_oxytest-400x516.jpg","et-pb-post-main-image-fullwidth-large":"https:\/\/meber2026.graphoservice.it\/wp-content\/uploads\/2026\/02\/11220_oxytest.jpg","et-pb-image--responsive--desktop":"https:\/\/meber2026.graphoservice.it\/wp-content\/uploads\/2026\/02\/11220_oxytest.jpg","et-pb-image--responsive--tablet":"https:\/\/meber2026.graphoservice.it\/wp-content\/uploads\/2026\/02\/11220_oxytest.jpg","et-pb-image--responsive--phone":"https:\/\/meber2026.graphoservice.it\/wp-content\/uploads\/2026\/02\/11220_oxytest-480x655.jpg","full":"https:\/\/meber2026.graphoservice.it\/wp-content\/uploads\/2026\/02\/11220_oxytest.jpg"},"yoast_head":"<!-- This site is optimized with the Yoast SEO plugin v27.4 - https:\/\/yoast.com\/product\/yoast-seo-wordpress\/ -->\n<title>11220 Oxytest<\/title>\n<meta name=\"robots\" content=\"noindex, follow, max-snippet:-1, max-image-preview:large, max-video-preview:-1\" \/>\n<meta property=\"og:locale\" content=\"es_ES\" \/>\n<meta property=\"og:type\" content=\"article\" \/>\n<meta property=\"og:title\" content=\"11220 Oxytest\" \/>\n<meta property=\"og:description\" content=\"Oxytest es un pulsiox\u00edmetro port\u00e1til f\u00e1cil de usar y ligero para el transporte. Cuenta con: &#8211;\u00a0pantalla Oled, cuatro direcciones para mostrar la saturaci\u00f3n de ox\u00edgeno arterial, la frecuencia del pulso y la fuerza del pulso\u00a0 &#8211;\u00a0indicador de tensi\u00f3n de la bater\u00eda &#8211; standby o suspensi\u00f3n autom\u00e1tica Gracias a los sensores art. 11224 y art. 11222 [&hellip;]\" \/>\n<meta property=\"og:url\" content=\"https:\/\/meber2026.graphoservice.it\/es\/product\/11220-oxytest\/\" \/>\n<meta property=\"og:site_name\" content=\"Me.Ber.\" \/>\n<meta property=\"article:modified_time\" content=\"2026-04-21T08:54:29+00:00\" \/>\n<meta property=\"og:image\" content=\"https:\/\/meber2026.graphoservice.it\/wp-content\/uploads\/2026\/02\/11220_oxytest.jpg\" \/>\n\t<meta property=\"og:image:width\" content=\"550\" \/>\n\t<meta property=\"og:image:height\" content=\"750\" \/>\n\t<meta property=\"og:image:type\" content=\"image\/jpeg\" \/>\n<meta name=\"twitter:card\" content=\"summary_large_image\" \/>\n<script type=\"application\/ld+json\" class=\"yoast-schema-graph\">{\"@context\":\"https:\\\/\\\/schema.org\",\"@graph\":[{\"@type\":\"WebPage\",\"@id\":\"https:\\\/\\\/meber2026.graphoservice.it\\\/es\\\/product\\\/11220-oxytest\\\/\",\"url\":\"https:\\\/\\\/meber2026.graphoservice.it\\\/es\\\/product\\\/11220-oxytest\\\/\",\"name\":\"11220 Oxytest\",\"isPartOf\":{\"@id\":\"https:\\\/\\\/meber2026.graphoservice.it\\\/es\\\/#website\"},\"primaryImageOfPage\":{\"@id\":\"https:\\\/\\\/meber2026.graphoservice.it\\\/es\\\/product\\\/11220-oxytest\\\/#primaryimage\"},\"image\":{\"@id\":\"https:\\\/\\\/meber2026.graphoservice.it\\\/es\\\/product\\\/11220-oxytest\\\/#primaryimage\"},\"thumbnailUrl\":\"https:\\\/\\\/meber2026.graphoservice.it\\\/wp-content\\\/uploads\\\/2026\\\/02\\\/11220_oxytest.jpg\",\"datePublished\":\"2026-02-10T09:27:39+00:00\",\"dateModified\":\"2026-04-21T08:54:29+00:00\",\"breadcrumb\":{\"@id\":\"https:\\\/\\\/meber2026.graphoservice.it\\\/es\\\/product\\\/11220-oxytest\\\/#breadcrumb\"},\"inLanguage\":\"es\",\"potentialAction\":[{\"@type\":\"ReadAction\",\"target\":[\"https:\\\/\\\/meber2026.graphoservice.it\\\/es\\\/product\\\/11220-oxytest\\\/\"]}]},{\"@type\":\"ImageObject\",\"inLanguage\":\"es\",\"@id\":\"https:\\\/\\\/meber2026.graphoservice.it\\\/es\\\/product\\\/11220-oxytest\\\/#primaryimage\",\"url\":\"https:\\\/\\\/meber2026.graphoservice.it\\\/wp-content\\\/uploads\\\/2026\\\/02\\\/11220_oxytest.jpg\",\"contentUrl\":\"https:\\\/\\\/meber2026.graphoservice.it\\\/wp-content\\\/uploads\\\/2026\\\/02\\\/11220_oxytest.jpg\",\"width\":550,\"height\":750},{\"@type\":\"BreadcrumbList\",\"@id\":\"https:\\\/\\\/meber2026.graphoservice.it\\\/es\\\/product\\\/11220-oxytest\\\/#breadcrumb\",\"itemListElement\":[{\"@type\":\"ListItem\",\"position\":1,\"name\":\"Home\",\"item\":\"https:\\\/\\\/meber2026.graphoservice.it\\\/es\\\/\"},{\"@type\":\"ListItem\",\"position\":2,\"name\":\"11220 Oxytest\"}]},{\"@type\":\"WebSite\",\"@id\":\"https:\\\/\\\/meber2026.graphoservice.it\\\/es\\\/#website\",\"url\":\"https:\\\/\\\/meber2026.graphoservice.it\\\/es\\\/\",\"name\":\"Me.Ber.\",\"description\":\"In Case of Emergerncy\",\"potentialAction\":[{\"@type\":\"SearchAction\",\"target\":{\"@type\":\"EntryPoint\",\"urlTemplate\":\"https:\\\/\\\/meber2026.graphoservice.it\\\/es\\\/?s={search_term_string}\"},\"query-input\":{\"@type\":\"PropertyValueSpecification\",\"valueRequired\":true,\"valueName\":\"search_term_string\"}}],\"inLanguage\":\"es\"}]}<\/script>\n<!-- \/ Yoast SEO plugin. -->","yoast_head_json":{"title":"11220 Oxytest","robots":{"index":"noindex","follow":"follow","max-snippet":"max-snippet:-1","max-image-preview":"max-image-preview:large","max-video-preview":"max-video-preview:-1"},"og_locale":"es_ES","og_type":"article","og_title":"11220 Oxytest","og_description":"Oxytest es un pulsiox\u00edmetro port\u00e1til f\u00e1cil de usar y ligero para el transporte. Cuenta con: &#8211;\u00a0pantalla Oled, cuatro direcciones para mostrar la saturaci\u00f3n de ox\u00edgeno arterial, la frecuencia del pulso y la fuerza del pulso\u00a0 &#8211;\u00a0indicador de tensi\u00f3n de la bater\u00eda &#8211; standby o suspensi\u00f3n autom\u00e1tica Gracias a los sensores art. 11224 y art. 11222 [&hellip;]","og_url":"https:\/\/meber2026.graphoservice.it\/es\/product\/11220-oxytest\/","og_site_name":"Me.Ber.","article_modified_time":"2026-04-21T08:54:29+00:00","og_image":[{"width":550,"height":750,"url":"https:\/\/meber2026.graphoservice.it\/wp-content\/uploads\/2026\/02\/11220_oxytest.jpg","type":"image\/jpeg"}],"twitter_card":"summary_large_image","schema":{"@context":"https:\/\/schema.org","@graph":[{"@type":"WebPage","@id":"https:\/\/meber2026.graphoservice.it\/es\/product\/11220-oxytest\/","url":"https:\/\/meber2026.graphoservice.it\/es\/product\/11220-oxytest\/","name":"11220 Oxytest","isPartOf":{"@id":"https:\/\/meber2026.graphoservice.it\/es\/#website"},"primaryImageOfPage":{"@id":"https:\/\/meber2026.graphoservice.it\/es\/product\/11220-oxytest\/#primaryimage"},"image":{"@id":"https:\/\/meber2026.graphoservice.it\/es\/product\/11220-oxytest\/#primaryimage"},"thumbnailUrl":"https:\/\/meber2026.graphoservice.it\/wp-content\/uploads\/2026\/02\/11220_oxytest.jpg","datePublished":"2026-02-10T09:27:39+00:00","dateModified":"2026-04-21T08:54:29+00:00","breadcrumb":{"@id":"https:\/\/meber2026.graphoservice.it\/es\/product\/11220-oxytest\/#breadcrumb"},"inLanguage":"es","potentialAction":[{"@type":"ReadAction","target":["https:\/\/meber2026.graphoservice.it\/es\/product\/11220-oxytest\/"]}]},{"@type":"ImageObject","inLanguage":"es","@id":"https:\/\/meber2026.graphoservice.it\/es\/product\/11220-oxytest\/#primaryimage","url":"https:\/\/meber2026.graphoservice.it\/wp-content\/uploads\/2026\/02\/11220_oxytest.jpg","contentUrl":"https:\/\/meber2026.graphoservice.it\/wp-content\/uploads\/2026\/02\/11220_oxytest.jpg","width":550,"height":750},{"@type":"BreadcrumbList","@id":"https:\/\/meber2026.graphoservice.it\/es\/product\/11220-oxytest\/#breadcrumb","itemListElement":[{"@type":"ListItem","position":1,"name":"Home","item":"https:\/\/meber2026.graphoservice.it\/es\/"},{"@type":"ListItem","position":2,"name":"11220 Oxytest"}]},{"@type":"WebSite","@id":"https:\/\/meber2026.graphoservice.it\/es\/#website","url":"https:\/\/meber2026.graphoservice.it\/es\/","name":"Me.Ber.","description":"In Case of Emergerncy","potentialAction":[{"@type":"SearchAction","target":{"@type":"EntryPoint","urlTemplate":"https:\/\/meber2026.graphoservice.it\/es\/?s={search_term_string}"},"query-input":{"@type":"PropertyValueSpecification","valueRequired":true,"valueName":"search_term_string"}}],"inLanguage":"es"}]}},"_links":{"self":[{"href":"https:\/\/meber2026.graphoservice.it\/es\/wp-json\/wp\/v2\/product\/19010","targetHints":{"allow":["GET"]}}],"collection":[{"href":"https:\/\/meber2026.graphoservice.it\/es\/wp-json\/wp\/v2\/product"}],"about":[{"href":"https:\/\/meber2026.graphoservice.it\/es\/wp-json\/wp\/v2\/types\/product"}],"author":[{"embeddable":true,"href":"https:\/\/meber2026.graphoservice.it\/es\/wp-json\/wp\/v2\/users\/1"}],"version-history":[{"count":0,"href":"https:\/\/meber2026.graphoservice.it\/es\/wp-json\/wp\/v2\/product\/19010\/revisions"}],"wp:featuredmedia":[{"embeddable":true,"href":"https:\/\/meber2026.graphoservice.it\/es\/wp-json\/wp\/v2\/media\/15611"}],"wp:attachment":[{"href":"https:\/\/meber2026.graphoservice.it\/es\/wp-json\/wp\/v2\/media?parent=19010"}],"wp:term":[{"taxonomy":"application-tag","embeddable":true,"href":"https:\/\/meber2026.graphoservice.it\/es\/wp-json\/wp\/v2\/application-tag?post=19010"}],"curies":[{"name":"wp","href":"https:\/\/api.w.org\/{rel}","templated":true}]}}