{"id":19005,"date":"2026-02-10T09:27:39","date_gmt":"2026-02-10T09:27:39","guid":{"rendered":"https:\/\/meber2026.graphoservice.it\/product\/meber-x-7300\/"},"modified":"2026-02-10T09:27:39","modified_gmt":"2026-02-10T09:27:39","slug":"meber-x-7300","status":"publish","type":"product","link":"https:\/\/meber2026.graphoservice.it\/es\/product\/meber-x-7300\/","title":{"rendered":"MeBer-X 7300"},"content":{"rendered":"<div style=\"\">Camilla multinivel <strong>MeBer-X<\/strong>, con estructura &#8220;X&#8221;, ha sido dise\u00f1ado para hacer que las operaciones de carga, descarga, elevaci\u00f3n y descenso del paciente sean simples y ergon\u00f3micas;.<br \/>\nDe hecho, la caracter\u00edstica principal es, la regulaci\u00f3n a 9 alturas que facilita el transbordo y la maniobrabilidad en cualquier condici\u00f3n.<br \/>\nFabricada con una aleaci\u00f3n de aluminio, la camilla tiene una capacidad de carga de hasta 320 kg, lo que garantiza la m\u00e1xima seguridad incluso para el transporte de pacientes bari\u00e1tricos.<br \/>\n\u00a0<\/div>\n<p>Completan las caracter\u00edsticas del producto:<br \/>\n&#8211; 4 ruedas giratorias con un di\u00e1metro de 200 mm;<br \/>\n&#8211; superficie de aluminio lavable y desinfectable;<br \/>\n&#8211; ajuste del respaldo de 0\u00b0 a 80\u00b0, bloqueable en cualquier posici\u00f3n;<br \/>\n&#8211; configuraci\u00f3n Trendelenburg y Fowler;<br \/>\n&#8211; carro de carga retr\u00e1ctil.<\/p>\n<p>Combinar con el art. <a href=\"https:\/\/www.meber.it\/it\/prodotti\/supporti\/19162.aspx\">19162<\/a><\/p>\n<p>\u00a0<\/p>\n","protected":false},"excerpt":{"rendered":"<p>Camilla multinivel MeBer-X, con estructura &#8220;X&#8221;, ha sido dise\u00f1ado para hacer que las operaciones de carga, descarga, elevaci\u00f3n y descenso del paciente sean simples y ergon\u00f3micas;. De hecho, la caracter\u00edstica principal es, la regulaci\u00f3n a 9 alturas que facilita el transbordo y la maniobrabilidad en cualquier condici\u00f3n. Fabricada con una aleaci\u00f3n de aluminio, la camilla [&hellip;]<\/p>\n","protected":false},"author":1,"featured_media":26209,"parent":0,"menu_order":20001300,"template":"","meta":{"_acf_changed":false,"footnotes":""},"application-tag":[],"class_list":["post-19005","product","type-product","status-publish","has-post-thumbnail","hentry"],"acf":[],"dsm_author":{"name":"admeb26","avatar_url":"https:\/\/meber2026.graphoservice.it\/wp-content\/plugins\/ultimate-member\/assets\/img\/default_avatar.jpg","archive_link":"https:\/\/meber2026.graphoservice.it\/es\/author\/admeb26\/","biodata":""},"dsm_categories":[],"dsm_attachment_categories":[],"dsm_featured_image":{"thumbnail":"https:\/\/meber2026.graphoservice.it\/wp-content\/uploads\/2026\/02\/MeberX-senza-accessori-1-150x150.webp","medium":"https:\/\/meber2026.graphoservice.it\/wp-content\/uploads\/2026\/02\/MeberX-senza-accessori-1-300x300.webp","medium_large":"https:\/\/meber2026.graphoservice.it\/wp-content\/uploads\/2026\/02\/MeberX-senza-accessori-1-768x768.webp","large":"https:\/\/meber2026.graphoservice.it\/wp-content\/uploads\/2026\/02\/MeberX-senza-accessori-1-1024x1024.webp","1536x1536":"https:\/\/meber2026.graphoservice.it\/wp-content\/uploads\/2026\/02\/MeberX-senza-accessori-1-1536x1536.webp","2048x2048":"https:\/\/meber2026.graphoservice.it\/wp-content\/uploads\/2026\/02\/MeberX-senza-accessori-1.webp","et-pb-post-main-image":"https:\/\/meber2026.graphoservice.it\/wp-content\/uploads\/2026\/02\/MeberX-senza-accessori-1-400x250.webp","et-pb-post-main-image-fullwidth":"https:\/\/meber2026.graphoservice.it\/wp-content\/uploads\/2026\/02\/MeberX-senza-accessori-1-1080x675.webp","et-pb-portfolio-image":"https:\/\/meber2026.graphoservice.it\/wp-content\/uploads\/2026\/02\/MeberX-senza-accessori-1-400x284.webp","et-pb-portfolio-module-image":"https:\/\/meber2026.graphoservice.it\/wp-content\/uploads\/2026\/02\/MeberX-senza-accessori-1-510x382.webp","et-pb-portfolio-image-single":"https:\/\/meber2026.graphoservice.it\/wp-content\/uploads\/2026\/02\/MeberX-senza-accessori-1-1080x1080.webp","et-pb-gallery-module-image-portrait":"https:\/\/meber2026.graphoservice.it\/wp-content\/uploads\/2026\/02\/MeberX-senza-accessori-1-400x516.webp","et-pb-post-main-image-fullwidth-large":"https:\/\/meber2026.graphoservice.it\/wp-content\/uploads\/2026\/02\/MeberX-senza-accessori-1-2000x1800.webp","et-pb-image--responsive--desktop":"https:\/\/meber2026.graphoservice.it\/wp-content\/uploads\/2026\/02\/MeberX-senza-accessori-1-1280x1280.webp","et-pb-image--responsive--tablet":"https:\/\/meber2026.graphoservice.it\/wp-content\/uploads\/2026\/02\/MeberX-senza-accessori-1-980x980.webp","et-pb-image--responsive--phone":"https:\/\/meber2026.graphoservice.it\/wp-content\/uploads\/2026\/02\/MeberX-senza-accessori-1-480x480.webp","full":"https:\/\/meber2026.graphoservice.it\/wp-content\/uploads\/2026\/02\/MeberX-senza-accessori-1.webp"},"yoast_head":"<!-- This site is optimized with the Yoast SEO plugin v27.4 - https:\/\/yoast.com\/product\/yoast-seo-wordpress\/ -->\n<title>MeBer-X camilla x-frame<\/title>\n<meta name=\"description\" content=\"Camilla x-frame de 9 alturas ajustables y dise\u00f1ada para facilitar las operaciones de carga, descarga, elevaci\u00f3n y descenso del paciente.\" \/>\n<meta name=\"robots\" content=\"noindex, follow, max-snippet:-1, max-image-preview:large, max-video-preview:-1\" \/>\n<meta property=\"og:locale\" content=\"es_ES\" \/>\n<meta property=\"og:type\" content=\"article\" \/>\n<meta property=\"og:title\" content=\"MeBer-X camilla x-frame\" \/>\n<meta property=\"og:description\" content=\"Camilla x-frame de 9 alturas ajustables y dise\u00f1ada para facilitar las operaciones de carga, descarga, elevaci\u00f3n y descenso del paciente.\" \/>\n<meta property=\"og:url\" content=\"https:\/\/meber2026.graphoservice.it\/es\/product\/meber-x-7300\/\" \/>\n<meta property=\"og:site_name\" content=\"Me.Ber.\" \/>\n<meta name=\"twitter:card\" content=\"summary_large_image\" \/>\n<meta name=\"twitter:label1\" content=\"Tiempo de lectura\" \/>\n\t<meta name=\"twitter:data1\" content=\"1 minuto\" \/>\n<script type=\"application\/ld+json\" class=\"yoast-schema-graph\">{\"@context\":\"https:\\\/\\\/schema.org\",\"@graph\":[{\"@type\":\"WebPage\",\"@id\":\"https:\\\/\\\/meber2026.graphoservice.it\\\/es\\\/product\\\/meber-x-7300\\\/\",\"url\":\"https:\\\/\\\/meber2026.graphoservice.it\\\/es\\\/product\\\/meber-x-7300\\\/\",\"name\":\"MeBer-X camilla x-frame\",\"isPartOf\":{\"@id\":\"https:\\\/\\\/meber2026.graphoservice.it\\\/es\\\/#website\"},\"primaryImageOfPage\":{\"@id\":\"https:\\\/\\\/meber2026.graphoservice.it\\\/es\\\/product\\\/meber-x-7300\\\/#primaryimage\"},\"image\":{\"@id\":\"https:\\\/\\\/meber2026.graphoservice.it\\\/es\\\/product\\\/meber-x-7300\\\/#primaryimage\"},\"thumbnailUrl\":\"https:\\\/\\\/meber2026.graphoservice.it\\\/wp-content\\\/uploads\\\/2026\\\/02\\\/MeberX-senza-accessori-1.webp\",\"datePublished\":\"2026-02-10T09:27:39+00:00\",\"description\":\"Camilla x-frame de 9 alturas ajustables y dise\u00f1ada para facilitar las operaciones de carga, descarga, elevaci\u00f3n y descenso del paciente.\",\"breadcrumb\":{\"@id\":\"https:\\\/\\\/meber2026.graphoservice.it\\\/es\\\/product\\\/meber-x-7300\\\/#breadcrumb\"},\"inLanguage\":\"es\",\"potentialAction\":[{\"@type\":\"ReadAction\",\"target\":[\"https:\\\/\\\/meber2026.graphoservice.it\\\/es\\\/product\\\/meber-x-7300\\\/\"]}]},{\"@type\":\"ImageObject\",\"inLanguage\":\"es\",\"@id\":\"https:\\\/\\\/meber2026.graphoservice.it\\\/es\\\/product\\\/meber-x-7300\\\/#primaryimage\",\"url\":\"https:\\\/\\\/meber2026.graphoservice.it\\\/wp-content\\\/uploads\\\/2026\\\/02\\\/MeberX-senza-accessori-1.webp\",\"contentUrl\":\"https:\\\/\\\/meber2026.graphoservice.it\\\/wp-content\\\/uploads\\\/2026\\\/02\\\/MeberX-senza-accessori-1.webp\",\"width\":2000,\"height\":2000},{\"@type\":\"BreadcrumbList\",\"@id\":\"https:\\\/\\\/meber2026.graphoservice.it\\\/es\\\/product\\\/meber-x-7300\\\/#breadcrumb\",\"itemListElement\":[{\"@type\":\"ListItem\",\"position\":1,\"name\":\"Home\",\"item\":\"https:\\\/\\\/meber2026.graphoservice.it\\\/es\\\/\"},{\"@type\":\"ListItem\",\"position\":2,\"name\":\"MeBer-X 7300\"}]},{\"@type\":\"WebSite\",\"@id\":\"https:\\\/\\\/meber2026.graphoservice.it\\\/es\\\/#website\",\"url\":\"https:\\\/\\\/meber2026.graphoservice.it\\\/es\\\/\",\"name\":\"Me.Ber.\",\"description\":\"In Case of Emergerncy\",\"potentialAction\":[{\"@type\":\"SearchAction\",\"target\":{\"@type\":\"EntryPoint\",\"urlTemplate\":\"https:\\\/\\\/meber2026.graphoservice.it\\\/es\\\/?s={search_term_string}\"},\"query-input\":{\"@type\":\"PropertyValueSpecification\",\"valueRequired\":true,\"valueName\":\"search_term_string\"}}],\"inLanguage\":\"es\"}]}<\/script>\n<!-- \/ Yoast SEO plugin. -->","yoast_head_json":{"title":"MeBer-X camilla x-frame","description":"Camilla x-frame de 9 alturas ajustables y dise\u00f1ada para facilitar las operaciones de carga, descarga, elevaci\u00f3n y descenso del paciente.","robots":{"index":"noindex","follow":"follow","max-snippet":"max-snippet:-1","max-image-preview":"max-image-preview:large","max-video-preview":"max-video-preview:-1"},"og_locale":"es_ES","og_type":"article","og_title":"MeBer-X camilla x-frame","og_description":"Camilla x-frame de 9 alturas ajustables y dise\u00f1ada para facilitar las operaciones de carga, descarga, elevaci\u00f3n y descenso del paciente.","og_url":"https:\/\/meber2026.graphoservice.it\/es\/product\/meber-x-7300\/","og_site_name":"Me.Ber.","twitter_card":"summary_large_image","twitter_misc":{"Tiempo de lectura":"1 minuto"},"schema":{"@context":"https:\/\/schema.org","@graph":[{"@type":"WebPage","@id":"https:\/\/meber2026.graphoservice.it\/es\/product\/meber-x-7300\/","url":"https:\/\/meber2026.graphoservice.it\/es\/product\/meber-x-7300\/","name":"MeBer-X camilla x-frame","isPartOf":{"@id":"https:\/\/meber2026.graphoservice.it\/es\/#website"},"primaryImageOfPage":{"@id":"https:\/\/meber2026.graphoservice.it\/es\/product\/meber-x-7300\/#primaryimage"},"image":{"@id":"https:\/\/meber2026.graphoservice.it\/es\/product\/meber-x-7300\/#primaryimage"},"thumbnailUrl":"https:\/\/meber2026.graphoservice.it\/wp-content\/uploads\/2026\/02\/MeberX-senza-accessori-1.webp","datePublished":"2026-02-10T09:27:39+00:00","description":"Camilla x-frame de 9 alturas ajustables y dise\u00f1ada para facilitar las operaciones de carga, descarga, elevaci\u00f3n y descenso del paciente.","breadcrumb":{"@id":"https:\/\/meber2026.graphoservice.it\/es\/product\/meber-x-7300\/#breadcrumb"},"inLanguage":"es","potentialAction":[{"@type":"ReadAction","target":["https:\/\/meber2026.graphoservice.it\/es\/product\/meber-x-7300\/"]}]},{"@type":"ImageObject","inLanguage":"es","@id":"https:\/\/meber2026.graphoservice.it\/es\/product\/meber-x-7300\/#primaryimage","url":"https:\/\/meber2026.graphoservice.it\/wp-content\/uploads\/2026\/02\/MeberX-senza-accessori-1.webp","contentUrl":"https:\/\/meber2026.graphoservice.it\/wp-content\/uploads\/2026\/02\/MeberX-senza-accessori-1.webp","width":2000,"height":2000},{"@type":"BreadcrumbList","@id":"https:\/\/meber2026.graphoservice.it\/es\/product\/meber-x-7300\/#breadcrumb","itemListElement":[{"@type":"ListItem","position":1,"name":"Home","item":"https:\/\/meber2026.graphoservice.it\/es\/"},{"@type":"ListItem","position":2,"name":"MeBer-X 7300"}]},{"@type":"WebSite","@id":"https:\/\/meber2026.graphoservice.it\/es\/#website","url":"https:\/\/meber2026.graphoservice.it\/es\/","name":"Me.Ber.","description":"In Case of Emergerncy","potentialAction":[{"@type":"SearchAction","target":{"@type":"EntryPoint","urlTemplate":"https:\/\/meber2026.graphoservice.it\/es\/?s={search_term_string}"},"query-input":{"@type":"PropertyValueSpecification","valueRequired":true,"valueName":"search_term_string"}}],"inLanguage":"es"}]}},"_links":{"self":[{"href":"https:\/\/meber2026.graphoservice.it\/es\/wp-json\/wp\/v2\/product\/19005","targetHints":{"allow":["GET"]}}],"collection":[{"href":"https:\/\/meber2026.graphoservice.it\/es\/wp-json\/wp\/v2\/product"}],"about":[{"href":"https:\/\/meber2026.graphoservice.it\/es\/wp-json\/wp\/v2\/types\/product"}],"author":[{"embeddable":true,"href":"https:\/\/meber2026.graphoservice.it\/es\/wp-json\/wp\/v2\/users\/1"}],"version-history":[{"count":0,"href":"https:\/\/meber2026.graphoservice.it\/es\/wp-json\/wp\/v2\/product\/19005\/revisions"}],"wp:featuredmedia":[{"embeddable":true,"href":"https:\/\/meber2026.graphoservice.it\/es\/wp-json\/wp\/v2\/media\/26209"}],"wp:attachment":[{"href":"https:\/\/meber2026.graphoservice.it\/es\/wp-json\/wp\/v2\/media?parent=19005"}],"wp:term":[{"taxonomy":"application-tag","embeddable":true,"href":"https:\/\/meber2026.graphoservice.it\/es\/wp-json\/wp\/v2\/application-tag?post=19005"}],"curies":[{"name":"wp","href":"https:\/\/api.w.org\/{rel}","templated":true}]}}