{"id":18925,"date":"2026-02-10T09:27:30","date_gmt":"2026-02-10T09:27:30","guid":{"rendered":"https:\/\/meber2026.graphoservice.it\/product\/8440-2\/"},"modified":"2026-02-10T09:27:31","modified_gmt":"2026-02-10T09:27:31","slug":"8440-2","status":"publish","type":"product","link":"https:\/\/meber2026.graphoservice.it\/es\/product\/8440-2\/","title":{"rendered":"8440"},"content":{"rendered":"<p>Hoy en d\u00eda los desfibriladores AED que encontramos en el mercado son principalmente semiautom\u00e1ticos, por lo tanto, son accionados por comandos de voz y la activaci\u00f3n de las descargas se realiza con el control manual operado por el operador. Una acci\u00f3n simple y guiada.<\/p>\n<p><strong>Instrucciones de voz guiada.<\/strong><br \/>\nSiguiendo los mensajes de texto y las instrucciones de voz, cualquiera puede usar este dispositivo que salva vidas.<\/p>\n<p> <strong>Caracter\u00edsticas principales:<\/strong><\/p>\n<ul>\n<li>Bater\u00eda Limno2 de larga duraci\u00f3n: 5 a\u00f1os, 200 descargas.<\/li>\n<li>Autotest componentes cr\u00edticos: permiten un mantenimiento eficiente de la funcionalidad del equipo<\/li>\n<li>C\u00e1lculo de impedancia: verificaci\u00f3n de la integridad del contacto del AED con el paciente<!-- li --><\/li>\n<li>Software heart on: se utiliza para almacenar de forma org\u00e1nica los datos de uso del AED, as\u00ed como para permitir la actualizaci\u00f3n del firmware<\/li>\n<li>Electrodos pre-conectados: reducen el tiempo de intervenci\u00f3n<\/li>\n<li>Puerto de comunicaci\u00f3n IRDA: permite la comunicaci\u00f3n pc &#8211; desfibrilador<\/li>\n<li>Energ\u00eda variable: adulto (> 25 kg) de 185 a 200j &#8211; ni\u00f1o (<25 kg) de 45 a 50j.<\/li>\n<li>Technoheart Plus: tecnolog\u00eda<\/li>\n<li>Tecnolog\u00eda bif\u00e1sica: sistema de activaci\u00f3n y suministro de energ\u00eda m\u00e1s avanzado para las descargas<\/li>\n<li>Eficacia primer shock: 100% certificado<\/li>\n<li>Impacto medio por paciente: 2.3<\/li>\n<li>Tiempo efectivo de desfibrilaci\u00f3n: 55 seg.<\/li>\n<\/ul>\n","protected":false},"excerpt":{"rendered":"<p>Hoy en d\u00eda los desfibriladores AED que encontramos en el mercado son principalmente semiautom\u00e1ticos, por lo tanto, son accionados por comandos de voz y la activaci\u00f3n de las descargas se realiza con el control manual operado por el operador. Una acci\u00f3n simple y guiada. Instrucciones de voz guiada. Siguiendo los mensajes de texto y las [&hellip;]<\/p>\n","protected":false},"author":1,"featured_media":28371,"parent":0,"menu_order":60003400,"template":"","meta":{"_acf_changed":false,"footnotes":""},"application-tag":[101,69],"class_list":["post-18925","product","type-product","status-publish","has-post-thumbnail","hentry","application-tag-diagnostico","application-tag-pediatrico"],"acf":[],"dsm_author":{"name":"admeb26","avatar_url":"https:\/\/meber2026.graphoservice.it\/wp-content\/plugins\/ultimate-member\/assets\/img\/default_avatar.jpg","archive_link":"https:\/\/meber2026.graphoservice.it\/es\/author\/admeb26\/","biodata":""},"dsm_categories":[],"dsm_attachment_categories":[],"dsm_featured_image":{"thumbnail":"https:\/\/meber2026.graphoservice.it\/wp-content\/uploads\/2026\/02\/Defibrillatore_TG_011_no-piastre-150x150.png","medium":"https:\/\/meber2026.graphoservice.it\/wp-content\/uploads\/2026\/02\/Defibrillatore_TG_011_no-piastre-300x300.png","medium_large":"https:\/\/meber2026.graphoservice.it\/wp-content\/uploads\/2026\/02\/Defibrillatore_TG_011_no-piastre-768x768.png","large":"https:\/\/meber2026.graphoservice.it\/wp-content\/uploads\/2026\/02\/Defibrillatore_TG_011_no-piastre-1024x1024.png","1536x1536":"https:\/\/meber2026.graphoservice.it\/wp-content\/uploads\/2026\/02\/Defibrillatore_TG_011_no-piastre-1536x1536.png","2048x2048":"https:\/\/meber2026.graphoservice.it\/wp-content\/uploads\/2026\/02\/Defibrillatore_TG_011_no-piastre-2048x2048.png","et-pb-post-main-image":"https:\/\/meber2026.graphoservice.it\/wp-content\/uploads\/2026\/02\/Defibrillatore_TG_011_no-piastre-400x250.png","et-pb-post-main-image-fullwidth":"https:\/\/meber2026.graphoservice.it\/wp-content\/uploads\/2026\/02\/Defibrillatore_TG_011_no-piastre-1080x675.png","et-pb-portfolio-image":"https:\/\/meber2026.graphoservice.it\/wp-content\/uploads\/2026\/02\/Defibrillatore_TG_011_no-piastre-400x284.png","et-pb-portfolio-module-image":"https:\/\/meber2026.graphoservice.it\/wp-content\/uploads\/2026\/02\/Defibrillatore_TG_011_no-piastre-510x382.png","et-pb-portfolio-image-single":"https:\/\/meber2026.graphoservice.it\/wp-content\/uploads\/2026\/02\/Defibrillatore_TG_011_no-piastre-1080x1080.png","et-pb-gallery-module-image-portrait":"https:\/\/meber2026.graphoservice.it\/wp-content\/uploads\/2026\/02\/Defibrillatore_TG_011_no-piastre-400x516.png","et-pb-post-main-image-fullwidth-large":"https:\/\/meber2026.graphoservice.it\/wp-content\/uploads\/2026\/02\/Defibrillatore_TG_011_no-piastre-2160x1800.png","et-pb-image--responsive--desktop":"https:\/\/meber2026.graphoservice.it\/wp-content\/uploads\/2026\/02\/Defibrillatore_TG_011_no-piastre-1280x1280.png","et-pb-image--responsive--tablet":"https:\/\/meber2026.graphoservice.it\/wp-content\/uploads\/2026\/02\/Defibrillatore_TG_011_no-piastre-980x980.png","et-pb-image--responsive--phone":"https:\/\/meber2026.graphoservice.it\/wp-content\/uploads\/2026\/02\/Defibrillatore_TG_011_no-piastre-480x480.png","full":"https:\/\/meber2026.graphoservice.it\/wp-content\/uploads\/2026\/02\/Defibrillatore_TG_011_no-piastre.png"},"yoast_head":"<!-- This site is optimized with the Yoast SEO plugin v27.4 - https:\/\/yoast.com\/product\/yoast-seo-wordpress\/ -->\n<title>8440<\/title>\n<meta name=\"robots\" content=\"noindex, follow, max-snippet:-1, max-image-preview:large, max-video-preview:-1\" \/>\n<meta property=\"og:locale\" content=\"es_ES\" \/>\n<meta property=\"og:type\" content=\"article\" \/>\n<meta property=\"og:title\" content=\"8440\" \/>\n<meta property=\"og:description\" content=\"Hoy en d\u00eda los desfibriladores AED que encontramos en el mercado son principalmente semiautom\u00e1ticos, por lo tanto, son accionados por comandos de voz y la activaci\u00f3n de las descargas se realiza con el control manual operado por el operador. Una acci\u00f3n simple y guiada. Instrucciones de voz guiada. Siguiendo los mensajes de texto y las [&hellip;]\" \/>\n<meta property=\"og:url\" content=\"https:\/\/meber2026.graphoservice.it\/es\/product\/8440-2\/\" \/>\n<meta property=\"og:site_name\" content=\"Me.Ber.\" \/>\n<meta property=\"article:modified_time\" content=\"2026-02-10T09:27:31+00:00\" \/>\n<meta name=\"twitter:card\" content=\"summary_large_image\" \/>\n<meta name=\"twitter:label1\" content=\"Tiempo de lectura\" \/>\n\t<meta name=\"twitter:data1\" content=\"1 minuto\" \/>\n<script type=\"application\/ld+json\" class=\"yoast-schema-graph\">{\"@context\":\"https:\\\/\\\/schema.org\",\"@graph\":[{\"@type\":\"WebPage\",\"@id\":\"https:\\\/\\\/meber2026.graphoservice.it\\\/es\\\/product\\\/8440-2\\\/\",\"url\":\"https:\\\/\\\/meber2026.graphoservice.it\\\/es\\\/product\\\/8440-2\\\/\",\"name\":\"8440\",\"isPartOf\":{\"@id\":\"https:\\\/\\\/meber2026.graphoservice.it\\\/es\\\/#website\"},\"primaryImageOfPage\":{\"@id\":\"https:\\\/\\\/meber2026.graphoservice.it\\\/es\\\/product\\\/8440-2\\\/#primaryimage\"},\"image\":{\"@id\":\"https:\\\/\\\/meber2026.graphoservice.it\\\/es\\\/product\\\/8440-2\\\/#primaryimage\"},\"thumbnailUrl\":\"https:\\\/\\\/meber2026.graphoservice.it\\\/wp-content\\\/uploads\\\/2026\\\/02\\\/Defibrillatore_TG_011_no-piastre.png\",\"datePublished\":\"2026-02-10T09:27:30+00:00\",\"dateModified\":\"2026-02-10T09:27:31+00:00\",\"breadcrumb\":{\"@id\":\"https:\\\/\\\/meber2026.graphoservice.it\\\/es\\\/product\\\/8440-2\\\/#breadcrumb\"},\"inLanguage\":\"es\",\"potentialAction\":[{\"@type\":\"ReadAction\",\"target\":[\"https:\\\/\\\/meber2026.graphoservice.it\\\/es\\\/product\\\/8440-2\\\/\"]}]},{\"@type\":\"ImageObject\",\"inLanguage\":\"es\",\"@id\":\"https:\\\/\\\/meber2026.graphoservice.it\\\/es\\\/product\\\/8440-2\\\/#primaryimage\",\"url\":\"https:\\\/\\\/meber2026.graphoservice.it\\\/wp-content\\\/uploads\\\/2026\\\/02\\\/Defibrillatore_TG_011_no-piastre.png\",\"contentUrl\":\"https:\\\/\\\/meber2026.graphoservice.it\\\/wp-content\\\/uploads\\\/2026\\\/02\\\/Defibrillatore_TG_011_no-piastre.png\",\"width\":2160,\"height\":2160},{\"@type\":\"BreadcrumbList\",\"@id\":\"https:\\\/\\\/meber2026.graphoservice.it\\\/es\\\/product\\\/8440-2\\\/#breadcrumb\",\"itemListElement\":[{\"@type\":\"ListItem\",\"position\":1,\"name\":\"Home\",\"item\":\"https:\\\/\\\/meber2026.graphoservice.it\\\/es\\\/\"},{\"@type\":\"ListItem\",\"position\":2,\"name\":\"8440\"}]},{\"@type\":\"WebSite\",\"@id\":\"https:\\\/\\\/meber2026.graphoservice.it\\\/es\\\/#website\",\"url\":\"https:\\\/\\\/meber2026.graphoservice.it\\\/es\\\/\",\"name\":\"Me.Ber.\",\"description\":\"In Case of Emergerncy\",\"potentialAction\":[{\"@type\":\"SearchAction\",\"target\":{\"@type\":\"EntryPoint\",\"urlTemplate\":\"https:\\\/\\\/meber2026.graphoservice.it\\\/es\\\/?s={search_term_string}\"},\"query-input\":{\"@type\":\"PropertyValueSpecification\",\"valueRequired\":true,\"valueName\":\"search_term_string\"}}],\"inLanguage\":\"es\"}]}<\/script>\n<!-- \/ Yoast SEO plugin. -->","yoast_head_json":{"title":"8440","robots":{"index":"noindex","follow":"follow","max-snippet":"max-snippet:-1","max-image-preview":"max-image-preview:large","max-video-preview":"max-video-preview:-1"},"og_locale":"es_ES","og_type":"article","og_title":"8440","og_description":"Hoy en d\u00eda los desfibriladores AED que encontramos en el mercado son principalmente semiautom\u00e1ticos, por lo tanto, son accionados por comandos de voz y la activaci\u00f3n de las descargas se realiza con el control manual operado por el operador. Una acci\u00f3n simple y guiada. Instrucciones de voz guiada. Siguiendo los mensajes de texto y las [&hellip;]","og_url":"https:\/\/meber2026.graphoservice.it\/es\/product\/8440-2\/","og_site_name":"Me.Ber.","article_modified_time":"2026-02-10T09:27:31+00:00","twitter_card":"summary_large_image","twitter_misc":{"Tiempo de lectura":"1 minuto"},"schema":{"@context":"https:\/\/schema.org","@graph":[{"@type":"WebPage","@id":"https:\/\/meber2026.graphoservice.it\/es\/product\/8440-2\/","url":"https:\/\/meber2026.graphoservice.it\/es\/product\/8440-2\/","name":"8440","isPartOf":{"@id":"https:\/\/meber2026.graphoservice.it\/es\/#website"},"primaryImageOfPage":{"@id":"https:\/\/meber2026.graphoservice.it\/es\/product\/8440-2\/#primaryimage"},"image":{"@id":"https:\/\/meber2026.graphoservice.it\/es\/product\/8440-2\/#primaryimage"},"thumbnailUrl":"https:\/\/meber2026.graphoservice.it\/wp-content\/uploads\/2026\/02\/Defibrillatore_TG_011_no-piastre.png","datePublished":"2026-02-10T09:27:30+00:00","dateModified":"2026-02-10T09:27:31+00:00","breadcrumb":{"@id":"https:\/\/meber2026.graphoservice.it\/es\/product\/8440-2\/#breadcrumb"},"inLanguage":"es","potentialAction":[{"@type":"ReadAction","target":["https:\/\/meber2026.graphoservice.it\/es\/product\/8440-2\/"]}]},{"@type":"ImageObject","inLanguage":"es","@id":"https:\/\/meber2026.graphoservice.it\/es\/product\/8440-2\/#primaryimage","url":"https:\/\/meber2026.graphoservice.it\/wp-content\/uploads\/2026\/02\/Defibrillatore_TG_011_no-piastre.png","contentUrl":"https:\/\/meber2026.graphoservice.it\/wp-content\/uploads\/2026\/02\/Defibrillatore_TG_011_no-piastre.png","width":2160,"height":2160},{"@type":"BreadcrumbList","@id":"https:\/\/meber2026.graphoservice.it\/es\/product\/8440-2\/#breadcrumb","itemListElement":[{"@type":"ListItem","position":1,"name":"Home","item":"https:\/\/meber2026.graphoservice.it\/es\/"},{"@type":"ListItem","position":2,"name":"8440"}]},{"@type":"WebSite","@id":"https:\/\/meber2026.graphoservice.it\/es\/#website","url":"https:\/\/meber2026.graphoservice.it\/es\/","name":"Me.Ber.","description":"In Case of Emergerncy","potentialAction":[{"@type":"SearchAction","target":{"@type":"EntryPoint","urlTemplate":"https:\/\/meber2026.graphoservice.it\/es\/?s={search_term_string}"},"query-input":{"@type":"PropertyValueSpecification","valueRequired":true,"valueName":"search_term_string"}}],"inLanguage":"es"}]}},"_links":{"self":[{"href":"https:\/\/meber2026.graphoservice.it\/es\/wp-json\/wp\/v2\/product\/18925","targetHints":{"allow":["GET"]}}],"collection":[{"href":"https:\/\/meber2026.graphoservice.it\/es\/wp-json\/wp\/v2\/product"}],"about":[{"href":"https:\/\/meber2026.graphoservice.it\/es\/wp-json\/wp\/v2\/types\/product"}],"author":[{"embeddable":true,"href":"https:\/\/meber2026.graphoservice.it\/es\/wp-json\/wp\/v2\/users\/1"}],"version-history":[{"count":0,"href":"https:\/\/meber2026.graphoservice.it\/es\/wp-json\/wp\/v2\/product\/18925\/revisions"}],"wp:featuredmedia":[{"embeddable":true,"href":"https:\/\/meber2026.graphoservice.it\/es\/wp-json\/wp\/v2\/media\/28371"}],"wp:attachment":[{"href":"https:\/\/meber2026.graphoservice.it\/es\/wp-json\/wp\/v2\/media?parent=18925"}],"wp:term":[{"taxonomy":"application-tag","embeddable":true,"href":"https:\/\/meber2026.graphoservice.it\/es\/wp-json\/wp\/v2\/application-tag?post=18925"}],"curies":[{"name":"wp","href":"https:\/\/api.w.org\/{rel}","templated":true}]}}