{"id":18900,"date":"2026-02-10T09:27:27","date_gmt":"2026-02-10T09:27:27","guid":{"rendered":"https:\/\/meber2026.graphoservice.it\/product\/antares-856\/"},"modified":"2026-04-28T16:11:16","modified_gmt":"2026-04-28T16:11:16","slug":"antares-856","status":"publish","type":"product","link":"https:\/\/meber2026.graphoservice.it\/es\/product\/antares-856\/","title":{"rendered":"Antares 856"},"content":{"rendered":"<p>El collar\u00edn cervical ANTARES es una instrumento altamente profesional e indispensable para el operador de rescate. Consta de 2 piezas, se posiciona en la parte frontal y posterior del cuello, lo que permite una inmovilizaci\u00f3n perfecta de la columna cervical. Equipado con un orificio central para realizar una eventual traqueotom\u00eda, es f\u00e1cil de aplicar y ajustar gracias a los cierres de velcro realizados en diferentes colores para distinguir los diferentes tama\u00f1os. Fabricado en polietileno transparente y revestimiento interno en E.V.A. lavable fijado con remaches de pl\u00e1stico. Disponible en 6 tama\u00f1os diferentes.<\/p>\n","protected":false},"excerpt":{"rendered":"<p>El collar\u00edn cervical ANTARES es una instrumento altamente profesional e indispensable para el operador de rescate. Consta de 2 piezas, se posiciona en la parte frontal y posterior del cuello, lo que permite una inmovilizaci\u00f3n perfecta de la columna cervical. Equipado con un orificio central para realizar una eventual traqueotom\u00eda, es f\u00e1cil de aplicar y [&hellip;]<\/p>\n","protected":false},"author":1,"featured_media":27310,"parent":0,"menu_order":50007000,"template":"","meta":{"_acf_changed":false,"footnotes":""},"application-tag":[84],"class_list":["post-18900","product","type-product","status-publish","has-post-thumbnail","hentry","application-tag-inmovilizacion"],"acf":[],"dsm_author":{"name":"admeb26","avatar_url":"https:\/\/meber2026.graphoservice.it\/wp-content\/plugins\/ultimate-member\/assets\/img\/default_avatar.jpg","archive_link":"https:\/\/meber2026.graphoservice.it\/es\/author\/admeb26\/","biodata":""},"dsm_categories":[],"dsm_attachment_categories":[],"dsm_featured_image":{"thumbnail":"https:\/\/meber2026.graphoservice.it\/wp-content\/uploads\/2026\/03\/Antares_collari_nuovo-logo-150x150.webp","medium":"https:\/\/meber2026.graphoservice.it\/wp-content\/uploads\/2026\/03\/Antares_collari_nuovo-logo-300x300.webp","medium_large":"https:\/\/meber2026.graphoservice.it\/wp-content\/uploads\/2026\/03\/Antares_collari_nuovo-logo-768x768.webp","large":"https:\/\/meber2026.graphoservice.it\/wp-content\/uploads\/2026\/03\/Antares_collari_nuovo-logo-1024x1024.webp","1536x1536":"https:\/\/meber2026.graphoservice.it\/wp-content\/uploads\/2026\/03\/Antares_collari_nuovo-logo.webp","2048x2048":"https:\/\/meber2026.graphoservice.it\/wp-content\/uploads\/2026\/03\/Antares_collari_nuovo-logo.webp","et-pb-post-main-image":"https:\/\/meber2026.graphoservice.it\/wp-content\/uploads\/2026\/03\/Antares_collari_nuovo-logo-400x250.webp","et-pb-post-main-image-fullwidth":"https:\/\/meber2026.graphoservice.it\/wp-content\/uploads\/2026\/03\/Antares_collari_nuovo-logo-1080x675.webp","et-pb-portfolio-image":"https:\/\/meber2026.graphoservice.it\/wp-content\/uploads\/2026\/03\/Antares_collari_nuovo-logo-400x284.webp","et-pb-portfolio-module-image":"https:\/\/meber2026.graphoservice.it\/wp-content\/uploads\/2026\/03\/Antares_collari_nuovo-logo-510x382.webp","et-pb-portfolio-image-single":"https:\/\/meber2026.graphoservice.it\/wp-content\/uploads\/2026\/03\/Antares_collari_nuovo-logo-1080x1080.webp","et-pb-gallery-module-image-portrait":"https:\/\/meber2026.graphoservice.it\/wp-content\/uploads\/2026\/03\/Antares_collari_nuovo-logo-400x516.webp","et-pb-post-main-image-fullwidth-large":"https:\/\/meber2026.graphoservice.it\/wp-content\/uploads\/2026\/03\/Antares_collari_nuovo-logo.webp","et-pb-image--responsive--desktop":"https:\/\/meber2026.graphoservice.it\/wp-content\/uploads\/2026\/03\/Antares_collari_nuovo-logo-1280x1280.webp","et-pb-image--responsive--tablet":"https:\/\/meber2026.graphoservice.it\/wp-content\/uploads\/2026\/03\/Antares_collari_nuovo-logo-980x980.webp","et-pb-image--responsive--phone":"https:\/\/meber2026.graphoservice.it\/wp-content\/uploads\/2026\/03\/Antares_collari_nuovo-logo-480x480.webp","full":"https:\/\/meber2026.graphoservice.it\/wp-content\/uploads\/2026\/03\/Antares_collari_nuovo-logo.webp"},"yoast_head":"<!-- This site is optimized with the Yoast SEO plugin v27.4 - https:\/\/yoast.com\/product\/yoast-seo-wordpress\/ -->\n<title>Antares 856<\/title>\n<meta name=\"robots\" content=\"noindex, follow, max-snippet:-1, max-image-preview:large, max-video-preview:-1\" \/>\n<meta property=\"og:locale\" content=\"es_ES\" \/>\n<meta property=\"og:type\" content=\"article\" \/>\n<meta property=\"og:title\" content=\"Antares 856\" \/>\n<meta property=\"og:description\" content=\"El collar\u00edn cervical ANTARES es una instrumento altamente profesional e indispensable para el operador de rescate. Consta de 2 piezas, se posiciona en la parte frontal y posterior del cuello, lo que permite una inmovilizaci\u00f3n perfecta de la columna cervical. Equipado con un orificio central para realizar una eventual traqueotom\u00eda, es f\u00e1cil de aplicar y [&hellip;]\" \/>\n<meta property=\"og:url\" content=\"https:\/\/meber2026.graphoservice.it\/es\/product\/antares-856\/\" \/>\n<meta property=\"og:site_name\" content=\"Me.Ber.\" \/>\n<meta property=\"article:modified_time\" content=\"2026-04-28T16:11:16+00:00\" \/>\n<meta property=\"og:image\" content=\"https:\/\/meber2026.graphoservice.it\/wp-content\/uploads\/2026\/03\/Antares_collari_nuovo-logo.webp\" \/>\n\t<meta property=\"og:image:width\" content=\"1295\" \/>\n\t<meta property=\"og:image:height\" content=\"1295\" \/>\n\t<meta property=\"og:image:type\" content=\"image\/webp\" \/>\n<meta name=\"twitter:card\" content=\"summary_large_image\" \/>\n<script type=\"application\/ld+json\" class=\"yoast-schema-graph\">{\"@context\":\"https:\\\/\\\/schema.org\",\"@graph\":[{\"@type\":\"WebPage\",\"@id\":\"https:\\\/\\\/meber2026.graphoservice.it\\\/es\\\/product\\\/antares-856\\\/\",\"url\":\"https:\\\/\\\/meber2026.graphoservice.it\\\/es\\\/product\\\/antares-856\\\/\",\"name\":\"Antares 856\",\"isPartOf\":{\"@id\":\"https:\\\/\\\/meber2026.graphoservice.it\\\/es\\\/#website\"},\"primaryImageOfPage\":{\"@id\":\"https:\\\/\\\/meber2026.graphoservice.it\\\/es\\\/product\\\/antares-856\\\/#primaryimage\"},\"image\":{\"@id\":\"https:\\\/\\\/meber2026.graphoservice.it\\\/es\\\/product\\\/antares-856\\\/#primaryimage\"},\"thumbnailUrl\":\"https:\\\/\\\/meber2026.graphoservice.it\\\/wp-content\\\/uploads\\\/2026\\\/03\\\/Antares_collari_nuovo-logo.webp\",\"datePublished\":\"2026-02-10T09:27:27+00:00\",\"dateModified\":\"2026-04-28T16:11:16+00:00\",\"breadcrumb\":{\"@id\":\"https:\\\/\\\/meber2026.graphoservice.it\\\/es\\\/product\\\/antares-856\\\/#breadcrumb\"},\"inLanguage\":\"es\",\"potentialAction\":[{\"@type\":\"ReadAction\",\"target\":[\"https:\\\/\\\/meber2026.graphoservice.it\\\/es\\\/product\\\/antares-856\\\/\"]}]},{\"@type\":\"ImageObject\",\"inLanguage\":\"es\",\"@id\":\"https:\\\/\\\/meber2026.graphoservice.it\\\/es\\\/product\\\/antares-856\\\/#primaryimage\",\"url\":\"https:\\\/\\\/meber2026.graphoservice.it\\\/wp-content\\\/uploads\\\/2026\\\/03\\\/Antares_collari_nuovo-logo.webp\",\"contentUrl\":\"https:\\\/\\\/meber2026.graphoservice.it\\\/wp-content\\\/uploads\\\/2026\\\/03\\\/Antares_collari_nuovo-logo.webp\",\"width\":1295,\"height\":1295},{\"@type\":\"BreadcrumbList\",\"@id\":\"https:\\\/\\\/meber2026.graphoservice.it\\\/es\\\/product\\\/antares-856\\\/#breadcrumb\",\"itemListElement\":[{\"@type\":\"ListItem\",\"position\":1,\"name\":\"Home\",\"item\":\"https:\\\/\\\/meber2026.graphoservice.it\\\/es\\\/\"},{\"@type\":\"ListItem\",\"position\":2,\"name\":\"Antares 856\"}]},{\"@type\":\"WebSite\",\"@id\":\"https:\\\/\\\/meber2026.graphoservice.it\\\/es\\\/#website\",\"url\":\"https:\\\/\\\/meber2026.graphoservice.it\\\/es\\\/\",\"name\":\"Me.Ber.\",\"description\":\"In Case of Emergerncy\",\"potentialAction\":[{\"@type\":\"SearchAction\",\"target\":{\"@type\":\"EntryPoint\",\"urlTemplate\":\"https:\\\/\\\/meber2026.graphoservice.it\\\/es\\\/?s={search_term_string}\"},\"query-input\":{\"@type\":\"PropertyValueSpecification\",\"valueRequired\":true,\"valueName\":\"search_term_string\"}}],\"inLanguage\":\"es\"}]}<\/script>\n<!-- \/ Yoast SEO plugin. -->","yoast_head_json":{"title":"Antares 856","robots":{"index":"noindex","follow":"follow","max-snippet":"max-snippet:-1","max-image-preview":"max-image-preview:large","max-video-preview":"max-video-preview:-1"},"og_locale":"es_ES","og_type":"article","og_title":"Antares 856","og_description":"El collar\u00edn cervical ANTARES es una instrumento altamente profesional e indispensable para el operador de rescate. Consta de 2 piezas, se posiciona en la parte frontal y posterior del cuello, lo que permite una inmovilizaci\u00f3n perfecta de la columna cervical. Equipado con un orificio central para realizar una eventual traqueotom\u00eda, es f\u00e1cil de aplicar y [&hellip;]","og_url":"https:\/\/meber2026.graphoservice.it\/es\/product\/antares-856\/","og_site_name":"Me.Ber.","article_modified_time":"2026-04-28T16:11:16+00:00","og_image":[{"width":1295,"height":1295,"url":"https:\/\/meber2026.graphoservice.it\/wp-content\/uploads\/2026\/03\/Antares_collari_nuovo-logo.webp","type":"image\/webp"}],"twitter_card":"summary_large_image","schema":{"@context":"https:\/\/schema.org","@graph":[{"@type":"WebPage","@id":"https:\/\/meber2026.graphoservice.it\/es\/product\/antares-856\/","url":"https:\/\/meber2026.graphoservice.it\/es\/product\/antares-856\/","name":"Antares 856","isPartOf":{"@id":"https:\/\/meber2026.graphoservice.it\/es\/#website"},"primaryImageOfPage":{"@id":"https:\/\/meber2026.graphoservice.it\/es\/product\/antares-856\/#primaryimage"},"image":{"@id":"https:\/\/meber2026.graphoservice.it\/es\/product\/antares-856\/#primaryimage"},"thumbnailUrl":"https:\/\/meber2026.graphoservice.it\/wp-content\/uploads\/2026\/03\/Antares_collari_nuovo-logo.webp","datePublished":"2026-02-10T09:27:27+00:00","dateModified":"2026-04-28T16:11:16+00:00","breadcrumb":{"@id":"https:\/\/meber2026.graphoservice.it\/es\/product\/antares-856\/#breadcrumb"},"inLanguage":"es","potentialAction":[{"@type":"ReadAction","target":["https:\/\/meber2026.graphoservice.it\/es\/product\/antares-856\/"]}]},{"@type":"ImageObject","inLanguage":"es","@id":"https:\/\/meber2026.graphoservice.it\/es\/product\/antares-856\/#primaryimage","url":"https:\/\/meber2026.graphoservice.it\/wp-content\/uploads\/2026\/03\/Antares_collari_nuovo-logo.webp","contentUrl":"https:\/\/meber2026.graphoservice.it\/wp-content\/uploads\/2026\/03\/Antares_collari_nuovo-logo.webp","width":1295,"height":1295},{"@type":"BreadcrumbList","@id":"https:\/\/meber2026.graphoservice.it\/es\/product\/antares-856\/#breadcrumb","itemListElement":[{"@type":"ListItem","position":1,"name":"Home","item":"https:\/\/meber2026.graphoservice.it\/es\/"},{"@type":"ListItem","position":2,"name":"Antares 856"}]},{"@type":"WebSite","@id":"https:\/\/meber2026.graphoservice.it\/es\/#website","url":"https:\/\/meber2026.graphoservice.it\/es\/","name":"Me.Ber.","description":"In Case of Emergerncy","potentialAction":[{"@type":"SearchAction","target":{"@type":"EntryPoint","urlTemplate":"https:\/\/meber2026.graphoservice.it\/es\/?s={search_term_string}"},"query-input":{"@type":"PropertyValueSpecification","valueRequired":true,"valueName":"search_term_string"}}],"inLanguage":"es"}]}},"_links":{"self":[{"href":"https:\/\/meber2026.graphoservice.it\/es\/wp-json\/wp\/v2\/product\/18900","targetHints":{"allow":["GET"]}}],"collection":[{"href":"https:\/\/meber2026.graphoservice.it\/es\/wp-json\/wp\/v2\/product"}],"about":[{"href":"https:\/\/meber2026.graphoservice.it\/es\/wp-json\/wp\/v2\/types\/product"}],"author":[{"embeddable":true,"href":"https:\/\/meber2026.graphoservice.it\/es\/wp-json\/wp\/v2\/users\/1"}],"version-history":[{"count":1,"href":"https:\/\/meber2026.graphoservice.it\/es\/wp-json\/wp\/v2\/product\/18900\/revisions"}],"predecessor-version":[{"id":30932,"href":"https:\/\/meber2026.graphoservice.it\/es\/wp-json\/wp\/v2\/product\/18900\/revisions\/30932"}],"wp:featuredmedia":[{"embeddable":true,"href":"https:\/\/meber2026.graphoservice.it\/es\/wp-json\/wp\/v2\/media\/27310"}],"wp:attachment":[{"href":"https:\/\/meber2026.graphoservice.it\/es\/wp-json\/wp\/v2\/media?parent=18900"}],"wp:term":[{"taxonomy":"application-tag","embeddable":true,"href":"https:\/\/meber2026.graphoservice.it\/es\/wp-json\/wp\/v2\/application-tag?post=18900"}],"curies":[{"name":"wp","href":"https:\/\/api.w.org\/{rel}","templated":true}]}}