{"id":18880,"date":"2026-02-10T09:27:26","date_gmt":"2026-02-10T09:27:26","guid":{"rendered":"https:\/\/meber2026.graphoservice.it\/product\/frog-7210-proof\/"},"modified":"2026-04-28T16:10:48","modified_gmt":"2026-04-28T16:10:48","slug":"frog-7210-proof","status":"publish","type":"product","link":"https:\/\/meber2026.graphoservice.it\/es\/product\/frog-7210-proof\/","title":{"rendered":"Frog 7210 PROOF"},"content":{"rendered":"<p>Fabricada en acero soldado con recubrimiento de polvo, es un dispositivo notablemente resistente y confiable. La mayor blandura de las 4 ruedas de (2 fijas con freno y 2 giratorias \u00d8 200 mm autocentrantes) proporciona al paciente un alto grado de confort. Este modelo de camilla est\u00e1 equipado incluso con la posici\u00f3n trendelenburg de 0\u00b0 a 20\u00b0.<br \/>\n \u2022 Plataforma r\u00edgida en material termopl\u00e1stico reforzado.\u00a0<br \/>\n\u2022 Respaldo reclinable 0\u00b0 -80\u00b0 accionado por un pist\u00f3n a gas bloqueable en cualquier posici\u00f3n.\u00a0<br \/>\n\u2022 Bandarillas laterales abatibles.\u00a0<br \/>\n\u2022 Patas verticales protegidas con parachoques de pl\u00e1stico.\u00a0<br \/>\n\u2022 Ruedas giratorias con sistema de autocentrado para permitir el posicionamiento de la camilla en la ambulancia sin tener que girar las ruedas manualmente.\u00a0<br \/>\n\u2022 Carro delantero abatible para reducir el tama\u00f1o de la camilla.<\/p>\n<p>En combinaci\u00f3n con la correspondiente fijaci\u00f3n 955 Proof, soporta tensiones de hasta 10g.<br \/>\nIncluye colchoneta y cinturones (Art. 7013, n. 2 cinturones Art. 608-A\/MEB o 608-N\/MEB y n. 1 cintur\u00f3n Art. 612\/AN-2\/MEB o Art. 612\/N- 2\/MEB).<\/p>\n<div style=\"\">\u00a0<\/div>\n<div style=\"\">\u00a0<\/div>\n<div style=\"\">\u00a0<\/div>\n<p style=\"\"><img loading=\"lazy\" decoding=\"async\" alt=\"\" height=\"88\" src=\"http:\/\/www.meber.it\/adm\/Images\/contents\/10G Logo 2019_def.png\" width=\"80\" \/><br \/>\n<strong>Dispositivo certificado seg\u00fan normas europeas armonizadas de seguridad UNI EN 1865 &#8211; UNI EN 1789.<\/strong><\/p>\n<div style=\"\">\u00a0<\/div>\n<p><iframe referrerpolicy=\"strict-origin-when-cross-origin\" loading=\"lazy\" allow=\"accelerometer; autoplay; encrypted-media; gyroscope; picture-in-picture\" allowfullscreen=\"\" frameborder=\"0\" height=\"315\" src=\"https:\/\/www.youtube.com\/embed\/3hENvcaP_BM?origin=https%3A%2F%2Fmeber2026.graphoservice.it%2Fes%2F\" width=\"560\"><\/iframe><\/p>\n","protected":false},"excerpt":{"rendered":"<p>Fabricada en acero soldado con recubrimiento de polvo, es un dispositivo notablemente resistente y confiable. La mayor blandura de las 4 ruedas de (2 fijas con freno y 2 giratorias \u00d8 200 mm autocentrantes) proporciona al paciente un alto grado de confort. Este modelo de camilla est\u00e1 equipado incluso con la posici\u00f3n trendelenburg de 0\u00b0 [&hellip;]<\/p>\n","protected":false},"author":1,"featured_media":15418,"parent":0,"menu_order":20001600,"template":"","meta":{"_acf_changed":false,"footnotes":""},"application-tag":[75,66],"class_list":["post-18880","product","type-product","status-publish","has-post-thumbnail","hentry","application-tag-camillas-y-carros-autocargables","application-tag-certificado-10g"],"acf":[],"dsm_author":{"name":"admeb26","avatar_url":"https:\/\/meber2026.graphoservice.it\/wp-content\/plugins\/ultimate-member\/assets\/img\/default_avatar.jpg","archive_link":"https:\/\/meber2026.graphoservice.it\/es\/author\/admeb26\/","biodata":""},"dsm_categories":[],"dsm_attachment_categories":[],"dsm_featured_image":{"thumbnail":"https:\/\/meber2026.graphoservice.it\/wp-content\/uploads\/2026\/02\/FROG_Barella_autocaricante-150x150.jpg","medium":"https:\/\/meber2026.graphoservice.it\/wp-content\/uploads\/2026\/02\/FROG_Barella_autocaricante-300x297.jpg","medium_large":"https:\/\/meber2026.graphoservice.it\/wp-content\/uploads\/2026\/02\/FROG_Barella_autocaricante-768x761.jpg","large":"https:\/\/meber2026.graphoservice.it\/wp-content\/uploads\/2026\/02\/FROG_Barella_autocaricante.jpg","1536x1536":"https:\/\/meber2026.graphoservice.it\/wp-content\/uploads\/2026\/02\/FROG_Barella_autocaricante.jpg","2048x2048":"https:\/\/meber2026.graphoservice.it\/wp-content\/uploads\/2026\/02\/FROG_Barella_autocaricante.jpg","et-pb-post-main-image":"https:\/\/meber2026.graphoservice.it\/wp-content\/uploads\/2026\/02\/FROG_Barella_autocaricante-400x250.jpg","et-pb-post-main-image-fullwidth":"https:\/\/meber2026.graphoservice.it\/wp-content\/uploads\/2026\/02\/FROG_Barella_autocaricante-780x675.jpg","et-pb-portfolio-image":"https:\/\/meber2026.graphoservice.it\/wp-content\/uploads\/2026\/02\/FROG_Barella_autocaricante-400x284.jpg","et-pb-portfolio-module-image":"https:\/\/meber2026.graphoservice.it\/wp-content\/uploads\/2026\/02\/FROG_Barella_autocaricante-510x382.jpg","et-pb-portfolio-image-single":"https:\/\/meber2026.graphoservice.it\/wp-content\/uploads\/2026\/02\/FROG_Barella_autocaricante.jpg","et-pb-gallery-module-image-portrait":"https:\/\/meber2026.graphoservice.it\/wp-content\/uploads\/2026\/02\/FROG_Barella_autocaricante-400x516.jpg","et-pb-post-main-image-fullwidth-large":"https:\/\/meber2026.graphoservice.it\/wp-content\/uploads\/2026\/02\/FROG_Barella_autocaricante.jpg","et-pb-image--responsive--desktop":"https:\/\/meber2026.graphoservice.it\/wp-content\/uploads\/2026\/02\/FROG_Barella_autocaricante.jpg","et-pb-image--responsive--tablet":"https:\/\/meber2026.graphoservice.it\/wp-content\/uploads\/2026\/02\/FROG_Barella_autocaricante.jpg","et-pb-image--responsive--phone":"https:\/\/meber2026.graphoservice.it\/wp-content\/uploads\/2026\/02\/FROG_Barella_autocaricante-480x476.jpg","full":"https:\/\/meber2026.graphoservice.it\/wp-content\/uploads\/2026\/02\/FROG_Barella_autocaricante.jpg"},"yoast_head":"<!-- This site is optimized with the Yoast SEO plugin v27.4 - https:\/\/yoast.com\/product\/yoast-seo-wordpress\/ -->\n<title>Camilla de carga autom\u00e1tica Frog 7210 Proof<\/title>\n<meta name=\"description\" content=\"Camilla de carga autom\u00e1tica con Trendelenburg, fabricada en acero soldado barnizado. Soporta tensiones de hasta 10g. Incluye colchoneta y cinturones.\" \/>\n<meta name=\"robots\" content=\"noindex, follow, max-snippet:-1, max-image-preview:large, max-video-preview:-1\" \/>\n<meta property=\"og:locale\" content=\"es_ES\" \/>\n<meta property=\"og:type\" content=\"article\" \/>\n<meta property=\"og:title\" content=\"Camilla de carga autom\u00e1tica Frog 7210 Proof\" \/>\n<meta property=\"og:description\" content=\"Camilla de carga autom\u00e1tica con Trendelenburg, fabricada en acero soldado barnizado. Soporta tensiones de hasta 10g. Incluye colchoneta y cinturones.\" \/>\n<meta property=\"og:url\" content=\"https:\/\/meber2026.graphoservice.it\/es\/product\/frog-7210-proof\/\" \/>\n<meta property=\"og:site_name\" content=\"Me.Ber.\" \/>\n<meta property=\"article:modified_time\" content=\"2026-04-28T16:10:48+00:00\" \/>\n<meta property=\"og:image\" content=\"https:\/\/meber2026.graphoservice.it\/wp-content\/uploads\/2026\/02\/FROG_Barella_autocaricante.jpg\" \/>\n\t<meta property=\"og:image:width\" content=\"780\" \/>\n\t<meta property=\"og:image:height\" content=\"773\" \/>\n\t<meta property=\"og:image:type\" content=\"image\/jpeg\" \/>\n<meta name=\"twitter:card\" content=\"summary_large_image\" \/>\n<meta name=\"twitter:label1\" content=\"Tiempo de lectura\" \/>\n\t<meta name=\"twitter:data1\" content=\"1 minuto\" \/>\n<script type=\"application\/ld+json\" class=\"yoast-schema-graph\">{\"@context\":\"https:\\\/\\\/schema.org\",\"@graph\":[{\"@type\":\"WebPage\",\"@id\":\"https:\\\/\\\/meber2026.graphoservice.it\\\/es\\\/product\\\/frog-7210-proof\\\/\",\"url\":\"https:\\\/\\\/meber2026.graphoservice.it\\\/es\\\/product\\\/frog-7210-proof\\\/\",\"name\":\"Camilla de carga autom\u00e1tica Frog 7210 Proof\",\"isPartOf\":{\"@id\":\"https:\\\/\\\/meber2026.graphoservice.it\\\/es\\\/#website\"},\"primaryImageOfPage\":{\"@id\":\"https:\\\/\\\/meber2026.graphoservice.it\\\/es\\\/product\\\/frog-7210-proof\\\/#primaryimage\"},\"image\":{\"@id\":\"https:\\\/\\\/meber2026.graphoservice.it\\\/es\\\/product\\\/frog-7210-proof\\\/#primaryimage\"},\"thumbnailUrl\":\"https:\\\/\\\/meber2026.graphoservice.it\\\/wp-content\\\/uploads\\\/2026\\\/02\\\/FROG_Barella_autocaricante.jpg\",\"datePublished\":\"2026-02-10T09:27:26+00:00\",\"dateModified\":\"2026-04-28T16:10:48+00:00\",\"description\":\"Camilla de carga autom\u00e1tica con Trendelenburg, fabricada en acero soldado barnizado. Soporta tensiones de hasta 10g. Incluye colchoneta y cinturones.\",\"breadcrumb\":{\"@id\":\"https:\\\/\\\/meber2026.graphoservice.it\\\/es\\\/product\\\/frog-7210-proof\\\/#breadcrumb\"},\"inLanguage\":\"es\",\"potentialAction\":[{\"@type\":\"ReadAction\",\"target\":[\"https:\\\/\\\/meber2026.graphoservice.it\\\/es\\\/product\\\/frog-7210-proof\\\/\"]}]},{\"@type\":\"ImageObject\",\"inLanguage\":\"es\",\"@id\":\"https:\\\/\\\/meber2026.graphoservice.it\\\/es\\\/product\\\/frog-7210-proof\\\/#primaryimage\",\"url\":\"https:\\\/\\\/meber2026.graphoservice.it\\\/wp-content\\\/uploads\\\/2026\\\/02\\\/FROG_Barella_autocaricante.jpg\",\"contentUrl\":\"https:\\\/\\\/meber2026.graphoservice.it\\\/wp-content\\\/uploads\\\/2026\\\/02\\\/FROG_Barella_autocaricante.jpg\",\"width\":780,\"height\":773},{\"@type\":\"BreadcrumbList\",\"@id\":\"https:\\\/\\\/meber2026.graphoservice.it\\\/es\\\/product\\\/frog-7210-proof\\\/#breadcrumb\",\"itemListElement\":[{\"@type\":\"ListItem\",\"position\":1,\"name\":\"Home\",\"item\":\"https:\\\/\\\/meber2026.graphoservice.it\\\/es\\\/\"},{\"@type\":\"ListItem\",\"position\":2,\"name\":\"Frog 7210 PROOF\"}]},{\"@type\":\"WebSite\",\"@id\":\"https:\\\/\\\/meber2026.graphoservice.it\\\/es\\\/#website\",\"url\":\"https:\\\/\\\/meber2026.graphoservice.it\\\/es\\\/\",\"name\":\"Me.Ber.\",\"description\":\"In Case of Emergerncy\",\"potentialAction\":[{\"@type\":\"SearchAction\",\"target\":{\"@type\":\"EntryPoint\",\"urlTemplate\":\"https:\\\/\\\/meber2026.graphoservice.it\\\/es\\\/?s={search_term_string}\"},\"query-input\":{\"@type\":\"PropertyValueSpecification\",\"valueRequired\":true,\"valueName\":\"search_term_string\"}}],\"inLanguage\":\"es\"}]}<\/script>\n<!-- \/ Yoast SEO plugin. -->","yoast_head_json":{"title":"Camilla de carga autom\u00e1tica Frog 7210 Proof","description":"Camilla de carga autom\u00e1tica con Trendelenburg, fabricada en acero soldado barnizado. Soporta tensiones de hasta 10g. Incluye colchoneta y cinturones.","robots":{"index":"noindex","follow":"follow","max-snippet":"max-snippet:-1","max-image-preview":"max-image-preview:large","max-video-preview":"max-video-preview:-1"},"og_locale":"es_ES","og_type":"article","og_title":"Camilla de carga autom\u00e1tica Frog 7210 Proof","og_description":"Camilla de carga autom\u00e1tica con Trendelenburg, fabricada en acero soldado barnizado. Soporta tensiones de hasta 10g. Incluye colchoneta y cinturones.","og_url":"https:\/\/meber2026.graphoservice.it\/es\/product\/frog-7210-proof\/","og_site_name":"Me.Ber.","article_modified_time":"2026-04-28T16:10:48+00:00","og_image":[{"width":780,"height":773,"url":"https:\/\/meber2026.graphoservice.it\/wp-content\/uploads\/2026\/02\/FROG_Barella_autocaricante.jpg","type":"image\/jpeg"}],"twitter_card":"summary_large_image","twitter_misc":{"Tiempo de lectura":"1 minuto"},"schema":{"@context":"https:\/\/schema.org","@graph":[{"@type":"WebPage","@id":"https:\/\/meber2026.graphoservice.it\/es\/product\/frog-7210-proof\/","url":"https:\/\/meber2026.graphoservice.it\/es\/product\/frog-7210-proof\/","name":"Camilla de carga autom\u00e1tica Frog 7210 Proof","isPartOf":{"@id":"https:\/\/meber2026.graphoservice.it\/es\/#website"},"primaryImageOfPage":{"@id":"https:\/\/meber2026.graphoservice.it\/es\/product\/frog-7210-proof\/#primaryimage"},"image":{"@id":"https:\/\/meber2026.graphoservice.it\/es\/product\/frog-7210-proof\/#primaryimage"},"thumbnailUrl":"https:\/\/meber2026.graphoservice.it\/wp-content\/uploads\/2026\/02\/FROG_Barella_autocaricante.jpg","datePublished":"2026-02-10T09:27:26+00:00","dateModified":"2026-04-28T16:10:48+00:00","description":"Camilla de carga autom\u00e1tica con Trendelenburg, fabricada en acero soldado barnizado. Soporta tensiones de hasta 10g. Incluye colchoneta y cinturones.","breadcrumb":{"@id":"https:\/\/meber2026.graphoservice.it\/es\/product\/frog-7210-proof\/#breadcrumb"},"inLanguage":"es","potentialAction":[{"@type":"ReadAction","target":["https:\/\/meber2026.graphoservice.it\/es\/product\/frog-7210-proof\/"]}]},{"@type":"ImageObject","inLanguage":"es","@id":"https:\/\/meber2026.graphoservice.it\/es\/product\/frog-7210-proof\/#primaryimage","url":"https:\/\/meber2026.graphoservice.it\/wp-content\/uploads\/2026\/02\/FROG_Barella_autocaricante.jpg","contentUrl":"https:\/\/meber2026.graphoservice.it\/wp-content\/uploads\/2026\/02\/FROG_Barella_autocaricante.jpg","width":780,"height":773},{"@type":"BreadcrumbList","@id":"https:\/\/meber2026.graphoservice.it\/es\/product\/frog-7210-proof\/#breadcrumb","itemListElement":[{"@type":"ListItem","position":1,"name":"Home","item":"https:\/\/meber2026.graphoservice.it\/es\/"},{"@type":"ListItem","position":2,"name":"Frog 7210 PROOF"}]},{"@type":"WebSite","@id":"https:\/\/meber2026.graphoservice.it\/es\/#website","url":"https:\/\/meber2026.graphoservice.it\/es\/","name":"Me.Ber.","description":"In Case of Emergerncy","potentialAction":[{"@type":"SearchAction","target":{"@type":"EntryPoint","urlTemplate":"https:\/\/meber2026.graphoservice.it\/es\/?s={search_term_string}"},"query-input":{"@type":"PropertyValueSpecification","valueRequired":true,"valueName":"search_term_string"}}],"inLanguage":"es"}]}},"_links":{"self":[{"href":"https:\/\/meber2026.graphoservice.it\/es\/wp-json\/wp\/v2\/product\/18880","targetHints":{"allow":["GET"]}}],"collection":[{"href":"https:\/\/meber2026.graphoservice.it\/es\/wp-json\/wp\/v2\/product"}],"about":[{"href":"https:\/\/meber2026.graphoservice.it\/es\/wp-json\/wp\/v2\/types\/product"}],"author":[{"embeddable":true,"href":"https:\/\/meber2026.graphoservice.it\/es\/wp-json\/wp\/v2\/users\/1"}],"version-history":[{"count":1,"href":"https:\/\/meber2026.graphoservice.it\/es\/wp-json\/wp\/v2\/product\/18880\/revisions"}],"predecessor-version":[{"id":30916,"href":"https:\/\/meber2026.graphoservice.it\/es\/wp-json\/wp\/v2\/product\/18880\/revisions\/30916"}],"wp:featuredmedia":[{"embeddable":true,"href":"https:\/\/meber2026.graphoservice.it\/es\/wp-json\/wp\/v2\/media\/15418"}],"wp:attachment":[{"href":"https:\/\/meber2026.graphoservice.it\/es\/wp-json\/wp\/v2\/media?parent=18880"}],"wp:term":[{"taxonomy":"application-tag","embeddable":true,"href":"https:\/\/meber2026.graphoservice.it\/es\/wp-json\/wp\/v2\/application-tag?post=18880"}],"curies":[{"name":"wp","href":"https:\/\/api.w.org\/{rel}","templated":true}]}}