{"id":18870,"date":"2026-02-10T09:27:25","date_gmt":"2026-02-10T09:27:25","guid":{"rendered":"https:\/\/meber2026.graphoservice.it\/product\/toboga-16100\/"},"modified":"2026-02-10T09:27:25","modified_gmt":"2026-02-10T09:27:25","slug":"toboga-16100","status":"publish","type":"product","link":"https:\/\/meber2026.graphoservice.it\/es\/product\/toboga-16100\/","title":{"rendered":"Toboga 16100"},"content":{"rendered":"<p>Compuesta por una carcasa externa de pol\u00edmero de ABS modificado soportado por una estructura de aluminio robusta y permanente. Un total de 12 asas hacen que sea extremadamente f\u00e1cil de manejar.<br \/>\nEstructura resistente a productos qu\u00edmicos, rayos UV, \u00f3xido y corrosi\u00f3n. Resistentes pasadores de lat\u00f3n han sido estrat\u00e9gicamente colocados a lo largo de la barandilla de la camilla para permitir el levantamiento con el accesorio Art. 16100-005.<br \/>\nUna capa negra de espuma EVA se encuentra fijada dentro de la camilla para la comodidad del paciente.<br \/>\nSoporte con reborde de protecci\u00f3n, ajustable, hecho del mismo material que la camilla, cuatro correas de sujeci\u00f3n, f\u00e1cilmente reposicionables en cualquier lugar de la camilla, dependiendo del tama\u00f1o del paciente, completa el suministro est\u00e1ndar.<br \/>\nEn la parte inferior de la camilla se encuentran presente tres hojas deslizantes, incluidas en el molde, que permiten un uso f\u00e1cil y deslizamiento incluso en la nieve, en el agua y en terrenos irregulares.<\/p>\n","protected":false},"excerpt":{"rendered":"<p>Compuesta por una carcasa externa de pol\u00edmero de ABS modificado soportado por una estructura de aluminio robusta y permanente. Un total de 12 asas hacen que sea extremadamente f\u00e1cil de manejar. Estructura resistente a productos qu\u00edmicos, rayos UV, \u00f3xido y corrosi\u00f3n. Resistentes pasadores de lat\u00f3n han sido estrat\u00e9gicamente colocados a lo largo de la barandilla [&hellip;]<\/p>\n","protected":false},"author":1,"featured_media":26191,"parent":0,"menu_order":10002600,"template":"","meta":{"_acf_changed":false,"footnotes":""},"application-tag":[],"class_list":["post-18870","product","type-product","status-publish","has-post-thumbnail","hentry"],"acf":[],"dsm_author":{"name":"admeb26","avatar_url":"https:\/\/meber2026.graphoservice.it\/wp-content\/plugins\/ultimate-member\/assets\/img\/default_avatar.jpg","archive_link":"https:\/\/meber2026.graphoservice.it\/es\/author\/admeb26\/","biodata":""},"dsm_categories":[],"dsm_attachment_categories":[],"dsm_featured_image":{"thumbnail":"https:\/\/meber2026.graphoservice.it\/wp-content\/uploads\/2026\/02\/16100_toboga-150x150.webp","medium":"https:\/\/meber2026.graphoservice.it\/wp-content\/uploads\/2026\/02\/16100_toboga-300x300.webp","medium_large":"https:\/\/meber2026.graphoservice.it\/wp-content\/uploads\/2026\/02\/16100_toboga-768x768.webp","large":"https:\/\/meber2026.graphoservice.it\/wp-content\/uploads\/2026\/02\/16100_toboga-1024x1024.webp","1536x1536":"https:\/\/meber2026.graphoservice.it\/wp-content\/uploads\/2026\/02\/16100_toboga.webp","2048x2048":"https:\/\/meber2026.graphoservice.it\/wp-content\/uploads\/2026\/02\/16100_toboga.webp","et-pb-post-main-image":"https:\/\/meber2026.graphoservice.it\/wp-content\/uploads\/2026\/02\/16100_toboga-400x250.webp","et-pb-post-main-image-fullwidth":"https:\/\/meber2026.graphoservice.it\/wp-content\/uploads\/2026\/02\/16100_toboga-1080x675.webp","et-pb-portfolio-image":"https:\/\/meber2026.graphoservice.it\/wp-content\/uploads\/2026\/02\/16100_toboga-400x284.webp","et-pb-portfolio-module-image":"https:\/\/meber2026.graphoservice.it\/wp-content\/uploads\/2026\/02\/16100_toboga-510x382.webp","et-pb-portfolio-image-single":"https:\/\/meber2026.graphoservice.it\/wp-content\/uploads\/2026\/02\/16100_toboga-1080x1080.webp","et-pb-gallery-module-image-portrait":"https:\/\/meber2026.graphoservice.it\/wp-content\/uploads\/2026\/02\/16100_toboga-400x516.webp","et-pb-post-main-image-fullwidth-large":"https:\/\/meber2026.graphoservice.it\/wp-content\/uploads\/2026\/02\/16100_toboga.webp","et-pb-image--responsive--desktop":"https:\/\/meber2026.graphoservice.it\/wp-content\/uploads\/2026\/02\/16100_toboga.webp","et-pb-image--responsive--tablet":"https:\/\/meber2026.graphoservice.it\/wp-content\/uploads\/2026\/02\/16100_toboga-980x980.webp","et-pb-image--responsive--phone":"https:\/\/meber2026.graphoservice.it\/wp-content\/uploads\/2026\/02\/16100_toboga-480x480.webp","full":"https:\/\/meber2026.graphoservice.it\/wp-content\/uploads\/2026\/02\/16100_toboga.webp"},"yoast_head":"<!-- This site is optimized with the Yoast SEO plugin v27.4 - https:\/\/yoast.com\/product\/yoast-seo-wordpress\/ -->\n<title>Camilla Toboga 16100 MeBer<\/title>\n<meta name=\"description\" content=\"La camilla Toboga es ideal para cualquier situaci\u00f3n de emergencia, incluso la m\u00e1s extrema. Compuesta por 12 asas y resistentes pasadores de lat\u00f3n para levantar f\u00e1cilmente al paciente.\" \/>\n<meta name=\"robots\" content=\"noindex, follow, max-snippet:-1, max-image-preview:large, max-video-preview:-1\" \/>\n<meta property=\"og:locale\" content=\"es_ES\" \/>\n<meta property=\"og:type\" content=\"article\" \/>\n<meta property=\"og:title\" content=\"Camilla Toboga 16100 MeBer\" \/>\n<meta property=\"og:description\" content=\"La camilla Toboga es ideal para cualquier situaci\u00f3n de emergencia, incluso la m\u00e1s extrema. Compuesta por 12 asas y resistentes pasadores de lat\u00f3n para levantar f\u00e1cilmente al paciente.\" \/>\n<meta property=\"og:url\" content=\"https:\/\/meber2026.graphoservice.it\/es\/product\/toboga-16100\/\" \/>\n<meta property=\"og:site_name\" content=\"Me.Ber.\" \/>\n<meta name=\"twitter:card\" content=\"summary_large_image\" \/>\n<meta name=\"twitter:label1\" content=\"Tiempo de lectura\" \/>\n\t<meta name=\"twitter:data1\" content=\"1 minuto\" \/>\n<script type=\"application\/ld+json\" class=\"yoast-schema-graph\">{\"@context\":\"https:\\\/\\\/schema.org\",\"@graph\":[{\"@type\":\"WebPage\",\"@id\":\"https:\\\/\\\/meber2026.graphoservice.it\\\/es\\\/product\\\/toboga-16100\\\/\",\"url\":\"https:\\\/\\\/meber2026.graphoservice.it\\\/es\\\/product\\\/toboga-16100\\\/\",\"name\":\"Camilla Toboga 16100 MeBer\",\"isPartOf\":{\"@id\":\"https:\\\/\\\/meber2026.graphoservice.it\\\/es\\\/#website\"},\"primaryImageOfPage\":{\"@id\":\"https:\\\/\\\/meber2026.graphoservice.it\\\/es\\\/product\\\/toboga-16100\\\/#primaryimage\"},\"image\":{\"@id\":\"https:\\\/\\\/meber2026.graphoservice.it\\\/es\\\/product\\\/toboga-16100\\\/#primaryimage\"},\"thumbnailUrl\":\"https:\\\/\\\/meber2026.graphoservice.it\\\/wp-content\\\/uploads\\\/2026\\\/02\\\/16100_toboga.webp\",\"datePublished\":\"2026-02-10T09:27:25+00:00\",\"description\":\"La camilla Toboga es ideal para cualquier situaci\u00f3n de emergencia, incluso la m\u00e1s extrema. Compuesta por 12 asas y resistentes pasadores de lat\u00f3n para levantar f\u00e1cilmente al paciente.\",\"breadcrumb\":{\"@id\":\"https:\\\/\\\/meber2026.graphoservice.it\\\/es\\\/product\\\/toboga-16100\\\/#breadcrumb\"},\"inLanguage\":\"es\",\"potentialAction\":[{\"@type\":\"ReadAction\",\"target\":[\"https:\\\/\\\/meber2026.graphoservice.it\\\/es\\\/product\\\/toboga-16100\\\/\"]}]},{\"@type\":\"ImageObject\",\"inLanguage\":\"es\",\"@id\":\"https:\\\/\\\/meber2026.graphoservice.it\\\/es\\\/product\\\/toboga-16100\\\/#primaryimage\",\"url\":\"https:\\\/\\\/meber2026.graphoservice.it\\\/wp-content\\\/uploads\\\/2026\\\/02\\\/16100_toboga.webp\",\"contentUrl\":\"https:\\\/\\\/meber2026.graphoservice.it\\\/wp-content\\\/uploads\\\/2026\\\/02\\\/16100_toboga.webp\",\"width\":1200,\"height\":1200},{\"@type\":\"BreadcrumbList\",\"@id\":\"https:\\\/\\\/meber2026.graphoservice.it\\\/es\\\/product\\\/toboga-16100\\\/#breadcrumb\",\"itemListElement\":[{\"@type\":\"ListItem\",\"position\":1,\"name\":\"Home\",\"item\":\"https:\\\/\\\/meber2026.graphoservice.it\\\/es\\\/\"},{\"@type\":\"ListItem\",\"position\":2,\"name\":\"Toboga 16100\"}]},{\"@type\":\"WebSite\",\"@id\":\"https:\\\/\\\/meber2026.graphoservice.it\\\/es\\\/#website\",\"url\":\"https:\\\/\\\/meber2026.graphoservice.it\\\/es\\\/\",\"name\":\"Me.Ber.\",\"description\":\"In Case of Emergerncy\",\"potentialAction\":[{\"@type\":\"SearchAction\",\"target\":{\"@type\":\"EntryPoint\",\"urlTemplate\":\"https:\\\/\\\/meber2026.graphoservice.it\\\/es\\\/?s={search_term_string}\"},\"query-input\":{\"@type\":\"PropertyValueSpecification\",\"valueRequired\":true,\"valueName\":\"search_term_string\"}}],\"inLanguage\":\"es\"}]}<\/script>\n<!-- \/ Yoast SEO plugin. -->","yoast_head_json":{"title":"Camilla Toboga 16100 MeBer","description":"La camilla Toboga es ideal para cualquier situaci\u00f3n de emergencia, incluso la m\u00e1s extrema. Compuesta por 12 asas y resistentes pasadores de lat\u00f3n para levantar f\u00e1cilmente al paciente.","robots":{"index":"noindex","follow":"follow","max-snippet":"max-snippet:-1","max-image-preview":"max-image-preview:large","max-video-preview":"max-video-preview:-1"},"og_locale":"es_ES","og_type":"article","og_title":"Camilla Toboga 16100 MeBer","og_description":"La camilla Toboga es ideal para cualquier situaci\u00f3n de emergencia, incluso la m\u00e1s extrema. Compuesta por 12 asas y resistentes pasadores de lat\u00f3n para levantar f\u00e1cilmente al paciente.","og_url":"https:\/\/meber2026.graphoservice.it\/es\/product\/toboga-16100\/","og_site_name":"Me.Ber.","twitter_card":"summary_large_image","twitter_misc":{"Tiempo de lectura":"1 minuto"},"schema":{"@context":"https:\/\/schema.org","@graph":[{"@type":"WebPage","@id":"https:\/\/meber2026.graphoservice.it\/es\/product\/toboga-16100\/","url":"https:\/\/meber2026.graphoservice.it\/es\/product\/toboga-16100\/","name":"Camilla Toboga 16100 MeBer","isPartOf":{"@id":"https:\/\/meber2026.graphoservice.it\/es\/#website"},"primaryImageOfPage":{"@id":"https:\/\/meber2026.graphoservice.it\/es\/product\/toboga-16100\/#primaryimage"},"image":{"@id":"https:\/\/meber2026.graphoservice.it\/es\/product\/toboga-16100\/#primaryimage"},"thumbnailUrl":"https:\/\/meber2026.graphoservice.it\/wp-content\/uploads\/2026\/02\/16100_toboga.webp","datePublished":"2026-02-10T09:27:25+00:00","description":"La camilla Toboga es ideal para cualquier situaci\u00f3n de emergencia, incluso la m\u00e1s extrema. Compuesta por 12 asas y resistentes pasadores de lat\u00f3n para levantar f\u00e1cilmente al paciente.","breadcrumb":{"@id":"https:\/\/meber2026.graphoservice.it\/es\/product\/toboga-16100\/#breadcrumb"},"inLanguage":"es","potentialAction":[{"@type":"ReadAction","target":["https:\/\/meber2026.graphoservice.it\/es\/product\/toboga-16100\/"]}]},{"@type":"ImageObject","inLanguage":"es","@id":"https:\/\/meber2026.graphoservice.it\/es\/product\/toboga-16100\/#primaryimage","url":"https:\/\/meber2026.graphoservice.it\/wp-content\/uploads\/2026\/02\/16100_toboga.webp","contentUrl":"https:\/\/meber2026.graphoservice.it\/wp-content\/uploads\/2026\/02\/16100_toboga.webp","width":1200,"height":1200},{"@type":"BreadcrumbList","@id":"https:\/\/meber2026.graphoservice.it\/es\/product\/toboga-16100\/#breadcrumb","itemListElement":[{"@type":"ListItem","position":1,"name":"Home","item":"https:\/\/meber2026.graphoservice.it\/es\/"},{"@type":"ListItem","position":2,"name":"Toboga 16100"}]},{"@type":"WebSite","@id":"https:\/\/meber2026.graphoservice.it\/es\/#website","url":"https:\/\/meber2026.graphoservice.it\/es\/","name":"Me.Ber.","description":"In Case of Emergerncy","potentialAction":[{"@type":"SearchAction","target":{"@type":"EntryPoint","urlTemplate":"https:\/\/meber2026.graphoservice.it\/es\/?s={search_term_string}"},"query-input":{"@type":"PropertyValueSpecification","valueRequired":true,"valueName":"search_term_string"}}],"inLanguage":"es"}]}},"_links":{"self":[{"href":"https:\/\/meber2026.graphoservice.it\/es\/wp-json\/wp\/v2\/product\/18870","targetHints":{"allow":["GET"]}}],"collection":[{"href":"https:\/\/meber2026.graphoservice.it\/es\/wp-json\/wp\/v2\/product"}],"about":[{"href":"https:\/\/meber2026.graphoservice.it\/es\/wp-json\/wp\/v2\/types\/product"}],"author":[{"embeddable":true,"href":"https:\/\/meber2026.graphoservice.it\/es\/wp-json\/wp\/v2\/users\/1"}],"version-history":[{"count":0,"href":"https:\/\/meber2026.graphoservice.it\/es\/wp-json\/wp\/v2\/product\/18870\/revisions"}],"wp:featuredmedia":[{"embeddable":true,"href":"https:\/\/meber2026.graphoservice.it\/es\/wp-json\/wp\/v2\/media\/26191"}],"wp:attachment":[{"href":"https:\/\/meber2026.graphoservice.it\/es\/wp-json\/wp\/v2\/media?parent=18870"}],"wp:term":[{"taxonomy":"application-tag","embeddable":true,"href":"https:\/\/meber2026.graphoservice.it\/es\/wp-json\/wp\/v2\/application-tag?post=18870"}],"curies":[{"name":"wp","href":"https:\/\/api.w.org\/{rel}","templated":true}]}}