{"id":18690,"date":"2026-02-10T09:26:27","date_gmt":"2026-02-10T09:26:27","guid":{"rendered":"https:\/\/meber2026.graphoservice.it\/product\/8442-2\/"},"modified":"2026-04-28T16:07:24","modified_gmt":"2026-04-28T16:07:24","slug":"8442-2","status":"publish","type":"product","link":"https:\/\/meber2026.graphoservice.it\/es\/product\/8442-2\/","title":{"rendered":"8442"},"content":{"rendered":"<p>El sistema de entrenamiento para desfibrilador externo autom\u00e1tico (AED) es un simulador que permite ense\u00f1ar t\u00e9cnicas b\u00e1sicas de rescate y procedimientos correctos de desfibrilaci\u00f3n a los trabajadores de primeros auxilios que usan el AED TecnoHeart Plus.  El sistema de entrenamiento DAE Trainer: <\/p>\n<ul>\n<li>\n<div>simula el suministro de descargas el\u00e9ctricas y, al no proporcionar altos voltajes, permite un funcionamiento seguro durante el entrenamiento,<\/div>\n<\/li>\n<li>\n<div>contiene 10 escenarios de entrenamiento preconfigurados que simulan episodios realistas de paro card\u00edaco repentino,<\/div>\n<\/li>\n<li>\n<div>se puede usar con el mando a distancia por infrarrojos que permite al instructor modificar los escenarios durante la fase de capacitaci\u00f3n para verificar la reacci\u00f3n del alumno. Usando el mando a distancia, tambi\u00e9n es posible simular inmediatamente el ritmo desfibrilable o el ritmo no desfibrilable..<\/div>\n<\/li>\n<\/ul>\n<div>El software para PCle permite configurar escenarios personalizados.<\/div>\n<div>Para conectar el dispositivo al puerto serie de la PC, se requiere un cable serie normal D-sub 1:1 de 9 polos.<\/p>\n<p> \u00a0<\/p><\/div>\n<div><span style=\"font-family: Tahoma;\"><b style=\"font-family: Arial; font-size: small;\"><span style=\"line-height: 115%;\">Especificaciones t\u00e9cnicas<\/span><\/b><\/span><\/div>\n<ul>\n<li>\n<div><span style=\"font-family: Tahoma;\"><span style=\"font-size: small;\"><b>Alimentaci\u00f3n:<\/b><\/span><\/span><\/div>\n<\/li>\n<\/ul>\n<div style=\"margin-left: 40px;\"><span style=\"font-family: Tahoma;\"><span style=\"font-size: small;\"><span style=\"font-size: small;\">DC 10,8V \/ 2200mAh<\/span><\/span><\/span><\/div>\n<div style=\"margin-left: 40px;\"><span style=\"font-family: Tahoma;\"><span style=\"font-size: small;\">Bater\u00eda de litio recargable de 3 celdas<\/span><br \/> <span style=\"font-size: small;\">DV 15V \/ adaptador DC 15V, 1,5A<\/span><\/span><\/div>\n<ul>\n<li>\n<div><span style=\"font-family: Tahoma;\"><span style=\"font-size: small;\"><b>Corriente est\u00e1tica:<\/b> < 5uA<\/span><\/span><\/div>\n<\/li>\n<li>\n<div><span style=\"font-family: Tahoma;\"><span style=\"font-size: small;\"><b>Corriente m\u00e1xima:<\/b> < 500mA<\/span><\/span><\/div>\n<\/li>\n<li>\n<div><span style=\"font-family: Tahoma;\"><span style=\"font-size: small;\"><b>Dimensiones: <\/b>314mm x 259mm x 109mm<\/span><\/span><\/div>\n<\/li>\n<li>\n<div><span style=\"font-family: Tahoma;\"><span style=\"font-size: small;\"><b>Peso:<\/b> 1,9kg<\/span><\/span><\/div>\n<\/li>\n<\/ul>\n<div>\u00a0<\/div>\n<div>\u00a0<\/div>\n<div>\u00a0<\/div>\n<div>\u00a0<\/div>\n<p><span style=\"font-family: Tahoma;\"><span style=\"font-size: small;\"><span style=\"font-family: Arial;\">\u00a0<\/span><\/span><\/span><\/p>\n<p><span style=\"font-family: Tahoma;\"><span style=\"font-size: small;\"><span style=\"font-family: Tahoma;\"><b><span style=\"line-height: 115%;\">Condiciones ambientales:<\/span><\/b><\/span><\/span><\/span><\/p>\n<div><span style=\"font-family: Tahoma;\"><span style=\"font-family: Tahoma;\"><span style=\"font-size: small;\"><b>OPERATIVAS<\/b><\/span><\/span><\/span><\/div>\n<ul>\n<li>\n<div><span style=\"font-family: Tahoma;\"><span style=\"font-family: Tahoma;\"><span style=\"font-size: small;\"><b>Funcionamiento:<\/b> da 0 a 43\u00b0C (da 32 a 109,4\u00b0F)<\/span><\/span><\/span><\/div>\n<\/li>\n<li>\n<div><span style=\"font-family: Tahoma;\"><span style=\"font-family: Tahoma;\"><span style=\"font-size: small;\"><b>Humedad relativa:<\/b> del 5 al 95% (sin condensaci\u00f3n)<\/span><\/span><\/span><\/div>\n<\/li>\n<li>\n<div><span style=\"font-family: Tahoma;\"><span style=\"font-family: Tahoma;\"><span style=\"font-size: small;\"><b>Altitud:<\/b> Da 0 a 4,475 m<\/span><\/span><\/span><\/div>\n<\/li>\n<\/ul>\n<div><span style=\"font-family: Tahoma;\"><span style=\"font-family: Tahoma;\"><span style=\"font-size: small;\"><b>ALMACENAMIENTO<\/b><\/span><\/span><\/span><\/div>\n<ul>\n<li>\n<div><span style=\"font-family: Tahoma;\"><span style=\"font-family: Tahoma;\"><span style=\"font-size: small;\"><b>Conservaci\u00f3n:<\/b> de -20 a 60\u00b0C (de -4 a 140\u00b0F)<\/span><\/span><\/span><\/div>\n<\/li>\n<li>\n<div><span style=\"font-family: Tahoma;\"><span style=\"font-family: Tahoma;\"><span style=\"font-size: small;\"><b>Humedad relativa:<\/b> del 5 al 95% (sin condensaci\u00f3n)<\/span><\/span><\/span><\/div>\n<\/li>\n<li>\n<div><span style=\"font-family: Tahoma;\"><span style=\"font-family: Tahoma;\"><span style=\"font-size: small;\"><b>Altitud:<\/b> Da 0 a 12,192m<\/span><\/span><\/span><\/div>\n<\/li>\n<\/ul>\n<div><span style=\"font-family: Tahoma;\">\u00a0<\/span><\/div>\n<div>\u00a0<\/div>\n<div>\u00a0<\/div>\n<div>\u00a0<\/div>\n<p><span style=\"font-family: Tahoma;\"><span style=\"font-family: Tahoma;\"><span style=\"font-size: small;\"><span style=\"font-family: Arial;\">\u00a0<\/span><\/span><\/span><\/span><\/p>\n<p><span style=\"font-family: Tahoma;\"><span style=\"font-family: Tahoma;\"><span style=\"font-size: small;\"><span style=\"font-family: Tahoma;\"><b><span style=\"line-height: 115%;\">Mando a distancia<\/span><\/b><\/span><\/span><\/span><\/span><\/p>\n<ul>\n<li>\n<div><span style=\"font-family: Tahoma;\"><span style=\"font-family: Tahoma;\"><span style=\"font-family: Tahoma;\"><span style=\"font-size: small;\"><b>Mando a distancia:<\/b> DC 3V \/ Pilas de bot\u00f3n<\/span><\/span><\/span><\/span><\/div>\n<\/li>\n<li>\n<div><span style=\"font-family: Tahoma;\"><span style=\"font-family: Tahoma;\"><span style=\"font-family: Tahoma;\"><span style=\"font-size: small;\"><b>Corriente est\u00e1tica:<\/b> 5 <\/span><\/span><\/span><\/span><\/div>\n<\/li>\n<li>\n<div><span style=\"font-family: Tahoma;\"><span style=\"font-family: Tahoma;\"><span style=\"font-family: Tahoma;\"><span style=\"font-size: small;\"><b>Corriente m\u00e1xima:<\/b> < 10mA<\/span><\/span><\/span><\/span><\/div>\n<\/li>\n<\/ul>\n<div><span style=\"font-family: Tahoma;\"><span style=\"font-family: Tahoma;\">\u00a0<\/span><\/span><\/div>\n<div>\u00a0<\/div>\n<div>\u00a0<\/div>\n<div>\u00a0<\/div>\n<p><span style=\"font-family: Tahoma;\"><span style=\"font-family: Tahoma;\"><span style=\"font-family: Tahoma;\"><span style=\"font-size: small;\"><span style=\"font-family: Arial;\">\u00a0<\/span><\/span><\/span><\/span><\/span><\/p>\n<p><span style=\"font-family: Tahoma;\"><span style=\"font-family: Tahoma;\"><span style=\"font-family: Tahoma;\"><span style=\"font-size: small;\"><span style=\"font-family: Tahoma;\"><b><span style=\"line-height: 115%;\">Lista de los componentes<\/span><\/b><\/span><\/span><\/span><\/span><\/span><\/p>\n<div><span style=\"font-family: Tahoma;\"><span style=\"font-family: Tahoma;\"><span style=\"font-family: Tahoma;\"><span style=\"font-family: Tahoma;\"><span style=\"font-size: small;\"><span style=\"line-height: 115%;\">N\u00b0 1 Mando a distancia<\/span><\/span><\/span><\/span><\/span><\/span><\/div>\n<div><span style=\"font-family: Tahoma;\"><span style=\"font-family: Tahoma;\"><span style=\"font-family: Tahoma;\"><span style=\"font-family: Tahoma;\"><span style=\"font-size: small;\"><span style=\"line-height: 115%;\">N\u00b0 1 Electrodos de entrenamiento para adultos (utilizable 100 veces)<\/span><\/span><\/span><\/span><\/span><\/span><\/div>\n<div><span style=\"font-family: Tahoma;\"><span style=\"font-family: Tahoma;\"><span style=\"font-family: Tahoma;\"><span style=\"font-family: Tahoma;\"><span style=\"font-size: small;\"><span style=\"line-height: 115%;\">N\u00b0 1 Manual del Usuario<\/span><\/span><\/span><\/span><\/span><\/span><\/div>\n<div><span style=\"font-family: Tahoma;\"><span style=\"font-family: Tahoma;\"><span style=\"font-family: Tahoma;\"><span style=\"font-family: Tahoma;\"><span style=\"font-size: small;\"><span style=\"line-height: 115%;\">N\u00b0 1 Estuche (de Nylon)<\/span><\/span><\/span><\/span><\/span><\/span><\/div>\n<div><span style=\"font-family: Tahoma;\"><span style=\"font-family: Tahoma;\"><span style=\"font-family: Tahoma;\"><span style=\"font-family: Tahoma;\"><span style=\"font-size: small;\"><span style=\"line-height: 115%;\">N\u00b0 1 Adaptador DC<\/span><\/span><\/span><\/span><\/span><\/span><\/div>\n<div><span style=\"font-family: Tahoma;\"><span style=\"font-family: Tahoma;\"><span style=\"font-family: Tahoma;\"><span style=\"font-family: Tahoma;\"><span style=\"font-size: small;\"><span style=\"line-height: 115%;\">N\u00b0 1 CD Software DAE Trainer (Opcional)<\/span><\/span><\/span><\/span><\/span><\/span><\/div>\n","protected":false},"excerpt":{"rendered":"<p>El sistema de entrenamiento para desfibrilador externo autom\u00e1tico (AED) es un simulador que permite ense\u00f1ar t\u00e9cnicas b\u00e1sicas de rescate y procedimientos correctos de desfibrilaci\u00f3n a los trabajadores de primeros auxilios que usan el AED TecnoHeart Plus. El sistema de entrenamiento DAE Trainer: simula el suministro de descargas el\u00e9ctricas y, al no proporcionar altos voltajes, permite [&hellip;]<\/p>\n","protected":false},"author":1,"featured_media":15144,"parent":0,"menu_order":60003500,"template":"","meta":{"_acf_changed":false,"footnotes":""},"application-tag":[101],"class_list":["post-18690","product","type-product","status-publish","has-post-thumbnail","hentry","application-tag-diagnostico"],"acf":[],"dsm_author":{"name":"admeb26","avatar_url":"https:\/\/meber2026.graphoservice.it\/wp-content\/plugins\/ultimate-member\/assets\/img\/default_avatar.jpg","archive_link":"https:\/\/meber2026.graphoservice.it\/es\/author\/admeb26\/","biodata":""},"dsm_categories":[],"dsm_attachment_categories":[],"dsm_featured_image":{"thumbnail":"https:\/\/meber2026.graphoservice.it\/wp-content\/uploads\/2026\/02\/8442_foto_HD_2-150x150.jpg","medium":"https:\/\/meber2026.graphoservice.it\/wp-content\/uploads\/2026\/02\/8442_foto_HD_2-300x225.jpg","medium_large":"https:\/\/meber2026.graphoservice.it\/wp-content\/uploads\/2026\/02\/8442_foto_HD_2-768x576.jpg","large":"https:\/\/meber2026.graphoservice.it\/wp-content\/uploads\/2026\/02\/8442_foto_HD_2.jpg","1536x1536":"https:\/\/meber2026.graphoservice.it\/wp-content\/uploads\/2026\/02\/8442_foto_HD_2.jpg","2048x2048":"https:\/\/meber2026.graphoservice.it\/wp-content\/uploads\/2026\/02\/8442_foto_HD_2.jpg","et-pb-post-main-image":"https:\/\/meber2026.graphoservice.it\/wp-content\/uploads\/2026\/02\/8442_foto_HD_2-400x250.jpg","et-pb-post-main-image-fullwidth":"https:\/\/meber2026.graphoservice.it\/wp-content\/uploads\/2026\/02\/8442_foto_HD_2.jpg","et-pb-portfolio-image":"https:\/\/meber2026.graphoservice.it\/wp-content\/uploads\/2026\/02\/8442_foto_HD_2-400x284.jpg","et-pb-portfolio-module-image":"https:\/\/meber2026.graphoservice.it\/wp-content\/uploads\/2026\/02\/8442_foto_HD_2-510x382.jpg","et-pb-portfolio-image-single":"https:\/\/meber2026.graphoservice.it\/wp-content\/uploads\/2026\/02\/8442_foto_HD_2.jpg","et-pb-gallery-module-image-portrait":"https:\/\/meber2026.graphoservice.it\/wp-content\/uploads\/2026\/02\/8442_foto_HD_2-400x516.jpg","et-pb-post-main-image-fullwidth-large":"https:\/\/meber2026.graphoservice.it\/wp-content\/uploads\/2026\/02\/8442_foto_HD_2.jpg","et-pb-image--responsive--desktop":"https:\/\/meber2026.graphoservice.it\/wp-content\/uploads\/2026\/02\/8442_foto_HD_2.jpg","et-pb-image--responsive--tablet":"https:\/\/meber2026.graphoservice.it\/wp-content\/uploads\/2026\/02\/8442_foto_HD_2.jpg","et-pb-image--responsive--phone":"https:\/\/meber2026.graphoservice.it\/wp-content\/uploads\/2026\/02\/8442_foto_HD_2-480x360.jpg","full":"https:\/\/meber2026.graphoservice.it\/wp-content\/uploads\/2026\/02\/8442_foto_HD_2.jpg"},"yoast_head":"<!-- This site is optimized with the Yoast SEO plugin v27.4 - https:\/\/yoast.com\/product\/yoast-seo-wordpress\/ -->\n<title>8442<\/title>\n<meta name=\"robots\" content=\"noindex, follow, max-snippet:-1, max-image-preview:large, max-video-preview:-1\" \/>\n<meta property=\"og:locale\" content=\"es_ES\" \/>\n<meta property=\"og:type\" content=\"article\" \/>\n<meta property=\"og:title\" content=\"8442\" \/>\n<meta property=\"og:description\" content=\"El sistema de entrenamiento para desfibrilador externo autom\u00e1tico (AED) es un simulador que permite ense\u00f1ar t\u00e9cnicas b\u00e1sicas de rescate y procedimientos correctos de desfibrilaci\u00f3n a los trabajadores de primeros auxilios que usan el AED TecnoHeart Plus. El sistema de entrenamiento DAE Trainer: simula el suministro de descargas el\u00e9ctricas y, al no proporcionar altos voltajes, permite [&hellip;]\" \/>\n<meta property=\"og:url\" content=\"https:\/\/meber2026.graphoservice.it\/es\/product\/8442-2\/\" \/>\n<meta property=\"og:site_name\" content=\"Me.Ber.\" \/>\n<meta property=\"article:modified_time\" content=\"2026-04-28T16:07:24+00:00\" \/>\n<meta property=\"og:image\" content=\"https:\/\/meber2026.graphoservice.it\/wp-content\/uploads\/2026\/02\/8442_foto_HD_2.jpg\" \/>\n\t<meta property=\"og:image:width\" content=\"780\" \/>\n\t<meta property=\"og:image:height\" content=\"585\" \/>\n\t<meta property=\"og:image:type\" content=\"image\/jpeg\" \/>\n<meta name=\"twitter:card\" content=\"summary_large_image\" \/>\n<meta name=\"twitter:label1\" content=\"Tiempo de lectura\" \/>\n\t<meta name=\"twitter:data1\" content=\"1 minuto\" \/>\n<script type=\"application\/ld+json\" class=\"yoast-schema-graph\">{\"@context\":\"https:\\\/\\\/schema.org\",\"@graph\":[{\"@type\":\"WebPage\",\"@id\":\"https:\\\/\\\/meber2026.graphoservice.it\\\/es\\\/product\\\/8442-2\\\/\",\"url\":\"https:\\\/\\\/meber2026.graphoservice.it\\\/es\\\/product\\\/8442-2\\\/\",\"name\":\"8442\",\"isPartOf\":{\"@id\":\"https:\\\/\\\/meber2026.graphoservice.it\\\/es\\\/#website\"},\"primaryImageOfPage\":{\"@id\":\"https:\\\/\\\/meber2026.graphoservice.it\\\/es\\\/product\\\/8442-2\\\/#primaryimage\"},\"image\":{\"@id\":\"https:\\\/\\\/meber2026.graphoservice.it\\\/es\\\/product\\\/8442-2\\\/#primaryimage\"},\"thumbnailUrl\":\"https:\\\/\\\/meber2026.graphoservice.it\\\/wp-content\\\/uploads\\\/2026\\\/02\\\/8442_foto_HD_2.jpg\",\"datePublished\":\"2026-02-10T09:26:27+00:00\",\"dateModified\":\"2026-04-28T16:07:24+00:00\",\"breadcrumb\":{\"@id\":\"https:\\\/\\\/meber2026.graphoservice.it\\\/es\\\/product\\\/8442-2\\\/#breadcrumb\"},\"inLanguage\":\"es\",\"potentialAction\":[{\"@type\":\"ReadAction\",\"target\":[\"https:\\\/\\\/meber2026.graphoservice.it\\\/es\\\/product\\\/8442-2\\\/\"]}]},{\"@type\":\"ImageObject\",\"inLanguage\":\"es\",\"@id\":\"https:\\\/\\\/meber2026.graphoservice.it\\\/es\\\/product\\\/8442-2\\\/#primaryimage\",\"url\":\"https:\\\/\\\/meber2026.graphoservice.it\\\/wp-content\\\/uploads\\\/2026\\\/02\\\/8442_foto_HD_2.jpg\",\"contentUrl\":\"https:\\\/\\\/meber2026.graphoservice.it\\\/wp-content\\\/uploads\\\/2026\\\/02\\\/8442_foto_HD_2.jpg\",\"width\":780,\"height\":585},{\"@type\":\"BreadcrumbList\",\"@id\":\"https:\\\/\\\/meber2026.graphoservice.it\\\/es\\\/product\\\/8442-2\\\/#breadcrumb\",\"itemListElement\":[{\"@type\":\"ListItem\",\"position\":1,\"name\":\"Home\",\"item\":\"https:\\\/\\\/meber2026.graphoservice.it\\\/es\\\/\"},{\"@type\":\"ListItem\",\"position\":2,\"name\":\"8442\"}]},{\"@type\":\"WebSite\",\"@id\":\"https:\\\/\\\/meber2026.graphoservice.it\\\/es\\\/#website\",\"url\":\"https:\\\/\\\/meber2026.graphoservice.it\\\/es\\\/\",\"name\":\"Me.Ber.\",\"description\":\"In Case of Emergerncy\",\"potentialAction\":[{\"@type\":\"SearchAction\",\"target\":{\"@type\":\"EntryPoint\",\"urlTemplate\":\"https:\\\/\\\/meber2026.graphoservice.it\\\/es\\\/?s={search_term_string}\"},\"query-input\":{\"@type\":\"PropertyValueSpecification\",\"valueRequired\":true,\"valueName\":\"search_term_string\"}}],\"inLanguage\":\"es\"}]}<\/script>\n<!-- \/ Yoast SEO plugin. -->","yoast_head_json":{"title":"8442","robots":{"index":"noindex","follow":"follow","max-snippet":"max-snippet:-1","max-image-preview":"max-image-preview:large","max-video-preview":"max-video-preview:-1"},"og_locale":"es_ES","og_type":"article","og_title":"8442","og_description":"El sistema de entrenamiento para desfibrilador externo autom\u00e1tico (AED) es un simulador que permite ense\u00f1ar t\u00e9cnicas b\u00e1sicas de rescate y procedimientos correctos de desfibrilaci\u00f3n a los trabajadores de primeros auxilios que usan el AED TecnoHeart Plus. El sistema de entrenamiento DAE Trainer: simula el suministro de descargas el\u00e9ctricas y, al no proporcionar altos voltajes, permite [&hellip;]","og_url":"https:\/\/meber2026.graphoservice.it\/es\/product\/8442-2\/","og_site_name":"Me.Ber.","article_modified_time":"2026-04-28T16:07:24+00:00","og_image":[{"width":780,"height":585,"url":"https:\/\/meber2026.graphoservice.it\/wp-content\/uploads\/2026\/02\/8442_foto_HD_2.jpg","type":"image\/jpeg"}],"twitter_card":"summary_large_image","twitter_misc":{"Tiempo de lectura":"1 minuto"},"schema":{"@context":"https:\/\/schema.org","@graph":[{"@type":"WebPage","@id":"https:\/\/meber2026.graphoservice.it\/es\/product\/8442-2\/","url":"https:\/\/meber2026.graphoservice.it\/es\/product\/8442-2\/","name":"8442","isPartOf":{"@id":"https:\/\/meber2026.graphoservice.it\/es\/#website"},"primaryImageOfPage":{"@id":"https:\/\/meber2026.graphoservice.it\/es\/product\/8442-2\/#primaryimage"},"image":{"@id":"https:\/\/meber2026.graphoservice.it\/es\/product\/8442-2\/#primaryimage"},"thumbnailUrl":"https:\/\/meber2026.graphoservice.it\/wp-content\/uploads\/2026\/02\/8442_foto_HD_2.jpg","datePublished":"2026-02-10T09:26:27+00:00","dateModified":"2026-04-28T16:07:24+00:00","breadcrumb":{"@id":"https:\/\/meber2026.graphoservice.it\/es\/product\/8442-2\/#breadcrumb"},"inLanguage":"es","potentialAction":[{"@type":"ReadAction","target":["https:\/\/meber2026.graphoservice.it\/es\/product\/8442-2\/"]}]},{"@type":"ImageObject","inLanguage":"es","@id":"https:\/\/meber2026.graphoservice.it\/es\/product\/8442-2\/#primaryimage","url":"https:\/\/meber2026.graphoservice.it\/wp-content\/uploads\/2026\/02\/8442_foto_HD_2.jpg","contentUrl":"https:\/\/meber2026.graphoservice.it\/wp-content\/uploads\/2026\/02\/8442_foto_HD_2.jpg","width":780,"height":585},{"@type":"BreadcrumbList","@id":"https:\/\/meber2026.graphoservice.it\/es\/product\/8442-2\/#breadcrumb","itemListElement":[{"@type":"ListItem","position":1,"name":"Home","item":"https:\/\/meber2026.graphoservice.it\/es\/"},{"@type":"ListItem","position":2,"name":"8442"}]},{"@type":"WebSite","@id":"https:\/\/meber2026.graphoservice.it\/es\/#website","url":"https:\/\/meber2026.graphoservice.it\/es\/","name":"Me.Ber.","description":"In Case of Emergerncy","potentialAction":[{"@type":"SearchAction","target":{"@type":"EntryPoint","urlTemplate":"https:\/\/meber2026.graphoservice.it\/es\/?s={search_term_string}"},"query-input":{"@type":"PropertyValueSpecification","valueRequired":true,"valueName":"search_term_string"}}],"inLanguage":"es"}]}},"_links":{"self":[{"href":"https:\/\/meber2026.graphoservice.it\/es\/wp-json\/wp\/v2\/product\/18690","targetHints":{"allow":["GET"]}}],"collection":[{"href":"https:\/\/meber2026.graphoservice.it\/es\/wp-json\/wp\/v2\/product"}],"about":[{"href":"https:\/\/meber2026.graphoservice.it\/es\/wp-json\/wp\/v2\/types\/product"}],"author":[{"embeddable":true,"href":"https:\/\/meber2026.graphoservice.it\/es\/wp-json\/wp\/v2\/users\/1"}],"version-history":[{"count":1,"href":"https:\/\/meber2026.graphoservice.it\/es\/wp-json\/wp\/v2\/product\/18690\/revisions"}],"predecessor-version":[{"id":30769,"href":"https:\/\/meber2026.graphoservice.it\/es\/wp-json\/wp\/v2\/product\/18690\/revisions\/30769"}],"wp:featuredmedia":[{"embeddable":true,"href":"https:\/\/meber2026.graphoservice.it\/es\/wp-json\/wp\/v2\/media\/15144"}],"wp:attachment":[{"href":"https:\/\/meber2026.graphoservice.it\/es\/wp-json\/wp\/v2\/media?parent=18690"}],"wp:term":[{"taxonomy":"application-tag","embeddable":true,"href":"https:\/\/meber2026.graphoservice.it\/es\/wp-json\/wp\/v2\/application-tag?post=18690"}],"curies":[{"name":"wp","href":"https:\/\/api.w.org\/{rel}","templated":true}]}}