{"id":18675,"date":"2026-02-10T09:26:26","date_gmt":"2026-02-10T09:26:26","guid":{"rendered":"https:\/\/meber2026.graphoservice.it\/product\/1375-2\/"},"modified":"2026-02-10T09:26:26","modified_gmt":"2026-02-10T09:26:26","slug":"1375-2","status":"publish","type":"product","link":"https:\/\/meber2026.graphoservice.it\/es\/product\/1375-2\/","title":{"rendered":"1375"},"content":{"rendered":"<div style=\"\">\u00a0<\/div>\n<div style=\"\"><em>Pharma-Med<\/em> es un nuevo dispositivo m\u00e9dico profesional desarrollado por MeBer para transportar y almacenar de forma segura medicamentos que salvan vidas. Realizado en nylon resistente a las roturas, impermeable e ign\u00edfugo, cuenta con robustas cremalleras, una c\u00f3moda asa revestida en goma y 4 patas de pl\u00e1stico colocadas en la parte inferior para aislar el dispositivo de la superficie de apoyo.<br \/> El portamedicinas Pharma-Med consta de tres secciones diferentes accesibles a trav\u00e9s de robustas cremalleras de doble zip: &#8220;<em>L\u00edquidos y polvos<\/em>&#8220;, &#8220;<em>Fr\u00edos<\/em>&#8221; e &#8220;<em>Capsulas<\/em>&#8220;.<br \/> El compartimiento &#8220;<em>L\u00edquidos y polvos<\/em>&#8221; tiene una posici\u00f3n central y, a su vez, est\u00e1 dividido internamente en 3 secciones, equipado con soportes de banda el\u00e1stica e intercalado con dos membranas de espuma de poliuretano de memoria lenta para proteger las ampollas de la rotura en caso de aplastamiento o ca\u00edda.<br \/> El compartimiento &#8220;<em>Fr\u00edos<\/em>&#8220;, caracterizado con cordura de color rojo, cuenta con tiras el\u00e1sticas de sujeci\u00f3n en un lado y bolsas reutilizables de gel fr\u00edo\/calor en el otro (<strong>suministrada de serie con <u>n.6<\/u> <\/strong><u><strong>Mini Dispogel<\/strong><\/u>)\u00a0para mantener una temperatura interna adecuada para el almacenamiento correcto de medicamentos que requieren bajas temperaturas.<br \/> El compartimiento &#8220;<em>Capsulas<\/em>&#8221; se compone internamente de un bolsillo transparente con apertura con bisagras y un compartimento transparente con una abertura en Velcro\u00ae para la colocaci\u00f3n de cajas o ampollas de forma ordenada y visible, evitando que los medicamentos entren en contacto entre s\u00ed con las consiguientes alteraciones de los mismos.<br \/> Pharma-Med adem\u00e1s, est\u00e1 equipado externamente con un c\u00f3modo bolsillo transparente para colocar una check list o un calendario con las fechas de vencimiento de los medicamentos.<\/p>\n<p> <strong>Dimensi\u00f3n: 20 x 16 x 28 (L x H x P)<br \/> N\u00b0 de ampollas contenidas: MIN 108 \u2013 MAX 120<br \/> Volumen: 8960 cm<sup>3<\/sup><\/strong><\/div>\n","protected":false},"excerpt":{"rendered":"<p>\u00a0 Pharma-Med es un nuevo dispositivo m\u00e9dico profesional desarrollado por MeBer para transportar y almacenar de forma segura medicamentos que salvan vidas. Realizado en nylon resistente a las roturas, impermeable e ign\u00edfugo, cuenta con robustas cremalleras, una c\u00f3moda asa revestida en goma y 4 patas de pl\u00e1stico colocadas en la parte inferior para aislar el [&hellip;]<\/p>\n","protected":false},"author":1,"featured_media":15118,"parent":0,"menu_order":80003000,"template":"","meta":{"_acf_changed":false,"footnotes":""},"application-tag":[96],"class_list":["post-18675","product","type-product","status-publish","has-post-thumbnail","hentry","application-tag-botiquin-de-primeros-auxilios"],"acf":[],"dsm_author":{"name":"admeb26","avatar_url":"https:\/\/meber2026.graphoservice.it\/wp-content\/plugins\/ultimate-member\/assets\/img\/default_avatar.jpg","archive_link":"https:\/\/meber2026.graphoservice.it\/es\/author\/admeb26\/","biodata":""},"dsm_categories":[],"dsm_attachment_categories":[],"dsm_featured_image":{"thumbnail":"https:\/\/meber2026.graphoservice.it\/wp-content\/uploads\/2026\/02\/1375_borsa_portafarmaci-150x150.jpg","medium":"https:\/\/meber2026.graphoservice.it\/wp-content\/uploads\/2026\/02\/1375_borsa_portafarmaci-300x242.jpg","medium_large":"https:\/\/meber2026.graphoservice.it\/wp-content\/uploads\/2026\/02\/1375_borsa_portafarmaci-768x619.jpg","large":"https:\/\/meber2026.graphoservice.it\/wp-content\/uploads\/2026\/02\/1375_borsa_portafarmaci.jpg","1536x1536":"https:\/\/meber2026.graphoservice.it\/wp-content\/uploads\/2026\/02\/1375_borsa_portafarmaci.jpg","2048x2048":"https:\/\/meber2026.graphoservice.it\/wp-content\/uploads\/2026\/02\/1375_borsa_portafarmaci.jpg","et-pb-post-main-image":"https:\/\/meber2026.graphoservice.it\/wp-content\/uploads\/2026\/02\/1375_borsa_portafarmaci-400x250.jpg","et-pb-post-main-image-fullwidth":"https:\/\/meber2026.graphoservice.it\/wp-content\/uploads\/2026\/02\/1375_borsa_portafarmaci.jpg","et-pb-portfolio-image":"https:\/\/meber2026.graphoservice.it\/wp-content\/uploads\/2026\/02\/1375_borsa_portafarmaci-400x284.jpg","et-pb-portfolio-module-image":"https:\/\/meber2026.graphoservice.it\/wp-content\/uploads\/2026\/02\/1375_borsa_portafarmaci-510x382.jpg","et-pb-portfolio-image-single":"https:\/\/meber2026.graphoservice.it\/wp-content\/uploads\/2026\/02\/1375_borsa_portafarmaci.jpg","et-pb-gallery-module-image-portrait":"https:\/\/meber2026.graphoservice.it\/wp-content\/uploads\/2026\/02\/1375_borsa_portafarmaci-400x516.jpg","et-pb-post-main-image-fullwidth-large":"https:\/\/meber2026.graphoservice.it\/wp-content\/uploads\/2026\/02\/1375_borsa_portafarmaci.jpg","et-pb-image--responsive--desktop":"https:\/\/meber2026.graphoservice.it\/wp-content\/uploads\/2026\/02\/1375_borsa_portafarmaci.jpg","et-pb-image--responsive--tablet":"https:\/\/meber2026.graphoservice.it\/wp-content\/uploads\/2026\/02\/1375_borsa_portafarmaci.jpg","et-pb-image--responsive--phone":"https:\/\/meber2026.graphoservice.it\/wp-content\/uploads\/2026\/02\/1375_borsa_portafarmaci-480x387.jpg","full":"https:\/\/meber2026.graphoservice.it\/wp-content\/uploads\/2026\/02\/1375_borsa_portafarmaci.jpg"},"yoast_head":"<!-- This site is optimized with the Yoast SEO plugin v27.4 - https:\/\/yoast.com\/product\/yoast-seo-wordpress\/ -->\n<title>1375<\/title>\n<meta name=\"robots\" content=\"noindex, follow, max-snippet:-1, max-image-preview:large, max-video-preview:-1\" \/>\n<meta property=\"og:locale\" content=\"es_ES\" \/>\n<meta property=\"og:type\" content=\"article\" \/>\n<meta property=\"og:title\" content=\"1375\" \/>\n<meta property=\"og:description\" content=\"\u00a0 Pharma-Med es un nuevo dispositivo m\u00e9dico profesional desarrollado por MeBer para transportar y almacenar de forma segura medicamentos que salvan vidas. Realizado en nylon resistente a las roturas, impermeable e ign\u00edfugo, cuenta con robustas cremalleras, una c\u00f3moda asa revestida en goma y 4 patas de pl\u00e1stico colocadas en la parte inferior para aislar el [&hellip;]\" \/>\n<meta property=\"og:url\" content=\"https:\/\/meber2026.graphoservice.it\/es\/product\/1375-2\/\" \/>\n<meta property=\"og:site_name\" content=\"Me.Ber.\" \/>\n<meta name=\"twitter:card\" content=\"summary_large_image\" \/>\n<meta name=\"twitter:label1\" content=\"Tiempo de lectura\" \/>\n\t<meta name=\"twitter:data1\" content=\"1 minuto\" \/>\n<script type=\"application\/ld+json\" class=\"yoast-schema-graph\">{\"@context\":\"https:\\\/\\\/schema.org\",\"@graph\":[{\"@type\":\"WebPage\",\"@id\":\"https:\\\/\\\/meber2026.graphoservice.it\\\/es\\\/product\\\/1375-2\\\/\",\"url\":\"https:\\\/\\\/meber2026.graphoservice.it\\\/es\\\/product\\\/1375-2\\\/\",\"name\":\"1375\",\"isPartOf\":{\"@id\":\"https:\\\/\\\/meber2026.graphoservice.it\\\/es\\\/#website\"},\"primaryImageOfPage\":{\"@id\":\"https:\\\/\\\/meber2026.graphoservice.it\\\/es\\\/product\\\/1375-2\\\/#primaryimage\"},\"image\":{\"@id\":\"https:\\\/\\\/meber2026.graphoservice.it\\\/es\\\/product\\\/1375-2\\\/#primaryimage\"},\"thumbnailUrl\":\"https:\\\/\\\/meber2026.graphoservice.it\\\/wp-content\\\/uploads\\\/2026\\\/02\\\/1375_borsa_portafarmaci.jpg\",\"datePublished\":\"2026-02-10T09:26:26+00:00\",\"breadcrumb\":{\"@id\":\"https:\\\/\\\/meber2026.graphoservice.it\\\/es\\\/product\\\/1375-2\\\/#breadcrumb\"},\"inLanguage\":\"es\",\"potentialAction\":[{\"@type\":\"ReadAction\",\"target\":[\"https:\\\/\\\/meber2026.graphoservice.it\\\/es\\\/product\\\/1375-2\\\/\"]}]},{\"@type\":\"ImageObject\",\"inLanguage\":\"es\",\"@id\":\"https:\\\/\\\/meber2026.graphoservice.it\\\/es\\\/product\\\/1375-2\\\/#primaryimage\",\"url\":\"https:\\\/\\\/meber2026.graphoservice.it\\\/wp-content\\\/uploads\\\/2026\\\/02\\\/1375_borsa_portafarmaci.jpg\",\"contentUrl\":\"https:\\\/\\\/meber2026.graphoservice.it\\\/wp-content\\\/uploads\\\/2026\\\/02\\\/1375_borsa_portafarmaci.jpg\",\"width\":780,\"height\":629},{\"@type\":\"BreadcrumbList\",\"@id\":\"https:\\\/\\\/meber2026.graphoservice.it\\\/es\\\/product\\\/1375-2\\\/#breadcrumb\",\"itemListElement\":[{\"@type\":\"ListItem\",\"position\":1,\"name\":\"Home\",\"item\":\"https:\\\/\\\/meber2026.graphoservice.it\\\/es\\\/\"},{\"@type\":\"ListItem\",\"position\":2,\"name\":\"1375\"}]},{\"@type\":\"WebSite\",\"@id\":\"https:\\\/\\\/meber2026.graphoservice.it\\\/es\\\/#website\",\"url\":\"https:\\\/\\\/meber2026.graphoservice.it\\\/es\\\/\",\"name\":\"Me.Ber.\",\"description\":\"In Case of Emergerncy\",\"potentialAction\":[{\"@type\":\"SearchAction\",\"target\":{\"@type\":\"EntryPoint\",\"urlTemplate\":\"https:\\\/\\\/meber2026.graphoservice.it\\\/es\\\/?s={search_term_string}\"},\"query-input\":{\"@type\":\"PropertyValueSpecification\",\"valueRequired\":true,\"valueName\":\"search_term_string\"}}],\"inLanguage\":\"es\"}]}<\/script>\n<!-- \/ Yoast SEO plugin. -->","yoast_head_json":{"title":"1375","robots":{"index":"noindex","follow":"follow","max-snippet":"max-snippet:-1","max-image-preview":"max-image-preview:large","max-video-preview":"max-video-preview:-1"},"og_locale":"es_ES","og_type":"article","og_title":"1375","og_description":"\u00a0 Pharma-Med es un nuevo dispositivo m\u00e9dico profesional desarrollado por MeBer para transportar y almacenar de forma segura medicamentos que salvan vidas. Realizado en nylon resistente a las roturas, impermeable e ign\u00edfugo, cuenta con robustas cremalleras, una c\u00f3moda asa revestida en goma y 4 patas de pl\u00e1stico colocadas en la parte inferior para aislar el [&hellip;]","og_url":"https:\/\/meber2026.graphoservice.it\/es\/product\/1375-2\/","og_site_name":"Me.Ber.","twitter_card":"summary_large_image","twitter_misc":{"Tiempo de lectura":"1 minuto"},"schema":{"@context":"https:\/\/schema.org","@graph":[{"@type":"WebPage","@id":"https:\/\/meber2026.graphoservice.it\/es\/product\/1375-2\/","url":"https:\/\/meber2026.graphoservice.it\/es\/product\/1375-2\/","name":"1375","isPartOf":{"@id":"https:\/\/meber2026.graphoservice.it\/es\/#website"},"primaryImageOfPage":{"@id":"https:\/\/meber2026.graphoservice.it\/es\/product\/1375-2\/#primaryimage"},"image":{"@id":"https:\/\/meber2026.graphoservice.it\/es\/product\/1375-2\/#primaryimage"},"thumbnailUrl":"https:\/\/meber2026.graphoservice.it\/wp-content\/uploads\/2026\/02\/1375_borsa_portafarmaci.jpg","datePublished":"2026-02-10T09:26:26+00:00","breadcrumb":{"@id":"https:\/\/meber2026.graphoservice.it\/es\/product\/1375-2\/#breadcrumb"},"inLanguage":"es","potentialAction":[{"@type":"ReadAction","target":["https:\/\/meber2026.graphoservice.it\/es\/product\/1375-2\/"]}]},{"@type":"ImageObject","inLanguage":"es","@id":"https:\/\/meber2026.graphoservice.it\/es\/product\/1375-2\/#primaryimage","url":"https:\/\/meber2026.graphoservice.it\/wp-content\/uploads\/2026\/02\/1375_borsa_portafarmaci.jpg","contentUrl":"https:\/\/meber2026.graphoservice.it\/wp-content\/uploads\/2026\/02\/1375_borsa_portafarmaci.jpg","width":780,"height":629},{"@type":"BreadcrumbList","@id":"https:\/\/meber2026.graphoservice.it\/es\/product\/1375-2\/#breadcrumb","itemListElement":[{"@type":"ListItem","position":1,"name":"Home","item":"https:\/\/meber2026.graphoservice.it\/es\/"},{"@type":"ListItem","position":2,"name":"1375"}]},{"@type":"WebSite","@id":"https:\/\/meber2026.graphoservice.it\/es\/#website","url":"https:\/\/meber2026.graphoservice.it\/es\/","name":"Me.Ber.","description":"In Case of Emergerncy","potentialAction":[{"@type":"SearchAction","target":{"@type":"EntryPoint","urlTemplate":"https:\/\/meber2026.graphoservice.it\/es\/?s={search_term_string}"},"query-input":{"@type":"PropertyValueSpecification","valueRequired":true,"valueName":"search_term_string"}}],"inLanguage":"es"}]}},"_links":{"self":[{"href":"https:\/\/meber2026.graphoservice.it\/es\/wp-json\/wp\/v2\/product\/18675","targetHints":{"allow":["GET"]}}],"collection":[{"href":"https:\/\/meber2026.graphoservice.it\/es\/wp-json\/wp\/v2\/product"}],"about":[{"href":"https:\/\/meber2026.graphoservice.it\/es\/wp-json\/wp\/v2\/types\/product"}],"author":[{"embeddable":true,"href":"https:\/\/meber2026.graphoservice.it\/es\/wp-json\/wp\/v2\/users\/1"}],"version-history":[{"count":0,"href":"https:\/\/meber2026.graphoservice.it\/es\/wp-json\/wp\/v2\/product\/18675\/revisions"}],"wp:featuredmedia":[{"embeddable":true,"href":"https:\/\/meber2026.graphoservice.it\/es\/wp-json\/wp\/v2\/media\/15118"}],"wp:attachment":[{"href":"https:\/\/meber2026.graphoservice.it\/es\/wp-json\/wp\/v2\/media?parent=18675"}],"wp:term":[{"taxonomy":"application-tag","embeddable":true,"href":"https:\/\/meber2026.graphoservice.it\/es\/wp-json\/wp\/v2\/application-tag?post=18675"}],"curies":[{"name":"wp","href":"https:\/\/api.w.org\/{rel}","templated":true}]}}