{"id":18255,"date":"2026-02-10T09:25:42","date_gmt":"2026-02-10T09:25:42","guid":{"rendered":"https:\/\/meber2026.graphoservice.it\/product\/cormos-11010-ln\/"},"modified":"2026-04-28T15:59:11","modified_gmt":"2026-04-28T15:59:11","slug":"cormos-11010-ln","status":"publish","type":"product","link":"https:\/\/meber2026.graphoservice.it\/es\/product\/cormos-11010-ln\/","title":{"rendered":"Cormos 11010\/LN"},"content":{"rendered":"<p>Aspirador de secreciones de uso m\u00e9dico suministrado de serie con botella autoclavable de 1000 ml para bolsas desechables LINER tipo Serres, bolso de color verde MeBer, tubo de aspiraci\u00f3n con sonda y soporte recargable 10G. \u00a0Apto para servicios de emergencia. CORMOS trabaja directamente con los 12 voltios cc. del veh\u00edculo o con una bater\u00eda interna con una autonom\u00eda de m\u00e1s de 45 minutos. CORMOS es silencioso y potente gracias al motor de 25 lt\/min que garantiza una aspiraci\u00f3n regulable, con un man\u00f3metro de control ubicado en la parte delantera del aspirador, por encima de 850 mbar.  F\u00e1cilmente transportable gracias a las dimensiones particulares y compactas, al mango anat\u00f3mico y a su peso de 4,6 kg. Caja fabricada en ABS\/UL de alta resistencia a los golpes, dimensiones: 34x11x24 cm. <strong>El aspirador de secreciones CORMOS ha sido fabricado de conformidad con las normas de producto ISO 10079-1, IEC 60601-1 y 3.0, homologaci\u00f3n e1 de acuerdo con la Directiva 72\/245\/CEE, UNI EN 1789, IEC 60601-1-11. Clasificaci\u00f3n seg\u00fan DDM 93\/42\/CEE: IIb<\/strong><\/p>\n","protected":false},"excerpt":{"rendered":"<p>Aspirador de secreciones de uso m\u00e9dico suministrado de serie con botella autoclavable de 1000 ml para bolsas desechables LINER tipo Serres, bolso de color verde MeBer, tubo de aspiraci\u00f3n con sonda y soporte recargable 10G. \u00a0Apto para servicios de emergencia. CORMOS trabaja directamente con los 12 voltios cc. del veh\u00edculo o con una bater\u00eda interna [&hellip;]<\/p>\n","protected":false},"author":1,"featured_media":14449,"parent":0,"menu_order":80003500,"template":"","meta":{"_acf_changed":false,"footnotes":""},"application-tag":[96],"class_list":["post-18255","product","type-product","status-publish","has-post-thumbnail","hentry","application-tag-botiquin-de-primeros-auxilios"],"acf":[],"dsm_author":{"name":"admeb26","avatar_url":"https:\/\/meber2026.graphoservice.it\/wp-content\/plugins\/ultimate-member\/assets\/img\/default_avatar.jpg","archive_link":"https:\/\/meber2026.graphoservice.it\/es\/author\/admeb26\/","biodata":""},"dsm_categories":[],"dsm_attachment_categories":[],"dsm_featured_image":{"thumbnail":"https:\/\/meber2026.graphoservice.it\/wp-content\/uploads\/2026\/02\/CORMOS_aspiratore_11010LN-150x150.jpg","medium":"https:\/\/meber2026.graphoservice.it\/wp-content\/uploads\/2026\/02\/CORMOS_aspiratore_11010LN-300x255.jpg","medium_large":"https:\/\/meber2026.graphoservice.it\/wp-content\/uploads\/2026\/02\/CORMOS_aspiratore_11010LN-768x653.jpg","large":"https:\/\/meber2026.graphoservice.it\/wp-content\/uploads\/2026\/02\/CORMOS_aspiratore_11010LN.jpg","1536x1536":"https:\/\/meber2026.graphoservice.it\/wp-content\/uploads\/2026\/02\/CORMOS_aspiratore_11010LN.jpg","2048x2048":"https:\/\/meber2026.graphoservice.it\/wp-content\/uploads\/2026\/02\/CORMOS_aspiratore_11010LN.jpg","et-pb-post-main-image":"https:\/\/meber2026.graphoservice.it\/wp-content\/uploads\/2026\/02\/CORMOS_aspiratore_11010LN-400x250.jpg","et-pb-post-main-image-fullwidth":"https:\/\/meber2026.graphoservice.it\/wp-content\/uploads\/2026\/02\/CORMOS_aspiratore_11010LN.jpg","et-pb-portfolio-image":"https:\/\/meber2026.graphoservice.it\/wp-content\/uploads\/2026\/02\/CORMOS_aspiratore_11010LN-400x284.jpg","et-pb-portfolio-module-image":"https:\/\/meber2026.graphoservice.it\/wp-content\/uploads\/2026\/02\/CORMOS_aspiratore_11010LN-510x382.jpg","et-pb-portfolio-image-single":"https:\/\/meber2026.graphoservice.it\/wp-content\/uploads\/2026\/02\/CORMOS_aspiratore_11010LN.jpg","et-pb-gallery-module-image-portrait":"https:\/\/meber2026.graphoservice.it\/wp-content\/uploads\/2026\/02\/CORMOS_aspiratore_11010LN-400x516.jpg","et-pb-post-main-image-fullwidth-large":"https:\/\/meber2026.graphoservice.it\/wp-content\/uploads\/2026\/02\/CORMOS_aspiratore_11010LN.jpg","et-pb-image--responsive--desktop":"https:\/\/meber2026.graphoservice.it\/wp-content\/uploads\/2026\/02\/CORMOS_aspiratore_11010LN.jpg","et-pb-image--responsive--tablet":"https:\/\/meber2026.graphoservice.it\/wp-content\/uploads\/2026\/02\/CORMOS_aspiratore_11010LN.jpg","et-pb-image--responsive--phone":"https:\/\/meber2026.graphoservice.it\/wp-content\/uploads\/2026\/02\/CORMOS_aspiratore_11010LN-480x408.jpg","full":"https:\/\/meber2026.graphoservice.it\/wp-content\/uploads\/2026\/02\/CORMOS_aspiratore_11010LN.jpg"},"yoast_head":"<!-- This site is optimized with the Yoast SEO plugin v27.4 - https:\/\/yoast.com\/product\/yoast-seo-wordpress\/ -->\n<title>Aspirador de secreciones port\u00e1til con liner desechable<\/title>\n<meta name=\"robots\" content=\"noindex, follow, max-snippet:-1, max-image-preview:large, max-video-preview:-1\" \/>\n<meta property=\"og:locale\" content=\"es_ES\" \/>\n<meta property=\"og:type\" content=\"article\" \/>\n<meta property=\"og:title\" content=\"Aspirador de secreciones port\u00e1til con liner desechable\" \/>\n<meta property=\"og:description\" content=\"Aspirador de secreciones de uso m\u00e9dico suministrado de serie con botella autoclavable de 1000 ml para bolsas desechables LINER tipo Serres, bolso de color verde MeBer, tubo de aspiraci\u00f3n con sonda y soporte recargable 10G. \u00a0Apto para servicios de emergencia. CORMOS trabaja directamente con los 12 voltios cc. del veh\u00edculo o con una bater\u00eda interna [&hellip;]\" \/>\n<meta property=\"og:url\" content=\"https:\/\/meber2026.graphoservice.it\/es\/product\/cormos-11010-ln\/\" \/>\n<meta property=\"og:site_name\" content=\"Me.Ber.\" \/>\n<meta property=\"article:modified_time\" content=\"2026-04-28T15:59:11+00:00\" \/>\n<meta property=\"og:image\" content=\"https:\/\/meber2026.graphoservice.it\/wp-content\/uploads\/2026\/02\/CORMOS_aspiratore_11010LN.jpg\" \/>\n\t<meta property=\"og:image:width\" content=\"780\" \/>\n\t<meta property=\"og:image:height\" content=\"663\" \/>\n\t<meta property=\"og:image:type\" content=\"image\/jpeg\" \/>\n<meta name=\"twitter:card\" content=\"summary_large_image\" \/>\n<meta name=\"twitter:label1\" content=\"Tiempo de lectura\" \/>\n\t<meta name=\"twitter:data1\" content=\"1 minuto\" \/>\n<script type=\"application\/ld+json\" class=\"yoast-schema-graph\">{\"@context\":\"https:\\\/\\\/schema.org\",\"@graph\":[{\"@type\":\"WebPage\",\"@id\":\"https:\\\/\\\/meber2026.graphoservice.it\\\/es\\\/product\\\/cormos-11010-ln\\\/\",\"url\":\"https:\\\/\\\/meber2026.graphoservice.it\\\/es\\\/product\\\/cormos-11010-ln\\\/\",\"name\":\"Aspirador de secreciones port\u00e1til con liner desechable\",\"isPartOf\":{\"@id\":\"https:\\\/\\\/meber2026.graphoservice.it\\\/es\\\/#website\"},\"primaryImageOfPage\":{\"@id\":\"https:\\\/\\\/meber2026.graphoservice.it\\\/es\\\/product\\\/cormos-11010-ln\\\/#primaryimage\"},\"image\":{\"@id\":\"https:\\\/\\\/meber2026.graphoservice.it\\\/es\\\/product\\\/cormos-11010-ln\\\/#primaryimage\"},\"thumbnailUrl\":\"https:\\\/\\\/meber2026.graphoservice.it\\\/wp-content\\\/uploads\\\/2026\\\/02\\\/CORMOS_aspiratore_11010LN.jpg\",\"datePublished\":\"2026-02-10T09:25:42+00:00\",\"dateModified\":\"2026-04-28T15:59:11+00:00\",\"breadcrumb\":{\"@id\":\"https:\\\/\\\/meber2026.graphoservice.it\\\/es\\\/product\\\/cormos-11010-ln\\\/#breadcrumb\"},\"inLanguage\":\"es\",\"potentialAction\":[{\"@type\":\"ReadAction\",\"target\":[\"https:\\\/\\\/meber2026.graphoservice.it\\\/es\\\/product\\\/cormos-11010-ln\\\/\"]}]},{\"@type\":\"ImageObject\",\"inLanguage\":\"es\",\"@id\":\"https:\\\/\\\/meber2026.graphoservice.it\\\/es\\\/product\\\/cormos-11010-ln\\\/#primaryimage\",\"url\":\"https:\\\/\\\/meber2026.graphoservice.it\\\/wp-content\\\/uploads\\\/2026\\\/02\\\/CORMOS_aspiratore_11010LN.jpg\",\"contentUrl\":\"https:\\\/\\\/meber2026.graphoservice.it\\\/wp-content\\\/uploads\\\/2026\\\/02\\\/CORMOS_aspiratore_11010LN.jpg\",\"width\":780,\"height\":663},{\"@type\":\"BreadcrumbList\",\"@id\":\"https:\\\/\\\/meber2026.graphoservice.it\\\/es\\\/product\\\/cormos-11010-ln\\\/#breadcrumb\",\"itemListElement\":[{\"@type\":\"ListItem\",\"position\":1,\"name\":\"Home\",\"item\":\"https:\\\/\\\/meber2026.graphoservice.it\\\/es\\\/\"},{\"@type\":\"ListItem\",\"position\":2,\"name\":\"Cormos 11010\\\/LN\"}]},{\"@type\":\"WebSite\",\"@id\":\"https:\\\/\\\/meber2026.graphoservice.it\\\/es\\\/#website\",\"url\":\"https:\\\/\\\/meber2026.graphoservice.it\\\/es\\\/\",\"name\":\"Me.Ber.\",\"description\":\"In Case of Emergerncy\",\"potentialAction\":[{\"@type\":\"SearchAction\",\"target\":{\"@type\":\"EntryPoint\",\"urlTemplate\":\"https:\\\/\\\/meber2026.graphoservice.it\\\/es\\\/?s={search_term_string}\"},\"query-input\":{\"@type\":\"PropertyValueSpecification\",\"valueRequired\":true,\"valueName\":\"search_term_string\"}}],\"inLanguage\":\"es\"}]}<\/script>\n<!-- \/ Yoast SEO plugin. -->","yoast_head_json":{"title":"Aspirador de secreciones port\u00e1til con liner desechable","robots":{"index":"noindex","follow":"follow","max-snippet":"max-snippet:-1","max-image-preview":"max-image-preview:large","max-video-preview":"max-video-preview:-1"},"og_locale":"es_ES","og_type":"article","og_title":"Aspirador de secreciones port\u00e1til con liner desechable","og_description":"Aspirador de secreciones de uso m\u00e9dico suministrado de serie con botella autoclavable de 1000 ml para bolsas desechables LINER tipo Serres, bolso de color verde MeBer, tubo de aspiraci\u00f3n con sonda y soporte recargable 10G. \u00a0Apto para servicios de emergencia. CORMOS trabaja directamente con los 12 voltios cc. del veh\u00edculo o con una bater\u00eda interna [&hellip;]","og_url":"https:\/\/meber2026.graphoservice.it\/es\/product\/cormos-11010-ln\/","og_site_name":"Me.Ber.","article_modified_time":"2026-04-28T15:59:11+00:00","og_image":[{"width":780,"height":663,"url":"https:\/\/meber2026.graphoservice.it\/wp-content\/uploads\/2026\/02\/CORMOS_aspiratore_11010LN.jpg","type":"image\/jpeg"}],"twitter_card":"summary_large_image","twitter_misc":{"Tiempo de lectura":"1 minuto"},"schema":{"@context":"https:\/\/schema.org","@graph":[{"@type":"WebPage","@id":"https:\/\/meber2026.graphoservice.it\/es\/product\/cormos-11010-ln\/","url":"https:\/\/meber2026.graphoservice.it\/es\/product\/cormos-11010-ln\/","name":"Aspirador de secreciones port\u00e1til con liner desechable","isPartOf":{"@id":"https:\/\/meber2026.graphoservice.it\/es\/#website"},"primaryImageOfPage":{"@id":"https:\/\/meber2026.graphoservice.it\/es\/product\/cormos-11010-ln\/#primaryimage"},"image":{"@id":"https:\/\/meber2026.graphoservice.it\/es\/product\/cormos-11010-ln\/#primaryimage"},"thumbnailUrl":"https:\/\/meber2026.graphoservice.it\/wp-content\/uploads\/2026\/02\/CORMOS_aspiratore_11010LN.jpg","datePublished":"2026-02-10T09:25:42+00:00","dateModified":"2026-04-28T15:59:11+00:00","breadcrumb":{"@id":"https:\/\/meber2026.graphoservice.it\/es\/product\/cormos-11010-ln\/#breadcrumb"},"inLanguage":"es","potentialAction":[{"@type":"ReadAction","target":["https:\/\/meber2026.graphoservice.it\/es\/product\/cormos-11010-ln\/"]}]},{"@type":"ImageObject","inLanguage":"es","@id":"https:\/\/meber2026.graphoservice.it\/es\/product\/cormos-11010-ln\/#primaryimage","url":"https:\/\/meber2026.graphoservice.it\/wp-content\/uploads\/2026\/02\/CORMOS_aspiratore_11010LN.jpg","contentUrl":"https:\/\/meber2026.graphoservice.it\/wp-content\/uploads\/2026\/02\/CORMOS_aspiratore_11010LN.jpg","width":780,"height":663},{"@type":"BreadcrumbList","@id":"https:\/\/meber2026.graphoservice.it\/es\/product\/cormos-11010-ln\/#breadcrumb","itemListElement":[{"@type":"ListItem","position":1,"name":"Home","item":"https:\/\/meber2026.graphoservice.it\/es\/"},{"@type":"ListItem","position":2,"name":"Cormos 11010\/LN"}]},{"@type":"WebSite","@id":"https:\/\/meber2026.graphoservice.it\/es\/#website","url":"https:\/\/meber2026.graphoservice.it\/es\/","name":"Me.Ber.","description":"In Case of Emergerncy","potentialAction":[{"@type":"SearchAction","target":{"@type":"EntryPoint","urlTemplate":"https:\/\/meber2026.graphoservice.it\/es\/?s={search_term_string}"},"query-input":{"@type":"PropertyValueSpecification","valueRequired":true,"valueName":"search_term_string"}}],"inLanguage":"es"}]}},"_links":{"self":[{"href":"https:\/\/meber2026.graphoservice.it\/es\/wp-json\/wp\/v2\/product\/18255","targetHints":{"allow":["GET"]}}],"collection":[{"href":"https:\/\/meber2026.graphoservice.it\/es\/wp-json\/wp\/v2\/product"}],"about":[{"href":"https:\/\/meber2026.graphoservice.it\/es\/wp-json\/wp\/v2\/types\/product"}],"author":[{"embeddable":true,"href":"https:\/\/meber2026.graphoservice.it\/es\/wp-json\/wp\/v2\/users\/1"}],"version-history":[{"count":1,"href":"https:\/\/meber2026.graphoservice.it\/es\/wp-json\/wp\/v2\/product\/18255\/revisions"}],"predecessor-version":[{"id":30410,"href":"https:\/\/meber2026.graphoservice.it\/es\/wp-json\/wp\/v2\/product\/18255\/revisions\/30410"}],"wp:featuredmedia":[{"embeddable":true,"href":"https:\/\/meber2026.graphoservice.it\/es\/wp-json\/wp\/v2\/media\/14449"}],"wp:attachment":[{"href":"https:\/\/meber2026.graphoservice.it\/es\/wp-json\/wp\/v2\/media?parent=18255"}],"wp:term":[{"taxonomy":"application-tag","embeddable":true,"href":"https:\/\/meber2026.graphoservice.it\/es\/wp-json\/wp\/v2\/application-tag?post=18255"}],"curies":[{"name":"wp","href":"https:\/\/api.w.org\/{rel}","templated":true}]}}