{"id":18220,"date":"2026-02-10T09:25:38","date_gmt":"2026-02-10T09:25:38","guid":{"rendered":"https:\/\/meber2026.graphoservice.it\/product\/galaxy-p-9042\/"},"modified":"2026-02-10T09:25:39","modified_gmt":"2026-02-10T09:25:39","slug":"galaxy-p-9042","status":"publish","type":"product","link":"https:\/\/meber2026.graphoservice.it\/es\/product\/galaxy-p-9042\/","title":{"rendered":"Galaxy-P 9042"},"content":{"rendered":"<div style=\"\"><font size=\"1\"><span style=\"font-size: small;\">Tablas espinales con las mismas caracter\u00edsticas que el \u201cGalaxy\u201d Art. 9010, 9012 e 9015, equipadas con 10 PINS de pl\u00e1stico \u00fatiles para la fijaci\u00f3n r\u00e1pida de sistemas de retenci\u00f3n con mosquetones.<\/span><span style=\"font-size: small;\">\u00a0<\/span><span style=\"font-size: small;\">Suministrada con 3 cinturones (605\/MEB).<\/span><\/font><\/div>\n","protected":false},"excerpt":{"rendered":"<p>Tablas espinales con las mismas caracter\u00edsticas que el \u201cGalaxy\u201d Art. 9010, 9012 e 9015, equipadas con 10 PINS de pl\u00e1stico \u00fatiles para la fijaci\u00f3n r\u00e1pida de sistemas de retenci\u00f3n con mosquetones.\u00a0Suministrada con 3 cinturones (605\/MEB).<\/p>\n","protected":false},"author":1,"featured_media":26667,"parent":0,"menu_order":50001300,"template":"","meta":{"_acf_changed":false,"footnotes":""},"application-tag":[],"class_list":["post-18220","product","type-product","status-publish","has-post-thumbnail","hentry"],"acf":[],"dsm_author":{"name":"admeb26","avatar_url":"https:\/\/meber2026.graphoservice.it\/wp-content\/plugins\/ultimate-member\/assets\/img\/default_avatar.jpg","archive_link":"https:\/\/meber2026.graphoservice.it\/es\/author\/admeb26\/","biodata":""},"dsm_categories":[],"dsm_attachment_categories":[],"dsm_featured_image":{"thumbnail":"https:\/\/meber2026.graphoservice.it\/wp-content\/uploads\/2026\/02\/Galaxy-9042-con-pins-Tavola-spinale-adulto-arancio-orizz-150x150.webp","medium":"https:\/\/meber2026.graphoservice.it\/wp-content\/uploads\/2026\/02\/Galaxy-9042-con-pins-Tavola-spinale-adulto-arancio-orizz-300x300.webp","medium_large":"https:\/\/meber2026.graphoservice.it\/wp-content\/uploads\/2026\/02\/Galaxy-9042-con-pins-Tavola-spinale-adulto-arancio-orizz-768x768.webp","large":"https:\/\/meber2026.graphoservice.it\/wp-content\/uploads\/2026\/02\/Galaxy-9042-con-pins-Tavola-spinale-adulto-arancio-orizz-1024x1024.webp","1536x1536":"https:\/\/meber2026.graphoservice.it\/wp-content\/uploads\/2026\/02\/Galaxy-9042-con-pins-Tavola-spinale-adulto-arancio-orizz-1536x1536.webp","2048x2048":"https:\/\/meber2026.graphoservice.it\/wp-content\/uploads\/2026\/02\/Galaxy-9042-con-pins-Tavola-spinale-adulto-arancio-orizz.webp","et-pb-post-main-image":"https:\/\/meber2026.graphoservice.it\/wp-content\/uploads\/2026\/02\/Galaxy-9042-con-pins-Tavola-spinale-adulto-arancio-orizz-400x250.webp","et-pb-post-main-image-fullwidth":"https:\/\/meber2026.graphoservice.it\/wp-content\/uploads\/2026\/02\/Galaxy-9042-con-pins-Tavola-spinale-adulto-arancio-orizz-1080x675.webp","et-pb-portfolio-image":"https:\/\/meber2026.graphoservice.it\/wp-content\/uploads\/2026\/02\/Galaxy-9042-con-pins-Tavola-spinale-adulto-arancio-orizz-400x284.webp","et-pb-portfolio-module-image":"https:\/\/meber2026.graphoservice.it\/wp-content\/uploads\/2026\/02\/Galaxy-9042-con-pins-Tavola-spinale-adulto-arancio-orizz-510x382.webp","et-pb-portfolio-image-single":"https:\/\/meber2026.graphoservice.it\/wp-content\/uploads\/2026\/02\/Galaxy-9042-con-pins-Tavola-spinale-adulto-arancio-orizz-1080x1080.webp","et-pb-gallery-module-image-portrait":"https:\/\/meber2026.graphoservice.it\/wp-content\/uploads\/2026\/02\/Galaxy-9042-con-pins-Tavola-spinale-adulto-arancio-orizz-400x516.webp","et-pb-post-main-image-fullwidth-large":"https:\/\/meber2026.graphoservice.it\/wp-content\/uploads\/2026\/02\/Galaxy-9042-con-pins-Tavola-spinale-adulto-arancio-orizz-2000x1800.webp","et-pb-image--responsive--desktop":"https:\/\/meber2026.graphoservice.it\/wp-content\/uploads\/2026\/02\/Galaxy-9042-con-pins-Tavola-spinale-adulto-arancio-orizz-1280x1280.webp","et-pb-image--responsive--tablet":"https:\/\/meber2026.graphoservice.it\/wp-content\/uploads\/2026\/02\/Galaxy-9042-con-pins-Tavola-spinale-adulto-arancio-orizz-980x980.webp","et-pb-image--responsive--phone":"https:\/\/meber2026.graphoservice.it\/wp-content\/uploads\/2026\/02\/Galaxy-9042-con-pins-Tavola-spinale-adulto-arancio-orizz-480x480.webp","full":"https:\/\/meber2026.graphoservice.it\/wp-content\/uploads\/2026\/02\/Galaxy-9042-con-pins-Tavola-spinale-adulto-arancio-orizz.webp"},"yoast_head":"<!-- This site is optimized with the Yoast SEO plugin v27.4 - https:\/\/yoast.com\/product\/yoast-seo-wordpress\/ -->\n<title>Tabla espinal naranja con pins - MeBer<\/title>\n<meta name=\"description\" content=\"Tabla espinal equipada con 10 PINS de pl\u00e1stico, \u00fatil para la fijaci\u00f3n r\u00e1pida de sistemas de retenci\u00f3n con mosquetones.\" \/>\n<meta name=\"robots\" content=\"noindex, follow, max-snippet:-1, max-image-preview:large, max-video-preview:-1\" \/>\n<meta property=\"og:locale\" content=\"es_ES\" \/>\n<meta property=\"og:type\" content=\"article\" \/>\n<meta property=\"og:title\" content=\"Tabla espinal naranja con pins - MeBer\" \/>\n<meta property=\"og:description\" content=\"Tabla espinal equipada con 10 PINS de pl\u00e1stico, \u00fatil para la fijaci\u00f3n r\u00e1pida de sistemas de retenci\u00f3n con mosquetones.\" \/>\n<meta property=\"og:url\" content=\"https:\/\/meber2026.graphoservice.it\/es\/product\/galaxy-p-9042\/\" \/>\n<meta property=\"og:site_name\" content=\"Me.Ber.\" \/>\n<meta property=\"article:modified_time\" content=\"2026-02-10T09:25:39+00:00\" \/>\n<meta name=\"twitter:card\" content=\"summary_large_image\" \/>\n<script type=\"application\/ld+json\" class=\"yoast-schema-graph\">{\"@context\":\"https:\\\/\\\/schema.org\",\"@graph\":[{\"@type\":\"WebPage\",\"@id\":\"https:\\\/\\\/meber2026.graphoservice.it\\\/es\\\/product\\\/galaxy-p-9042\\\/\",\"url\":\"https:\\\/\\\/meber2026.graphoservice.it\\\/es\\\/product\\\/galaxy-p-9042\\\/\",\"name\":\"Tabla espinal naranja con pins - MeBer\",\"isPartOf\":{\"@id\":\"https:\\\/\\\/meber2026.graphoservice.it\\\/es\\\/#website\"},\"primaryImageOfPage\":{\"@id\":\"https:\\\/\\\/meber2026.graphoservice.it\\\/es\\\/product\\\/galaxy-p-9042\\\/#primaryimage\"},\"image\":{\"@id\":\"https:\\\/\\\/meber2026.graphoservice.it\\\/es\\\/product\\\/galaxy-p-9042\\\/#primaryimage\"},\"thumbnailUrl\":\"https:\\\/\\\/meber2026.graphoservice.it\\\/wp-content\\\/uploads\\\/2026\\\/02\\\/Galaxy-9042-con-pins-Tavola-spinale-adulto-arancio-orizz.webp\",\"datePublished\":\"2026-02-10T09:25:38+00:00\",\"dateModified\":\"2026-02-10T09:25:39+00:00\",\"description\":\"Tabla espinal equipada con 10 PINS de pl\u00e1stico, \u00fatil para la fijaci\u00f3n r\u00e1pida de sistemas de retenci\u00f3n con mosquetones.\",\"breadcrumb\":{\"@id\":\"https:\\\/\\\/meber2026.graphoservice.it\\\/es\\\/product\\\/galaxy-p-9042\\\/#breadcrumb\"},\"inLanguage\":\"es\",\"potentialAction\":[{\"@type\":\"ReadAction\",\"target\":[\"https:\\\/\\\/meber2026.graphoservice.it\\\/es\\\/product\\\/galaxy-p-9042\\\/\"]}]},{\"@type\":\"ImageObject\",\"inLanguage\":\"es\",\"@id\":\"https:\\\/\\\/meber2026.graphoservice.it\\\/es\\\/product\\\/galaxy-p-9042\\\/#primaryimage\",\"url\":\"https:\\\/\\\/meber2026.graphoservice.it\\\/wp-content\\\/uploads\\\/2026\\\/02\\\/Galaxy-9042-con-pins-Tavola-spinale-adulto-arancio-orizz.webp\",\"contentUrl\":\"https:\\\/\\\/meber2026.graphoservice.it\\\/wp-content\\\/uploads\\\/2026\\\/02\\\/Galaxy-9042-con-pins-Tavola-spinale-adulto-arancio-orizz.webp\",\"width\":2000,\"height\":2000},{\"@type\":\"BreadcrumbList\",\"@id\":\"https:\\\/\\\/meber2026.graphoservice.it\\\/es\\\/product\\\/galaxy-p-9042\\\/#breadcrumb\",\"itemListElement\":[{\"@type\":\"ListItem\",\"position\":1,\"name\":\"Home\",\"item\":\"https:\\\/\\\/meber2026.graphoservice.it\\\/es\\\/\"},{\"@type\":\"ListItem\",\"position\":2,\"name\":\"Galaxy-P 9042\"}]},{\"@type\":\"WebSite\",\"@id\":\"https:\\\/\\\/meber2026.graphoservice.it\\\/es\\\/#website\",\"url\":\"https:\\\/\\\/meber2026.graphoservice.it\\\/es\\\/\",\"name\":\"Me.Ber.\",\"description\":\"In Case of Emergerncy\",\"potentialAction\":[{\"@type\":\"SearchAction\",\"target\":{\"@type\":\"EntryPoint\",\"urlTemplate\":\"https:\\\/\\\/meber2026.graphoservice.it\\\/es\\\/?s={search_term_string}\"},\"query-input\":{\"@type\":\"PropertyValueSpecification\",\"valueRequired\":true,\"valueName\":\"search_term_string\"}}],\"inLanguage\":\"es\"}]}<\/script>\n<!-- \/ Yoast SEO plugin. -->","yoast_head_json":{"title":"Tabla espinal naranja con pins - MeBer","description":"Tabla espinal equipada con 10 PINS de pl\u00e1stico, \u00fatil para la fijaci\u00f3n r\u00e1pida de sistemas de retenci\u00f3n con mosquetones.","robots":{"index":"noindex","follow":"follow","max-snippet":"max-snippet:-1","max-image-preview":"max-image-preview:large","max-video-preview":"max-video-preview:-1"},"og_locale":"es_ES","og_type":"article","og_title":"Tabla espinal naranja con pins - MeBer","og_description":"Tabla espinal equipada con 10 PINS de pl\u00e1stico, \u00fatil para la fijaci\u00f3n r\u00e1pida de sistemas de retenci\u00f3n con mosquetones.","og_url":"https:\/\/meber2026.graphoservice.it\/es\/product\/galaxy-p-9042\/","og_site_name":"Me.Ber.","article_modified_time":"2026-02-10T09:25:39+00:00","twitter_card":"summary_large_image","schema":{"@context":"https:\/\/schema.org","@graph":[{"@type":"WebPage","@id":"https:\/\/meber2026.graphoservice.it\/es\/product\/galaxy-p-9042\/","url":"https:\/\/meber2026.graphoservice.it\/es\/product\/galaxy-p-9042\/","name":"Tabla espinal naranja con pins - MeBer","isPartOf":{"@id":"https:\/\/meber2026.graphoservice.it\/es\/#website"},"primaryImageOfPage":{"@id":"https:\/\/meber2026.graphoservice.it\/es\/product\/galaxy-p-9042\/#primaryimage"},"image":{"@id":"https:\/\/meber2026.graphoservice.it\/es\/product\/galaxy-p-9042\/#primaryimage"},"thumbnailUrl":"https:\/\/meber2026.graphoservice.it\/wp-content\/uploads\/2026\/02\/Galaxy-9042-con-pins-Tavola-spinale-adulto-arancio-orizz.webp","datePublished":"2026-02-10T09:25:38+00:00","dateModified":"2026-02-10T09:25:39+00:00","description":"Tabla espinal equipada con 10 PINS de pl\u00e1stico, \u00fatil para la fijaci\u00f3n r\u00e1pida de sistemas de retenci\u00f3n con mosquetones.","breadcrumb":{"@id":"https:\/\/meber2026.graphoservice.it\/es\/product\/galaxy-p-9042\/#breadcrumb"},"inLanguage":"es","potentialAction":[{"@type":"ReadAction","target":["https:\/\/meber2026.graphoservice.it\/es\/product\/galaxy-p-9042\/"]}]},{"@type":"ImageObject","inLanguage":"es","@id":"https:\/\/meber2026.graphoservice.it\/es\/product\/galaxy-p-9042\/#primaryimage","url":"https:\/\/meber2026.graphoservice.it\/wp-content\/uploads\/2026\/02\/Galaxy-9042-con-pins-Tavola-spinale-adulto-arancio-orizz.webp","contentUrl":"https:\/\/meber2026.graphoservice.it\/wp-content\/uploads\/2026\/02\/Galaxy-9042-con-pins-Tavola-spinale-adulto-arancio-orizz.webp","width":2000,"height":2000},{"@type":"BreadcrumbList","@id":"https:\/\/meber2026.graphoservice.it\/es\/product\/galaxy-p-9042\/#breadcrumb","itemListElement":[{"@type":"ListItem","position":1,"name":"Home","item":"https:\/\/meber2026.graphoservice.it\/es\/"},{"@type":"ListItem","position":2,"name":"Galaxy-P 9042"}]},{"@type":"WebSite","@id":"https:\/\/meber2026.graphoservice.it\/es\/#website","url":"https:\/\/meber2026.graphoservice.it\/es\/","name":"Me.Ber.","description":"In Case of Emergerncy","potentialAction":[{"@type":"SearchAction","target":{"@type":"EntryPoint","urlTemplate":"https:\/\/meber2026.graphoservice.it\/es\/?s={search_term_string}"},"query-input":{"@type":"PropertyValueSpecification","valueRequired":true,"valueName":"search_term_string"}}],"inLanguage":"es"}]}},"_links":{"self":[{"href":"https:\/\/meber2026.graphoservice.it\/es\/wp-json\/wp\/v2\/product\/18220","targetHints":{"allow":["GET"]}}],"collection":[{"href":"https:\/\/meber2026.graphoservice.it\/es\/wp-json\/wp\/v2\/product"}],"about":[{"href":"https:\/\/meber2026.graphoservice.it\/es\/wp-json\/wp\/v2\/types\/product"}],"author":[{"embeddable":true,"href":"https:\/\/meber2026.graphoservice.it\/es\/wp-json\/wp\/v2\/users\/1"}],"version-history":[{"count":0,"href":"https:\/\/meber2026.graphoservice.it\/es\/wp-json\/wp\/v2\/product\/18220\/revisions"}],"wp:featuredmedia":[{"embeddable":true,"href":"https:\/\/meber2026.graphoservice.it\/es\/wp-json\/wp\/v2\/media\/26667"}],"wp:attachment":[{"href":"https:\/\/meber2026.graphoservice.it\/es\/wp-json\/wp\/v2\/media?parent=18220"}],"wp:term":[{"taxonomy":"application-tag","embeddable":true,"href":"https:\/\/meber2026.graphoservice.it\/es\/wp-json\/wp\/v2\/application-tag?post=18220"}],"curies":[{"name":"wp","href":"https:\/\/api.w.org\/{rel}","templated":true}]}}