{"id":18205,"date":"2026-02-10T09:25:37","date_gmt":"2026-02-10T09:25:37","guid":{"rendered":"https:\/\/meber2026.graphoservice.it\/product\/snake-snow-894-snow\/"},"modified":"2026-02-10T09:25:37","modified_gmt":"2026-02-10T09:25:37","slug":"snake-snow-894-snow","status":"publish","type":"product","link":"https:\/\/meber2026.graphoservice.it\/es\/product\/snake-snow-894-snow\/","title":{"rendered":"Snake Snow 894\/SNOW"},"content":{"rendered":"<div style=\"\">Colch\u00f3n de vac\u00edo con 14 c\u00e1maras independientes para una perfecta y r\u00e1pida inmovilizaci\u00f3n. <strong>Incluye dispositivo antideslizante para rescate en nieve y hielo<\/strong> Extremadamente ligero y resistente, 8 manijas ergon\u00f3micas, cinturones de seguridad y la perfecta envoltura del paciente otorga al colch\u00f3n &#8220;Snake&#8221; caracter\u00edsticas \u00fanicas. Utilizable desde -30 \u00b0 C hasta + 70 \u00b0 C. La retenci\u00f3n de la depresi\u00f3n durante mucho tiempo sin ning\u00fan desplazamiento, <strong>la certificaci\u00f3n UNI EN 1865<\/strong>, de acuerdo con las normas armonizadas europeas, <strong>completan las caracter\u00edsticas de este dispositivo<\/strong>.<\/p>\n","protected":false},"excerpt":{"rendered":"<p>Colch\u00f3n de vac\u00edo con 14 c\u00e1maras independientes para una perfecta y r\u00e1pida inmovilizaci\u00f3n. Incluye dispositivo antideslizante para rescate en nieve y hielo Extremadamente ligero y resistente, 8 manijas ergon\u00f3micas, cinturones de seguridad y la perfecta envoltura del paciente otorga al colch\u00f3n &#8220;Snake&#8221; caracter\u00edsticas \u00fanicas. Utilizable desde -30 \u00b0 C hasta + 70 \u00b0 C. La [&hellip;]<\/p>\n","protected":false},"author":1,"featured_media":14376,"parent":0,"menu_order":50002100,"template":"","meta":{"_acf_changed":false,"footnotes":""},"application-tag":[],"class_list":["post-18205","product","type-product","status-publish","has-post-thumbnail","hentry"],"acf":[],"dsm_author":{"name":"admeb26","avatar_url":"https:\/\/meber2026.graphoservice.it\/wp-content\/plugins\/ultimate-member\/assets\/img\/default_avatar.jpg","archive_link":"https:\/\/meber2026.graphoservice.it\/es\/author\/admeb26\/","biodata":""},"dsm_categories":[],"dsm_attachment_categories":[],"dsm_featured_image":{"thumbnail":"https:\/\/meber2026.graphoservice.it\/wp-content\/uploads\/2026\/02\/894SNOW_Fronte-150x150.jpg","medium":"https:\/\/meber2026.graphoservice.it\/wp-content\/uploads\/2026\/02\/894SNOW_Fronte-300x93.jpg","medium_large":"https:\/\/meber2026.graphoservice.it\/wp-content\/uploads\/2026\/02\/894SNOW_Fronte-768x239.jpg","large":"https:\/\/meber2026.graphoservice.it\/wp-content\/uploads\/2026\/02\/894SNOW_Fronte.jpg","1536x1536":"https:\/\/meber2026.graphoservice.it\/wp-content\/uploads\/2026\/02\/894SNOW_Fronte.jpg","2048x2048":"https:\/\/meber2026.graphoservice.it\/wp-content\/uploads\/2026\/02\/894SNOW_Fronte.jpg","et-pb-post-main-image":"https:\/\/meber2026.graphoservice.it\/wp-content\/uploads\/2026\/02\/894SNOW_Fronte-400x243.jpg","et-pb-post-main-image-fullwidth":"https:\/\/meber2026.graphoservice.it\/wp-content\/uploads\/2026\/02\/894SNOW_Fronte.jpg","et-pb-portfolio-image":"https:\/\/meber2026.graphoservice.it\/wp-content\/uploads\/2026\/02\/894SNOW_Fronte-400x243.jpg","et-pb-portfolio-module-image":"https:\/\/meber2026.graphoservice.it\/wp-content\/uploads\/2026\/02\/894SNOW_Fronte-510x243.jpg","et-pb-portfolio-image-single":"https:\/\/meber2026.graphoservice.it\/wp-content\/uploads\/2026\/02\/894SNOW_Fronte.jpg","et-pb-gallery-module-image-portrait":"https:\/\/meber2026.graphoservice.it\/wp-content\/uploads\/2026\/02\/894SNOW_Fronte-400x243.jpg","et-pb-post-main-image-fullwidth-large":"https:\/\/meber2026.graphoservice.it\/wp-content\/uploads\/2026\/02\/894SNOW_Fronte.jpg","et-pb-image--responsive--desktop":"https:\/\/meber2026.graphoservice.it\/wp-content\/uploads\/2026\/02\/894SNOW_Fronte.jpg","et-pb-image--responsive--tablet":"https:\/\/meber2026.graphoservice.it\/wp-content\/uploads\/2026\/02\/894SNOW_Fronte.jpg","et-pb-image--responsive--phone":"https:\/\/meber2026.graphoservice.it\/wp-content\/uploads\/2026\/02\/894SNOW_Fronte-480x150.jpg","full":"https:\/\/meber2026.graphoservice.it\/wp-content\/uploads\/2026\/02\/894SNOW_Fronte.jpg"},"yoast_head":"<!-- This site is optimized with the Yoast SEO plugin v27.4 - https:\/\/yoast.com\/product\/yoast-seo-wordpress\/ -->\n<title>Snake Snow 894\/SNOW<\/title>\n<meta name=\"robots\" content=\"noindex, follow, max-snippet:-1, max-image-preview:large, max-video-preview:-1\" \/>\n<meta property=\"og:locale\" content=\"es_ES\" \/>\n<meta property=\"og:type\" content=\"article\" \/>\n<meta property=\"og:title\" content=\"Snake Snow 894\/SNOW\" \/>\n<meta property=\"og:description\" content=\"Colch\u00f3n de vac\u00edo con 14 c\u00e1maras independientes para una perfecta y r\u00e1pida inmovilizaci\u00f3n. Incluye dispositivo antideslizante para rescate en nieve y hielo Extremadamente ligero y resistente, 8 manijas ergon\u00f3micas, cinturones de seguridad y la perfecta envoltura del paciente otorga al colch\u00f3n &#8220;Snake&#8221; caracter\u00edsticas \u00fanicas. Utilizable desde -30 \u00b0 C hasta + 70 \u00b0 C. La [&hellip;]\" \/>\n<meta property=\"og:url\" content=\"https:\/\/meber2026.graphoservice.it\/es\/product\/snake-snow-894-snow\/\" \/>\n<meta property=\"og:site_name\" content=\"Me.Ber.\" \/>\n<meta name=\"twitter:card\" content=\"summary_large_image\" \/>\n<script type=\"application\/ld+json\" class=\"yoast-schema-graph\">{\"@context\":\"https:\\\/\\\/schema.org\",\"@graph\":[{\"@type\":\"WebPage\",\"@id\":\"https:\\\/\\\/meber2026.graphoservice.it\\\/es\\\/product\\\/snake-snow-894-snow\\\/\",\"url\":\"https:\\\/\\\/meber2026.graphoservice.it\\\/es\\\/product\\\/snake-snow-894-snow\\\/\",\"name\":\"Snake Snow 894\\\/SNOW\",\"isPartOf\":{\"@id\":\"https:\\\/\\\/meber2026.graphoservice.it\\\/es\\\/#website\"},\"primaryImageOfPage\":{\"@id\":\"https:\\\/\\\/meber2026.graphoservice.it\\\/es\\\/product\\\/snake-snow-894-snow\\\/#primaryimage\"},\"image\":{\"@id\":\"https:\\\/\\\/meber2026.graphoservice.it\\\/es\\\/product\\\/snake-snow-894-snow\\\/#primaryimage\"},\"thumbnailUrl\":\"https:\\\/\\\/meber2026.graphoservice.it\\\/wp-content\\\/uploads\\\/2026\\\/02\\\/894SNOW_Fronte.jpg\",\"datePublished\":\"2026-02-10T09:25:37+00:00\",\"breadcrumb\":{\"@id\":\"https:\\\/\\\/meber2026.graphoservice.it\\\/es\\\/product\\\/snake-snow-894-snow\\\/#breadcrumb\"},\"inLanguage\":\"es\",\"potentialAction\":[{\"@type\":\"ReadAction\",\"target\":[\"https:\\\/\\\/meber2026.graphoservice.it\\\/es\\\/product\\\/snake-snow-894-snow\\\/\"]}]},{\"@type\":\"ImageObject\",\"inLanguage\":\"es\",\"@id\":\"https:\\\/\\\/meber2026.graphoservice.it\\\/es\\\/product\\\/snake-snow-894-snow\\\/#primaryimage\",\"url\":\"https:\\\/\\\/meber2026.graphoservice.it\\\/wp-content\\\/uploads\\\/2026\\\/02\\\/894SNOW_Fronte.jpg\",\"contentUrl\":\"https:\\\/\\\/meber2026.graphoservice.it\\\/wp-content\\\/uploads\\\/2026\\\/02\\\/894SNOW_Fronte.jpg\",\"width\":780,\"height\":243},{\"@type\":\"BreadcrumbList\",\"@id\":\"https:\\\/\\\/meber2026.graphoservice.it\\\/es\\\/product\\\/snake-snow-894-snow\\\/#breadcrumb\",\"itemListElement\":[{\"@type\":\"ListItem\",\"position\":1,\"name\":\"Home\",\"item\":\"https:\\\/\\\/meber2026.graphoservice.it\\\/es\\\/\"},{\"@type\":\"ListItem\",\"position\":2,\"name\":\"Snake Snow 894\\\/SNOW\"}]},{\"@type\":\"WebSite\",\"@id\":\"https:\\\/\\\/meber2026.graphoservice.it\\\/es\\\/#website\",\"url\":\"https:\\\/\\\/meber2026.graphoservice.it\\\/es\\\/\",\"name\":\"Me.Ber.\",\"description\":\"In Case of Emergerncy\",\"potentialAction\":[{\"@type\":\"SearchAction\",\"target\":{\"@type\":\"EntryPoint\",\"urlTemplate\":\"https:\\\/\\\/meber2026.graphoservice.it\\\/es\\\/?s={search_term_string}\"},\"query-input\":{\"@type\":\"PropertyValueSpecification\",\"valueRequired\":true,\"valueName\":\"search_term_string\"}}],\"inLanguage\":\"es\"}]}<\/script>\n<!-- \/ Yoast SEO plugin. -->","yoast_head_json":{"title":"Snake Snow 894\/SNOW","robots":{"index":"noindex","follow":"follow","max-snippet":"max-snippet:-1","max-image-preview":"max-image-preview:large","max-video-preview":"max-video-preview:-1"},"og_locale":"es_ES","og_type":"article","og_title":"Snake Snow 894\/SNOW","og_description":"Colch\u00f3n de vac\u00edo con 14 c\u00e1maras independientes para una perfecta y r\u00e1pida inmovilizaci\u00f3n. Incluye dispositivo antideslizante para rescate en nieve y hielo Extremadamente ligero y resistente, 8 manijas ergon\u00f3micas, cinturones de seguridad y la perfecta envoltura del paciente otorga al colch\u00f3n &#8220;Snake&#8221; caracter\u00edsticas \u00fanicas. Utilizable desde -30 \u00b0 C hasta + 70 \u00b0 C. La [&hellip;]","og_url":"https:\/\/meber2026.graphoservice.it\/es\/product\/snake-snow-894-snow\/","og_site_name":"Me.Ber.","twitter_card":"summary_large_image","schema":{"@context":"https:\/\/schema.org","@graph":[{"@type":"WebPage","@id":"https:\/\/meber2026.graphoservice.it\/es\/product\/snake-snow-894-snow\/","url":"https:\/\/meber2026.graphoservice.it\/es\/product\/snake-snow-894-snow\/","name":"Snake Snow 894\/SNOW","isPartOf":{"@id":"https:\/\/meber2026.graphoservice.it\/es\/#website"},"primaryImageOfPage":{"@id":"https:\/\/meber2026.graphoservice.it\/es\/product\/snake-snow-894-snow\/#primaryimage"},"image":{"@id":"https:\/\/meber2026.graphoservice.it\/es\/product\/snake-snow-894-snow\/#primaryimage"},"thumbnailUrl":"https:\/\/meber2026.graphoservice.it\/wp-content\/uploads\/2026\/02\/894SNOW_Fronte.jpg","datePublished":"2026-02-10T09:25:37+00:00","breadcrumb":{"@id":"https:\/\/meber2026.graphoservice.it\/es\/product\/snake-snow-894-snow\/#breadcrumb"},"inLanguage":"es","potentialAction":[{"@type":"ReadAction","target":["https:\/\/meber2026.graphoservice.it\/es\/product\/snake-snow-894-snow\/"]}]},{"@type":"ImageObject","inLanguage":"es","@id":"https:\/\/meber2026.graphoservice.it\/es\/product\/snake-snow-894-snow\/#primaryimage","url":"https:\/\/meber2026.graphoservice.it\/wp-content\/uploads\/2026\/02\/894SNOW_Fronte.jpg","contentUrl":"https:\/\/meber2026.graphoservice.it\/wp-content\/uploads\/2026\/02\/894SNOW_Fronte.jpg","width":780,"height":243},{"@type":"BreadcrumbList","@id":"https:\/\/meber2026.graphoservice.it\/es\/product\/snake-snow-894-snow\/#breadcrumb","itemListElement":[{"@type":"ListItem","position":1,"name":"Home","item":"https:\/\/meber2026.graphoservice.it\/es\/"},{"@type":"ListItem","position":2,"name":"Snake Snow 894\/SNOW"}]},{"@type":"WebSite","@id":"https:\/\/meber2026.graphoservice.it\/es\/#website","url":"https:\/\/meber2026.graphoservice.it\/es\/","name":"Me.Ber.","description":"In Case of Emergerncy","potentialAction":[{"@type":"SearchAction","target":{"@type":"EntryPoint","urlTemplate":"https:\/\/meber2026.graphoservice.it\/es\/?s={search_term_string}"},"query-input":{"@type":"PropertyValueSpecification","valueRequired":true,"valueName":"search_term_string"}}],"inLanguage":"es"}]}},"_links":{"self":[{"href":"https:\/\/meber2026.graphoservice.it\/es\/wp-json\/wp\/v2\/product\/18205","targetHints":{"allow":["GET"]}}],"collection":[{"href":"https:\/\/meber2026.graphoservice.it\/es\/wp-json\/wp\/v2\/product"}],"about":[{"href":"https:\/\/meber2026.graphoservice.it\/es\/wp-json\/wp\/v2\/types\/product"}],"author":[{"embeddable":true,"href":"https:\/\/meber2026.graphoservice.it\/es\/wp-json\/wp\/v2\/users\/1"}],"version-history":[{"count":0,"href":"https:\/\/meber2026.graphoservice.it\/es\/wp-json\/wp\/v2\/product\/18205\/revisions"}],"wp:featuredmedia":[{"embeddable":true,"href":"https:\/\/meber2026.graphoservice.it\/es\/wp-json\/wp\/v2\/media\/14376"}],"wp:attachment":[{"href":"https:\/\/meber2026.graphoservice.it\/es\/wp-json\/wp\/v2\/media?parent=18205"}],"wp:term":[{"taxonomy":"application-tag","embeddable":true,"href":"https:\/\/meber2026.graphoservice.it\/es\/wp-json\/wp\/v2\/application-tag?post=18205"}],"curies":[{"name":"wp","href":"https:\/\/api.w.org\/{rel}","templated":true}]}}