{"id":18075,"date":"2026-02-10T09:25:24","date_gmt":"2026-02-10T09:25:24","guid":{"rendered":"https:\/\/meber2026.graphoservice.it\/product\/winner-914\/"},"modified":"2026-04-28T15:56:22","modified_gmt":"2026-04-28T15:56:22","slug":"winner-914","status":"publish","type":"product","link":"https:\/\/meber2026.graphoservice.it\/es\/product\/winner-914\/","title":{"rendered":"Winner 914"},"content":{"rendered":"<p style=\"\">El modelo 914 ha sido dise\u00f1ado para ofrecer al operador de rescate un instrumento pr\u00e1ctico y confiable, especialmente en casos de m\u00e1xima emergencia. La camilla, construida en aluminio anodizado, es resistente y f\u00e1cil de manejar gracias a las cuatro ruedas de 150 di\u00e1metro, dos fijas con freno y dos giratorias. Una caracter\u00edstica importante de este modelo es el sistema de ajuste de altura de carga en las diversas plataformas de ambulancia.<br \/>\nDe hecho, la camilla de carga autom\u00e1tica &#8220;WINNER&#8221; est\u00e1 equipada con dos placas perforadas resistentes que permiten variar la altura de las ruedas de carga frontal, permitiendo as\u00ed la carga c\u00f3moda de la camilla en ambulancias con diferentes accesorios internos.<br \/>\nEl modelo 914 tiene la posibilidad de asumir las posiciones de Trendelenburg y Fowler, proporcionando as\u00ed un apoyo a\u00fan m\u00e1s completo y funcional para todas las situaciones de emergencia. Plataforma r\u00edgida en material termopl\u00e1stico reforzado para permitir el masaje card\u00edaco en caso de emergencia, f\u00e1cil de limpiar y desinfectar. Respaldo reclinable de 0 \u00b0 &#8211; 80 \u00b0 operado por un pist\u00f3n de gas, seguro y bloqueable en cualquier posici\u00f3n.<br \/>\nPosiciones de Trendelenburg y Fowler accionadas por un sistema de pist\u00f3n de gas. Barandillas laterales totalmente abatibles. Bloqueo de las patas en posici\u00f3n plegada con un sistema que evita el aplastamiento de la barra de bloqueo.\u00a0Palanca de seguridad que act\u00faa sobre las patas al lado de la manija de liberaci\u00f3n que permite la operaci\u00f3n de liberaci\u00f3n de la carga manteniendo las manos en la camilla. Patas verticales protegidas con parachoques de pl\u00e1stico.<br \/>\nRuedas giratorias con sistema de autocentrado para permitir el posicionamiento de la camilla en la ambulancia sin tener que girar las ruedas manualmente.<\/p>\n","protected":false},"excerpt":{"rendered":"<p>El modelo 914 ha sido dise\u00f1ado para ofrecer al operador de rescate un instrumento pr\u00e1ctico y confiable, especialmente en casos de m\u00e1xima emergencia. La camilla, construida en aluminio anodizado, es resistente y f\u00e1cil de manejar gracias a las cuatro ruedas de 150 di\u00e1metro, dos fijas con freno y dos giratorias. Una caracter\u00edstica importante de este [&hellip;]<\/p>\n","protected":false},"author":1,"featured_media":14150,"parent":0,"menu_order":20003300,"template":"","meta":{"_acf_changed":false,"footnotes":""},"application-tag":[75],"class_list":["post-18075","product","type-product","status-publish","has-post-thumbnail","hentry","application-tag-camillas-y-carros-autocargables"],"acf":[],"dsm_author":{"name":"admeb26","avatar_url":"https:\/\/meber2026.graphoservice.it\/wp-content\/plugins\/ultimate-member\/assets\/img\/default_avatar.jpg","archive_link":"https:\/\/meber2026.graphoservice.it\/es\/author\/admeb26\/","biodata":""},"dsm_categories":[],"dsm_attachment_categories":[],"dsm_featured_image":{"thumbnail":"https:\/\/meber2026.graphoservice.it\/wp-content\/uploads\/2026\/02\/914_Winner-150x150.jpg","medium":"https:\/\/meber2026.graphoservice.it\/wp-content\/uploads\/2026\/02\/914_Winner-300x278.jpg","medium_large":"https:\/\/meber2026.graphoservice.it\/wp-content\/uploads\/2026\/02\/914_Winner-768x711.jpg","large":"https:\/\/meber2026.graphoservice.it\/wp-content\/uploads\/2026\/02\/914_Winner.jpg","1536x1536":"https:\/\/meber2026.graphoservice.it\/wp-content\/uploads\/2026\/02\/914_Winner.jpg","2048x2048":"https:\/\/meber2026.graphoservice.it\/wp-content\/uploads\/2026\/02\/914_Winner.jpg","et-pb-post-main-image":"https:\/\/meber2026.graphoservice.it\/wp-content\/uploads\/2026\/02\/914_Winner-400x250.jpg","et-pb-post-main-image-fullwidth":"https:\/\/meber2026.graphoservice.it\/wp-content\/uploads\/2026\/02\/914_Winner-780x675.jpg","et-pb-portfolio-image":"https:\/\/meber2026.graphoservice.it\/wp-content\/uploads\/2026\/02\/914_Winner-400x284.jpg","et-pb-portfolio-module-image":"https:\/\/meber2026.graphoservice.it\/wp-content\/uploads\/2026\/02\/914_Winner-510x382.jpg","et-pb-portfolio-image-single":"https:\/\/meber2026.graphoservice.it\/wp-content\/uploads\/2026\/02\/914_Winner.jpg","et-pb-gallery-module-image-portrait":"https:\/\/meber2026.graphoservice.it\/wp-content\/uploads\/2026\/02\/914_Winner-400x516.jpg","et-pb-post-main-image-fullwidth-large":"https:\/\/meber2026.graphoservice.it\/wp-content\/uploads\/2026\/02\/914_Winner.jpg","et-pb-image--responsive--desktop":"https:\/\/meber2026.graphoservice.it\/wp-content\/uploads\/2026\/02\/914_Winner.jpg","et-pb-image--responsive--tablet":"https:\/\/meber2026.graphoservice.it\/wp-content\/uploads\/2026\/02\/914_Winner.jpg","et-pb-image--responsive--phone":"https:\/\/meber2026.graphoservice.it\/wp-content\/uploads\/2026\/02\/914_Winner-480x444.jpg","full":"https:\/\/meber2026.graphoservice.it\/wp-content\/uploads\/2026\/02\/914_Winner.jpg"},"yoast_head":"<!-- This site is optimized with the Yoast SEO plugin v27.4 - https:\/\/yoast.com\/product\/yoast-seo-wordpress\/ -->\n<title>Winner 914<\/title>\n<meta name=\"robots\" content=\"noindex, follow, max-snippet:-1, max-image-preview:large, max-video-preview:-1\" \/>\n<meta property=\"og:locale\" content=\"es_ES\" \/>\n<meta property=\"og:type\" content=\"article\" \/>\n<meta property=\"og:title\" content=\"Winner 914\" \/>\n<meta property=\"og:description\" content=\"El modelo 914 ha sido dise\u00f1ado para ofrecer al operador de rescate un instrumento pr\u00e1ctico y confiable, especialmente en casos de m\u00e1xima emergencia. La camilla, construida en aluminio anodizado, es resistente y f\u00e1cil de manejar gracias a las cuatro ruedas de 150 di\u00e1metro, dos fijas con freno y dos giratorias. Una caracter\u00edstica importante de este [&hellip;]\" \/>\n<meta property=\"og:url\" content=\"https:\/\/meber2026.graphoservice.it\/es\/product\/winner-914\/\" \/>\n<meta property=\"og:site_name\" content=\"Me.Ber.\" \/>\n<meta property=\"article:modified_time\" content=\"2026-04-28T15:56:22+00:00\" \/>\n<meta property=\"og:image\" content=\"https:\/\/meber2026.graphoservice.it\/wp-content\/uploads\/2026\/02\/914_Winner.jpg\" \/>\n\t<meta property=\"og:image:width\" content=\"780\" \/>\n\t<meta property=\"og:image:height\" content=\"722\" \/>\n\t<meta property=\"og:image:type\" content=\"image\/jpeg\" \/>\n<meta name=\"twitter:card\" content=\"summary_large_image\" \/>\n<meta name=\"twitter:label1\" content=\"Tiempo de lectura\" \/>\n\t<meta name=\"twitter:data1\" content=\"1 minuto\" \/>\n<script type=\"application\/ld+json\" class=\"yoast-schema-graph\">{\"@context\":\"https:\\\/\\\/schema.org\",\"@graph\":[{\"@type\":\"WebPage\",\"@id\":\"https:\\\/\\\/meber2026.graphoservice.it\\\/es\\\/product\\\/winner-914\\\/\",\"url\":\"https:\\\/\\\/meber2026.graphoservice.it\\\/es\\\/product\\\/winner-914\\\/\",\"name\":\"Winner 914\",\"isPartOf\":{\"@id\":\"https:\\\/\\\/meber2026.graphoservice.it\\\/es\\\/#website\"},\"primaryImageOfPage\":{\"@id\":\"https:\\\/\\\/meber2026.graphoservice.it\\\/es\\\/product\\\/winner-914\\\/#primaryimage\"},\"image\":{\"@id\":\"https:\\\/\\\/meber2026.graphoservice.it\\\/es\\\/product\\\/winner-914\\\/#primaryimage\"},\"thumbnailUrl\":\"https:\\\/\\\/meber2026.graphoservice.it\\\/wp-content\\\/uploads\\\/2026\\\/02\\\/914_Winner.jpg\",\"datePublished\":\"2026-02-10T09:25:24+00:00\",\"dateModified\":\"2026-04-28T15:56:22+00:00\",\"breadcrumb\":{\"@id\":\"https:\\\/\\\/meber2026.graphoservice.it\\\/es\\\/product\\\/winner-914\\\/#breadcrumb\"},\"inLanguage\":\"es\",\"potentialAction\":[{\"@type\":\"ReadAction\",\"target\":[\"https:\\\/\\\/meber2026.graphoservice.it\\\/es\\\/product\\\/winner-914\\\/\"]}]},{\"@type\":\"ImageObject\",\"inLanguage\":\"es\",\"@id\":\"https:\\\/\\\/meber2026.graphoservice.it\\\/es\\\/product\\\/winner-914\\\/#primaryimage\",\"url\":\"https:\\\/\\\/meber2026.graphoservice.it\\\/wp-content\\\/uploads\\\/2026\\\/02\\\/914_Winner.jpg\",\"contentUrl\":\"https:\\\/\\\/meber2026.graphoservice.it\\\/wp-content\\\/uploads\\\/2026\\\/02\\\/914_Winner.jpg\",\"width\":780,\"height\":722},{\"@type\":\"BreadcrumbList\",\"@id\":\"https:\\\/\\\/meber2026.graphoservice.it\\\/es\\\/product\\\/winner-914\\\/#breadcrumb\",\"itemListElement\":[{\"@type\":\"ListItem\",\"position\":1,\"name\":\"Home\",\"item\":\"https:\\\/\\\/meber2026.graphoservice.it\\\/es\\\/\"},{\"@type\":\"ListItem\",\"position\":2,\"name\":\"Winner 914\"}]},{\"@type\":\"WebSite\",\"@id\":\"https:\\\/\\\/meber2026.graphoservice.it\\\/es\\\/#website\",\"url\":\"https:\\\/\\\/meber2026.graphoservice.it\\\/es\\\/\",\"name\":\"Me.Ber.\",\"description\":\"In Case of Emergerncy\",\"potentialAction\":[{\"@type\":\"SearchAction\",\"target\":{\"@type\":\"EntryPoint\",\"urlTemplate\":\"https:\\\/\\\/meber2026.graphoservice.it\\\/es\\\/?s={search_term_string}\"},\"query-input\":{\"@type\":\"PropertyValueSpecification\",\"valueRequired\":true,\"valueName\":\"search_term_string\"}}],\"inLanguage\":\"es\"}]}<\/script>\n<!-- \/ Yoast SEO plugin. -->","yoast_head_json":{"title":"Winner 914","robots":{"index":"noindex","follow":"follow","max-snippet":"max-snippet:-1","max-image-preview":"max-image-preview:large","max-video-preview":"max-video-preview:-1"},"og_locale":"es_ES","og_type":"article","og_title":"Winner 914","og_description":"El modelo 914 ha sido dise\u00f1ado para ofrecer al operador de rescate un instrumento pr\u00e1ctico y confiable, especialmente en casos de m\u00e1xima emergencia. La camilla, construida en aluminio anodizado, es resistente y f\u00e1cil de manejar gracias a las cuatro ruedas de 150 di\u00e1metro, dos fijas con freno y dos giratorias. Una caracter\u00edstica importante de este [&hellip;]","og_url":"https:\/\/meber2026.graphoservice.it\/es\/product\/winner-914\/","og_site_name":"Me.Ber.","article_modified_time":"2026-04-28T15:56:22+00:00","og_image":[{"width":780,"height":722,"url":"https:\/\/meber2026.graphoservice.it\/wp-content\/uploads\/2026\/02\/914_Winner.jpg","type":"image\/jpeg"}],"twitter_card":"summary_large_image","twitter_misc":{"Tiempo de lectura":"1 minuto"},"schema":{"@context":"https:\/\/schema.org","@graph":[{"@type":"WebPage","@id":"https:\/\/meber2026.graphoservice.it\/es\/product\/winner-914\/","url":"https:\/\/meber2026.graphoservice.it\/es\/product\/winner-914\/","name":"Winner 914","isPartOf":{"@id":"https:\/\/meber2026.graphoservice.it\/es\/#website"},"primaryImageOfPage":{"@id":"https:\/\/meber2026.graphoservice.it\/es\/product\/winner-914\/#primaryimage"},"image":{"@id":"https:\/\/meber2026.graphoservice.it\/es\/product\/winner-914\/#primaryimage"},"thumbnailUrl":"https:\/\/meber2026.graphoservice.it\/wp-content\/uploads\/2026\/02\/914_Winner.jpg","datePublished":"2026-02-10T09:25:24+00:00","dateModified":"2026-04-28T15:56:22+00:00","breadcrumb":{"@id":"https:\/\/meber2026.graphoservice.it\/es\/product\/winner-914\/#breadcrumb"},"inLanguage":"es","potentialAction":[{"@type":"ReadAction","target":["https:\/\/meber2026.graphoservice.it\/es\/product\/winner-914\/"]}]},{"@type":"ImageObject","inLanguage":"es","@id":"https:\/\/meber2026.graphoservice.it\/es\/product\/winner-914\/#primaryimage","url":"https:\/\/meber2026.graphoservice.it\/wp-content\/uploads\/2026\/02\/914_Winner.jpg","contentUrl":"https:\/\/meber2026.graphoservice.it\/wp-content\/uploads\/2026\/02\/914_Winner.jpg","width":780,"height":722},{"@type":"BreadcrumbList","@id":"https:\/\/meber2026.graphoservice.it\/es\/product\/winner-914\/#breadcrumb","itemListElement":[{"@type":"ListItem","position":1,"name":"Home","item":"https:\/\/meber2026.graphoservice.it\/es\/"},{"@type":"ListItem","position":2,"name":"Winner 914"}]},{"@type":"WebSite","@id":"https:\/\/meber2026.graphoservice.it\/es\/#website","url":"https:\/\/meber2026.graphoservice.it\/es\/","name":"Me.Ber.","description":"In Case of Emergerncy","potentialAction":[{"@type":"SearchAction","target":{"@type":"EntryPoint","urlTemplate":"https:\/\/meber2026.graphoservice.it\/es\/?s={search_term_string}"},"query-input":{"@type":"PropertyValueSpecification","valueRequired":true,"valueName":"search_term_string"}}],"inLanguage":"es"}]}},"_links":{"self":[{"href":"https:\/\/meber2026.graphoservice.it\/es\/wp-json\/wp\/v2\/product\/18075","targetHints":{"allow":["GET"]}}],"collection":[{"href":"https:\/\/meber2026.graphoservice.it\/es\/wp-json\/wp\/v2\/product"}],"about":[{"href":"https:\/\/meber2026.graphoservice.it\/es\/wp-json\/wp\/v2\/types\/product"}],"author":[{"embeddable":true,"href":"https:\/\/meber2026.graphoservice.it\/es\/wp-json\/wp\/v2\/users\/1"}],"version-history":[{"count":1,"href":"https:\/\/meber2026.graphoservice.it\/es\/wp-json\/wp\/v2\/product\/18075\/revisions"}],"predecessor-version":[{"id":30257,"href":"https:\/\/meber2026.graphoservice.it\/es\/wp-json\/wp\/v2\/product\/18075\/revisions\/30257"}],"wp:featuredmedia":[{"embeddable":true,"href":"https:\/\/meber2026.graphoservice.it\/es\/wp-json\/wp\/v2\/media\/14150"}],"wp:attachment":[{"href":"https:\/\/meber2026.graphoservice.it\/es\/wp-json\/wp\/v2\/media?parent=18075"}],"wp:term":[{"taxonomy":"application-tag","embeddable":true,"href":"https:\/\/meber2026.graphoservice.it\/es\/wp-json\/wp\/v2\/application-tag?post=18075"}],"curies":[{"name":"wp","href":"https:\/\/api.w.org\/{rel}","templated":true}]}}