{"id":18055,"date":"2026-02-10T09:25:22","date_gmt":"2026-02-10T09:25:22","guid":{"rendered":"https:\/\/meber2026.graphoservice.it\/product\/winner-910-proof\/"},"modified":"2026-04-28T15:56:01","modified_gmt":"2026-04-28T15:56:01","slug":"winner-910-proof","status":"publish","type":"product","link":"https:\/\/meber2026.graphoservice.it\/es\/product\/winner-910-proof\/","title":{"rendered":"Winner 910 PROOF"},"content":{"rendered":"<p class=\"MsoNormal\" style=\"margin: 0cm 0cm 0pt; \">El modelo 910 PROOF es similar al modelo 910, la diferencia sustancial est\u00e1 determinada por la aplicaci\u00f3n de una estructura r\u00edgida de acero que permite, en combinaci\u00f3n con el correspondiente sistema de fijaci\u00f3n, absorber los esfuerzos de inercia causados por la aceleraci\u00f3n o desaceleraci\u00f3n repentina del veh\u00edculo de rescate.<br \/>\n\u00a0<\/p>\n<div style=\"\">Otras caracter\u00edsticas principales:<\/div>\n<p style=\"\"><o:p><\/o:p><\/p>\n<ul>\n<li style=\"\">Plataforma y respaldo termopl\u00e1stico r\u00edgido reforzado para permitir el masaje card\u00edaco en caso de emergencia, f\u00e1cil de limpiar y desinfectar.<\/li>\n<li style=\"\">Respaldo reclinable de 0\u00b0 &#8211; 80\u00b0 accionado por un pist\u00f3n de gas, seguro y bloqueable en cualquier posici\u00f3n.<\/li>\n<li style=\"\">Barandillas laterales totalmente abatibles.<\/li>\n<li style=\"\">Bloqueo de las patas en posici\u00f3n plegada con un sistema que evita el aplastamiento de la barra de bloqueo.<\/li>\n<li style=\"\">Palanca de seguridad que act\u00faa sobre las patas al lado de la manija de liberaci\u00f3n que permite la operaci\u00f3n de liberaci\u00f3n de la carga manteniendo las manos en la camilla.<\/li>\n<li style=\"\">Patas verticales protegidas por parachoques de nylon.<\/li>\n<li style=\"\">Ruedas giratorias con sistema de autocentrado para permitir el posicionamiento de la camilla en la ambulancia sin tener que girar las ruedas manualmente.<\/li>\n<li style=\"\">4 ruedas de 150 de di\u00e1metro, dos de los cuales se fijan con freno y dos son giratorias.<\/li>\n<li style=\"\">Incluye colchoneta y cinturones.<\/li>\n<\/ul>\n<p>\u00a0<\/p>\n<p style=\"\"><img loading=\"lazy\" decoding=\"async\" alt=\"\" height=\"88\" src=\"https:\/\/www.meber.it\/adm\/Images\/contents\/10G Logo 2019_def.png\" width=\"80\" \/><\/p>\n<p style=\"\"><strong>Dispositivo certificado seg\u00fan las normas armonizadas europeas de seguridad UNI EN1865- UNI EN1789.<\/strong><\/p>\n","protected":false},"excerpt":{"rendered":"<p>El modelo 910 PROOF es similar al modelo 910, la diferencia sustancial est\u00e1 determinada por la aplicaci\u00f3n de una estructura r\u00edgida de acero que permite, en combinaci\u00f3n con el correspondiente sistema de fijaci\u00f3n, absorber los esfuerzos de inercia causados por la aceleraci\u00f3n o desaceleraci\u00f3n repentina del veh\u00edculo de rescate. \u00a0 Otras caracter\u00edsticas principales: Plataforma y [&hellip;]<\/p>\n","protected":false},"author":1,"featured_media":14114,"parent":0,"menu_order":20003200,"template":"","meta":{"_acf_changed":false,"footnotes":""},"application-tag":[75,66],"class_list":["post-18055","product","type-product","status-publish","has-post-thumbnail","hentry","application-tag-camillas-y-carros-autocargables","application-tag-certificado-10g"],"acf":[],"dsm_author":{"name":"admeb26","avatar_url":"https:\/\/meber2026.graphoservice.it\/wp-content\/plugins\/ultimate-member\/assets\/img\/default_avatar.jpg","archive_link":"https:\/\/meber2026.graphoservice.it\/es\/author\/admeb26\/","biodata":""},"dsm_categories":[],"dsm_attachment_categories":[],"dsm_featured_image":{"thumbnail":"https:\/\/meber2026.graphoservice.it\/wp-content\/uploads\/2026\/02\/910_Proof_Winner-150x150.jpg","medium":"https:\/\/meber2026.graphoservice.it\/wp-content\/uploads\/2026\/02\/910_Proof_Winner-300x250.jpg","medium_large":"https:\/\/meber2026.graphoservice.it\/wp-content\/uploads\/2026\/02\/910_Proof_Winner-768x639.jpg","large":"https:\/\/meber2026.graphoservice.it\/wp-content\/uploads\/2026\/02\/910_Proof_Winner.jpg","1536x1536":"https:\/\/meber2026.graphoservice.it\/wp-content\/uploads\/2026\/02\/910_Proof_Winner.jpg","2048x2048":"https:\/\/meber2026.graphoservice.it\/wp-content\/uploads\/2026\/02\/910_Proof_Winner.jpg","et-pb-post-main-image":"https:\/\/meber2026.graphoservice.it\/wp-content\/uploads\/2026\/02\/910_Proof_Winner-400x250.jpg","et-pb-post-main-image-fullwidth":"https:\/\/meber2026.graphoservice.it\/wp-content\/uploads\/2026\/02\/910_Proof_Winner.jpg","et-pb-portfolio-image":"https:\/\/meber2026.graphoservice.it\/wp-content\/uploads\/2026\/02\/910_Proof_Winner-400x284.jpg","et-pb-portfolio-module-image":"https:\/\/meber2026.graphoservice.it\/wp-content\/uploads\/2026\/02\/910_Proof_Winner-510x382.jpg","et-pb-portfolio-image-single":"https:\/\/meber2026.graphoservice.it\/wp-content\/uploads\/2026\/02\/910_Proof_Winner.jpg","et-pb-gallery-module-image-portrait":"https:\/\/meber2026.graphoservice.it\/wp-content\/uploads\/2026\/02\/910_Proof_Winner-400x516.jpg","et-pb-post-main-image-fullwidth-large":"https:\/\/meber2026.graphoservice.it\/wp-content\/uploads\/2026\/02\/910_Proof_Winner.jpg","et-pb-image--responsive--desktop":"https:\/\/meber2026.graphoservice.it\/wp-content\/uploads\/2026\/02\/910_Proof_Winner.jpg","et-pb-image--responsive--tablet":"https:\/\/meber2026.graphoservice.it\/wp-content\/uploads\/2026\/02\/910_Proof_Winner.jpg","et-pb-image--responsive--phone":"https:\/\/meber2026.graphoservice.it\/wp-content\/uploads\/2026\/02\/910_Proof_Winner-480x399.jpg","full":"https:\/\/meber2026.graphoservice.it\/wp-content\/uploads\/2026\/02\/910_Proof_Winner.jpg"},"yoast_head":"<!-- This site is optimized with the Yoast SEO plugin v27.4 - https:\/\/yoast.com\/product\/yoast-seo-wordpress\/ -->\n<title>Camilla de carga autom\u00e1tica Winner 910 Proof<\/title>\n<meta name=\"description\" content=\"La camilla de carga autom\u00e1tica 910 Proof es similar al modelo 910 y cuenta adem\u00e1s con la certificaci\u00f3n UNI EN 1865-UNI EN 1789.\" \/>\n<meta name=\"robots\" content=\"noindex, follow, max-snippet:-1, max-image-preview:large, max-video-preview:-1\" \/>\n<meta property=\"og:locale\" content=\"es_ES\" \/>\n<meta property=\"og:type\" content=\"article\" \/>\n<meta property=\"og:title\" content=\"Camilla de carga autom\u00e1tica Winner 910 Proof\" \/>\n<meta property=\"og:description\" content=\"La camilla de carga autom\u00e1tica 910 Proof es similar al modelo 910 y cuenta adem\u00e1s con la certificaci\u00f3n UNI EN 1865-UNI EN 1789.\" \/>\n<meta property=\"og:url\" content=\"https:\/\/meber2026.graphoservice.it\/es\/product\/winner-910-proof\/\" \/>\n<meta property=\"og:site_name\" content=\"Me.Ber.\" \/>\n<meta property=\"article:modified_time\" content=\"2026-04-28T15:56:01+00:00\" \/>\n<meta property=\"og:image\" content=\"https:\/\/meber2026.graphoservice.it\/wp-content\/uploads\/2026\/02\/910_Proof_Winner.jpg\" \/>\n\t<meta property=\"og:image:width\" content=\"780\" \/>\n\t<meta property=\"og:image:height\" content=\"649\" \/>\n\t<meta property=\"og:image:type\" content=\"image\/jpeg\" \/>\n<meta name=\"twitter:card\" content=\"summary_large_image\" \/>\n<meta name=\"twitter:label1\" content=\"Tiempo de lectura\" \/>\n\t<meta name=\"twitter:data1\" content=\"1 minuto\" \/>\n<script type=\"application\/ld+json\" class=\"yoast-schema-graph\">{\"@context\":\"https:\\\/\\\/schema.org\",\"@graph\":[{\"@type\":\"WebPage\",\"@id\":\"https:\\\/\\\/meber2026.graphoservice.it\\\/es\\\/product\\\/winner-910-proof\\\/\",\"url\":\"https:\\\/\\\/meber2026.graphoservice.it\\\/es\\\/product\\\/winner-910-proof\\\/\",\"name\":\"Camilla de carga autom\u00e1tica Winner 910 Proof\",\"isPartOf\":{\"@id\":\"https:\\\/\\\/meber2026.graphoservice.it\\\/es\\\/#website\"},\"primaryImageOfPage\":{\"@id\":\"https:\\\/\\\/meber2026.graphoservice.it\\\/es\\\/product\\\/winner-910-proof\\\/#primaryimage\"},\"image\":{\"@id\":\"https:\\\/\\\/meber2026.graphoservice.it\\\/es\\\/product\\\/winner-910-proof\\\/#primaryimage\"},\"thumbnailUrl\":\"https:\\\/\\\/meber2026.graphoservice.it\\\/wp-content\\\/uploads\\\/2026\\\/02\\\/910_Proof_Winner.jpg\",\"datePublished\":\"2026-02-10T09:25:22+00:00\",\"dateModified\":\"2026-04-28T15:56:01+00:00\",\"description\":\"La camilla de carga autom\u00e1tica 910 Proof es similar al modelo 910 y cuenta adem\u00e1s con la certificaci\u00f3n UNI EN 1865-UNI EN 1789.\",\"breadcrumb\":{\"@id\":\"https:\\\/\\\/meber2026.graphoservice.it\\\/es\\\/product\\\/winner-910-proof\\\/#breadcrumb\"},\"inLanguage\":\"es\",\"potentialAction\":[{\"@type\":\"ReadAction\",\"target\":[\"https:\\\/\\\/meber2026.graphoservice.it\\\/es\\\/product\\\/winner-910-proof\\\/\"]}]},{\"@type\":\"ImageObject\",\"inLanguage\":\"es\",\"@id\":\"https:\\\/\\\/meber2026.graphoservice.it\\\/es\\\/product\\\/winner-910-proof\\\/#primaryimage\",\"url\":\"https:\\\/\\\/meber2026.graphoservice.it\\\/wp-content\\\/uploads\\\/2026\\\/02\\\/910_Proof_Winner.jpg\",\"contentUrl\":\"https:\\\/\\\/meber2026.graphoservice.it\\\/wp-content\\\/uploads\\\/2026\\\/02\\\/910_Proof_Winner.jpg\",\"width\":780,\"height\":649},{\"@type\":\"BreadcrumbList\",\"@id\":\"https:\\\/\\\/meber2026.graphoservice.it\\\/es\\\/product\\\/winner-910-proof\\\/#breadcrumb\",\"itemListElement\":[{\"@type\":\"ListItem\",\"position\":1,\"name\":\"Home\",\"item\":\"https:\\\/\\\/meber2026.graphoservice.it\\\/es\\\/\"},{\"@type\":\"ListItem\",\"position\":2,\"name\":\"Winner 910 PROOF\"}]},{\"@type\":\"WebSite\",\"@id\":\"https:\\\/\\\/meber2026.graphoservice.it\\\/es\\\/#website\",\"url\":\"https:\\\/\\\/meber2026.graphoservice.it\\\/es\\\/\",\"name\":\"Me.Ber.\",\"description\":\"In Case of Emergerncy\",\"potentialAction\":[{\"@type\":\"SearchAction\",\"target\":{\"@type\":\"EntryPoint\",\"urlTemplate\":\"https:\\\/\\\/meber2026.graphoservice.it\\\/es\\\/?s={search_term_string}\"},\"query-input\":{\"@type\":\"PropertyValueSpecification\",\"valueRequired\":true,\"valueName\":\"search_term_string\"}}],\"inLanguage\":\"es\"}]}<\/script>\n<!-- \/ Yoast SEO plugin. -->","yoast_head_json":{"title":"Camilla de carga autom\u00e1tica Winner 910 Proof","description":"La camilla de carga autom\u00e1tica 910 Proof es similar al modelo 910 y cuenta adem\u00e1s con la certificaci\u00f3n UNI EN 1865-UNI EN 1789.","robots":{"index":"noindex","follow":"follow","max-snippet":"max-snippet:-1","max-image-preview":"max-image-preview:large","max-video-preview":"max-video-preview:-1"},"og_locale":"es_ES","og_type":"article","og_title":"Camilla de carga autom\u00e1tica Winner 910 Proof","og_description":"La camilla de carga autom\u00e1tica 910 Proof es similar al modelo 910 y cuenta adem\u00e1s con la certificaci\u00f3n UNI EN 1865-UNI EN 1789.","og_url":"https:\/\/meber2026.graphoservice.it\/es\/product\/winner-910-proof\/","og_site_name":"Me.Ber.","article_modified_time":"2026-04-28T15:56:01+00:00","og_image":[{"width":780,"height":649,"url":"https:\/\/meber2026.graphoservice.it\/wp-content\/uploads\/2026\/02\/910_Proof_Winner.jpg","type":"image\/jpeg"}],"twitter_card":"summary_large_image","twitter_misc":{"Tiempo de lectura":"1 minuto"},"schema":{"@context":"https:\/\/schema.org","@graph":[{"@type":"WebPage","@id":"https:\/\/meber2026.graphoservice.it\/es\/product\/winner-910-proof\/","url":"https:\/\/meber2026.graphoservice.it\/es\/product\/winner-910-proof\/","name":"Camilla de carga autom\u00e1tica Winner 910 Proof","isPartOf":{"@id":"https:\/\/meber2026.graphoservice.it\/es\/#website"},"primaryImageOfPage":{"@id":"https:\/\/meber2026.graphoservice.it\/es\/product\/winner-910-proof\/#primaryimage"},"image":{"@id":"https:\/\/meber2026.graphoservice.it\/es\/product\/winner-910-proof\/#primaryimage"},"thumbnailUrl":"https:\/\/meber2026.graphoservice.it\/wp-content\/uploads\/2026\/02\/910_Proof_Winner.jpg","datePublished":"2026-02-10T09:25:22+00:00","dateModified":"2026-04-28T15:56:01+00:00","description":"La camilla de carga autom\u00e1tica 910 Proof es similar al modelo 910 y cuenta adem\u00e1s con la certificaci\u00f3n UNI EN 1865-UNI EN 1789.","breadcrumb":{"@id":"https:\/\/meber2026.graphoservice.it\/es\/product\/winner-910-proof\/#breadcrumb"},"inLanguage":"es","potentialAction":[{"@type":"ReadAction","target":["https:\/\/meber2026.graphoservice.it\/es\/product\/winner-910-proof\/"]}]},{"@type":"ImageObject","inLanguage":"es","@id":"https:\/\/meber2026.graphoservice.it\/es\/product\/winner-910-proof\/#primaryimage","url":"https:\/\/meber2026.graphoservice.it\/wp-content\/uploads\/2026\/02\/910_Proof_Winner.jpg","contentUrl":"https:\/\/meber2026.graphoservice.it\/wp-content\/uploads\/2026\/02\/910_Proof_Winner.jpg","width":780,"height":649},{"@type":"BreadcrumbList","@id":"https:\/\/meber2026.graphoservice.it\/es\/product\/winner-910-proof\/#breadcrumb","itemListElement":[{"@type":"ListItem","position":1,"name":"Home","item":"https:\/\/meber2026.graphoservice.it\/es\/"},{"@type":"ListItem","position":2,"name":"Winner 910 PROOF"}]},{"@type":"WebSite","@id":"https:\/\/meber2026.graphoservice.it\/es\/#website","url":"https:\/\/meber2026.graphoservice.it\/es\/","name":"Me.Ber.","description":"In Case of Emergerncy","potentialAction":[{"@type":"SearchAction","target":{"@type":"EntryPoint","urlTemplate":"https:\/\/meber2026.graphoservice.it\/es\/?s={search_term_string}"},"query-input":{"@type":"PropertyValueSpecification","valueRequired":true,"valueName":"search_term_string"}}],"inLanguage":"es"}]}},"_links":{"self":[{"href":"https:\/\/meber2026.graphoservice.it\/es\/wp-json\/wp\/v2\/product\/18055","targetHints":{"allow":["GET"]}}],"collection":[{"href":"https:\/\/meber2026.graphoservice.it\/es\/wp-json\/wp\/v2\/product"}],"about":[{"href":"https:\/\/meber2026.graphoservice.it\/es\/wp-json\/wp\/v2\/types\/product"}],"author":[{"embeddable":true,"href":"https:\/\/meber2026.graphoservice.it\/es\/wp-json\/wp\/v2\/users\/1"}],"version-history":[{"count":1,"href":"https:\/\/meber2026.graphoservice.it\/es\/wp-json\/wp\/v2\/product\/18055\/revisions"}],"predecessor-version":[{"id":30241,"href":"https:\/\/meber2026.graphoservice.it\/es\/wp-json\/wp\/v2\/product\/18055\/revisions\/30241"}],"wp:featuredmedia":[{"embeddable":true,"href":"https:\/\/meber2026.graphoservice.it\/es\/wp-json\/wp\/v2\/media\/14114"}],"wp:attachment":[{"href":"https:\/\/meber2026.graphoservice.it\/es\/wp-json\/wp\/v2\/media?parent=18055"}],"wp:term":[{"taxonomy":"application-tag","embeddable":true,"href":"https:\/\/meber2026.graphoservice.it\/es\/wp-json\/wp\/v2\/application-tag?post=18055"}],"curies":[{"name":"wp","href":"https:\/\/api.w.org\/{rel}","templated":true}]}}