{"id":18050,"date":"2026-02-10T09:25:22","date_gmt":"2026-02-10T09:25:22","guid":{"rendered":"https:\/\/meber2026.graphoservice.it\/product\/winner-910\/"},"modified":"2026-04-28T15:55:54","modified_gmt":"2026-04-28T15:55:54","slug":"winner-910","status":"publish","type":"product","link":"https:\/\/meber2026.graphoservice.it\/es\/product\/winner-910\/","title":{"rendered":"Winner 910"},"content":{"rendered":"<p style=\"\">El modelo 910 ha sido dise\u00f1ado para ofrecer al operador de rescate un instrumento pr\u00e1ctico y confiable, especialmente en casos de m\u00e1xima emergencia. La camilla, construida en aluminio anodizado, es resistente y f\u00e1cil de manejar gracias a las cuatro ruedas de 150 di\u00e1metro, dos fijas con freno y dos giratorias. Una caracter\u00edstica importante de este modelo es el sistema de ajuste de altura de carga en las diversas plataformas de ambulancia. De hecho, la camilla de carga autom\u00e1tica &#8220;WINNER&#8221; est\u00e1 equipada con dos placas perforadas resistentes que permiten variar la altura de las ruedas de carga frontal, permitiendo as\u00ed la carga c\u00f3moda de la camilla en ambulancias con diferentes accesorios internos.\u00a0<br \/>\n\u00a0<\/p>\n<ul>\n<li style=\"\">Plataforma y respaldo r\u00edgido en termopl\u00e1stica reforzado para permitir el masaje card\u00edaco en caso de emergencia, f\u00e1cil de limpiar y desinfectar\u00a0<\/li>\n<li style=\"\">Respaldo reclinable de 0\u00b0 &#8211; 80\u00b0 accionado por un pist\u00f3n de gas, seguro y bloqueable en cualquier posici\u00f3n\u00a0<\/li>\n<li style=\"\">Barandillas laterales totalmente abatibles\u00a0<\/li>\n<li style=\"\">Bloqueo de las patas en posici\u00f3n plegada con un sistema que evita el aplastamiento de la barra de bloqueo<\/li>\n<li style=\"\">Palanca de seguridad que act\u00faa sobre las patas al lado de la manija de liberaci\u00f3n que permite la operaci\u00f3n de liberaci\u00f3n de la carga manteniendo las manos en la camilla\u00a0<\/li>\n<li style=\"\">Patas verticales protegidas por parachoques de nylon\u00a0<\/li>\n<li style=\"\">Ruedas giratorias con sistema de autocentrado para permitir el posicionamiento de la camilla en la ambulancia sin tener que girar las ruedas manualmente.<\/li>\n<\/ul>\n","protected":false},"excerpt":{"rendered":"<p>El modelo 910 ha sido dise\u00f1ado para ofrecer al operador de rescate un instrumento pr\u00e1ctico y confiable, especialmente en casos de m\u00e1xima emergencia. La camilla, construida en aluminio anodizado, es resistente y f\u00e1cil de manejar gracias a las cuatro ruedas de 150 di\u00e1metro, dos fijas con freno y dos giratorias. Una caracter\u00edstica importante de este [&hellip;]<\/p>\n","protected":false},"author":1,"featured_media":14105,"parent":0,"menu_order":20003100,"template":"","meta":{"_acf_changed":false,"footnotes":""},"application-tag":[75],"class_list":["post-18050","product","type-product","status-publish","has-post-thumbnail","hentry","application-tag-camillas-y-carros-autocargables"],"acf":[],"dsm_author":{"name":"admeb26","avatar_url":"https:\/\/meber2026.graphoservice.it\/wp-content\/plugins\/ultimate-member\/assets\/img\/default_avatar.jpg","archive_link":"https:\/\/meber2026.graphoservice.it\/es\/author\/admeb26\/","biodata":""},"dsm_categories":[],"dsm_attachment_categories":[],"dsm_featured_image":{"thumbnail":"https:\/\/meber2026.graphoservice.it\/wp-content\/uploads\/2026\/02\/910_barella_Winner-150x150.jpg","medium":"https:\/\/meber2026.graphoservice.it\/wp-content\/uploads\/2026\/02\/910_barella_Winner-300x241.jpg","medium_large":"https:\/\/meber2026.graphoservice.it\/wp-content\/uploads\/2026\/02\/910_barella_Winner-768x616.jpg","large":"https:\/\/meber2026.graphoservice.it\/wp-content\/uploads\/2026\/02\/910_barella_Winner.jpg","1536x1536":"https:\/\/meber2026.graphoservice.it\/wp-content\/uploads\/2026\/02\/910_barella_Winner.jpg","2048x2048":"https:\/\/meber2026.graphoservice.it\/wp-content\/uploads\/2026\/02\/910_barella_Winner.jpg","et-pb-post-main-image":"https:\/\/meber2026.graphoservice.it\/wp-content\/uploads\/2026\/02\/910_barella_Winner-400x250.jpg","et-pb-post-main-image-fullwidth":"https:\/\/meber2026.graphoservice.it\/wp-content\/uploads\/2026\/02\/910_barella_Winner.jpg","et-pb-portfolio-image":"https:\/\/meber2026.graphoservice.it\/wp-content\/uploads\/2026\/02\/910_barella_Winner-400x284.jpg","et-pb-portfolio-module-image":"https:\/\/meber2026.graphoservice.it\/wp-content\/uploads\/2026\/02\/910_barella_Winner-510x382.jpg","et-pb-portfolio-image-single":"https:\/\/meber2026.graphoservice.it\/wp-content\/uploads\/2026\/02\/910_barella_Winner.jpg","et-pb-gallery-module-image-portrait":"https:\/\/meber2026.graphoservice.it\/wp-content\/uploads\/2026\/02\/910_barella_Winner-400x516.jpg","et-pb-post-main-image-fullwidth-large":"https:\/\/meber2026.graphoservice.it\/wp-content\/uploads\/2026\/02\/910_barella_Winner.jpg","et-pb-image--responsive--desktop":"https:\/\/meber2026.graphoservice.it\/wp-content\/uploads\/2026\/02\/910_barella_Winner.jpg","et-pb-image--responsive--tablet":"https:\/\/meber2026.graphoservice.it\/wp-content\/uploads\/2026\/02\/910_barella_Winner.jpg","et-pb-image--responsive--phone":"https:\/\/meber2026.graphoservice.it\/wp-content\/uploads\/2026\/02\/910_barella_Winner-480x385.jpg","full":"https:\/\/meber2026.graphoservice.it\/wp-content\/uploads\/2026\/02\/910_barella_Winner.jpg"},"yoast_head":"<!-- This site is optimized with the Yoast SEO plugin v27.4 - https:\/\/yoast.com\/product\/yoast-seo-wordpress\/ -->\n<title>Camilla de carga autom\u00e1tica Winner 910<\/title>\n<meta name=\"description\" content=\"Camilla de carga autom\u00e1tica de aluminio con sistema de ajuste de altura de carga en las diversas plataformas de ambulancia.\" \/>\n<meta name=\"robots\" content=\"noindex, follow, max-snippet:-1, max-image-preview:large, max-video-preview:-1\" \/>\n<meta property=\"og:locale\" content=\"es_ES\" \/>\n<meta property=\"og:type\" content=\"article\" \/>\n<meta property=\"og:title\" content=\"Camilla de carga autom\u00e1tica Winner 910\" \/>\n<meta property=\"og:description\" content=\"Camilla de carga autom\u00e1tica de aluminio con sistema de ajuste de altura de carga en las diversas plataformas de ambulancia.\" \/>\n<meta property=\"og:url\" content=\"https:\/\/meber2026.graphoservice.it\/es\/product\/winner-910\/\" \/>\n<meta property=\"og:site_name\" content=\"Me.Ber.\" \/>\n<meta property=\"article:modified_time\" content=\"2026-04-28T15:55:54+00:00\" \/>\n<meta property=\"og:image\" content=\"https:\/\/meber2026.graphoservice.it\/wp-content\/uploads\/2026\/02\/910_barella_Winner.jpg\" \/>\n\t<meta property=\"og:image:width\" content=\"780\" \/>\n\t<meta property=\"og:image:height\" content=\"626\" \/>\n\t<meta property=\"og:image:type\" content=\"image\/jpeg\" \/>\n<meta name=\"twitter:card\" content=\"summary_large_image\" \/>\n<meta name=\"twitter:label1\" content=\"Tiempo de lectura\" \/>\n\t<meta name=\"twitter:data1\" content=\"1 minuto\" \/>\n<script type=\"application\/ld+json\" class=\"yoast-schema-graph\">{\"@context\":\"https:\\\/\\\/schema.org\",\"@graph\":[{\"@type\":\"WebPage\",\"@id\":\"https:\\\/\\\/meber2026.graphoservice.it\\\/es\\\/product\\\/winner-910\\\/\",\"url\":\"https:\\\/\\\/meber2026.graphoservice.it\\\/es\\\/product\\\/winner-910\\\/\",\"name\":\"Camilla de carga autom\u00e1tica Winner 910\",\"isPartOf\":{\"@id\":\"https:\\\/\\\/meber2026.graphoservice.it\\\/es\\\/#website\"},\"primaryImageOfPage\":{\"@id\":\"https:\\\/\\\/meber2026.graphoservice.it\\\/es\\\/product\\\/winner-910\\\/#primaryimage\"},\"image\":{\"@id\":\"https:\\\/\\\/meber2026.graphoservice.it\\\/es\\\/product\\\/winner-910\\\/#primaryimage\"},\"thumbnailUrl\":\"https:\\\/\\\/meber2026.graphoservice.it\\\/wp-content\\\/uploads\\\/2026\\\/02\\\/910_barella_Winner.jpg\",\"datePublished\":\"2026-02-10T09:25:22+00:00\",\"dateModified\":\"2026-04-28T15:55:54+00:00\",\"description\":\"Camilla de carga autom\u00e1tica de aluminio con sistema de ajuste de altura de carga en las diversas plataformas de ambulancia.\",\"breadcrumb\":{\"@id\":\"https:\\\/\\\/meber2026.graphoservice.it\\\/es\\\/product\\\/winner-910\\\/#breadcrumb\"},\"inLanguage\":\"es\",\"potentialAction\":[{\"@type\":\"ReadAction\",\"target\":[\"https:\\\/\\\/meber2026.graphoservice.it\\\/es\\\/product\\\/winner-910\\\/\"]}]},{\"@type\":\"ImageObject\",\"inLanguage\":\"es\",\"@id\":\"https:\\\/\\\/meber2026.graphoservice.it\\\/es\\\/product\\\/winner-910\\\/#primaryimage\",\"url\":\"https:\\\/\\\/meber2026.graphoservice.it\\\/wp-content\\\/uploads\\\/2026\\\/02\\\/910_barella_Winner.jpg\",\"contentUrl\":\"https:\\\/\\\/meber2026.graphoservice.it\\\/wp-content\\\/uploads\\\/2026\\\/02\\\/910_barella_Winner.jpg\",\"width\":780,\"height\":626},{\"@type\":\"BreadcrumbList\",\"@id\":\"https:\\\/\\\/meber2026.graphoservice.it\\\/es\\\/product\\\/winner-910\\\/#breadcrumb\",\"itemListElement\":[{\"@type\":\"ListItem\",\"position\":1,\"name\":\"Home\",\"item\":\"https:\\\/\\\/meber2026.graphoservice.it\\\/es\\\/\"},{\"@type\":\"ListItem\",\"position\":2,\"name\":\"Winner 910\"}]},{\"@type\":\"WebSite\",\"@id\":\"https:\\\/\\\/meber2026.graphoservice.it\\\/es\\\/#website\",\"url\":\"https:\\\/\\\/meber2026.graphoservice.it\\\/es\\\/\",\"name\":\"Me.Ber.\",\"description\":\"In Case of Emergerncy\",\"potentialAction\":[{\"@type\":\"SearchAction\",\"target\":{\"@type\":\"EntryPoint\",\"urlTemplate\":\"https:\\\/\\\/meber2026.graphoservice.it\\\/es\\\/?s={search_term_string}\"},\"query-input\":{\"@type\":\"PropertyValueSpecification\",\"valueRequired\":true,\"valueName\":\"search_term_string\"}}],\"inLanguage\":\"es\"}]}<\/script>\n<!-- \/ Yoast SEO plugin. -->","yoast_head_json":{"title":"Camilla de carga autom\u00e1tica Winner 910","description":"Camilla de carga autom\u00e1tica de aluminio con sistema de ajuste de altura de carga en las diversas plataformas de ambulancia.","robots":{"index":"noindex","follow":"follow","max-snippet":"max-snippet:-1","max-image-preview":"max-image-preview:large","max-video-preview":"max-video-preview:-1"},"og_locale":"es_ES","og_type":"article","og_title":"Camilla de carga autom\u00e1tica Winner 910","og_description":"Camilla de carga autom\u00e1tica de aluminio con sistema de ajuste de altura de carga en las diversas plataformas de ambulancia.","og_url":"https:\/\/meber2026.graphoservice.it\/es\/product\/winner-910\/","og_site_name":"Me.Ber.","article_modified_time":"2026-04-28T15:55:54+00:00","og_image":[{"width":780,"height":626,"url":"https:\/\/meber2026.graphoservice.it\/wp-content\/uploads\/2026\/02\/910_barella_Winner.jpg","type":"image\/jpeg"}],"twitter_card":"summary_large_image","twitter_misc":{"Tiempo de lectura":"1 minuto"},"schema":{"@context":"https:\/\/schema.org","@graph":[{"@type":"WebPage","@id":"https:\/\/meber2026.graphoservice.it\/es\/product\/winner-910\/","url":"https:\/\/meber2026.graphoservice.it\/es\/product\/winner-910\/","name":"Camilla de carga autom\u00e1tica Winner 910","isPartOf":{"@id":"https:\/\/meber2026.graphoservice.it\/es\/#website"},"primaryImageOfPage":{"@id":"https:\/\/meber2026.graphoservice.it\/es\/product\/winner-910\/#primaryimage"},"image":{"@id":"https:\/\/meber2026.graphoservice.it\/es\/product\/winner-910\/#primaryimage"},"thumbnailUrl":"https:\/\/meber2026.graphoservice.it\/wp-content\/uploads\/2026\/02\/910_barella_Winner.jpg","datePublished":"2026-02-10T09:25:22+00:00","dateModified":"2026-04-28T15:55:54+00:00","description":"Camilla de carga autom\u00e1tica de aluminio con sistema de ajuste de altura de carga en las diversas plataformas de ambulancia.","breadcrumb":{"@id":"https:\/\/meber2026.graphoservice.it\/es\/product\/winner-910\/#breadcrumb"},"inLanguage":"es","potentialAction":[{"@type":"ReadAction","target":["https:\/\/meber2026.graphoservice.it\/es\/product\/winner-910\/"]}]},{"@type":"ImageObject","inLanguage":"es","@id":"https:\/\/meber2026.graphoservice.it\/es\/product\/winner-910\/#primaryimage","url":"https:\/\/meber2026.graphoservice.it\/wp-content\/uploads\/2026\/02\/910_barella_Winner.jpg","contentUrl":"https:\/\/meber2026.graphoservice.it\/wp-content\/uploads\/2026\/02\/910_barella_Winner.jpg","width":780,"height":626},{"@type":"BreadcrumbList","@id":"https:\/\/meber2026.graphoservice.it\/es\/product\/winner-910\/#breadcrumb","itemListElement":[{"@type":"ListItem","position":1,"name":"Home","item":"https:\/\/meber2026.graphoservice.it\/es\/"},{"@type":"ListItem","position":2,"name":"Winner 910"}]},{"@type":"WebSite","@id":"https:\/\/meber2026.graphoservice.it\/es\/#website","url":"https:\/\/meber2026.graphoservice.it\/es\/","name":"Me.Ber.","description":"In Case of Emergerncy","potentialAction":[{"@type":"SearchAction","target":{"@type":"EntryPoint","urlTemplate":"https:\/\/meber2026.graphoservice.it\/es\/?s={search_term_string}"},"query-input":{"@type":"PropertyValueSpecification","valueRequired":true,"valueName":"search_term_string"}}],"inLanguage":"es"}]}},"_links":{"self":[{"href":"https:\/\/meber2026.graphoservice.it\/es\/wp-json\/wp\/v2\/product\/18050","targetHints":{"allow":["GET"]}}],"collection":[{"href":"https:\/\/meber2026.graphoservice.it\/es\/wp-json\/wp\/v2\/product"}],"about":[{"href":"https:\/\/meber2026.graphoservice.it\/es\/wp-json\/wp\/v2\/types\/product"}],"author":[{"embeddable":true,"href":"https:\/\/meber2026.graphoservice.it\/es\/wp-json\/wp\/v2\/users\/1"}],"version-history":[{"count":1,"href":"https:\/\/meber2026.graphoservice.it\/es\/wp-json\/wp\/v2\/product\/18050\/revisions"}],"predecessor-version":[{"id":30237,"href":"https:\/\/meber2026.graphoservice.it\/es\/wp-json\/wp\/v2\/product\/18050\/revisions\/30237"}],"wp:featuredmedia":[{"embeddable":true,"href":"https:\/\/meber2026.graphoservice.it\/es\/wp-json\/wp\/v2\/media\/14105"}],"wp:attachment":[{"href":"https:\/\/meber2026.graphoservice.it\/es\/wp-json\/wp\/v2\/media?parent=18050"}],"wp:term":[{"taxonomy":"application-tag","embeddable":true,"href":"https:\/\/meber2026.graphoservice.it\/es\/wp-json\/wp\/v2\/application-tag?post=18050"}],"curies":[{"name":"wp","href":"https:\/\/api.w.org\/{rel}","templated":true}]}}