{"id":18045,"date":"2026-02-10T09:25:21","date_gmt":"2026-02-10T09:25:21","guid":{"rendered":"https:\/\/meber2026.graphoservice.it\/product\/duck-9024\/"},"modified":"2026-02-10T09:25:21","modified_gmt":"2026-02-10T09:25:21","slug":"duck-9024","status":"publish","type":"product","link":"https:\/\/meber2026.graphoservice.it\/es\/product\/duck-9024\/","title":{"rendered":"Duck 9024"},"content":{"rendered":"<p>Dise\u00f1ada para la inmovilizaci\u00f3n y el transporte de ni\u00f1os de hasta 120 cm de altura, fabricada en material pl\u00e1stico de alta resistencia y dise\u00f1ada prestando atenci\u00f3n a los problemas encontrados durante las operaciones cotidianas: de hecho, se crearon 4 ojales para una fijaci\u00f3n r\u00e1pida y el total del inmovilizador de cabeza y 2 ojales en la parte de soporte, para aquellos que bloquean la base de la manera tradicional, lo que permite que las correas con velcro no se rompan durante el uso y la colocaci\u00f3n en ambulancia.<br \/>\nEst\u00e1 equipada con 10 asas para transporte.<br \/>\nPermite diagn\u00f3sticos preliminares con rayos X y se puede suministrar en 3 colores diferentes, amarillo, naranja y azul.<br \/>\nNo se suministra de serie con cinturones.<\/p>\n","protected":false},"excerpt":{"rendered":"<p>Dise\u00f1ada para la inmovilizaci\u00f3n y el transporte de ni\u00f1os de hasta 120 cm de altura, fabricada en material pl\u00e1stico de alta resistencia y dise\u00f1ada prestando atenci\u00f3n a los problemas encontrados durante las operaciones cotidianas: de hecho, se crearon 4 ojales para una fijaci\u00f3n r\u00e1pida y el total del inmovilizador de cabeza y 2 ojales en [&hellip;]<\/p>\n","protected":false},"author":1,"featured_media":26683,"parent":0,"menu_order":50000500,"template":"","meta":{"_acf_changed":false,"footnotes":""},"application-tag":[],"class_list":["post-18045","product","type-product","status-publish","has-post-thumbnail","hentry"],"acf":[],"dsm_author":{"name":"admeb26","avatar_url":"https:\/\/meber2026.graphoservice.it\/wp-content\/plugins\/ultimate-member\/assets\/img\/default_avatar.jpg","archive_link":"https:\/\/meber2026.graphoservice.it\/es\/author\/admeb26\/","biodata":""},"dsm_categories":[],"dsm_attachment_categories":[],"dsm_featured_image":{"thumbnail":"https:\/\/meber2026.graphoservice.it\/wp-content\/uploads\/2026\/02\/Duck-9024-tavola-spinale-pediatrica-arancio-45deg-150x150.webp","medium":"https:\/\/meber2026.graphoservice.it\/wp-content\/uploads\/2026\/02\/Duck-9024-tavola-spinale-pediatrica-arancio-45deg-300x300.webp","medium_large":"https:\/\/meber2026.graphoservice.it\/wp-content\/uploads\/2026\/02\/Duck-9024-tavola-spinale-pediatrica-arancio-45deg-768x768.webp","large":"https:\/\/meber2026.graphoservice.it\/wp-content\/uploads\/2026\/02\/Duck-9024-tavola-spinale-pediatrica-arancio-45deg-1024x1024.webp","1536x1536":"https:\/\/meber2026.graphoservice.it\/wp-content\/uploads\/2026\/02\/Duck-9024-tavola-spinale-pediatrica-arancio-45deg-1536x1536.webp","2048x2048":"https:\/\/meber2026.graphoservice.it\/wp-content\/uploads\/2026\/02\/Duck-9024-tavola-spinale-pediatrica-arancio-45deg.webp","et-pb-post-main-image":"https:\/\/meber2026.graphoservice.it\/wp-content\/uploads\/2026\/02\/Duck-9024-tavola-spinale-pediatrica-arancio-45deg-400x250.webp","et-pb-post-main-image-fullwidth":"https:\/\/meber2026.graphoservice.it\/wp-content\/uploads\/2026\/02\/Duck-9024-tavola-spinale-pediatrica-arancio-45deg-1080x675.webp","et-pb-portfolio-image":"https:\/\/meber2026.graphoservice.it\/wp-content\/uploads\/2026\/02\/Duck-9024-tavola-spinale-pediatrica-arancio-45deg-400x284.webp","et-pb-portfolio-module-image":"https:\/\/meber2026.graphoservice.it\/wp-content\/uploads\/2026\/02\/Duck-9024-tavola-spinale-pediatrica-arancio-45deg-510x382.webp","et-pb-portfolio-image-single":"https:\/\/meber2026.graphoservice.it\/wp-content\/uploads\/2026\/02\/Duck-9024-tavola-spinale-pediatrica-arancio-45deg-1080x1080.webp","et-pb-gallery-module-image-portrait":"https:\/\/meber2026.graphoservice.it\/wp-content\/uploads\/2026\/02\/Duck-9024-tavola-spinale-pediatrica-arancio-45deg-400x516.webp","et-pb-post-main-image-fullwidth-large":"https:\/\/meber2026.graphoservice.it\/wp-content\/uploads\/2026\/02\/Duck-9024-tavola-spinale-pediatrica-arancio-45deg-2000x1800.webp","et-pb-image--responsive--desktop":"https:\/\/meber2026.graphoservice.it\/wp-content\/uploads\/2026\/02\/Duck-9024-tavola-spinale-pediatrica-arancio-45deg-1280x1280.webp","et-pb-image--responsive--tablet":"https:\/\/meber2026.graphoservice.it\/wp-content\/uploads\/2026\/02\/Duck-9024-tavola-spinale-pediatrica-arancio-45deg-980x980.webp","et-pb-image--responsive--phone":"https:\/\/meber2026.graphoservice.it\/wp-content\/uploads\/2026\/02\/Duck-9024-tavola-spinale-pediatrica-arancio-45deg-480x480.webp","full":"https:\/\/meber2026.graphoservice.it\/wp-content\/uploads\/2026\/02\/Duck-9024-tavola-spinale-pediatrica-arancio-45deg.webp"},"yoast_head":"<!-- This site is optimized with the Yoast SEO plugin v27.4 - https:\/\/yoast.com\/product\/yoast-seo-wordpress\/ -->\n<title>Duck 9024<\/title>\n<meta name=\"robots\" content=\"noindex, follow, max-snippet:-1, max-image-preview:large, max-video-preview:-1\" \/>\n<meta property=\"og:locale\" content=\"es_ES\" \/>\n<meta property=\"og:type\" content=\"article\" \/>\n<meta property=\"og:title\" content=\"Duck 9024\" \/>\n<meta property=\"og:description\" content=\"Dise\u00f1ada para la inmovilizaci\u00f3n y el transporte de ni\u00f1os de hasta 120 cm de altura, fabricada en material pl\u00e1stico de alta resistencia y dise\u00f1ada prestando atenci\u00f3n a los problemas encontrados durante las operaciones cotidianas: de hecho, se crearon 4 ojales para una fijaci\u00f3n r\u00e1pida y el total del inmovilizador de cabeza y 2 ojales en [&hellip;]\" \/>\n<meta property=\"og:url\" content=\"https:\/\/meber2026.graphoservice.it\/es\/product\/duck-9024\/\" \/>\n<meta property=\"og:site_name\" content=\"Me.Ber.\" \/>\n<meta name=\"twitter:card\" content=\"summary_large_image\" \/>\n<meta name=\"twitter:label1\" content=\"Tiempo de lectura\" \/>\n\t<meta name=\"twitter:data1\" content=\"1 minuto\" \/>\n<script type=\"application\/ld+json\" class=\"yoast-schema-graph\">{\"@context\":\"https:\\\/\\\/schema.org\",\"@graph\":[{\"@type\":\"WebPage\",\"@id\":\"https:\\\/\\\/meber2026.graphoservice.it\\\/es\\\/product\\\/duck-9024\\\/\",\"url\":\"https:\\\/\\\/meber2026.graphoservice.it\\\/es\\\/product\\\/duck-9024\\\/\",\"name\":\"Duck 9024\",\"isPartOf\":{\"@id\":\"https:\\\/\\\/meber2026.graphoservice.it\\\/es\\\/#website\"},\"primaryImageOfPage\":{\"@id\":\"https:\\\/\\\/meber2026.graphoservice.it\\\/es\\\/product\\\/duck-9024\\\/#primaryimage\"},\"image\":{\"@id\":\"https:\\\/\\\/meber2026.graphoservice.it\\\/es\\\/product\\\/duck-9024\\\/#primaryimage\"},\"thumbnailUrl\":\"https:\\\/\\\/meber2026.graphoservice.it\\\/wp-content\\\/uploads\\\/2026\\\/02\\\/Duck-9024-tavola-spinale-pediatrica-arancio-45deg.webp\",\"datePublished\":\"2026-02-10T09:25:21+00:00\",\"breadcrumb\":{\"@id\":\"https:\\\/\\\/meber2026.graphoservice.it\\\/es\\\/product\\\/duck-9024\\\/#breadcrumb\"},\"inLanguage\":\"es\",\"potentialAction\":[{\"@type\":\"ReadAction\",\"target\":[\"https:\\\/\\\/meber2026.graphoservice.it\\\/es\\\/product\\\/duck-9024\\\/\"]}]},{\"@type\":\"ImageObject\",\"inLanguage\":\"es\",\"@id\":\"https:\\\/\\\/meber2026.graphoservice.it\\\/es\\\/product\\\/duck-9024\\\/#primaryimage\",\"url\":\"https:\\\/\\\/meber2026.graphoservice.it\\\/wp-content\\\/uploads\\\/2026\\\/02\\\/Duck-9024-tavola-spinale-pediatrica-arancio-45deg.webp\",\"contentUrl\":\"https:\\\/\\\/meber2026.graphoservice.it\\\/wp-content\\\/uploads\\\/2026\\\/02\\\/Duck-9024-tavola-spinale-pediatrica-arancio-45deg.webp\",\"width\":2000,\"height\":2000},{\"@type\":\"BreadcrumbList\",\"@id\":\"https:\\\/\\\/meber2026.graphoservice.it\\\/es\\\/product\\\/duck-9024\\\/#breadcrumb\",\"itemListElement\":[{\"@type\":\"ListItem\",\"position\":1,\"name\":\"Home\",\"item\":\"https:\\\/\\\/meber2026.graphoservice.it\\\/es\\\/\"},{\"@type\":\"ListItem\",\"position\":2,\"name\":\"Duck 9024\"}]},{\"@type\":\"WebSite\",\"@id\":\"https:\\\/\\\/meber2026.graphoservice.it\\\/es\\\/#website\",\"url\":\"https:\\\/\\\/meber2026.graphoservice.it\\\/es\\\/\",\"name\":\"Me.Ber.\",\"description\":\"In Case of Emergerncy\",\"potentialAction\":[{\"@type\":\"SearchAction\",\"target\":{\"@type\":\"EntryPoint\",\"urlTemplate\":\"https:\\\/\\\/meber2026.graphoservice.it\\\/es\\\/?s={search_term_string}\"},\"query-input\":{\"@type\":\"PropertyValueSpecification\",\"valueRequired\":true,\"valueName\":\"search_term_string\"}}],\"inLanguage\":\"es\"}]}<\/script>\n<!-- \/ Yoast SEO plugin. -->","yoast_head_json":{"title":"Duck 9024","robots":{"index":"noindex","follow":"follow","max-snippet":"max-snippet:-1","max-image-preview":"max-image-preview:large","max-video-preview":"max-video-preview:-1"},"og_locale":"es_ES","og_type":"article","og_title":"Duck 9024","og_description":"Dise\u00f1ada para la inmovilizaci\u00f3n y el transporte de ni\u00f1os de hasta 120 cm de altura, fabricada en material pl\u00e1stico de alta resistencia y dise\u00f1ada prestando atenci\u00f3n a los problemas encontrados durante las operaciones cotidianas: de hecho, se crearon 4 ojales para una fijaci\u00f3n r\u00e1pida y el total del inmovilizador de cabeza y 2 ojales en [&hellip;]","og_url":"https:\/\/meber2026.graphoservice.it\/es\/product\/duck-9024\/","og_site_name":"Me.Ber.","twitter_card":"summary_large_image","twitter_misc":{"Tiempo de lectura":"1 minuto"},"schema":{"@context":"https:\/\/schema.org","@graph":[{"@type":"WebPage","@id":"https:\/\/meber2026.graphoservice.it\/es\/product\/duck-9024\/","url":"https:\/\/meber2026.graphoservice.it\/es\/product\/duck-9024\/","name":"Duck 9024","isPartOf":{"@id":"https:\/\/meber2026.graphoservice.it\/es\/#website"},"primaryImageOfPage":{"@id":"https:\/\/meber2026.graphoservice.it\/es\/product\/duck-9024\/#primaryimage"},"image":{"@id":"https:\/\/meber2026.graphoservice.it\/es\/product\/duck-9024\/#primaryimage"},"thumbnailUrl":"https:\/\/meber2026.graphoservice.it\/wp-content\/uploads\/2026\/02\/Duck-9024-tavola-spinale-pediatrica-arancio-45deg.webp","datePublished":"2026-02-10T09:25:21+00:00","breadcrumb":{"@id":"https:\/\/meber2026.graphoservice.it\/es\/product\/duck-9024\/#breadcrumb"},"inLanguage":"es","potentialAction":[{"@type":"ReadAction","target":["https:\/\/meber2026.graphoservice.it\/es\/product\/duck-9024\/"]}]},{"@type":"ImageObject","inLanguage":"es","@id":"https:\/\/meber2026.graphoservice.it\/es\/product\/duck-9024\/#primaryimage","url":"https:\/\/meber2026.graphoservice.it\/wp-content\/uploads\/2026\/02\/Duck-9024-tavola-spinale-pediatrica-arancio-45deg.webp","contentUrl":"https:\/\/meber2026.graphoservice.it\/wp-content\/uploads\/2026\/02\/Duck-9024-tavola-spinale-pediatrica-arancio-45deg.webp","width":2000,"height":2000},{"@type":"BreadcrumbList","@id":"https:\/\/meber2026.graphoservice.it\/es\/product\/duck-9024\/#breadcrumb","itemListElement":[{"@type":"ListItem","position":1,"name":"Home","item":"https:\/\/meber2026.graphoservice.it\/es\/"},{"@type":"ListItem","position":2,"name":"Duck 9024"}]},{"@type":"WebSite","@id":"https:\/\/meber2026.graphoservice.it\/es\/#website","url":"https:\/\/meber2026.graphoservice.it\/es\/","name":"Me.Ber.","description":"In Case of Emergerncy","potentialAction":[{"@type":"SearchAction","target":{"@type":"EntryPoint","urlTemplate":"https:\/\/meber2026.graphoservice.it\/es\/?s={search_term_string}"},"query-input":{"@type":"PropertyValueSpecification","valueRequired":true,"valueName":"search_term_string"}}],"inLanguage":"es"}]}},"_links":{"self":[{"href":"https:\/\/meber2026.graphoservice.it\/es\/wp-json\/wp\/v2\/product\/18045","targetHints":{"allow":["GET"]}}],"collection":[{"href":"https:\/\/meber2026.graphoservice.it\/es\/wp-json\/wp\/v2\/product"}],"about":[{"href":"https:\/\/meber2026.graphoservice.it\/es\/wp-json\/wp\/v2\/types\/product"}],"author":[{"embeddable":true,"href":"https:\/\/meber2026.graphoservice.it\/es\/wp-json\/wp\/v2\/users\/1"}],"version-history":[{"count":0,"href":"https:\/\/meber2026.graphoservice.it\/es\/wp-json\/wp\/v2\/product\/18045\/revisions"}],"wp:featuredmedia":[{"embeddable":true,"href":"https:\/\/meber2026.graphoservice.it\/es\/wp-json\/wp\/v2\/media\/26683"}],"wp:attachment":[{"href":"https:\/\/meber2026.graphoservice.it\/es\/wp-json\/wp\/v2\/media?parent=18045"}],"wp:term":[{"taxonomy":"application-tag","embeddable":true,"href":"https:\/\/meber2026.graphoservice.it\/es\/wp-json\/wp\/v2\/application-tag?post=18045"}],"curies":[{"name":"wp","href":"https:\/\/api.w.org\/{rel}","templated":true}]}}