{"id":18030,"date":"2026-02-10T09:25:20","date_gmt":"2026-02-10T09:25:20","guid":{"rendered":"https:\/\/meber2026.graphoservice.it\/product\/snake-894\/"},"modified":"2026-02-10T09:25:20","modified_gmt":"2026-02-10T09:25:20","slug":"snake-894","status":"publish","type":"product","link":"https:\/\/meber2026.graphoservice.it\/es\/product\/snake-894\/","title":{"rendered":"Snake 894"},"content":{"rendered":"<p style=\"\">Colch\u00f3n de vac\u00edo con 14 c\u00e1maras independientes para una perfecta y r\u00e1pida inmovilizaci\u00f3n. Extremadamente ligero y resistente, 8 manijas ergon\u00f3micas, cinturones de seguridad y la perfecta envoltura del paciente otorgan al colch\u00f3n &#8220;Snake&#8221; caracter\u00edsticas \u00fanicas. Utilizable desde &#8211; 30 \u00b0 C hasta + 70 \u00b0 C. La retenci\u00f3n de la depresi\u00f3n durante mucho tiempo sin ning\u00fan desplazamiento, <strong>la certificaci\u00f3n UNI EN 1865<\/strong>, de acuerdo con las normas armonizadas europeas, <strong>completan las caracter\u00edsticas de este dispositivo<\/strong>.<\/p>\n","protected":false},"excerpt":{"rendered":"<p>Colch\u00f3n de vac\u00edo con 14 c\u00e1maras independientes para una perfecta y r\u00e1pida inmovilizaci\u00f3n. Extremadamente ligero y resistente, 8 manijas ergon\u00f3micas, cinturones de seguridad y la perfecta envoltura del paciente otorgan al colch\u00f3n &#8220;Snake&#8221; caracter\u00edsticas \u00fanicas. Utilizable desde &#8211; 30 \u00b0 C hasta + 70 \u00b0 C. La retenci\u00f3n de la depresi\u00f3n durante mucho tiempo sin [&hellip;]<\/p>\n","protected":false},"author":1,"featured_media":14069,"parent":0,"menu_order":50001700,"template":"","meta":{"_acf_changed":false,"footnotes":""},"application-tag":[],"class_list":["post-18030","product","type-product","status-publish","has-post-thumbnail","hentry"],"acf":[],"dsm_author":{"name":"admeb26","avatar_url":"https:\/\/meber2026.graphoservice.it\/wp-content\/plugins\/ultimate-member\/assets\/img\/default_avatar.jpg","archive_link":"https:\/\/meber2026.graphoservice.it\/es\/author\/admeb26\/","biodata":""},"dsm_categories":[],"dsm_attachment_categories":[],"dsm_featured_image":{"thumbnail":"https:\/\/meber2026.graphoservice.it\/wp-content\/uploads\/2026\/02\/894_Materasso_depressione1-150x150.jpg","medium":"https:\/\/meber2026.graphoservice.it\/wp-content\/uploads\/2026\/02\/894_Materasso_depressione1-300x171.jpg","medium_large":"https:\/\/meber2026.graphoservice.it\/wp-content\/uploads\/2026\/02\/894_Materasso_depressione1-768x437.jpg","large":"https:\/\/meber2026.graphoservice.it\/wp-content\/uploads\/2026\/02\/894_Materasso_depressione1.jpg","1536x1536":"https:\/\/meber2026.graphoservice.it\/wp-content\/uploads\/2026\/02\/894_Materasso_depressione1.jpg","2048x2048":"https:\/\/meber2026.graphoservice.it\/wp-content\/uploads\/2026\/02\/894_Materasso_depressione1.jpg","et-pb-post-main-image":"https:\/\/meber2026.graphoservice.it\/wp-content\/uploads\/2026\/02\/894_Materasso_depressione1-400x250.jpg","et-pb-post-main-image-fullwidth":"https:\/\/meber2026.graphoservice.it\/wp-content\/uploads\/2026\/02\/894_Materasso_depressione1.jpg","et-pb-portfolio-image":"https:\/\/meber2026.graphoservice.it\/wp-content\/uploads\/2026\/02\/894_Materasso_depressione1-400x284.jpg","et-pb-portfolio-module-image":"https:\/\/meber2026.graphoservice.it\/wp-content\/uploads\/2026\/02\/894_Materasso_depressione1-510x382.jpg","et-pb-portfolio-image-single":"https:\/\/meber2026.graphoservice.it\/wp-content\/uploads\/2026\/02\/894_Materasso_depressione1.jpg","et-pb-gallery-module-image-portrait":"https:\/\/meber2026.graphoservice.it\/wp-content\/uploads\/2026\/02\/894_Materasso_depressione1-400x444.jpg","et-pb-post-main-image-fullwidth-large":"https:\/\/meber2026.graphoservice.it\/wp-content\/uploads\/2026\/02\/894_Materasso_depressione1.jpg","et-pb-image--responsive--desktop":"https:\/\/meber2026.graphoservice.it\/wp-content\/uploads\/2026\/02\/894_Materasso_depressione1.jpg","et-pb-image--responsive--tablet":"https:\/\/meber2026.graphoservice.it\/wp-content\/uploads\/2026\/02\/894_Materasso_depressione1.jpg","et-pb-image--responsive--phone":"https:\/\/meber2026.graphoservice.it\/wp-content\/uploads\/2026\/02\/894_Materasso_depressione1-480x273.jpg","full":"https:\/\/meber2026.graphoservice.it\/wp-content\/uploads\/2026\/02\/894_Materasso_depressione1.jpg"},"yoast_head":"<!-- This site is optimized with the Yoast SEO plugin v27.4 - https:\/\/yoast.com\/product\/yoast-seo-wordpress\/ -->\n<title>Snake 894<\/title>\n<meta name=\"robots\" content=\"noindex, follow, max-snippet:-1, max-image-preview:large, max-video-preview:-1\" \/>\n<meta property=\"og:locale\" content=\"es_ES\" \/>\n<meta property=\"og:type\" content=\"article\" \/>\n<meta property=\"og:title\" content=\"Snake 894\" \/>\n<meta property=\"og:description\" content=\"Colch\u00f3n de vac\u00edo con 14 c\u00e1maras independientes para una perfecta y r\u00e1pida inmovilizaci\u00f3n. Extremadamente ligero y resistente, 8 manijas ergon\u00f3micas, cinturones de seguridad y la perfecta envoltura del paciente otorgan al colch\u00f3n &#8220;Snake&#8221; caracter\u00edsticas \u00fanicas. Utilizable desde &#8211; 30 \u00b0 C hasta + 70 \u00b0 C. La retenci\u00f3n de la depresi\u00f3n durante mucho tiempo sin [&hellip;]\" \/>\n<meta property=\"og:url\" content=\"https:\/\/meber2026.graphoservice.it\/es\/product\/snake-894\/\" \/>\n<meta property=\"og:site_name\" content=\"Me.Ber.\" \/>\n<meta name=\"twitter:card\" content=\"summary_large_image\" \/>\n<script type=\"application\/ld+json\" class=\"yoast-schema-graph\">{\"@context\":\"https:\\\/\\\/schema.org\",\"@graph\":[{\"@type\":\"WebPage\",\"@id\":\"https:\\\/\\\/meber2026.graphoservice.it\\\/es\\\/product\\\/snake-894\\\/\",\"url\":\"https:\\\/\\\/meber2026.graphoservice.it\\\/es\\\/product\\\/snake-894\\\/\",\"name\":\"Snake 894\",\"isPartOf\":{\"@id\":\"https:\\\/\\\/meber2026.graphoservice.it\\\/es\\\/#website\"},\"primaryImageOfPage\":{\"@id\":\"https:\\\/\\\/meber2026.graphoservice.it\\\/es\\\/product\\\/snake-894\\\/#primaryimage\"},\"image\":{\"@id\":\"https:\\\/\\\/meber2026.graphoservice.it\\\/es\\\/product\\\/snake-894\\\/#primaryimage\"},\"thumbnailUrl\":\"https:\\\/\\\/meber2026.graphoservice.it\\\/wp-content\\\/uploads\\\/2026\\\/02\\\/894_Materasso_depressione1.jpg\",\"datePublished\":\"2026-02-10T09:25:20+00:00\",\"breadcrumb\":{\"@id\":\"https:\\\/\\\/meber2026.graphoservice.it\\\/es\\\/product\\\/snake-894\\\/#breadcrumb\"},\"inLanguage\":\"es\",\"potentialAction\":[{\"@type\":\"ReadAction\",\"target\":[\"https:\\\/\\\/meber2026.graphoservice.it\\\/es\\\/product\\\/snake-894\\\/\"]}]},{\"@type\":\"ImageObject\",\"inLanguage\":\"es\",\"@id\":\"https:\\\/\\\/meber2026.graphoservice.it\\\/es\\\/product\\\/snake-894\\\/#primaryimage\",\"url\":\"https:\\\/\\\/meber2026.graphoservice.it\\\/wp-content\\\/uploads\\\/2026\\\/02\\\/894_Materasso_depressione1.jpg\",\"contentUrl\":\"https:\\\/\\\/meber2026.graphoservice.it\\\/wp-content\\\/uploads\\\/2026\\\/02\\\/894_Materasso_depressione1.jpg\",\"width\":780,\"height\":444},{\"@type\":\"BreadcrumbList\",\"@id\":\"https:\\\/\\\/meber2026.graphoservice.it\\\/es\\\/product\\\/snake-894\\\/#breadcrumb\",\"itemListElement\":[{\"@type\":\"ListItem\",\"position\":1,\"name\":\"Home\",\"item\":\"https:\\\/\\\/meber2026.graphoservice.it\\\/es\\\/\"},{\"@type\":\"ListItem\",\"position\":2,\"name\":\"Snake 894\"}]},{\"@type\":\"WebSite\",\"@id\":\"https:\\\/\\\/meber2026.graphoservice.it\\\/es\\\/#website\",\"url\":\"https:\\\/\\\/meber2026.graphoservice.it\\\/es\\\/\",\"name\":\"Me.Ber.\",\"description\":\"In Case of Emergerncy\",\"potentialAction\":[{\"@type\":\"SearchAction\",\"target\":{\"@type\":\"EntryPoint\",\"urlTemplate\":\"https:\\\/\\\/meber2026.graphoservice.it\\\/es\\\/?s={search_term_string}\"},\"query-input\":{\"@type\":\"PropertyValueSpecification\",\"valueRequired\":true,\"valueName\":\"search_term_string\"}}],\"inLanguage\":\"es\"}]}<\/script>\n<!-- \/ Yoast SEO plugin. -->","yoast_head_json":{"title":"Snake 894","robots":{"index":"noindex","follow":"follow","max-snippet":"max-snippet:-1","max-image-preview":"max-image-preview:large","max-video-preview":"max-video-preview:-1"},"og_locale":"es_ES","og_type":"article","og_title":"Snake 894","og_description":"Colch\u00f3n de vac\u00edo con 14 c\u00e1maras independientes para una perfecta y r\u00e1pida inmovilizaci\u00f3n. Extremadamente ligero y resistente, 8 manijas ergon\u00f3micas, cinturones de seguridad y la perfecta envoltura del paciente otorgan al colch\u00f3n &#8220;Snake&#8221; caracter\u00edsticas \u00fanicas. Utilizable desde &#8211; 30 \u00b0 C hasta + 70 \u00b0 C. La retenci\u00f3n de la depresi\u00f3n durante mucho tiempo sin [&hellip;]","og_url":"https:\/\/meber2026.graphoservice.it\/es\/product\/snake-894\/","og_site_name":"Me.Ber.","twitter_card":"summary_large_image","schema":{"@context":"https:\/\/schema.org","@graph":[{"@type":"WebPage","@id":"https:\/\/meber2026.graphoservice.it\/es\/product\/snake-894\/","url":"https:\/\/meber2026.graphoservice.it\/es\/product\/snake-894\/","name":"Snake 894","isPartOf":{"@id":"https:\/\/meber2026.graphoservice.it\/es\/#website"},"primaryImageOfPage":{"@id":"https:\/\/meber2026.graphoservice.it\/es\/product\/snake-894\/#primaryimage"},"image":{"@id":"https:\/\/meber2026.graphoservice.it\/es\/product\/snake-894\/#primaryimage"},"thumbnailUrl":"https:\/\/meber2026.graphoservice.it\/wp-content\/uploads\/2026\/02\/894_Materasso_depressione1.jpg","datePublished":"2026-02-10T09:25:20+00:00","breadcrumb":{"@id":"https:\/\/meber2026.graphoservice.it\/es\/product\/snake-894\/#breadcrumb"},"inLanguage":"es","potentialAction":[{"@type":"ReadAction","target":["https:\/\/meber2026.graphoservice.it\/es\/product\/snake-894\/"]}]},{"@type":"ImageObject","inLanguage":"es","@id":"https:\/\/meber2026.graphoservice.it\/es\/product\/snake-894\/#primaryimage","url":"https:\/\/meber2026.graphoservice.it\/wp-content\/uploads\/2026\/02\/894_Materasso_depressione1.jpg","contentUrl":"https:\/\/meber2026.graphoservice.it\/wp-content\/uploads\/2026\/02\/894_Materasso_depressione1.jpg","width":780,"height":444},{"@type":"BreadcrumbList","@id":"https:\/\/meber2026.graphoservice.it\/es\/product\/snake-894\/#breadcrumb","itemListElement":[{"@type":"ListItem","position":1,"name":"Home","item":"https:\/\/meber2026.graphoservice.it\/es\/"},{"@type":"ListItem","position":2,"name":"Snake 894"}]},{"@type":"WebSite","@id":"https:\/\/meber2026.graphoservice.it\/es\/#website","url":"https:\/\/meber2026.graphoservice.it\/es\/","name":"Me.Ber.","description":"In Case of Emergerncy","potentialAction":[{"@type":"SearchAction","target":{"@type":"EntryPoint","urlTemplate":"https:\/\/meber2026.graphoservice.it\/es\/?s={search_term_string}"},"query-input":{"@type":"PropertyValueSpecification","valueRequired":true,"valueName":"search_term_string"}}],"inLanguage":"es"}]}},"_links":{"self":[{"href":"https:\/\/meber2026.graphoservice.it\/es\/wp-json\/wp\/v2\/product\/18030","targetHints":{"allow":["GET"]}}],"collection":[{"href":"https:\/\/meber2026.graphoservice.it\/es\/wp-json\/wp\/v2\/product"}],"about":[{"href":"https:\/\/meber2026.graphoservice.it\/es\/wp-json\/wp\/v2\/types\/product"}],"author":[{"embeddable":true,"href":"https:\/\/meber2026.graphoservice.it\/es\/wp-json\/wp\/v2\/users\/1"}],"version-history":[{"count":0,"href":"https:\/\/meber2026.graphoservice.it\/es\/wp-json\/wp\/v2\/product\/18030\/revisions"}],"wp:featuredmedia":[{"embeddable":true,"href":"https:\/\/meber2026.graphoservice.it\/es\/wp-json\/wp\/v2\/media\/14069"}],"wp:attachment":[{"href":"https:\/\/meber2026.graphoservice.it\/es\/wp-json\/wp\/v2\/media?parent=18030"}],"wp:term":[{"taxonomy":"application-tag","embeddable":true,"href":"https:\/\/meber2026.graphoservice.it\/es\/wp-json\/wp\/v2\/application-tag?post=18030"}],"curies":[{"name":"wp","href":"https:\/\/api.w.org\/{rel}","templated":true}]}}