{"id":17860,"date":"2026-02-10T09:25:05","date_gmt":"2026-02-10T09:25:05","guid":{"rendered":"https:\/\/meber2026.graphoservice.it\/product\/8014-2\/"},"modified":"2026-02-10T09:25:06","modified_gmt":"2026-02-10T09:25:06","slug":"8014-2","status":"publish","type":"product","link":"https:\/\/meber2026.graphoservice.it\/es\/product\/8014-2\/","title":{"rendered":"8014"},"content":{"rendered":"<p>El man\u00f3metro fabricado artesanalmente presenta excelentes acabados y los componentes que lo componen se han obtenido de soluciones avanzadas. El movimiento alem\u00e1n se obtiene de acuerdo con los m\u00e1s estrictos est\u00e1ndares de calidad. El vidrio de policarbonato es resistente al alcohol y a la tensi\u00f3n mec\u00e1nica. La v\u00e1lvula de purga f\u00e1cilmente accionable es muy sensible. El pulm\u00f3n est\u00e1 hecho de goma. Brazalete de algod\u00f3n robusto e hipoalerg\u00e9nico. El man\u00f3metro posicionado en el brazalete resulta protegido contra ca\u00eddas y golpes accidentales. El aparato cumple con las normas EN 1060-1 1060-2.<\/p>\n","protected":false},"excerpt":{"rendered":"<p>El man\u00f3metro fabricado artesanalmente presenta excelentes acabados y los componentes que lo componen se han obtenido de soluciones avanzadas. El movimiento alem\u00e1n se obtiene de acuerdo con los m\u00e1s estrictos est\u00e1ndares de calidad. El vidrio de policarbonato es resistente al alcohol y a la tensi\u00f3n mec\u00e1nica. La v\u00e1lvula de purga f\u00e1cilmente accionable es muy sensible. [&hellip;]<\/p>\n","protected":false},"author":1,"featured_media":13800,"parent":0,"menu_order":60000400,"template":"","meta":{"_acf_changed":false,"footnotes":""},"application-tag":[101],"class_list":["post-17860","product","type-product","status-publish","has-post-thumbnail","hentry","application-tag-diagnostico"],"acf":[],"dsm_author":{"name":"admeb26","avatar_url":"https:\/\/meber2026.graphoservice.it\/wp-content\/plugins\/ultimate-member\/assets\/img\/default_avatar.jpg","archive_link":"https:\/\/meber2026.graphoservice.it\/es\/author\/admeb26\/","biodata":""},"dsm_categories":[],"dsm_attachment_categories":[],"dsm_featured_image":{"thumbnail":"https:\/\/meber2026.graphoservice.it\/wp-content\/uploads\/2026\/02\/Sfigmomanometro_compatto_Meber-150x150.jpg","medium":"https:\/\/meber2026.graphoservice.it\/wp-content\/uploads\/2026\/02\/Sfigmomanometro_compatto_Meber-250x300.jpg","medium_large":"https:\/\/meber2026.graphoservice.it\/wp-content\/uploads\/2026\/02\/Sfigmomanometro_compatto_Meber.jpg","large":"https:\/\/meber2026.graphoservice.it\/wp-content\/uploads\/2026\/02\/Sfigmomanometro_compatto_Meber.jpg","1536x1536":"https:\/\/meber2026.graphoservice.it\/wp-content\/uploads\/2026\/02\/Sfigmomanometro_compatto_Meber.jpg","2048x2048":"https:\/\/meber2026.graphoservice.it\/wp-content\/uploads\/2026\/02\/Sfigmomanometro_compatto_Meber.jpg","et-pb-post-main-image":"https:\/\/meber2026.graphoservice.it\/wp-content\/uploads\/2026\/02\/Sfigmomanometro_compatto_Meber-400x250.jpg","et-pb-post-main-image-fullwidth":"https:\/\/meber2026.graphoservice.it\/wp-content\/uploads\/2026\/02\/Sfigmomanometro_compatto_Meber-650x675.jpg","et-pb-portfolio-image":"https:\/\/meber2026.graphoservice.it\/wp-content\/uploads\/2026\/02\/Sfigmomanometro_compatto_Meber-400x284.jpg","et-pb-portfolio-module-image":"https:\/\/meber2026.graphoservice.it\/wp-content\/uploads\/2026\/02\/Sfigmomanometro_compatto_Meber-510x382.jpg","et-pb-portfolio-image-single":"https:\/\/meber2026.graphoservice.it\/wp-content\/uploads\/2026\/02\/Sfigmomanometro_compatto_Meber.jpg","et-pb-gallery-module-image-portrait":"https:\/\/meber2026.graphoservice.it\/wp-content\/uploads\/2026\/02\/Sfigmomanometro_compatto_Meber-400x516.jpg","et-pb-post-main-image-fullwidth-large":"https:\/\/meber2026.graphoservice.it\/wp-content\/uploads\/2026\/02\/Sfigmomanometro_compatto_Meber.jpg","et-pb-image--responsive--desktop":"https:\/\/meber2026.graphoservice.it\/wp-content\/uploads\/2026\/02\/Sfigmomanometro_compatto_Meber.jpg","et-pb-image--responsive--tablet":"https:\/\/meber2026.graphoservice.it\/wp-content\/uploads\/2026\/02\/Sfigmomanometro_compatto_Meber.jpg","et-pb-image--responsive--phone":"https:\/\/meber2026.graphoservice.it\/wp-content\/uploads\/2026\/02\/Sfigmomanometro_compatto_Meber-480x576.jpg","full":"https:\/\/meber2026.graphoservice.it\/wp-content\/uploads\/2026\/02\/Sfigmomanometro_compatto_Meber.jpg"},"yoast_head":"<!-- This site is optimized with the Yoast SEO plugin v27.4 - https:\/\/yoast.com\/product\/yoast-seo-wordpress\/ -->\n<title>8014<\/title>\n<meta name=\"robots\" content=\"noindex, follow, max-snippet:-1, max-image-preview:large, max-video-preview:-1\" \/>\n<meta property=\"og:locale\" content=\"es_ES\" \/>\n<meta property=\"og:type\" content=\"article\" \/>\n<meta property=\"og:title\" content=\"8014\" \/>\n<meta property=\"og:description\" content=\"El man\u00f3metro fabricado artesanalmente presenta excelentes acabados y los componentes que lo componen se han obtenido de soluciones avanzadas. El movimiento alem\u00e1n se obtiene de acuerdo con los m\u00e1s estrictos est\u00e1ndares de calidad. El vidrio de policarbonato es resistente al alcohol y a la tensi\u00f3n mec\u00e1nica. La v\u00e1lvula de purga f\u00e1cilmente accionable es muy sensible. [&hellip;]\" \/>\n<meta property=\"og:url\" content=\"https:\/\/meber2026.graphoservice.it\/es\/product\/8014-2\/\" \/>\n<meta property=\"og:site_name\" content=\"Me.Ber.\" \/>\n<meta property=\"article:modified_time\" content=\"2026-02-10T09:25:06+00:00\" \/>\n<meta name=\"twitter:card\" content=\"summary_large_image\" \/>\n<meta name=\"twitter:label1\" content=\"Tiempo de lectura\" \/>\n\t<meta name=\"twitter:data1\" content=\"1 minuto\" \/>\n<script type=\"application\/ld+json\" class=\"yoast-schema-graph\">{\"@context\":\"https:\\\/\\\/schema.org\",\"@graph\":[{\"@type\":\"WebPage\",\"@id\":\"https:\\\/\\\/meber2026.graphoservice.it\\\/es\\\/product\\\/8014-2\\\/\",\"url\":\"https:\\\/\\\/meber2026.graphoservice.it\\\/es\\\/product\\\/8014-2\\\/\",\"name\":\"8014\",\"isPartOf\":{\"@id\":\"https:\\\/\\\/meber2026.graphoservice.it\\\/es\\\/#website\"},\"primaryImageOfPage\":{\"@id\":\"https:\\\/\\\/meber2026.graphoservice.it\\\/es\\\/product\\\/8014-2\\\/#primaryimage\"},\"image\":{\"@id\":\"https:\\\/\\\/meber2026.graphoservice.it\\\/es\\\/product\\\/8014-2\\\/#primaryimage\"},\"thumbnailUrl\":\"https:\\\/\\\/meber2026.graphoservice.it\\\/wp-content\\\/uploads\\\/2026\\\/02\\\/Sfigmomanometro_compatto_Meber.jpg\",\"datePublished\":\"2026-02-10T09:25:05+00:00\",\"dateModified\":\"2026-02-10T09:25:06+00:00\",\"breadcrumb\":{\"@id\":\"https:\\\/\\\/meber2026.graphoservice.it\\\/es\\\/product\\\/8014-2\\\/#breadcrumb\"},\"inLanguage\":\"es\",\"potentialAction\":[{\"@type\":\"ReadAction\",\"target\":[\"https:\\\/\\\/meber2026.graphoservice.it\\\/es\\\/product\\\/8014-2\\\/\"]}]},{\"@type\":\"ImageObject\",\"inLanguage\":\"es\",\"@id\":\"https:\\\/\\\/meber2026.graphoservice.it\\\/es\\\/product\\\/8014-2\\\/#primaryimage\",\"url\":\"https:\\\/\\\/meber2026.graphoservice.it\\\/wp-content\\\/uploads\\\/2026\\\/02\\\/Sfigmomanometro_compatto_Meber.jpg\",\"contentUrl\":\"https:\\\/\\\/meber2026.graphoservice.it\\\/wp-content\\\/uploads\\\/2026\\\/02\\\/Sfigmomanometro_compatto_Meber.jpg\",\"width\":650,\"height\":780},{\"@type\":\"BreadcrumbList\",\"@id\":\"https:\\\/\\\/meber2026.graphoservice.it\\\/es\\\/product\\\/8014-2\\\/#breadcrumb\",\"itemListElement\":[{\"@type\":\"ListItem\",\"position\":1,\"name\":\"Home\",\"item\":\"https:\\\/\\\/meber2026.graphoservice.it\\\/es\\\/\"},{\"@type\":\"ListItem\",\"position\":2,\"name\":\"8014\"}]},{\"@type\":\"WebSite\",\"@id\":\"https:\\\/\\\/meber2026.graphoservice.it\\\/es\\\/#website\",\"url\":\"https:\\\/\\\/meber2026.graphoservice.it\\\/es\\\/\",\"name\":\"Me.Ber.\",\"description\":\"In Case of Emergerncy\",\"potentialAction\":[{\"@type\":\"SearchAction\",\"target\":{\"@type\":\"EntryPoint\",\"urlTemplate\":\"https:\\\/\\\/meber2026.graphoservice.it\\\/es\\\/?s={search_term_string}\"},\"query-input\":{\"@type\":\"PropertyValueSpecification\",\"valueRequired\":true,\"valueName\":\"search_term_string\"}}],\"inLanguage\":\"es\"}]}<\/script>\n<!-- \/ Yoast SEO plugin. -->","yoast_head_json":{"title":"8014","robots":{"index":"noindex","follow":"follow","max-snippet":"max-snippet:-1","max-image-preview":"max-image-preview:large","max-video-preview":"max-video-preview:-1"},"og_locale":"es_ES","og_type":"article","og_title":"8014","og_description":"El man\u00f3metro fabricado artesanalmente presenta excelentes acabados y los componentes que lo componen se han obtenido de soluciones avanzadas. El movimiento alem\u00e1n se obtiene de acuerdo con los m\u00e1s estrictos est\u00e1ndares de calidad. El vidrio de policarbonato es resistente al alcohol y a la tensi\u00f3n mec\u00e1nica. La v\u00e1lvula de purga f\u00e1cilmente accionable es muy sensible. [&hellip;]","og_url":"https:\/\/meber2026.graphoservice.it\/es\/product\/8014-2\/","og_site_name":"Me.Ber.","article_modified_time":"2026-02-10T09:25:06+00:00","twitter_card":"summary_large_image","twitter_misc":{"Tiempo de lectura":"1 minuto"},"schema":{"@context":"https:\/\/schema.org","@graph":[{"@type":"WebPage","@id":"https:\/\/meber2026.graphoservice.it\/es\/product\/8014-2\/","url":"https:\/\/meber2026.graphoservice.it\/es\/product\/8014-2\/","name":"8014","isPartOf":{"@id":"https:\/\/meber2026.graphoservice.it\/es\/#website"},"primaryImageOfPage":{"@id":"https:\/\/meber2026.graphoservice.it\/es\/product\/8014-2\/#primaryimage"},"image":{"@id":"https:\/\/meber2026.graphoservice.it\/es\/product\/8014-2\/#primaryimage"},"thumbnailUrl":"https:\/\/meber2026.graphoservice.it\/wp-content\/uploads\/2026\/02\/Sfigmomanometro_compatto_Meber.jpg","datePublished":"2026-02-10T09:25:05+00:00","dateModified":"2026-02-10T09:25:06+00:00","breadcrumb":{"@id":"https:\/\/meber2026.graphoservice.it\/es\/product\/8014-2\/#breadcrumb"},"inLanguage":"es","potentialAction":[{"@type":"ReadAction","target":["https:\/\/meber2026.graphoservice.it\/es\/product\/8014-2\/"]}]},{"@type":"ImageObject","inLanguage":"es","@id":"https:\/\/meber2026.graphoservice.it\/es\/product\/8014-2\/#primaryimage","url":"https:\/\/meber2026.graphoservice.it\/wp-content\/uploads\/2026\/02\/Sfigmomanometro_compatto_Meber.jpg","contentUrl":"https:\/\/meber2026.graphoservice.it\/wp-content\/uploads\/2026\/02\/Sfigmomanometro_compatto_Meber.jpg","width":650,"height":780},{"@type":"BreadcrumbList","@id":"https:\/\/meber2026.graphoservice.it\/es\/product\/8014-2\/#breadcrumb","itemListElement":[{"@type":"ListItem","position":1,"name":"Home","item":"https:\/\/meber2026.graphoservice.it\/es\/"},{"@type":"ListItem","position":2,"name":"8014"}]},{"@type":"WebSite","@id":"https:\/\/meber2026.graphoservice.it\/es\/#website","url":"https:\/\/meber2026.graphoservice.it\/es\/","name":"Me.Ber.","description":"In Case of Emergerncy","potentialAction":[{"@type":"SearchAction","target":{"@type":"EntryPoint","urlTemplate":"https:\/\/meber2026.graphoservice.it\/es\/?s={search_term_string}"},"query-input":{"@type":"PropertyValueSpecification","valueRequired":true,"valueName":"search_term_string"}}],"inLanguage":"es"}]}},"_links":{"self":[{"href":"https:\/\/meber2026.graphoservice.it\/es\/wp-json\/wp\/v2\/product\/17860","targetHints":{"allow":["GET"]}}],"collection":[{"href":"https:\/\/meber2026.graphoservice.it\/es\/wp-json\/wp\/v2\/product"}],"about":[{"href":"https:\/\/meber2026.graphoservice.it\/es\/wp-json\/wp\/v2\/types\/product"}],"author":[{"embeddable":true,"href":"https:\/\/meber2026.graphoservice.it\/es\/wp-json\/wp\/v2\/users\/1"}],"version-history":[{"count":0,"href":"https:\/\/meber2026.graphoservice.it\/es\/wp-json\/wp\/v2\/product\/17860\/revisions"}],"wp:featuredmedia":[{"embeddable":true,"href":"https:\/\/meber2026.graphoservice.it\/es\/wp-json\/wp\/v2\/media\/13800"}],"wp:attachment":[{"href":"https:\/\/meber2026.graphoservice.it\/es\/wp-json\/wp\/v2\/media?parent=17860"}],"wp:term":[{"taxonomy":"application-tag","embeddable":true,"href":"https:\/\/meber2026.graphoservice.it\/es\/wp-json\/wp\/v2\/application-tag?post=17860"}],"curies":[{"name":"wp","href":"https:\/\/api.w.org\/{rel}","templated":true}]}}