{"id":17835,"date":"2026-02-10T09:25:03","date_gmt":"2026-02-10T09:25:03","guid":{"rendered":"https:\/\/meber2026.graphoservice.it\/product\/frog-7240-proof\/"},"modified":"2026-02-10T09:25:04","modified_gmt":"2026-02-10T09:25:04","slug":"frog-7240-proof","status":"publish","type":"product","link":"https:\/\/meber2026.graphoservice.it\/es\/product\/frog-7240-proof\/","title":{"rendered":"Frog 7240 PROOF"},"content":{"rendered":"<p>Fabricada en acero inoxidable electropulido, equipada con 4 ruedas de \u00d8 200 mm (2 fijas con freno y 2 giratorias autocentrantes). La inclinaci\u00f3n de las patas ha sido dise\u00f1ada para dar a la camilla una mejor estabilidad durante el uso. La posici\u00f3n de trendelenburg es accionada por un pist\u00f3n de gas bloqueable en cualquier posici\u00f3n de 0\u00b0 a 15\u00b0.<\/p>\n<p>\u2022\u00a0Plataforma r\u00edgida en material termopl\u00e1stico reforzado.<br \/>\n\u2022 Respaldo reclinable de 0\u00b0 -80\u00b0 accionado por un pist\u00f3n de gas que se puede bloquear en cualquier posici\u00f3n.<br \/>\n\u2022 Bandarillas laterales abatibles.<br \/>\n\u2022 Patas verticales protegidas por parachoques de pl\u00e1stico.<br \/>\n\u2022 Ruedas giratorias con sistema de autocentrado para permitir el posicionamiento de la camilla en la ambulancia sin tener que girar las ruedas manualmente.<br \/>\n\u2022 Carro delantero abatible para reducir el tama\u00f1o de la camilla.<\/p>\n<p>En combinaci\u00f3n con la correspondiente fijaci\u00f3n 955 Proof, resiste los esfuerzos de inercia del veh\u00edculo de rescate en el que se transporta hasta 10G.<br \/>\nIncluye colchoneta y cinturones (Art. 7013, n. 2 cinturones Art. 608-A\/MEB o 608-N\/MEB y n. 1 cintur\u00f3n Art. 612\/AN-2\/MEB o Art. 612\/N-2\/MEB).<br \/>\n\u00a0<\/p>\n<p><img loading=\"lazy\" decoding=\"async\" alt=\"\" height=\"88\" src=\"https:\/\/www.meber.it\/adm\/Images\/contents\/10G Logo 2019_def.png\" width=\"80\" \/><\/p>\n<p><strong>Dispositivo certificado seg\u00fan normas europeas armonizadas de seguridad UNI EN1865-UNI EN1789<\/strong><\/p>\n","protected":false},"excerpt":{"rendered":"<p>Fabricada en acero inoxidable electropulido, equipada con 4 ruedas de \u00d8 200 mm (2 fijas con freno y 2 giratorias autocentrantes). La inclinaci\u00f3n de las patas ha sido dise\u00f1ada para dar a la camilla una mejor estabilidad durante el uso. La posici\u00f3n de trendelenburg es accionada por un pist\u00f3n de gas bloqueable en cualquier posici\u00f3n [&hellip;]<\/p>\n","protected":false},"author":1,"featured_media":13756,"parent":0,"menu_order":20001700,"template":"","meta":{"_acf_changed":false,"footnotes":""},"application-tag":[],"class_list":["post-17835","product","type-product","status-publish","has-post-thumbnail","hentry"],"acf":[],"dsm_author":{"name":"admeb26","avatar_url":"https:\/\/meber2026.graphoservice.it\/wp-content\/plugins\/ultimate-member\/assets\/img\/default_avatar.jpg","archive_link":"https:\/\/meber2026.graphoservice.it\/es\/author\/admeb26\/","biodata":""},"dsm_categories":[],"dsm_attachment_categories":[],"dsm_featured_image":{"thumbnail":"https:\/\/meber2026.graphoservice.it\/wp-content\/uploads\/2026\/02\/Frog_7240_acciaio-150x150.jpg","medium":"https:\/\/meber2026.graphoservice.it\/wp-content\/uploads\/2026\/02\/Frog_7240_acciaio-300x247.jpg","medium_large":"https:\/\/meber2026.graphoservice.it\/wp-content\/uploads\/2026\/02\/Frog_7240_acciaio-768x631.jpg","large":"https:\/\/meber2026.graphoservice.it\/wp-content\/uploads\/2026\/02\/Frog_7240_acciaio.jpg","1536x1536":"https:\/\/meber2026.graphoservice.it\/wp-content\/uploads\/2026\/02\/Frog_7240_acciaio.jpg","2048x2048":"https:\/\/meber2026.graphoservice.it\/wp-content\/uploads\/2026\/02\/Frog_7240_acciaio.jpg","et-pb-post-main-image":"https:\/\/meber2026.graphoservice.it\/wp-content\/uploads\/2026\/02\/Frog_7240_acciaio-400x250.jpg","et-pb-post-main-image-fullwidth":"https:\/\/meber2026.graphoservice.it\/wp-content\/uploads\/2026\/02\/Frog_7240_acciaio.jpg","et-pb-portfolio-image":"https:\/\/meber2026.graphoservice.it\/wp-content\/uploads\/2026\/02\/Frog_7240_acciaio-400x284.jpg","et-pb-portfolio-module-image":"https:\/\/meber2026.graphoservice.it\/wp-content\/uploads\/2026\/02\/Frog_7240_acciaio-510x382.jpg","et-pb-portfolio-image-single":"https:\/\/meber2026.graphoservice.it\/wp-content\/uploads\/2026\/02\/Frog_7240_acciaio.jpg","et-pb-gallery-module-image-portrait":"https:\/\/meber2026.graphoservice.it\/wp-content\/uploads\/2026\/02\/Frog_7240_acciaio-400x516.jpg","et-pb-post-main-image-fullwidth-large":"https:\/\/meber2026.graphoservice.it\/wp-content\/uploads\/2026\/02\/Frog_7240_acciaio.jpg","et-pb-image--responsive--desktop":"https:\/\/meber2026.graphoservice.it\/wp-content\/uploads\/2026\/02\/Frog_7240_acciaio.jpg","et-pb-image--responsive--tablet":"https:\/\/meber2026.graphoservice.it\/wp-content\/uploads\/2026\/02\/Frog_7240_acciaio.jpg","et-pb-image--responsive--phone":"https:\/\/meber2026.graphoservice.it\/wp-content\/uploads\/2026\/02\/Frog_7240_acciaio-480x394.jpg","full":"https:\/\/meber2026.graphoservice.it\/wp-content\/uploads\/2026\/02\/Frog_7240_acciaio.jpg"},"yoast_head":"<!-- This site is optimized with the Yoast SEO plugin v27.4 - https:\/\/yoast.com\/product\/yoast-seo-wordpress\/ -->\n<title>Camilla de carga autom\u00e1tica Frog 7240 Proof<\/title>\n<meta name=\"description\" content=\"Camilla de carga autom\u00e1tica Frog PLUS para ambulancias. Equipada con Trendelenburg certificada y respaldo reclinable. Incluye colchoneta y cinturones.\" \/>\n<meta name=\"robots\" content=\"noindex, follow, max-snippet:-1, max-image-preview:large, max-video-preview:-1\" \/>\n<meta property=\"og:locale\" content=\"es_ES\" \/>\n<meta property=\"og:type\" content=\"article\" \/>\n<meta property=\"og:title\" content=\"Camilla de carga autom\u00e1tica Frog 7240 Proof\" \/>\n<meta property=\"og:description\" content=\"Camilla de carga autom\u00e1tica Frog PLUS para ambulancias. Equipada con Trendelenburg certificada y respaldo reclinable. Incluye colchoneta y cinturones.\" \/>\n<meta property=\"og:url\" content=\"https:\/\/meber2026.graphoservice.it\/es\/product\/frog-7240-proof\/\" \/>\n<meta property=\"og:site_name\" content=\"Me.Ber.\" \/>\n<meta property=\"article:modified_time\" content=\"2026-02-10T09:25:04+00:00\" \/>\n<meta name=\"twitter:card\" content=\"summary_large_image\" \/>\n<meta name=\"twitter:label1\" content=\"Tiempo de lectura\" \/>\n\t<meta name=\"twitter:data1\" content=\"1 minuto\" \/>\n<script type=\"application\/ld+json\" class=\"yoast-schema-graph\">{\"@context\":\"https:\\\/\\\/schema.org\",\"@graph\":[{\"@type\":\"WebPage\",\"@id\":\"https:\\\/\\\/meber2026.graphoservice.it\\\/es\\\/product\\\/frog-7240-proof\\\/\",\"url\":\"https:\\\/\\\/meber2026.graphoservice.it\\\/es\\\/product\\\/frog-7240-proof\\\/\",\"name\":\"Camilla de carga autom\u00e1tica Frog 7240 Proof\",\"isPartOf\":{\"@id\":\"https:\\\/\\\/meber2026.graphoservice.it\\\/es\\\/#website\"},\"primaryImageOfPage\":{\"@id\":\"https:\\\/\\\/meber2026.graphoservice.it\\\/es\\\/product\\\/frog-7240-proof\\\/#primaryimage\"},\"image\":{\"@id\":\"https:\\\/\\\/meber2026.graphoservice.it\\\/es\\\/product\\\/frog-7240-proof\\\/#primaryimage\"},\"thumbnailUrl\":\"https:\\\/\\\/meber2026.graphoservice.it\\\/wp-content\\\/uploads\\\/2026\\\/02\\\/Frog_7240_acciaio.jpg\",\"datePublished\":\"2026-02-10T09:25:03+00:00\",\"dateModified\":\"2026-02-10T09:25:04+00:00\",\"description\":\"Camilla de carga autom\u00e1tica Frog PLUS para ambulancias. Equipada con Trendelenburg certificada y respaldo reclinable. Incluye colchoneta y cinturones.\",\"breadcrumb\":{\"@id\":\"https:\\\/\\\/meber2026.graphoservice.it\\\/es\\\/product\\\/frog-7240-proof\\\/#breadcrumb\"},\"inLanguage\":\"es\",\"potentialAction\":[{\"@type\":\"ReadAction\",\"target\":[\"https:\\\/\\\/meber2026.graphoservice.it\\\/es\\\/product\\\/frog-7240-proof\\\/\"]}]},{\"@type\":\"ImageObject\",\"inLanguage\":\"es\",\"@id\":\"https:\\\/\\\/meber2026.graphoservice.it\\\/es\\\/product\\\/frog-7240-proof\\\/#primaryimage\",\"url\":\"https:\\\/\\\/meber2026.graphoservice.it\\\/wp-content\\\/uploads\\\/2026\\\/02\\\/Frog_7240_acciaio.jpg\",\"contentUrl\":\"https:\\\/\\\/meber2026.graphoservice.it\\\/wp-content\\\/uploads\\\/2026\\\/02\\\/Frog_7240_acciaio.jpg\",\"width\":780,\"height\":641},{\"@type\":\"BreadcrumbList\",\"@id\":\"https:\\\/\\\/meber2026.graphoservice.it\\\/es\\\/product\\\/frog-7240-proof\\\/#breadcrumb\",\"itemListElement\":[{\"@type\":\"ListItem\",\"position\":1,\"name\":\"Home\",\"item\":\"https:\\\/\\\/meber2026.graphoservice.it\\\/es\\\/\"},{\"@type\":\"ListItem\",\"position\":2,\"name\":\"Frog 7240 PROOF\"}]},{\"@type\":\"WebSite\",\"@id\":\"https:\\\/\\\/meber2026.graphoservice.it\\\/es\\\/#website\",\"url\":\"https:\\\/\\\/meber2026.graphoservice.it\\\/es\\\/\",\"name\":\"Me.Ber.\",\"description\":\"In Case of Emergerncy\",\"potentialAction\":[{\"@type\":\"SearchAction\",\"target\":{\"@type\":\"EntryPoint\",\"urlTemplate\":\"https:\\\/\\\/meber2026.graphoservice.it\\\/es\\\/?s={search_term_string}\"},\"query-input\":{\"@type\":\"PropertyValueSpecification\",\"valueRequired\":true,\"valueName\":\"search_term_string\"}}],\"inLanguage\":\"es\"}]}<\/script>\n<!-- \/ Yoast SEO plugin. -->","yoast_head_json":{"title":"Camilla de carga autom\u00e1tica Frog 7240 Proof","description":"Camilla de carga autom\u00e1tica Frog PLUS para ambulancias. Equipada con Trendelenburg certificada y respaldo reclinable. Incluye colchoneta y cinturones.","robots":{"index":"noindex","follow":"follow","max-snippet":"max-snippet:-1","max-image-preview":"max-image-preview:large","max-video-preview":"max-video-preview:-1"},"og_locale":"es_ES","og_type":"article","og_title":"Camilla de carga autom\u00e1tica Frog 7240 Proof","og_description":"Camilla de carga autom\u00e1tica Frog PLUS para ambulancias. Equipada con Trendelenburg certificada y respaldo reclinable. Incluye colchoneta y cinturones.","og_url":"https:\/\/meber2026.graphoservice.it\/es\/product\/frog-7240-proof\/","og_site_name":"Me.Ber.","article_modified_time":"2026-02-10T09:25:04+00:00","twitter_card":"summary_large_image","twitter_misc":{"Tiempo de lectura":"1 minuto"},"schema":{"@context":"https:\/\/schema.org","@graph":[{"@type":"WebPage","@id":"https:\/\/meber2026.graphoservice.it\/es\/product\/frog-7240-proof\/","url":"https:\/\/meber2026.graphoservice.it\/es\/product\/frog-7240-proof\/","name":"Camilla de carga autom\u00e1tica Frog 7240 Proof","isPartOf":{"@id":"https:\/\/meber2026.graphoservice.it\/es\/#website"},"primaryImageOfPage":{"@id":"https:\/\/meber2026.graphoservice.it\/es\/product\/frog-7240-proof\/#primaryimage"},"image":{"@id":"https:\/\/meber2026.graphoservice.it\/es\/product\/frog-7240-proof\/#primaryimage"},"thumbnailUrl":"https:\/\/meber2026.graphoservice.it\/wp-content\/uploads\/2026\/02\/Frog_7240_acciaio.jpg","datePublished":"2026-02-10T09:25:03+00:00","dateModified":"2026-02-10T09:25:04+00:00","description":"Camilla de carga autom\u00e1tica Frog PLUS para ambulancias. Equipada con Trendelenburg certificada y respaldo reclinable. Incluye colchoneta y cinturones.","breadcrumb":{"@id":"https:\/\/meber2026.graphoservice.it\/es\/product\/frog-7240-proof\/#breadcrumb"},"inLanguage":"es","potentialAction":[{"@type":"ReadAction","target":["https:\/\/meber2026.graphoservice.it\/es\/product\/frog-7240-proof\/"]}]},{"@type":"ImageObject","inLanguage":"es","@id":"https:\/\/meber2026.graphoservice.it\/es\/product\/frog-7240-proof\/#primaryimage","url":"https:\/\/meber2026.graphoservice.it\/wp-content\/uploads\/2026\/02\/Frog_7240_acciaio.jpg","contentUrl":"https:\/\/meber2026.graphoservice.it\/wp-content\/uploads\/2026\/02\/Frog_7240_acciaio.jpg","width":780,"height":641},{"@type":"BreadcrumbList","@id":"https:\/\/meber2026.graphoservice.it\/es\/product\/frog-7240-proof\/#breadcrumb","itemListElement":[{"@type":"ListItem","position":1,"name":"Home","item":"https:\/\/meber2026.graphoservice.it\/es\/"},{"@type":"ListItem","position":2,"name":"Frog 7240 PROOF"}]},{"@type":"WebSite","@id":"https:\/\/meber2026.graphoservice.it\/es\/#website","url":"https:\/\/meber2026.graphoservice.it\/es\/","name":"Me.Ber.","description":"In Case of Emergerncy","potentialAction":[{"@type":"SearchAction","target":{"@type":"EntryPoint","urlTemplate":"https:\/\/meber2026.graphoservice.it\/es\/?s={search_term_string}"},"query-input":{"@type":"PropertyValueSpecification","valueRequired":true,"valueName":"search_term_string"}}],"inLanguage":"es"}]}},"_links":{"self":[{"href":"https:\/\/meber2026.graphoservice.it\/es\/wp-json\/wp\/v2\/product\/17835","targetHints":{"allow":["GET"]}}],"collection":[{"href":"https:\/\/meber2026.graphoservice.it\/es\/wp-json\/wp\/v2\/product"}],"about":[{"href":"https:\/\/meber2026.graphoservice.it\/es\/wp-json\/wp\/v2\/types\/product"}],"author":[{"embeddable":true,"href":"https:\/\/meber2026.graphoservice.it\/es\/wp-json\/wp\/v2\/users\/1"}],"version-history":[{"count":0,"href":"https:\/\/meber2026.graphoservice.it\/es\/wp-json\/wp\/v2\/product\/17835\/revisions"}],"wp:featuredmedia":[{"embeddable":true,"href":"https:\/\/meber2026.graphoservice.it\/es\/wp-json\/wp\/v2\/media\/13756"}],"wp:attachment":[{"href":"https:\/\/meber2026.graphoservice.it\/es\/wp-json\/wp\/v2\/media?parent=17835"}],"wp:term":[{"taxonomy":"application-tag","embeddable":true,"href":"https:\/\/meber2026.graphoservice.it\/es\/wp-json\/wp\/v2\/application-tag?post=17835"}],"curies":[{"name":"wp","href":"https:\/\/api.w.org\/{rel}","templated":true}]}}