{"id":17780,"date":"2026-02-10T09:24:59","date_gmt":"2026-02-10T09:24:59","guid":{"rendered":"https:\/\/meber2026.graphoservice.it\/product\/camilla-rigida-644\/"},"modified":"2026-02-10T09:24:59","modified_gmt":"2026-02-10T09:24:59","slug":"camilla-rigida-644","status":"publish","type":"product","link":"https:\/\/meber2026.graphoservice.it\/es\/product\/camilla-rigida-644\/","title":{"rendered":"Camilla r\u00edgida 644"},"content":{"rendered":"<div style=\"\">Camilla r\u00edgida fija para estiba, se puede superponer f\u00e1cilmente en otras del mismo tipo para almacenar una gran cantidad de camillas en un espacio peque\u00f1o.<\/div>\n<ul>\n<li style=\"\">Ligera y manejable<\/li>\n<li style=\"\">Lona de color naranja en nylon recubierto de PVC ign\u00edfugo, impermeable, resistente a la rotura, f\u00e1cil de limpiar.<\/li>\n<li style=\"\">Robusto marco de aluminio.<\/li>\n<li style=\"\">No plegable<\/li>\n<li style=\"\">Incluye n. 2 cinturones de liberaci\u00f3n r\u00e1pida para la inmovilizaci\u00f3n del paciente (Art. 604\/MEB).<\/li>\n<\/ul>\n","protected":false},"excerpt":{"rendered":"<p>Camilla r\u00edgida fija para estiba, se puede superponer f\u00e1cilmente en otras del mismo tipo para almacenar una gran cantidad de camillas en un espacio peque\u00f1o. Ligera y manejable Lona de color naranja en nylon recubierto de PVC ign\u00edfugo, impermeable, resistente a la rotura, f\u00e1cil de limpiar. Robusto marco de aluminio. No plegable Incluye n. 2 [&hellip;]<\/p>\n","protected":false},"author":1,"featured_media":13659,"parent":0,"menu_order":10001700,"template":"","meta":{"_acf_changed":false,"footnotes":""},"application-tag":[72],"class_list":["post-17780","product","type-product","status-publish","has-post-thumbnail","hentry","application-tag-camillas"],"acf":[],"dsm_author":{"name":"admeb26","avatar_url":"https:\/\/meber2026.graphoservice.it\/wp-content\/plugins\/ultimate-member\/assets\/img\/default_avatar.jpg","archive_link":"https:\/\/meber2026.graphoservice.it\/es\/author\/admeb26\/","biodata":""},"dsm_categories":[],"dsm_attachment_categories":[],"dsm_featured_image":{"thumbnail":"https:\/\/meber2026.graphoservice.it\/wp-content\/uploads\/2026\/02\/6441-150x150.jpg","medium":"https:\/\/meber2026.graphoservice.it\/wp-content\/uploads\/2026\/02\/6441-300x95.jpg","medium_large":"https:\/\/meber2026.graphoservice.it\/wp-content\/uploads\/2026\/02\/6441-768x242.jpg","large":"https:\/\/meber2026.graphoservice.it\/wp-content\/uploads\/2026\/02\/6441.jpg","1536x1536":"https:\/\/meber2026.graphoservice.it\/wp-content\/uploads\/2026\/02\/6441.jpg","2048x2048":"https:\/\/meber2026.graphoservice.it\/wp-content\/uploads\/2026\/02\/6441.jpg","et-pb-post-main-image":"https:\/\/meber2026.graphoservice.it\/wp-content\/uploads\/2026\/02\/6441-400x246.jpg","et-pb-post-main-image-fullwidth":"https:\/\/meber2026.graphoservice.it\/wp-content\/uploads\/2026\/02\/6441.jpg","et-pb-portfolio-image":"https:\/\/meber2026.graphoservice.it\/wp-content\/uploads\/2026\/02\/6441-400x246.jpg","et-pb-portfolio-module-image":"https:\/\/meber2026.graphoservice.it\/wp-content\/uploads\/2026\/02\/6441-510x246.jpg","et-pb-portfolio-image-single":"https:\/\/meber2026.graphoservice.it\/wp-content\/uploads\/2026\/02\/6441.jpg","et-pb-gallery-module-image-portrait":"https:\/\/meber2026.graphoservice.it\/wp-content\/uploads\/2026\/02\/6441-400x246.jpg","et-pb-post-main-image-fullwidth-large":"https:\/\/meber2026.graphoservice.it\/wp-content\/uploads\/2026\/02\/6441.jpg","et-pb-image--responsive--desktop":"https:\/\/meber2026.graphoservice.it\/wp-content\/uploads\/2026\/02\/6441.jpg","et-pb-image--responsive--tablet":"https:\/\/meber2026.graphoservice.it\/wp-content\/uploads\/2026\/02\/6441.jpg","et-pb-image--responsive--phone":"https:\/\/meber2026.graphoservice.it\/wp-content\/uploads\/2026\/02\/6441-480x151.jpg","full":"https:\/\/meber2026.graphoservice.it\/wp-content\/uploads\/2026\/02\/6441.jpg"},"yoast_head":"<!-- This site is optimized with the Yoast SEO plugin v27.4 - https:\/\/yoast.com\/product\/yoast-seo-wordpress\/ -->\n<title>Camilla r\u00edgida fija para estiba MeBer<\/title>\n<meta name=\"description\" content=\"Las camillas r\u00edgidas fijas para estiba se superponen entre ellas para una f\u00e1cil estibado. Son livianas y cuentan con un marco robusto para un rescate r\u00e1pido y seguro.\" \/>\n<meta name=\"robots\" content=\"noindex, follow, max-snippet:-1, max-image-preview:large, max-video-preview:-1\" \/>\n<meta property=\"og:locale\" content=\"es_ES\" \/>\n<meta property=\"og:type\" content=\"article\" \/>\n<meta property=\"og:title\" content=\"Camilla r\u00edgida fija para estiba MeBer\" \/>\n<meta property=\"og:description\" content=\"Las camillas r\u00edgidas fijas para estiba se superponen entre ellas para una f\u00e1cil estibado. Son livianas y cuentan con un marco robusto para un rescate r\u00e1pido y seguro.\" \/>\n<meta property=\"og:url\" content=\"https:\/\/meber2026.graphoservice.it\/es\/product\/camilla-rigida-644\/\" \/>\n<meta property=\"og:site_name\" content=\"Me.Ber.\" \/>\n<meta name=\"twitter:card\" content=\"summary_large_image\" \/>\n<script type=\"application\/ld+json\" class=\"yoast-schema-graph\">{\"@context\":\"https:\\\/\\\/schema.org\",\"@graph\":[{\"@type\":\"WebPage\",\"@id\":\"https:\\\/\\\/meber2026.graphoservice.it\\\/es\\\/product\\\/camilla-rigida-644\\\/\",\"url\":\"https:\\\/\\\/meber2026.graphoservice.it\\\/es\\\/product\\\/camilla-rigida-644\\\/\",\"name\":\"Camilla r\u00edgida fija para estiba MeBer\",\"isPartOf\":{\"@id\":\"https:\\\/\\\/meber2026.graphoservice.it\\\/es\\\/#website\"},\"primaryImageOfPage\":{\"@id\":\"https:\\\/\\\/meber2026.graphoservice.it\\\/es\\\/product\\\/camilla-rigida-644\\\/#primaryimage\"},\"image\":{\"@id\":\"https:\\\/\\\/meber2026.graphoservice.it\\\/es\\\/product\\\/camilla-rigida-644\\\/#primaryimage\"},\"thumbnailUrl\":\"https:\\\/\\\/meber2026.graphoservice.it\\\/wp-content\\\/uploads\\\/2026\\\/02\\\/6441.jpg\",\"datePublished\":\"2026-02-10T09:24:59+00:00\",\"description\":\"Las camillas r\u00edgidas fijas para estiba se superponen entre ellas para una f\u00e1cil estibado. Son livianas y cuentan con un marco robusto para un rescate r\u00e1pido y seguro.\",\"breadcrumb\":{\"@id\":\"https:\\\/\\\/meber2026.graphoservice.it\\\/es\\\/product\\\/camilla-rigida-644\\\/#breadcrumb\"},\"inLanguage\":\"es\",\"potentialAction\":[{\"@type\":\"ReadAction\",\"target\":[\"https:\\\/\\\/meber2026.graphoservice.it\\\/es\\\/product\\\/camilla-rigida-644\\\/\"]}]},{\"@type\":\"ImageObject\",\"inLanguage\":\"es\",\"@id\":\"https:\\\/\\\/meber2026.graphoservice.it\\\/es\\\/product\\\/camilla-rigida-644\\\/#primaryimage\",\"url\":\"https:\\\/\\\/meber2026.graphoservice.it\\\/wp-content\\\/uploads\\\/2026\\\/02\\\/6441.jpg\",\"contentUrl\":\"https:\\\/\\\/meber2026.graphoservice.it\\\/wp-content\\\/uploads\\\/2026\\\/02\\\/6441.jpg\",\"width\":780,\"height\":246},{\"@type\":\"BreadcrumbList\",\"@id\":\"https:\\\/\\\/meber2026.graphoservice.it\\\/es\\\/product\\\/camilla-rigida-644\\\/#breadcrumb\",\"itemListElement\":[{\"@type\":\"ListItem\",\"position\":1,\"name\":\"Home\",\"item\":\"https:\\\/\\\/meber2026.graphoservice.it\\\/es\\\/\"},{\"@type\":\"ListItem\",\"position\":2,\"name\":\"Camilla r\u00edgida 644\"}]},{\"@type\":\"WebSite\",\"@id\":\"https:\\\/\\\/meber2026.graphoservice.it\\\/es\\\/#website\",\"url\":\"https:\\\/\\\/meber2026.graphoservice.it\\\/es\\\/\",\"name\":\"Me.Ber.\",\"description\":\"In Case of Emergerncy\",\"potentialAction\":[{\"@type\":\"SearchAction\",\"target\":{\"@type\":\"EntryPoint\",\"urlTemplate\":\"https:\\\/\\\/meber2026.graphoservice.it\\\/es\\\/?s={search_term_string}\"},\"query-input\":{\"@type\":\"PropertyValueSpecification\",\"valueRequired\":true,\"valueName\":\"search_term_string\"}}],\"inLanguage\":\"es\"}]}<\/script>\n<!-- \/ Yoast SEO plugin. -->","yoast_head_json":{"title":"Camilla r\u00edgida fija para estiba MeBer","description":"Las camillas r\u00edgidas fijas para estiba se superponen entre ellas para una f\u00e1cil estibado. Son livianas y cuentan con un marco robusto para un rescate r\u00e1pido y seguro.","robots":{"index":"noindex","follow":"follow","max-snippet":"max-snippet:-1","max-image-preview":"max-image-preview:large","max-video-preview":"max-video-preview:-1"},"og_locale":"es_ES","og_type":"article","og_title":"Camilla r\u00edgida fija para estiba MeBer","og_description":"Las camillas r\u00edgidas fijas para estiba se superponen entre ellas para una f\u00e1cil estibado. Son livianas y cuentan con un marco robusto para un rescate r\u00e1pido y seguro.","og_url":"https:\/\/meber2026.graphoservice.it\/es\/product\/camilla-rigida-644\/","og_site_name":"Me.Ber.","twitter_card":"summary_large_image","schema":{"@context":"https:\/\/schema.org","@graph":[{"@type":"WebPage","@id":"https:\/\/meber2026.graphoservice.it\/es\/product\/camilla-rigida-644\/","url":"https:\/\/meber2026.graphoservice.it\/es\/product\/camilla-rigida-644\/","name":"Camilla r\u00edgida fija para estiba MeBer","isPartOf":{"@id":"https:\/\/meber2026.graphoservice.it\/es\/#website"},"primaryImageOfPage":{"@id":"https:\/\/meber2026.graphoservice.it\/es\/product\/camilla-rigida-644\/#primaryimage"},"image":{"@id":"https:\/\/meber2026.graphoservice.it\/es\/product\/camilla-rigida-644\/#primaryimage"},"thumbnailUrl":"https:\/\/meber2026.graphoservice.it\/wp-content\/uploads\/2026\/02\/6441.jpg","datePublished":"2026-02-10T09:24:59+00:00","description":"Las camillas r\u00edgidas fijas para estiba se superponen entre ellas para una f\u00e1cil estibado. Son livianas y cuentan con un marco robusto para un rescate r\u00e1pido y seguro.","breadcrumb":{"@id":"https:\/\/meber2026.graphoservice.it\/es\/product\/camilla-rigida-644\/#breadcrumb"},"inLanguage":"es","potentialAction":[{"@type":"ReadAction","target":["https:\/\/meber2026.graphoservice.it\/es\/product\/camilla-rigida-644\/"]}]},{"@type":"ImageObject","inLanguage":"es","@id":"https:\/\/meber2026.graphoservice.it\/es\/product\/camilla-rigida-644\/#primaryimage","url":"https:\/\/meber2026.graphoservice.it\/wp-content\/uploads\/2026\/02\/6441.jpg","contentUrl":"https:\/\/meber2026.graphoservice.it\/wp-content\/uploads\/2026\/02\/6441.jpg","width":780,"height":246},{"@type":"BreadcrumbList","@id":"https:\/\/meber2026.graphoservice.it\/es\/product\/camilla-rigida-644\/#breadcrumb","itemListElement":[{"@type":"ListItem","position":1,"name":"Home","item":"https:\/\/meber2026.graphoservice.it\/es\/"},{"@type":"ListItem","position":2,"name":"Camilla r\u00edgida 644"}]},{"@type":"WebSite","@id":"https:\/\/meber2026.graphoservice.it\/es\/#website","url":"https:\/\/meber2026.graphoservice.it\/es\/","name":"Me.Ber.","description":"In Case of Emergerncy","potentialAction":[{"@type":"SearchAction","target":{"@type":"EntryPoint","urlTemplate":"https:\/\/meber2026.graphoservice.it\/es\/?s={search_term_string}"},"query-input":{"@type":"PropertyValueSpecification","valueRequired":true,"valueName":"search_term_string"}}],"inLanguage":"es"}]}},"_links":{"self":[{"href":"https:\/\/meber2026.graphoservice.it\/es\/wp-json\/wp\/v2\/product\/17780","targetHints":{"allow":["GET"]}}],"collection":[{"href":"https:\/\/meber2026.graphoservice.it\/es\/wp-json\/wp\/v2\/product"}],"about":[{"href":"https:\/\/meber2026.graphoservice.it\/es\/wp-json\/wp\/v2\/types\/product"}],"author":[{"embeddable":true,"href":"https:\/\/meber2026.graphoservice.it\/es\/wp-json\/wp\/v2\/users\/1"}],"version-history":[{"count":0,"href":"https:\/\/meber2026.graphoservice.it\/es\/wp-json\/wp\/v2\/product\/17780\/revisions"}],"wp:featuredmedia":[{"embeddable":true,"href":"https:\/\/meber2026.graphoservice.it\/es\/wp-json\/wp\/v2\/media\/13659"}],"wp:attachment":[{"href":"https:\/\/meber2026.graphoservice.it\/es\/wp-json\/wp\/v2\/media?parent=17780"}],"wp:term":[{"taxonomy":"application-tag","embeddable":true,"href":"https:\/\/meber2026.graphoservice.it\/es\/wp-json\/wp\/v2\/application-tag?post=17780"}],"curies":[{"name":"wp","href":"https:\/\/api.w.org\/{rel}","templated":true}]}}