{"id":17750,"date":"2026-02-10T09:24:57","date_gmt":"2026-02-10T09:24:57","guid":{"rendered":"https:\/\/meber2026.graphoservice.it\/product\/maxima-630-b\/"},"modified":"2026-04-28T15:50:39","modified_gmt":"2026-04-28T15:50:39","slug":"maxima-630-b","status":"publish","type":"product","link":"https:\/\/meber2026.graphoservice.it\/es\/product\/maxima-630-b\/","title":{"rendered":"Maxima 630\/B"},"content":{"rendered":"<p style=\"\">Gama de camillas de cuchara en aluminio de color. Su especial barnizado hace que el color de estas camillas sea particularmente resistente, lo que, debido a sus caracter\u00edsticas y funcionalidad, corresponde a la tradicional camilla de cuchara art. 630. Los diferentes colores tambi\u00e9n se pueden usar para distinguir la propiedad de las camillas de cuchara en el mismo distrito al que pertenecen.<br \/>\n<img loading=\"lazy\" decoding=\"async\" alt=\"\" height=\"88\" src=\"http:\/\/www.meber.it\/adm\/Images\/contents\/10G Logo 2019_def.png\" width=\"80\" \/><\/p>\n<p><strong>Dispositivo certificado seg\u00fan los est\u00e1ndares armonizados europeos UNI EN 1865 &#8211; UNI EN 1789.<\/strong><br \/>\n\u00a0<\/p>\n<ul>\n<li style=\"\">Eficaz dispositivo de acoplamiento y liberaci\u00f3n para dividir la camilla.<\/li>\n<li style=\"\">Longitud ajustable con bloqueo autom\u00e1tico.<\/li>\n<li style=\"\">Bolsa con n. 3 cinturones de liberaci\u00f3n r\u00e1pida para la inmovilizaci\u00f3n del paciente\u00a0(603\/MEB).<\/li>\n<li style=\"\">F\u00e1cil de colocar en posici\u00f3n plegada dentro de la ambulancia.<\/li>\n<li style=\"\">Totalmente fabricada en aluminio resistente y ligero.<\/li>\n<li style=\"\">Funda para la camilla disponible a petici\u00f3n (Art. 630\/CS).<\/li>\n<\/ul>\n","protected":false},"excerpt":{"rendered":"<p>Gama de camillas de cuchara en aluminio de color. Su especial barnizado hace que el color de estas camillas sea particularmente resistente, lo que, debido a sus caracter\u00edsticas y funcionalidad, corresponde a la tradicional camilla de cuchara art. 630. Los diferentes colores tambi\u00e9n se pueden usar para distinguir la propiedad de las camillas de cuchara [&hellip;]<\/p>\n","protected":false},"author":1,"featured_media":13605,"parent":0,"menu_order":10000700,"template":"","meta":{"_acf_changed":false,"footnotes":""},"application-tag":[72,66],"class_list":["post-17750","product","type-product","status-publish","has-post-thumbnail","hentry","application-tag-camillas","application-tag-certificado-10g"],"acf":[],"dsm_author":{"name":"admeb26","avatar_url":"https:\/\/meber2026.graphoservice.it\/wp-content\/plugins\/ultimate-member\/assets\/img\/default_avatar.jpg","archive_link":"https:\/\/meber2026.graphoservice.it\/es\/author\/admeb26\/","biodata":""},"dsm_categories":[],"dsm_attachment_categories":[],"dsm_featured_image":{"thumbnail":"https:\/\/meber2026.graphoservice.it\/wp-content\/uploads\/2026\/02\/Barella_a_cucchiaio_MeBer_blu-150x150.jpg","medium":"https:\/\/meber2026.graphoservice.it\/wp-content\/uploads\/2026\/02\/Barella_a_cucchiaio_MeBer_blu-300x212.jpg","medium_large":"https:\/\/meber2026.graphoservice.it\/wp-content\/uploads\/2026\/02\/Barella_a_cucchiaio_MeBer_blu-768x543.jpg","large":"https:\/\/meber2026.graphoservice.it\/wp-content\/uploads\/2026\/02\/Barella_a_cucchiaio_MeBer_blu.jpg","1536x1536":"https:\/\/meber2026.graphoservice.it\/wp-content\/uploads\/2026\/02\/Barella_a_cucchiaio_MeBer_blu.jpg","2048x2048":"https:\/\/meber2026.graphoservice.it\/wp-content\/uploads\/2026\/02\/Barella_a_cucchiaio_MeBer_blu.jpg","et-pb-post-main-image":"https:\/\/meber2026.graphoservice.it\/wp-content\/uploads\/2026\/02\/Barella_a_cucchiaio_MeBer_blu-400x250.jpg","et-pb-post-main-image-fullwidth":"https:\/\/meber2026.graphoservice.it\/wp-content\/uploads\/2026\/02\/Barella_a_cucchiaio_MeBer_blu.jpg","et-pb-portfolio-image":"https:\/\/meber2026.graphoservice.it\/wp-content\/uploads\/2026\/02\/Barella_a_cucchiaio_MeBer_blu-400x284.jpg","et-pb-portfolio-module-image":"https:\/\/meber2026.graphoservice.it\/wp-content\/uploads\/2026\/02\/Barella_a_cucchiaio_MeBer_blu-510x382.jpg","et-pb-portfolio-image-single":"https:\/\/meber2026.graphoservice.it\/wp-content\/uploads\/2026\/02\/Barella_a_cucchiaio_MeBer_blu.jpg","et-pb-gallery-module-image-portrait":"https:\/\/meber2026.graphoservice.it\/wp-content\/uploads\/2026\/02\/Barella_a_cucchiaio_MeBer_blu-400x516.jpg","et-pb-post-main-image-fullwidth-large":"https:\/\/meber2026.graphoservice.it\/wp-content\/uploads\/2026\/02\/Barella_a_cucchiaio_MeBer_blu.jpg","et-pb-image--responsive--desktop":"https:\/\/meber2026.graphoservice.it\/wp-content\/uploads\/2026\/02\/Barella_a_cucchiaio_MeBer_blu.jpg","et-pb-image--responsive--tablet":"https:\/\/meber2026.graphoservice.it\/wp-content\/uploads\/2026\/02\/Barella_a_cucchiaio_MeBer_blu.jpg","et-pb-image--responsive--phone":"https:\/\/meber2026.graphoservice.it\/wp-content\/uploads\/2026\/02\/Barella_a_cucchiaio_MeBer_blu-480x339.jpg","full":"https:\/\/meber2026.graphoservice.it\/wp-content\/uploads\/2026\/02\/Barella_a_cucchiaio_MeBer_blu.jpg"},"yoast_head":"<!-- This site is optimized with the Yoast SEO plugin v27.4 - https:\/\/yoast.com\/product\/yoast-seo-wordpress\/ -->\n<title>Camilla de cuchara 630\/B MeBer<\/title>\n<meta name=\"description\" content=\"Las camillas atraum\u00e1ticas de cuchara Maxima est\u00e1n disponibles en varios colores y est\u00e1n certificadas de conformidad con la legislaci\u00f3n vigente.\" \/>\n<meta name=\"robots\" content=\"noindex, follow, max-snippet:-1, max-image-preview:large, max-video-preview:-1\" \/>\n<meta property=\"og:locale\" content=\"es_ES\" \/>\n<meta property=\"og:type\" content=\"article\" \/>\n<meta property=\"og:title\" content=\"Camilla de cuchara 630\/B MeBer\" \/>\n<meta property=\"og:description\" content=\"Las camillas atraum\u00e1ticas de cuchara Maxima est\u00e1n disponibles en varios colores y est\u00e1n certificadas de conformidad con la legislaci\u00f3n vigente.\" \/>\n<meta property=\"og:url\" content=\"https:\/\/meber2026.graphoservice.it\/es\/product\/maxima-630-b\/\" \/>\n<meta property=\"og:site_name\" content=\"Me.Ber.\" \/>\n<meta property=\"article:modified_time\" content=\"2026-04-28T15:50:39+00:00\" \/>\n<meta property=\"og:image\" content=\"https:\/\/meber2026.graphoservice.it\/wp-content\/uploads\/2026\/02\/Barella_a_cucchiaio_MeBer_blu.jpg\" \/>\n\t<meta property=\"og:image:width\" content=\"780\" \/>\n\t<meta property=\"og:image:height\" content=\"551\" \/>\n\t<meta property=\"og:image:type\" content=\"image\/jpeg\" \/>\n<meta name=\"twitter:card\" content=\"summary_large_image\" \/>\n<meta name=\"twitter:label1\" content=\"Tiempo de lectura\" \/>\n\t<meta name=\"twitter:data1\" content=\"1 minuto\" \/>\n<script type=\"application\/ld+json\" class=\"yoast-schema-graph\">{\"@context\":\"https:\\\/\\\/schema.org\",\"@graph\":[{\"@type\":\"WebPage\",\"@id\":\"https:\\\/\\\/meber2026.graphoservice.it\\\/es\\\/product\\\/maxima-630-b\\\/\",\"url\":\"https:\\\/\\\/meber2026.graphoservice.it\\\/es\\\/product\\\/maxima-630-b\\\/\",\"name\":\"Camilla de cuchara 630\\\/B MeBer\",\"isPartOf\":{\"@id\":\"https:\\\/\\\/meber2026.graphoservice.it\\\/es\\\/#website\"},\"primaryImageOfPage\":{\"@id\":\"https:\\\/\\\/meber2026.graphoservice.it\\\/es\\\/product\\\/maxima-630-b\\\/#primaryimage\"},\"image\":{\"@id\":\"https:\\\/\\\/meber2026.graphoservice.it\\\/es\\\/product\\\/maxima-630-b\\\/#primaryimage\"},\"thumbnailUrl\":\"https:\\\/\\\/meber2026.graphoservice.it\\\/wp-content\\\/uploads\\\/2026\\\/02\\\/Barella_a_cucchiaio_MeBer_blu.jpg\",\"datePublished\":\"2026-02-10T09:24:57+00:00\",\"dateModified\":\"2026-04-28T15:50:39+00:00\",\"description\":\"Las camillas atraum\u00e1ticas de cuchara Maxima est\u00e1n disponibles en varios colores y est\u00e1n certificadas de conformidad con la legislaci\u00f3n vigente.\",\"breadcrumb\":{\"@id\":\"https:\\\/\\\/meber2026.graphoservice.it\\\/es\\\/product\\\/maxima-630-b\\\/#breadcrumb\"},\"inLanguage\":\"es\",\"potentialAction\":[{\"@type\":\"ReadAction\",\"target\":[\"https:\\\/\\\/meber2026.graphoservice.it\\\/es\\\/product\\\/maxima-630-b\\\/\"]}]},{\"@type\":\"ImageObject\",\"inLanguage\":\"es\",\"@id\":\"https:\\\/\\\/meber2026.graphoservice.it\\\/es\\\/product\\\/maxima-630-b\\\/#primaryimage\",\"url\":\"https:\\\/\\\/meber2026.graphoservice.it\\\/wp-content\\\/uploads\\\/2026\\\/02\\\/Barella_a_cucchiaio_MeBer_blu.jpg\",\"contentUrl\":\"https:\\\/\\\/meber2026.graphoservice.it\\\/wp-content\\\/uploads\\\/2026\\\/02\\\/Barella_a_cucchiaio_MeBer_blu.jpg\",\"width\":780,\"height\":551},{\"@type\":\"BreadcrumbList\",\"@id\":\"https:\\\/\\\/meber2026.graphoservice.it\\\/es\\\/product\\\/maxima-630-b\\\/#breadcrumb\",\"itemListElement\":[{\"@type\":\"ListItem\",\"position\":1,\"name\":\"Home\",\"item\":\"https:\\\/\\\/meber2026.graphoservice.it\\\/es\\\/\"},{\"@type\":\"ListItem\",\"position\":2,\"name\":\"Maxima 630\\\/B\"}]},{\"@type\":\"WebSite\",\"@id\":\"https:\\\/\\\/meber2026.graphoservice.it\\\/es\\\/#website\",\"url\":\"https:\\\/\\\/meber2026.graphoservice.it\\\/es\\\/\",\"name\":\"Me.Ber.\",\"description\":\"In Case of Emergerncy\",\"potentialAction\":[{\"@type\":\"SearchAction\",\"target\":{\"@type\":\"EntryPoint\",\"urlTemplate\":\"https:\\\/\\\/meber2026.graphoservice.it\\\/es\\\/?s={search_term_string}\"},\"query-input\":{\"@type\":\"PropertyValueSpecification\",\"valueRequired\":true,\"valueName\":\"search_term_string\"}}],\"inLanguage\":\"es\"}]}<\/script>\n<!-- \/ Yoast SEO plugin. -->","yoast_head_json":{"title":"Camilla de cuchara 630\/B MeBer","description":"Las camillas atraum\u00e1ticas de cuchara Maxima est\u00e1n disponibles en varios colores y est\u00e1n certificadas de conformidad con la legislaci\u00f3n vigente.","robots":{"index":"noindex","follow":"follow","max-snippet":"max-snippet:-1","max-image-preview":"max-image-preview:large","max-video-preview":"max-video-preview:-1"},"og_locale":"es_ES","og_type":"article","og_title":"Camilla de cuchara 630\/B MeBer","og_description":"Las camillas atraum\u00e1ticas de cuchara Maxima est\u00e1n disponibles en varios colores y est\u00e1n certificadas de conformidad con la legislaci\u00f3n vigente.","og_url":"https:\/\/meber2026.graphoservice.it\/es\/product\/maxima-630-b\/","og_site_name":"Me.Ber.","article_modified_time":"2026-04-28T15:50:39+00:00","og_image":[{"width":780,"height":551,"url":"https:\/\/meber2026.graphoservice.it\/wp-content\/uploads\/2026\/02\/Barella_a_cucchiaio_MeBer_blu.jpg","type":"image\/jpeg"}],"twitter_card":"summary_large_image","twitter_misc":{"Tiempo de lectura":"1 minuto"},"schema":{"@context":"https:\/\/schema.org","@graph":[{"@type":"WebPage","@id":"https:\/\/meber2026.graphoservice.it\/es\/product\/maxima-630-b\/","url":"https:\/\/meber2026.graphoservice.it\/es\/product\/maxima-630-b\/","name":"Camilla de cuchara 630\/B MeBer","isPartOf":{"@id":"https:\/\/meber2026.graphoservice.it\/es\/#website"},"primaryImageOfPage":{"@id":"https:\/\/meber2026.graphoservice.it\/es\/product\/maxima-630-b\/#primaryimage"},"image":{"@id":"https:\/\/meber2026.graphoservice.it\/es\/product\/maxima-630-b\/#primaryimage"},"thumbnailUrl":"https:\/\/meber2026.graphoservice.it\/wp-content\/uploads\/2026\/02\/Barella_a_cucchiaio_MeBer_blu.jpg","datePublished":"2026-02-10T09:24:57+00:00","dateModified":"2026-04-28T15:50:39+00:00","description":"Las camillas atraum\u00e1ticas de cuchara Maxima est\u00e1n disponibles en varios colores y est\u00e1n certificadas de conformidad con la legislaci\u00f3n vigente.","breadcrumb":{"@id":"https:\/\/meber2026.graphoservice.it\/es\/product\/maxima-630-b\/#breadcrumb"},"inLanguage":"es","potentialAction":[{"@type":"ReadAction","target":["https:\/\/meber2026.graphoservice.it\/es\/product\/maxima-630-b\/"]}]},{"@type":"ImageObject","inLanguage":"es","@id":"https:\/\/meber2026.graphoservice.it\/es\/product\/maxima-630-b\/#primaryimage","url":"https:\/\/meber2026.graphoservice.it\/wp-content\/uploads\/2026\/02\/Barella_a_cucchiaio_MeBer_blu.jpg","contentUrl":"https:\/\/meber2026.graphoservice.it\/wp-content\/uploads\/2026\/02\/Barella_a_cucchiaio_MeBer_blu.jpg","width":780,"height":551},{"@type":"BreadcrumbList","@id":"https:\/\/meber2026.graphoservice.it\/es\/product\/maxima-630-b\/#breadcrumb","itemListElement":[{"@type":"ListItem","position":1,"name":"Home","item":"https:\/\/meber2026.graphoservice.it\/es\/"},{"@type":"ListItem","position":2,"name":"Maxima 630\/B"}]},{"@type":"WebSite","@id":"https:\/\/meber2026.graphoservice.it\/es\/#website","url":"https:\/\/meber2026.graphoservice.it\/es\/","name":"Me.Ber.","description":"In Case of Emergerncy","potentialAction":[{"@type":"SearchAction","target":{"@type":"EntryPoint","urlTemplate":"https:\/\/meber2026.graphoservice.it\/es\/?s={search_term_string}"},"query-input":{"@type":"PropertyValueSpecification","valueRequired":true,"valueName":"search_term_string"}}],"inLanguage":"es"}]}},"_links":{"self":[{"href":"https:\/\/meber2026.graphoservice.it\/es\/wp-json\/wp\/v2\/product\/17750","targetHints":{"allow":["GET"]}}],"collection":[{"href":"https:\/\/meber2026.graphoservice.it\/es\/wp-json\/wp\/v2\/product"}],"about":[{"href":"https:\/\/meber2026.graphoservice.it\/es\/wp-json\/wp\/v2\/types\/product"}],"author":[{"embeddable":true,"href":"https:\/\/meber2026.graphoservice.it\/es\/wp-json\/wp\/v2\/users\/1"}],"version-history":[{"count":1,"href":"https:\/\/meber2026.graphoservice.it\/es\/wp-json\/wp\/v2\/product\/17750\/revisions"}],"predecessor-version":[{"id":29990,"href":"https:\/\/meber2026.graphoservice.it\/es\/wp-json\/wp\/v2\/product\/17750\/revisions\/29990"}],"wp:featuredmedia":[{"embeddable":true,"href":"https:\/\/meber2026.graphoservice.it\/es\/wp-json\/wp\/v2\/media\/13605"}],"wp:attachment":[{"href":"https:\/\/meber2026.graphoservice.it\/es\/wp-json\/wp\/v2\/media?parent=17750"}],"wp:term":[{"taxonomy":"application-tag","embeddable":true,"href":"https:\/\/meber2026.graphoservice.it\/es\/wp-json\/wp\/v2\/application-tag?post=17750"}],"curies":[{"name":"wp","href":"https:\/\/api.w.org\/{rel}","templated":true}]}}