{"id":17295,"date":"2026-02-10T09:24:22","date_gmt":"2026-02-10T09:24:22","guid":{"rendered":"https:\/\/meber2026.graphoservice.it\/product\/icarus-13012\/"},"modified":"2026-04-28T15:43:40","modified_gmt":"2026-04-28T15:43:40","slug":"icarus-13012","status":"publish","type":"product","link":"https:\/\/meber2026.graphoservice.it\/es\/product\/icarus-13012\/","title":{"rendered":"Icarus 13012"},"content":{"rendered":"<p>Fabricada en acero inoxidable, la camilla multinivel Icarus est\u00e1 equipada con cuatro ruedas, dos de las cuales con freno, barandillas laterales y reposapi\u00e9s.<br \/>\nLos cuatro amortiguadores de gas permiten una adaptaci\u00f3n perfecta a cualquier altura necesaria para trabajar de manera pr\u00e1ctica y profesional.<br \/>\n\u00a0<\/p>\n<p><strong>Disponible en versiones con:<\/strong><\/p>\n<ul>\n<li>plataforma en ABS para una total limpieza y desinfecci\u00f3n (art. 13010)<\/li>\n<li>cuba de acero (art. 13012)<br \/>\n\t\u00a0<\/li>\n<\/ul>\n<p>\n\u00a0<\/p>\n","protected":false},"excerpt":{"rendered":"<p>Fabricada en acero inoxidable, la camilla multinivel Icarus est\u00e1 equipada con cuatro ruedas, dos de las cuales con freno, barandillas laterales y reposapi\u00e9s. Los cuatro amortiguadores de gas permiten una adaptaci\u00f3n perfecta a cualquier altura necesaria para trabajar de manera pr\u00e1ctica y profesional. \u00a0 Disponible en versiones con: plataforma en ABS para una total limpieza [&hellip;]<\/p>\n","protected":false},"author":1,"featured_media":12794,"parent":0,"menu_order":10002400,"template":"","meta":{"_acf_changed":false,"footnotes":""},"application-tag":[72],"class_list":["post-17295","product","type-product","status-publish","has-post-thumbnail","hentry","application-tag-camillas"],"acf":[],"dsm_author":{"name":"admeb26","avatar_url":"https:\/\/meber2026.graphoservice.it\/wp-content\/plugins\/ultimate-member\/assets\/img\/default_avatar.jpg","archive_link":"https:\/\/meber2026.graphoservice.it\/es\/author\/admeb26\/","biodata":""},"dsm_categories":[],"dsm_attachment_categories":[],"dsm_featured_image":{"thumbnail":"https:\/\/meber2026.graphoservice.it\/wp-content\/uploads\/2026\/02\/13012-150x150.jpg","medium":"https:\/\/meber2026.graphoservice.it\/wp-content\/uploads\/2026\/02\/13012-300x220.jpg","medium_large":"https:\/\/meber2026.graphoservice.it\/wp-content\/uploads\/2026\/02\/13012-768x562.jpg","large":"https:\/\/meber2026.graphoservice.it\/wp-content\/uploads\/2026\/02\/13012.jpg","1536x1536":"https:\/\/meber2026.graphoservice.it\/wp-content\/uploads\/2026\/02\/13012.jpg","2048x2048":"https:\/\/meber2026.graphoservice.it\/wp-content\/uploads\/2026\/02\/13012.jpg","et-pb-post-main-image":"https:\/\/meber2026.graphoservice.it\/wp-content\/uploads\/2026\/02\/13012-400x250.jpg","et-pb-post-main-image-fullwidth":"https:\/\/meber2026.graphoservice.it\/wp-content\/uploads\/2026\/02\/13012.jpg","et-pb-portfolio-image":"https:\/\/meber2026.graphoservice.it\/wp-content\/uploads\/2026\/02\/13012-400x284.jpg","et-pb-portfolio-module-image":"https:\/\/meber2026.graphoservice.it\/wp-content\/uploads\/2026\/02\/13012-510x382.jpg","et-pb-portfolio-image-single":"https:\/\/meber2026.graphoservice.it\/wp-content\/uploads\/2026\/02\/13012.jpg","et-pb-gallery-module-image-portrait":"https:\/\/meber2026.graphoservice.it\/wp-content\/uploads\/2026\/02\/13012-400x516.jpg","et-pb-post-main-image-fullwidth-large":"https:\/\/meber2026.graphoservice.it\/wp-content\/uploads\/2026\/02\/13012.jpg","et-pb-image--responsive--desktop":"https:\/\/meber2026.graphoservice.it\/wp-content\/uploads\/2026\/02\/13012.jpg","et-pb-image--responsive--tablet":"https:\/\/meber2026.graphoservice.it\/wp-content\/uploads\/2026\/02\/13012.jpg","et-pb-image--responsive--phone":"https:\/\/meber2026.graphoservice.it\/wp-content\/uploads\/2026\/02\/13012-480x351.jpg","full":"https:\/\/meber2026.graphoservice.it\/wp-content\/uploads\/2026\/02\/13012.jpg"},"yoast_head":"<!-- This site is optimized with the Yoast SEO plugin v27.4 - https:\/\/yoast.com\/product\/yoast-seo-wordpress\/ -->\n<title>Camilla multinivel Icarus 13012<\/title>\n<meta name=\"description\" content=\"Camilla multinivel con cuba de acero inoxidable. La camilla est\u00e1 equipada con freno en dos ruedas, barandillas laterales y reposapi\u00e9s. Cuatro amortiguadores a gas facilitan el transporte.\" \/>\n<meta name=\"robots\" content=\"noindex, follow, max-snippet:-1, max-image-preview:large, max-video-preview:-1\" \/>\n<meta property=\"og:locale\" content=\"es_ES\" \/>\n<meta property=\"og:type\" content=\"article\" \/>\n<meta property=\"og:title\" content=\"Camilla multinivel Icarus 13012\" \/>\n<meta property=\"og:description\" content=\"Camilla multinivel con cuba de acero inoxidable. La camilla est\u00e1 equipada con freno en dos ruedas, barandillas laterales y reposapi\u00e9s. Cuatro amortiguadores a gas facilitan el transporte.\" \/>\n<meta property=\"og:url\" content=\"https:\/\/meber2026.graphoservice.it\/es\/product\/icarus-13012\/\" \/>\n<meta property=\"og:site_name\" content=\"Me.Ber.\" \/>\n<meta property=\"article:modified_time\" content=\"2026-04-28T15:43:40+00:00\" \/>\n<meta property=\"og:image\" content=\"https:\/\/meber2026.graphoservice.it\/wp-content\/uploads\/2026\/02\/13012.jpg\" \/>\n\t<meta property=\"og:image:width\" content=\"780\" \/>\n\t<meta property=\"og:image:height\" content=\"571\" \/>\n\t<meta property=\"og:image:type\" content=\"image\/jpeg\" \/>\n<meta name=\"twitter:card\" content=\"summary_large_image\" \/>\n<script type=\"application\/ld+json\" class=\"yoast-schema-graph\">{\"@context\":\"https:\\\/\\\/schema.org\",\"@graph\":[{\"@type\":\"WebPage\",\"@id\":\"https:\\\/\\\/meber2026.graphoservice.it\\\/es\\\/product\\\/icarus-13012\\\/\",\"url\":\"https:\\\/\\\/meber2026.graphoservice.it\\\/es\\\/product\\\/icarus-13012\\\/\",\"name\":\"Camilla multinivel Icarus 13012\",\"isPartOf\":{\"@id\":\"https:\\\/\\\/meber2026.graphoservice.it\\\/es\\\/#website\"},\"primaryImageOfPage\":{\"@id\":\"https:\\\/\\\/meber2026.graphoservice.it\\\/es\\\/product\\\/icarus-13012\\\/#primaryimage\"},\"image\":{\"@id\":\"https:\\\/\\\/meber2026.graphoservice.it\\\/es\\\/product\\\/icarus-13012\\\/#primaryimage\"},\"thumbnailUrl\":\"https:\\\/\\\/meber2026.graphoservice.it\\\/wp-content\\\/uploads\\\/2026\\\/02\\\/13012.jpg\",\"datePublished\":\"2026-02-10T09:24:22+00:00\",\"dateModified\":\"2026-04-28T15:43:40+00:00\",\"description\":\"Camilla multinivel con cuba de acero inoxidable. La camilla est\u00e1 equipada con freno en dos ruedas, barandillas laterales y reposapi\u00e9s. Cuatro amortiguadores a gas facilitan el transporte.\",\"breadcrumb\":{\"@id\":\"https:\\\/\\\/meber2026.graphoservice.it\\\/es\\\/product\\\/icarus-13012\\\/#breadcrumb\"},\"inLanguage\":\"es\",\"potentialAction\":[{\"@type\":\"ReadAction\",\"target\":[\"https:\\\/\\\/meber2026.graphoservice.it\\\/es\\\/product\\\/icarus-13012\\\/\"]}]},{\"@type\":\"ImageObject\",\"inLanguage\":\"es\",\"@id\":\"https:\\\/\\\/meber2026.graphoservice.it\\\/es\\\/product\\\/icarus-13012\\\/#primaryimage\",\"url\":\"https:\\\/\\\/meber2026.graphoservice.it\\\/wp-content\\\/uploads\\\/2026\\\/02\\\/13012.jpg\",\"contentUrl\":\"https:\\\/\\\/meber2026.graphoservice.it\\\/wp-content\\\/uploads\\\/2026\\\/02\\\/13012.jpg\",\"width\":780,\"height\":571},{\"@type\":\"BreadcrumbList\",\"@id\":\"https:\\\/\\\/meber2026.graphoservice.it\\\/es\\\/product\\\/icarus-13012\\\/#breadcrumb\",\"itemListElement\":[{\"@type\":\"ListItem\",\"position\":1,\"name\":\"Home\",\"item\":\"https:\\\/\\\/meber2026.graphoservice.it\\\/es\\\/\"},{\"@type\":\"ListItem\",\"position\":2,\"name\":\"Icarus 13012\"}]},{\"@type\":\"WebSite\",\"@id\":\"https:\\\/\\\/meber2026.graphoservice.it\\\/es\\\/#website\",\"url\":\"https:\\\/\\\/meber2026.graphoservice.it\\\/es\\\/\",\"name\":\"Me.Ber.\",\"description\":\"In Case of Emergerncy\",\"potentialAction\":[{\"@type\":\"SearchAction\",\"target\":{\"@type\":\"EntryPoint\",\"urlTemplate\":\"https:\\\/\\\/meber2026.graphoservice.it\\\/es\\\/?s={search_term_string}\"},\"query-input\":{\"@type\":\"PropertyValueSpecification\",\"valueRequired\":true,\"valueName\":\"search_term_string\"}}],\"inLanguage\":\"es\"}]}<\/script>\n<!-- \/ Yoast SEO plugin. -->","yoast_head_json":{"title":"Camilla multinivel Icarus 13012","description":"Camilla multinivel con cuba de acero inoxidable. La camilla est\u00e1 equipada con freno en dos ruedas, barandillas laterales y reposapi\u00e9s. Cuatro amortiguadores a gas facilitan el transporte.","robots":{"index":"noindex","follow":"follow","max-snippet":"max-snippet:-1","max-image-preview":"max-image-preview:large","max-video-preview":"max-video-preview:-1"},"og_locale":"es_ES","og_type":"article","og_title":"Camilla multinivel Icarus 13012","og_description":"Camilla multinivel con cuba de acero inoxidable. La camilla est\u00e1 equipada con freno en dos ruedas, barandillas laterales y reposapi\u00e9s. Cuatro amortiguadores a gas facilitan el transporte.","og_url":"https:\/\/meber2026.graphoservice.it\/es\/product\/icarus-13012\/","og_site_name":"Me.Ber.","article_modified_time":"2026-04-28T15:43:40+00:00","og_image":[{"width":780,"height":571,"url":"https:\/\/meber2026.graphoservice.it\/wp-content\/uploads\/2026\/02\/13012.jpg","type":"image\/jpeg"}],"twitter_card":"summary_large_image","schema":{"@context":"https:\/\/schema.org","@graph":[{"@type":"WebPage","@id":"https:\/\/meber2026.graphoservice.it\/es\/product\/icarus-13012\/","url":"https:\/\/meber2026.graphoservice.it\/es\/product\/icarus-13012\/","name":"Camilla multinivel Icarus 13012","isPartOf":{"@id":"https:\/\/meber2026.graphoservice.it\/es\/#website"},"primaryImageOfPage":{"@id":"https:\/\/meber2026.graphoservice.it\/es\/product\/icarus-13012\/#primaryimage"},"image":{"@id":"https:\/\/meber2026.graphoservice.it\/es\/product\/icarus-13012\/#primaryimage"},"thumbnailUrl":"https:\/\/meber2026.graphoservice.it\/wp-content\/uploads\/2026\/02\/13012.jpg","datePublished":"2026-02-10T09:24:22+00:00","dateModified":"2026-04-28T15:43:40+00:00","description":"Camilla multinivel con cuba de acero inoxidable. La camilla est\u00e1 equipada con freno en dos ruedas, barandillas laterales y reposapi\u00e9s. Cuatro amortiguadores a gas facilitan el transporte.","breadcrumb":{"@id":"https:\/\/meber2026.graphoservice.it\/es\/product\/icarus-13012\/#breadcrumb"},"inLanguage":"es","potentialAction":[{"@type":"ReadAction","target":["https:\/\/meber2026.graphoservice.it\/es\/product\/icarus-13012\/"]}]},{"@type":"ImageObject","inLanguage":"es","@id":"https:\/\/meber2026.graphoservice.it\/es\/product\/icarus-13012\/#primaryimage","url":"https:\/\/meber2026.graphoservice.it\/wp-content\/uploads\/2026\/02\/13012.jpg","contentUrl":"https:\/\/meber2026.graphoservice.it\/wp-content\/uploads\/2026\/02\/13012.jpg","width":780,"height":571},{"@type":"BreadcrumbList","@id":"https:\/\/meber2026.graphoservice.it\/es\/product\/icarus-13012\/#breadcrumb","itemListElement":[{"@type":"ListItem","position":1,"name":"Home","item":"https:\/\/meber2026.graphoservice.it\/es\/"},{"@type":"ListItem","position":2,"name":"Icarus 13012"}]},{"@type":"WebSite","@id":"https:\/\/meber2026.graphoservice.it\/es\/#website","url":"https:\/\/meber2026.graphoservice.it\/es\/","name":"Me.Ber.","description":"In Case of Emergerncy","potentialAction":[{"@type":"SearchAction","target":{"@type":"EntryPoint","urlTemplate":"https:\/\/meber2026.graphoservice.it\/es\/?s={search_term_string}"},"query-input":{"@type":"PropertyValueSpecification","valueRequired":true,"valueName":"search_term_string"}}],"inLanguage":"es"}]}},"_links":{"self":[{"href":"https:\/\/meber2026.graphoservice.it\/es\/wp-json\/wp\/v2\/product\/17295","targetHints":{"allow":["GET"]}}],"collection":[{"href":"https:\/\/meber2026.graphoservice.it\/es\/wp-json\/wp\/v2\/product"}],"about":[{"href":"https:\/\/meber2026.graphoservice.it\/es\/wp-json\/wp\/v2\/types\/product"}],"author":[{"embeddable":true,"href":"https:\/\/meber2026.graphoservice.it\/es\/wp-json\/wp\/v2\/users\/1"}],"version-history":[{"count":1,"href":"https:\/\/meber2026.graphoservice.it\/es\/wp-json\/wp\/v2\/product\/17295\/revisions"}],"predecessor-version":[{"id":29627,"href":"https:\/\/meber2026.graphoservice.it\/es\/wp-json\/wp\/v2\/product\/17295\/revisions\/29627"}],"wp:featuredmedia":[{"embeddable":true,"href":"https:\/\/meber2026.graphoservice.it\/es\/wp-json\/wp\/v2\/media\/12794"}],"wp:attachment":[{"href":"https:\/\/meber2026.graphoservice.it\/es\/wp-json\/wp\/v2\/media?parent=17295"}],"wp:term":[{"taxonomy":"application-tag","embeddable":true,"href":"https:\/\/meber2026.graphoservice.it\/es\/wp-json\/wp\/v2\/application-tag?post=17295"}],"curies":[{"name":"wp","href":"https:\/\/api.w.org\/{rel}","templated":true}]}}