{"id":19107,"date":"2026-02-10T09:27:50","date_gmt":"2026-02-10T09:27:50","guid":{"rendered":"https:\/\/meber2026.graphoservice.it\/product\/mbs-01-meber-bariatric-stretcher-7270\/"},"modified":"2026-02-10T09:27:50","modified_gmt":"2026-02-10T09:27:50","slug":"mbs-01-meber-bariatric-stretcher-7270","status":"publish","type":"product","link":"https:\/\/meber2026.graphoservice.it\/en\/product\/mbs-01-meber-bariatric-stretcher-7270\/","title":{"rendered":"MBS-01 MEBER BARIATRIC STRETCHER 7270"},"content":{"rendered":"<p>Self loading stretcher for bariatric transport made of a special high resistance stainless steal alloy. The frame is renforced to ensure a 350 kg maximum payload compared to others MeBer self loading stretchers. It is supplied with 2 frontal \u00d8125&#215;25 and 2 back \u00d8125&#215;25 wheels for maximum safety during loading operations. The increased 4 \u00d8200 mm wheels, 2 fixed with brake and 2 rotating with self-centring system, allow easy manoeuvrability even with heavy loads. The rigid platform, composed by aluminium, is easy to clean and disinfect. It also has an adjustable backrest with lockable gas spring for inclinations from 0\u00b0 to 80\u00b0 and fully folding sides. Vertical legs are protected by plastic buffers. This stretcher is supplied complete with mattress (art. 7013) and belts (N. 2 art. 608-A\/MEB or 608-N\/MEB and n. 1 art. 612\/AN-2\/MEB or art. 612\/N-2\/MEB).<br \/>\nThanks to the increased load capacity it can be used in coupling with the MBP bariatric platform (Article code 12080) and bariatric wings set (art. 12084).<\/p>\n<p>\u00a0 <img decoding=\"async\" alt=\"\" src=\"\/adm\/Images\/contents\/10G Logo 2019_def.png\" style=\"width: 80px; height: 74px;\" \/><\/p>\n","protected":false},"excerpt":{"rendered":"<p>Self loading stretcher for bariatric transport made of a special high resistance stainless steal alloy. The frame is renforced to ensure a 350 kg maximum payload compared to others MeBer self loading stretchers. It is supplied with 2 frontal \u00d8125&#215;25 and 2 back \u00d8125&#215;25 wheels for maximum safety during loading operations. The increased 4 \u00d8200 [&hellip;]<\/p>\n","protected":false},"author":1,"featured_media":15755,"parent":0,"menu_order":20003000,"template":"","meta":{"_acf_changed":false,"footnotes":""},"application-tag":[],"class_list":["post-19107","product","type-product","status-publish","has-post-thumbnail","hentry"],"acf":[],"dsm_author":{"name":"admeb26","avatar_url":"https:\/\/meber2026.graphoservice.it\/wp-content\/plugins\/ultimate-member\/assets\/img\/default_avatar.jpg","archive_link":"https:\/\/meber2026.graphoservice.it\/en\/author\/admeb26\/","biodata":""},"dsm_categories":[],"dsm_attachment_categories":[],"dsm_featured_image":{"thumbnail":"https:\/\/meber2026.graphoservice.it\/wp-content\/uploads\/2026\/02\/MBS-01_barella_obesi-150x150.jpg","medium":"https:\/\/meber2026.graphoservice.it\/wp-content\/uploads\/2026\/02\/MBS-01_barella_obesi-300x287.jpg","medium_large":"https:\/\/meber2026.graphoservice.it\/wp-content\/uploads\/2026\/02\/MBS-01_barella_obesi-768x736.jpg","large":"https:\/\/meber2026.graphoservice.it\/wp-content\/uploads\/2026\/02\/MBS-01_barella_obesi.jpg","1536x1536":"https:\/\/meber2026.graphoservice.it\/wp-content\/uploads\/2026\/02\/MBS-01_barella_obesi.jpg","2048x2048":"https:\/\/meber2026.graphoservice.it\/wp-content\/uploads\/2026\/02\/MBS-01_barella_obesi.jpg","et-pb-post-main-image":"https:\/\/meber2026.graphoservice.it\/wp-content\/uploads\/2026\/02\/MBS-01_barella_obesi-400x250.jpg","et-pb-post-main-image-fullwidth":"https:\/\/meber2026.graphoservice.it\/wp-content\/uploads\/2026\/02\/MBS-01_barella_obesi-780x675.jpg","et-pb-portfolio-image":"https:\/\/meber2026.graphoservice.it\/wp-content\/uploads\/2026\/02\/MBS-01_barella_obesi-400x284.jpg","et-pb-portfolio-module-image":"https:\/\/meber2026.graphoservice.it\/wp-content\/uploads\/2026\/02\/MBS-01_barella_obesi-510x382.jpg","et-pb-portfolio-image-single":"https:\/\/meber2026.graphoservice.it\/wp-content\/uploads\/2026\/02\/MBS-01_barella_obesi.jpg","et-pb-gallery-module-image-portrait":"https:\/\/meber2026.graphoservice.it\/wp-content\/uploads\/2026\/02\/MBS-01_barella_obesi-400x516.jpg","et-pb-post-main-image-fullwidth-large":"https:\/\/meber2026.graphoservice.it\/wp-content\/uploads\/2026\/02\/MBS-01_barella_obesi.jpg","et-pb-image--responsive--desktop":"https:\/\/meber2026.graphoservice.it\/wp-content\/uploads\/2026\/02\/MBS-01_barella_obesi.jpg","et-pb-image--responsive--tablet":"https:\/\/meber2026.graphoservice.it\/wp-content\/uploads\/2026\/02\/MBS-01_barella_obesi.jpg","et-pb-image--responsive--phone":"https:\/\/meber2026.graphoservice.it\/wp-content\/uploads\/2026\/02\/MBS-01_barella_obesi-480x460.jpg","full":"https:\/\/meber2026.graphoservice.it\/wp-content\/uploads\/2026\/02\/MBS-01_barella_obesi.jpg"},"yoast_head":"<!-- This site is optimized with the Yoast SEO plugin v27.4 - https:\/\/yoast.com\/product\/yoast-seo-wordpress\/ -->\n<title>MBS-01 MEBER BARIATRIC STRETCHER 7270<\/title>\n<meta name=\"description\" content=\"Self loading stretcher for bariatric transport made of a special high resistance stainless steal alloy. The frame is renforced to ensure a 350 kg maximum payload.\" \/>\n<meta name=\"robots\" content=\"noindex, follow, max-snippet:-1, max-image-preview:large, max-video-preview:-1\" \/>\n<meta property=\"og:locale\" content=\"en_US\" \/>\n<meta property=\"og:type\" content=\"article\" \/>\n<meta property=\"og:title\" content=\"MBS-01 MEBER BARIATRIC STRETCHER 7270\" \/>\n<meta property=\"og:description\" content=\"Self loading stretcher for bariatric transport made of a special high resistance stainless steal alloy. The frame is renforced to ensure a 350 kg maximum payload.\" \/>\n<meta property=\"og:url\" content=\"https:\/\/meber2026.graphoservice.it\/en\/product\/mbs-01-meber-bariatric-stretcher-7270\/\" \/>\n<meta property=\"og:site_name\" content=\"Me.Ber.\" \/>\n<meta name=\"twitter:card\" content=\"summary_large_image\" \/>\n<meta name=\"twitter:label1\" content=\"Est. reading time\" \/>\n\t<meta name=\"twitter:data1\" content=\"1 minute\" \/>\n<script type=\"application\/ld+json\" class=\"yoast-schema-graph\">{\"@context\":\"https:\\\/\\\/schema.org\",\"@graph\":[{\"@type\":\"WebPage\",\"@id\":\"https:\\\/\\\/meber2026.graphoservice.it\\\/en\\\/product\\\/mbs-01-meber-bariatric-stretcher-7270\\\/\",\"url\":\"https:\\\/\\\/meber2026.graphoservice.it\\\/en\\\/product\\\/mbs-01-meber-bariatric-stretcher-7270\\\/\",\"name\":\"MBS-01 MEBER BARIATRIC STRETCHER 7270\",\"isPartOf\":{\"@id\":\"https:\\\/\\\/meber2026.graphoservice.it\\\/en\\\/#website\"},\"primaryImageOfPage\":{\"@id\":\"https:\\\/\\\/meber2026.graphoservice.it\\\/en\\\/product\\\/mbs-01-meber-bariatric-stretcher-7270\\\/#primaryimage\"},\"image\":{\"@id\":\"https:\\\/\\\/meber2026.graphoservice.it\\\/en\\\/product\\\/mbs-01-meber-bariatric-stretcher-7270\\\/#primaryimage\"},\"thumbnailUrl\":\"https:\\\/\\\/meber2026.graphoservice.it\\\/wp-content\\\/uploads\\\/2026\\\/02\\\/MBS-01_barella_obesi.jpg\",\"datePublished\":\"2026-02-10T09:27:50+00:00\",\"description\":\"Self loading stretcher for bariatric transport made of a special high resistance stainless steal alloy. The frame is renforced to ensure a 350 kg maximum payload.\",\"breadcrumb\":{\"@id\":\"https:\\\/\\\/meber2026.graphoservice.it\\\/en\\\/product\\\/mbs-01-meber-bariatric-stretcher-7270\\\/#breadcrumb\"},\"inLanguage\":\"en-US\",\"potentialAction\":[{\"@type\":\"ReadAction\",\"target\":[\"https:\\\/\\\/meber2026.graphoservice.it\\\/en\\\/product\\\/mbs-01-meber-bariatric-stretcher-7270\\\/\"]}]},{\"@type\":\"ImageObject\",\"inLanguage\":\"en-US\",\"@id\":\"https:\\\/\\\/meber2026.graphoservice.it\\\/en\\\/product\\\/mbs-01-meber-bariatric-stretcher-7270\\\/#primaryimage\",\"url\":\"https:\\\/\\\/meber2026.graphoservice.it\\\/wp-content\\\/uploads\\\/2026\\\/02\\\/MBS-01_barella_obesi.jpg\",\"contentUrl\":\"https:\\\/\\\/meber2026.graphoservice.it\\\/wp-content\\\/uploads\\\/2026\\\/02\\\/MBS-01_barella_obesi.jpg\",\"width\":780,\"height\":747},{\"@type\":\"BreadcrumbList\",\"@id\":\"https:\\\/\\\/meber2026.graphoservice.it\\\/en\\\/product\\\/mbs-01-meber-bariatric-stretcher-7270\\\/#breadcrumb\",\"itemListElement\":[{\"@type\":\"ListItem\",\"position\":1,\"name\":\"Home\",\"item\":\"https:\\\/\\\/meber2026.graphoservice.it\\\/en\\\/homepage\\\/\"},{\"@type\":\"ListItem\",\"position\":2,\"name\":\"MBS-01 MEBER BARIATRIC STRETCHER 7270\"}]},{\"@type\":\"WebSite\",\"@id\":\"https:\\\/\\\/meber2026.graphoservice.it\\\/en\\\/#website\",\"url\":\"https:\\\/\\\/meber2026.graphoservice.it\\\/en\\\/\",\"name\":\"Me.Ber.\",\"description\":\"In Case of Emergerncy\",\"potentialAction\":[{\"@type\":\"SearchAction\",\"target\":{\"@type\":\"EntryPoint\",\"urlTemplate\":\"https:\\\/\\\/meber2026.graphoservice.it\\\/en\\\/?s={search_term_string}\"},\"query-input\":{\"@type\":\"PropertyValueSpecification\",\"valueRequired\":true,\"valueName\":\"search_term_string\"}}],\"inLanguage\":\"en-US\"}]}<\/script>\n<!-- \/ Yoast SEO plugin. -->","yoast_head_json":{"title":"MBS-01 MEBER BARIATRIC STRETCHER 7270","description":"Self loading stretcher for bariatric transport made of a special high resistance stainless steal alloy. The frame is renforced to ensure a 350 kg maximum payload.","robots":{"index":"noindex","follow":"follow","max-snippet":"max-snippet:-1","max-image-preview":"max-image-preview:large","max-video-preview":"max-video-preview:-1"},"og_locale":"en_US","og_type":"article","og_title":"MBS-01 MEBER BARIATRIC STRETCHER 7270","og_description":"Self loading stretcher for bariatric transport made of a special high resistance stainless steal alloy. The frame is renforced to ensure a 350 kg maximum payload.","og_url":"https:\/\/meber2026.graphoservice.it\/en\/product\/mbs-01-meber-bariatric-stretcher-7270\/","og_site_name":"Me.Ber.","twitter_card":"summary_large_image","twitter_misc":{"Est. reading time":"1 minute"},"schema":{"@context":"https:\/\/schema.org","@graph":[{"@type":"WebPage","@id":"https:\/\/meber2026.graphoservice.it\/en\/product\/mbs-01-meber-bariatric-stretcher-7270\/","url":"https:\/\/meber2026.graphoservice.it\/en\/product\/mbs-01-meber-bariatric-stretcher-7270\/","name":"MBS-01 MEBER BARIATRIC STRETCHER 7270","isPartOf":{"@id":"https:\/\/meber2026.graphoservice.it\/en\/#website"},"primaryImageOfPage":{"@id":"https:\/\/meber2026.graphoservice.it\/en\/product\/mbs-01-meber-bariatric-stretcher-7270\/#primaryimage"},"image":{"@id":"https:\/\/meber2026.graphoservice.it\/en\/product\/mbs-01-meber-bariatric-stretcher-7270\/#primaryimage"},"thumbnailUrl":"https:\/\/meber2026.graphoservice.it\/wp-content\/uploads\/2026\/02\/MBS-01_barella_obesi.jpg","datePublished":"2026-02-10T09:27:50+00:00","description":"Self loading stretcher for bariatric transport made of a special high resistance stainless steal alloy. The frame is renforced to ensure a 350 kg maximum payload.","breadcrumb":{"@id":"https:\/\/meber2026.graphoservice.it\/en\/product\/mbs-01-meber-bariatric-stretcher-7270\/#breadcrumb"},"inLanguage":"en-US","potentialAction":[{"@type":"ReadAction","target":["https:\/\/meber2026.graphoservice.it\/en\/product\/mbs-01-meber-bariatric-stretcher-7270\/"]}]},{"@type":"ImageObject","inLanguage":"en-US","@id":"https:\/\/meber2026.graphoservice.it\/en\/product\/mbs-01-meber-bariatric-stretcher-7270\/#primaryimage","url":"https:\/\/meber2026.graphoservice.it\/wp-content\/uploads\/2026\/02\/MBS-01_barella_obesi.jpg","contentUrl":"https:\/\/meber2026.graphoservice.it\/wp-content\/uploads\/2026\/02\/MBS-01_barella_obesi.jpg","width":780,"height":747},{"@type":"BreadcrumbList","@id":"https:\/\/meber2026.graphoservice.it\/en\/product\/mbs-01-meber-bariatric-stretcher-7270\/#breadcrumb","itemListElement":[{"@type":"ListItem","position":1,"name":"Home","item":"https:\/\/meber2026.graphoservice.it\/en\/homepage\/"},{"@type":"ListItem","position":2,"name":"MBS-01 MEBER BARIATRIC STRETCHER 7270"}]},{"@type":"WebSite","@id":"https:\/\/meber2026.graphoservice.it\/en\/#website","url":"https:\/\/meber2026.graphoservice.it\/en\/","name":"Me.Ber.","description":"In Case of Emergerncy","potentialAction":[{"@type":"SearchAction","target":{"@type":"EntryPoint","urlTemplate":"https:\/\/meber2026.graphoservice.it\/en\/?s={search_term_string}"},"query-input":{"@type":"PropertyValueSpecification","valueRequired":true,"valueName":"search_term_string"}}],"inLanguage":"en-US"}]}},"_links":{"self":[{"href":"https:\/\/meber2026.graphoservice.it\/en\/wp-json\/wp\/v2\/product\/19107","targetHints":{"allow":["GET"]}}],"collection":[{"href":"https:\/\/meber2026.graphoservice.it\/en\/wp-json\/wp\/v2\/product"}],"about":[{"href":"https:\/\/meber2026.graphoservice.it\/en\/wp-json\/wp\/v2\/types\/product"}],"author":[{"embeddable":true,"href":"https:\/\/meber2026.graphoservice.it\/en\/wp-json\/wp\/v2\/users\/1"}],"version-history":[{"count":0,"href":"https:\/\/meber2026.graphoservice.it\/en\/wp-json\/wp\/v2\/product\/19107\/revisions"}],"wp:featuredmedia":[{"embeddable":true,"href":"https:\/\/meber2026.graphoservice.it\/en\/wp-json\/wp\/v2\/media\/15755"}],"wp:attachment":[{"href":"https:\/\/meber2026.graphoservice.it\/en\/wp-json\/wp\/v2\/media?parent=19107"}],"wp:term":[{"taxonomy":"application-tag","embeddable":true,"href":"https:\/\/meber2026.graphoservice.it\/en\/wp-json\/wp\/v2\/application-tag?post=19107"}],"curies":[{"name":"wp","href":"https:\/\/api.w.org\/{rel}","templated":true}]}}